{"id":3324,"date":"2024-10-04T15:35:02","date_gmt":"2024-10-04T13:35:02","guid":{"rendered":"https:\/\/colorme-cosmetics.com\/warnungen-und-hinweise\/"},"modified":"2025-11-14T14:12:37","modified_gmt":"2025-11-14T13:12:37","slug":"anweisungen-und-warnungen","status":"publish","type":"page","link":"https:\/\/colorme-cosmetics.com\/de\/anweisungen-und-warnungen\/","title":{"rendered":"Anweisungen und Warnungen"},"content":{"rendered":"<section id=section-block-block_82ce1b0892e8d30e5de65b9f1e9a7cbd class=\"section block_rows \" itemscope itemtype=\"http:\/\/schema.org\/WebPageElement\" itemprop=\"hasPart\"><div class=\"container\"><div class=\"block-row blocks-in-row-3\"><div class=\"block rows-block\" itemscope itemtype=\"http:\/\/schema.org\/WebPageElement\" itemprop=\"isPartOf\"><div class=\"inner-wrapper\"><ul><li itemprop=\"text\" class=\"content-wrapper white\"><p><strong><u>Anleitung<\/u><\/strong><\/p>\n<p>Bitte beachte und befolge die komplette Anleitung, einschlie\u00dflich der Warnhinweise, Vorsichtsma\u00dfnahmen und wichtigen professionellen Tipps, bevor du die Gel-Polish-Produkte auf deine N\u00e4gel auftr\u00e4gst. ColorMe\u00ae Gel-Polish h\u00e4rtet (trocknet) \u2013 im Gegensatz zu herk\u00f6mmlichem Nagellack, der \u00fcber einen l\u00e4ngeren Zeitraum an der Luft trocknet \u2013 innerhalb von Sekunden unter einer LED-Lampe aus.<\/p>\n<p><strong><u>Auftragen von Gel-Polish<\/u><\/strong><\/p>\n<p>Das Gel-Polish haftet besser auf deinen N\u00e4geln, wenn du sie sorgf\u00e4ltig vorbereitest. Suche dir einen gut bel\u00fcfteten, sauberen Arbeitsbereich f\u00fcr das Auftragen des Gel-Polish. Trage das Produkt nicht im Freien oder in direktem Sonnenlicht auf, da es lichtempfindlich ist. Entferne eventuell vorhandenen Nagellack von den N\u00e4geln, wasche deine H\u00e4nde und trockne sie gr\u00fcndlich ab. Schiebe die Nagelhaut mit einem Nagelhautschieber zur\u00fcck. Es ist wichtig, dass der Nagelhautbereich sauber und frei von R\u00fcckst\u00e4nden ist, wenn du das Gel auftr\u00e4gst, da diese sonst die Haftung des Gels auf dem Nagel beeintr\u00e4chtigen k\u00f6nnen.<\/p>\n<\/li><li itemprop=\"text\" class=\"content-wrapper brown\"><p><strong>1. Vorbereitung<\/strong><\/p>\n<p>a. Feile und forme deine N\u00e4gel und poliere den Glanz deines nat\u00fcrlichen Nagels mit der Polierseite der Feile leicht ab. Sei vorsichtig, dass du sie nicht zu stark polierst! Entferne alle Staubreste.<\/p>\n<p>b. Reinige die N\u00e4gel mit den flusenfreien T\u00fcchern und Gelreiniger und lasse sie 15 Sekunden lang an der Luft trocknen.<\/p>\n<p>c. Trage eine d\u00fcnne Schicht Gel-Bonder auf den Nagel auf.<\/p>\n<p>d. Um das Entfernen zu erleichtern, trage das Gel sparsam mit kreisenden Bewegungen und nur auf den \u00e4u\u00dferen Bereich des Nagels auf. Lasse es dann 30 Sekunden lang an der Luft trocknen.<\/p>\n<p>e. Trage eine d\u00fcnne Schicht des Gel-Unterlacks auf den sauberen, trockenen Nagel auf, ohne die Nagelhaut oder die Haut neben den N\u00e4geln zu ber\u00fchren.<\/p>\n<p>f. Lackiere die Spitze des Naturnagels, also das freiwachsende Nagelende, indem du mit dem Pinsel entlang der Nagelspitze streichst. Falls erforderlich, reinige den Nagelhautbereich vor dem Aush\u00e4rten mit dem Nagelhautschieber. Halte die N\u00e4gel unter die LED-Lampe und lasse sie 60 Sekunden lang aush\u00e4rten. Wenn du eine Manik\u00fcre mit klarem Lack ausf\u00fchrst, fahre jetzt mit der Anleitung unter dem Punkt \u201eSch\u00fctzen\u201c unten fort.<\/p>\n<p><strong>2. Polieren<\/strong><\/p>\n<p>g. Das farbige Gel-Polish kr\u00e4ftig sch\u00fctteln, um die Konsistenz d\u00fcnnfl\u00fcssiger und leichter auftragbar zu machen. Eine gleichm\u00e4\u00dfige Schicht auf den gesamten Nagel auftragen, ohne den Nagelhautbereich zu ber\u00fchren. Die freie Nagelspitze abdecken, in dem du mit dem Pinsel entlang der Nagelspitze streichst. Falls erforderlich, den Nagelhautbereich vor dem Aush\u00e4rten mit dem Nagelhautschieber reinigen. Halte die N\u00e4gel unter die LED-Lampe und lasse sie 60 Sekunden lang aush\u00e4rten.<\/p>\n<\/li><\/ul><\/div><\/div><div class=\"block rows-block\" itemscope itemtype=\"http:\/\/schema.org\/WebPageElement\" itemprop=\"isPartOf\"><div class=\"inner-wrapper\"><ul><li itemprop=\"text\" class=\"content-wrapper grey\"><p><b><i>TIPPS<\/i><\/b><\/p>\n<p><em>Um \u00dcbersch\u00fcsse des Produkts vom Pinsel zu entfernen, streiche beim \u00d6ffnen der Flasche mit dem Pinsel am inneren Flaschenhals entlang.<\/em><\/p>\n<p><em>Wir empfehlen, das Gel zuerst auf beide Daumen aufzutragen und diese gemeinsam auszuh\u00e4rten. Trage dann das Gel auf die anderen vier N\u00e4gel einer Hand auf und h\u00e4rte diese aus. Wiederhole die gleichen Schritte an der anderen Hand.<\/em><\/p>\n<p><em>Die ColorMe \u00ae Gel LED-Lampe ist f\u00fcr 30, 60 und 90 Sekunden programmiert. Wir empfehlen, immer 60 Sekunden lang auszuh\u00e4rten, um die besten Ergebnisse zu erzielen.<\/em><\/p>\n<p><em>Ber\u00fchre deine N\u00e4gel nach dem Aush\u00e4rten nicht. Der Aush\u00e4rtungsprozess hinterl\u00e4sst am Ende jedes Aush\u00e4rtungsvorgangs eine leicht klebrige Schicht auf den N\u00e4geln, aber deine N\u00e4gel sind dann bereit f\u00fcr das Auftragen des farbigen Gel-Polish oder des Gel-\u00dcberlacks. Die klebrige Schicht wird am Ende der Manik\u00fcre mit einem Gel-Reiniger entfernt.<\/em><\/p>\n<\/li><\/li><li itemprop=\"text\" class=\"content-wrapper brown\"><p>&nbsp;<\/p>\n<p><strong>3. Sch\u00fctzen<\/strong><\/p>\n<p>h. Trage eine d\u00fcnne Schicht des Gel-Oberlacks auf, ohne dass das Gel mit der Nagelhaut oder der Haut neben den N\u00e4geln in Ber\u00fchrung kommt. Die freie Nagelspitze mit dem Pinsel entlang der Nagelspitze abdecken. Falls erforderlich, den Nagelhautbereich vor dem Aush\u00e4rten mit dem Nagelhautschieber reinigen. Halte die N\u00e4gel unter die LED-Lampe und lasse sie 60 Sekunden lang aush\u00e4rten.<\/p>\n<p>i. Entferne die klebrige Schicht mit dem Prep &amp; Wipe.<\/p>\n<\/li><\/li><li itemprop=\"text\" class=\"content-wrapper white\"><p>&nbsp;<\/p>\n<p><strong><u>Entfernen des Gel-Polish<\/u><\/strong><\/p>\n<p>Poliere die Oberfl\u00e4che der N\u00e4gel matt mit der grauen Seite der Feile.<\/p>\n<p>Verwende Silberfolie oder die ColorMe\u00ae Gel-Polish Entfernungsclips. Tr\u00e4nke ein Wattepad mit Gel-Polish-Entferner und lege es auf deine N\u00e4gel. Wickle die Folie fest um das Wattepad auf deinen Fingern oder befestige es sicher mit den Entfernungsclips, um die nat\u00fcrliche W\u00e4rme einzuschlie\u00dfen. Lasse den Gel-Polish-Entferner 10 bis 15 Minuten einwirken, damit er das Gel-Polish vom Nagel l\u00f6st.<\/p>\n<p>Entferne die Wattepads. Benutze das ColorMe\u00ae Gel-Polish-Entfernungsinstrument, um sanft die verbleibenden Reste des Gel-Polish von den N\u00e4geln zu entfernen. Um R\u00fcckst\u00e4nde zu entfernen, poliere deine N\u00e4gel vorsichtig mit der Polierfeile.<\/p>\n<\/li><\/li><\/ul><\/div><\/div><div class=\"block rows-block\" itemscope itemtype=\"http:\/\/schema.org\/WebPageElement\" itemprop=\"isPartOf\"><div class=\"inner-wrapper\"><ul><li itemprop=\"text\" class=\"content-wrapper white\"><p><img decoding=\"async\" class=\"alignnone size-medium wp-image-885\" src=\"https:\/\/colorme-cosmetics.com\/wp-content\/uploads\/2024\/05\/Afbeelding-4-Nagels-achtergrond-e1723629973218-284x300.png\" alt=\"How to - Gel polish\" width=\"284\" height=\"300\" srcset=\"https:\/\/colorme-cosmetics.com\/wp-content\/uploads\/2024\/05\/Afbeelding-4-Nagels-achtergrond-e1723629973218-284x300.png 284w, https:\/\/colorme-cosmetics.com\/wp-content\/uploads\/2024\/05\/Afbeelding-4-Nagels-achtergrond-e1723629973218-968x1024.png 968w, https:\/\/colorme-cosmetics.com\/wp-content\/uploads\/2024\/05\/Afbeelding-4-Nagels-achtergrond-e1723629973218-768x813.png 768w, https:\/\/colorme-cosmetics.com\/wp-content\/uploads\/2024\/05\/Afbeelding-4-Nagels-achtergrond-e1723629973218-620x656.png 620w, https:\/\/colorme-cosmetics.com\/wp-content\/uploads\/2024\/05\/Afbeelding-4-Nagels-achtergrond-e1723629973218-580x614.png 580w, https:\/\/colorme-cosmetics.com\/wp-content\/uploads\/2024\/05\/Afbeelding-4-Nagels-achtergrond-e1723629973218.png 997w\" sizes=\"(max-width: 284px) 100vw, 284px\" \/><\/p>\n<p><strong><u>Empfindlichkeitstest<\/u><\/strong><\/p>\n<p>Vor der Verwendung des Produkts empfehlen wir dir, das Produkt mindestens 48 Stunden lang an einem Nagel auf m\u00f6gliche Empfindlichkeitsprobleme zu testen. Bei Auftreten von Reizungen oder Beschwerden solltest du die Anwendung sofort abbrechen.<\/p>\n<p>WARNHINWEISE: Nicht auf besch\u00e4digte oder infizierte N\u00e4gel auftragen. Kontakt mit Augen und Haut vermeiden. Bei Kontakt: 15 Minuten lang mit Wasser sp\u00fclen; bei Reizungen den Arzt aufsuchen. Bei Verschlucken \u00e4rztliche Hilfe hinzuziehen. Bei ausreichender Bel\u00fcftung verwenden. Au\u00dferhalb der Reichweite von kleinen Kindern aufbewahren.<\/p>\n<p>Reiniger und Bonder: hochentz\u00fcndlich. Von Hitze und offenen Flammen fernhalten.<\/p>\n<p><strong><u>Aufbewahrung von Gel-Polish<\/u><\/strong><\/p>\n<p>Dieses Produkt ist lichtempfindlich. Bewahre das Gel-Polish an einem dunklen Ort oder in einer Schublade auf. Nicht im K\u00fchlschrank aufbewahren. Bei Raumtemperatur lagern.<\/p>\n<p><strong><u>Warnhinweise LED-Lampe<\/u><\/strong><\/p>\n<p>\u2013 24 WATT<\/p>\n<p>\u2013 au\u00dferhalb der Reichweite von Kindern aufbewahren<\/p>\n<p>\u2013 Kontakt mit Wasser vermeiden<\/p>\n<p>\u2013 Ausschlie\u00dflich f\u00fcr die LED-Gel-Aush\u00e4rtung konzipiert, nicht f\u00fcr andere Zwecke geeignet<\/p>\n<p>\u2013 Wenn nicht in Gebrauch, LED-Lampe aus dem Stecker ziehen<\/p>\n<p>\u2013 LED-Lampe nicht unbeaufsichtigt lassen<\/p>\n<p>\u2013 Wenn die LED-Lampe eingeschaltet ist, nicht die Birne ber\u00fchren<\/p>\n<p>\u2013 Halten Sie Gelkomponenten von der LED-Lampe fern, um ein Aush\u00e4rten des Inhalts zu vermeiden<\/p>\n<p>\u2013 Nicht direkt in das Licht schauen<\/p>\n<p><strong><u>Bedienungsanleitung f\u00fcr LED-Lampe<\/u><\/strong><\/p>\n<p>\u2013 LED-Lampe in die Steckdose stecken<\/p>\n<p>\u2013 Sekunden ausw\u00e4hlen und den entsprechenden Knopf dr\u00fccken<\/p>\n<p>\u2013 Halte die Hand unter die Lampe, die LED-Lampe startet automatisch. F\u00fcr die besten Ergebnisse empfehlen wir, immer eine Aush\u00e4rtung von 60 Sekunden zu w\u00e4hlen.<\/p>\n<p>\u2013 Sollte die LED-Lampe zu hei\u00df werden, ziehe sofort deine H\u00e4nde zur\u00fcck!<\/p>\n<p>\u2013 Nach dem Aush\u00e4rtungsprozess die Lampe aus der Steckdose ziehen<\/p>\n<p><strong><u>LED-Wartung und -reinigung<\/u><\/strong><\/p>\n<p>Nicht zusammen mit anderen elektronischen Komponenten verwenden. Vor der Reinigung das Netzkabel ziehen. Mit einem trockenen Tuch abwischen.<\/p>\n<\/li><\/ul><\/div><\/div><\/div><\/div><\/section>","protected":false},"excerpt":{"rendered":"","protected":false},"author":3,"featured_media":0,"parent":0,"menu_order":320,"comment_status":"closed","ping_status":"closed","template":"","meta":{"_acf_changed":false,"footnotes":""},"class_list":["post-3324","page","type-page","status-publish","hentry"],"acf":[],"yoast_head":"<!-- This site is optimized with the Yoast SEO plugin v27.3 - https:\/\/yoast.com\/product\/yoast-seo-wordpress\/ -->\n<title>Anweisungen und Warnungen - ColorMe Cosmetics<\/title>\n<meta name=\"description\" content=\"Unsere Premium-Gelpolierformel wurde sorgf\u00e4ltig entwickelt, um eine schnelle und effiziente Anwendung zu erm\u00f6glichen, die Sie bequem von zu Hause aus durchf\u00fchren k\u00f6nnen.\" \/>\n<meta name=\"robots\" content=\"index, follow, max-snippet:-1, max-image-preview:large, max-video-preview:-1\" \/>\n<link rel=\"canonical\" href=\"https:\/\/colorme-cosmetics.com\/de\/anweisungen-und-warnungen\/\" \/>\n<meta property=\"og:locale\" content=\"de_DE\" \/>\n<meta property=\"og:type\" content=\"article\" \/>\n<meta property=\"og:title\" content=\"Anweisungen und Warnungen - ColorMe Cosmetics\" \/>\n<meta property=\"og:description\" content=\"Unsere Premium-Gelpolierformel wurde sorgf\u00e4ltig entwickelt, um eine schnelle und effiziente Anwendung zu erm\u00f6glichen, die Sie bequem von zu Hause aus durchf\u00fchren k\u00f6nnen.\" \/>\n<meta property=\"og:url\" content=\"https:\/\/colorme-cosmetics.com\/de\/anweisungen-und-warnungen\/\" \/>\n<meta property=\"og:site_name\" content=\"ColorMe Cosmetics\" \/>\n<meta property=\"article:modified_time\" content=\"2025-11-14T13:12:37+00:00\" \/>\n<meta name=\"twitter:card\" content=\"summary_large_image\" \/>\n<meta name=\"twitter:label1\" content=\"Gesch\u00e4tzte Lesezeit\" \/>\n\t<meta name=\"twitter:data1\" content=\"5\u00a0Minuten\" \/>\n<script type=\"application\/ld+json\" class=\"yoast-schema-graph\">{\"@context\":\"https:\\\/\\\/schema.org\",\"@graph\":[{\"@type\":\"WebPage\",\"@id\":\"https:\\\/\\\/colorme-cosmetics.com\\\/de\\\/anweisungen-und-warnungen\\\/\",\"url\":\"https:\\\/\\\/colorme-cosmetics.com\\\/de\\\/anweisungen-und-warnungen\\\/\",\"name\":\"Anweisungen und Warnungen - ColorMe Cosmetics\",\"isPartOf\":{\"@id\":\"https:\\\/\\\/colorme-cosmetics.com\\\/de\\\/#website\"},\"datePublished\":\"2024-10-04T13:35:02+00:00\",\"dateModified\":\"2025-11-14T13:12:37+00:00\",\"description\":\"Unsere Premium-Gelpolierformel wurde sorgf\u00e4ltig entwickelt, um eine schnelle und effiziente Anwendung zu erm\u00f6glichen, die Sie bequem von zu Hause aus durchf\u00fchren k\u00f6nnen.\",\"breadcrumb\":{\"@id\":\"https:\\\/\\\/colorme-cosmetics.com\\\/de\\\/anweisungen-und-warnungen\\\/#breadcrumb\"},\"inLanguage\":\"de\",\"potentialAction\":[{\"@type\":\"ReadAction\",\"target\":[\"https:\\\/\\\/colorme-cosmetics.com\\\/de\\\/anweisungen-und-warnungen\\\/\"]}]},{\"@type\":\"BreadcrumbList\",\"@id\":\"https:\\\/\\\/colorme-cosmetics.com\\\/de\\\/anweisungen-und-warnungen\\\/#breadcrumb\",\"itemListElement\":[{\"@type\":\"ListItem\",\"position\":1,\"name\":\"Home\",\"item\":\"https:\\\/\\\/colorme-cosmetics.com\\\/de\\\/\"},{\"@type\":\"ListItem\",\"position\":2,\"name\":\"Anweisungen und Warnungen\"}]},{\"@type\":\"WebSite\",\"@id\":\"https:\\\/\\\/colorme-cosmetics.com\\\/de\\\/#website\",\"url\":\"https:\\\/\\\/colorme-cosmetics.com\\\/de\\\/\",\"name\":\"ColorMe Cosmetics\",\"description\":\"\",\"potentialAction\":[{\"@type\":\"SearchAction\",\"target\":{\"@type\":\"EntryPoint\",\"urlTemplate\":\"https:\\\/\\\/colorme-cosmetics.com\\\/de\\\/?s={search_term_string}\"},\"query-input\":{\"@type\":\"PropertyValueSpecification\",\"valueRequired\":true,\"valueName\":\"search_term_string\"}}],\"inLanguage\":\"de\"}]}<\/script>\n<!-- \/ Yoast SEO plugin. -->","yoast_head_json":{"title":"Anweisungen und Warnungen - ColorMe Cosmetics","description":"Unsere Premium-Gelpolierformel wurde sorgf\u00e4ltig entwickelt, um eine schnelle und effiziente Anwendung zu erm\u00f6glichen, die Sie bequem von zu Hause aus durchf\u00fchren k\u00f6nnen.","robots":{"index":"index","follow":"follow","max-snippet":"max-snippet:-1","max-image-preview":"max-image-preview:large","max-video-preview":"max-video-preview:-1"},"canonical":"https:\/\/colorme-cosmetics.com\/de\/anweisungen-und-warnungen\/","og_locale":"de_DE","og_type":"article","og_title":"Anweisungen und Warnungen - ColorMe Cosmetics","og_description":"Unsere Premium-Gelpolierformel wurde sorgf\u00e4ltig entwickelt, um eine schnelle und effiziente Anwendung zu erm\u00f6glichen, die Sie bequem von zu Hause aus durchf\u00fchren k\u00f6nnen.","og_url":"https:\/\/colorme-cosmetics.com\/de\/anweisungen-und-warnungen\/","og_site_name":"ColorMe Cosmetics","article_modified_time":"2025-11-14T13:12:37+00:00","twitter_card":"summary_large_image","twitter_misc":{"Gesch\u00e4tzte Lesezeit":"5\u00a0Minuten"},"schema":{"@context":"https:\/\/schema.org","@graph":[{"@type":"WebPage","@id":"https:\/\/colorme-cosmetics.com\/de\/anweisungen-und-warnungen\/","url":"https:\/\/colorme-cosmetics.com\/de\/anweisungen-und-warnungen\/","name":"Anweisungen und Warnungen - ColorMe Cosmetics","isPartOf":{"@id":"https:\/\/colorme-cosmetics.com\/de\/#website"},"datePublished":"2024-10-04T13:35:02+00:00","dateModified":"2025-11-14T13:12:37+00:00","description":"Unsere Premium-Gelpolierformel wurde sorgf\u00e4ltig entwickelt, um eine schnelle und effiziente Anwendung zu erm\u00f6glichen, die Sie bequem von zu Hause aus durchf\u00fchren k\u00f6nnen.","breadcrumb":{"@id":"https:\/\/colorme-cosmetics.com\/de\/anweisungen-und-warnungen\/#breadcrumb"},"inLanguage":"de","potentialAction":[{"@type":"ReadAction","target":["https:\/\/colorme-cosmetics.com\/de\/anweisungen-und-warnungen\/"]}]},{"@type":"BreadcrumbList","@id":"https:\/\/colorme-cosmetics.com\/de\/anweisungen-und-warnungen\/#breadcrumb","itemListElement":[{"@type":"ListItem","position":1,"name":"Home","item":"https:\/\/colorme-cosmetics.com\/de\/"},{"@type":"ListItem","position":2,"name":"Anweisungen und Warnungen"}]},{"@type":"WebSite","@id":"https:\/\/colorme-cosmetics.com\/de\/#website","url":"https:\/\/colorme-cosmetics.com\/de\/","name":"ColorMe Cosmetics","description":"","potentialAction":[{"@type":"SearchAction","target":{"@type":"EntryPoint","urlTemplate":"https:\/\/colorme-cosmetics.com\/de\/?s={search_term_string}"},"query-input":{"@type":"PropertyValueSpecification","valueRequired":true,"valueName":"search_term_string"}}],"inLanguage":"de"}]}},"_links":{"self":[{"href":"https:\/\/colorme-cosmetics.com\/de\/wp-json\/wp\/v2\/pages\/3324","targetHints":{"allow":["GET"]}}],"collection":[{"href":"https:\/\/colorme-cosmetics.com\/de\/wp-json\/wp\/v2\/pages"}],"about":[{"href":"https:\/\/colorme-cosmetics.com\/de\/wp-json\/wp\/v2\/types\/page"}],"author":[{"embeddable":true,"href":"https:\/\/colorme-cosmetics.com\/de\/wp-json\/wp\/v2\/users\/3"}],"replies":[{"embeddable":true,"href":"https:\/\/colorme-cosmetics.com\/de\/wp-json\/wp\/v2\/comments?post=3324"}],"version-history":[{"count":0,"href":"https:\/\/colorme-cosmetics.com\/de\/wp-json\/wp\/v2\/pages\/3324\/revisions"}],"wp:attachment":[{"href":"https:\/\/colorme-cosmetics.com\/de\/wp-json\/wp\/v2\/media?parent=3324"}],"curies":[{"name":"wp","href":"https:\/\/api.w.org\/{rel}","templated":true}]}}