{"id":3409,"date":"2024-04-24T17:11:32","date_gmt":"2024-04-24T15:11:32","guid":{"rendered":"https:\/\/colorme-cosmetics.com\/wie-man\/"},"modified":"2026-02-02T11:43:38","modified_gmt":"2026-02-02T10:43:38","slug":"anleitung","status":"publish","type":"page","link":"https:\/\/colorme-cosmetics.com\/de\/anleitung\/","title":{"rendered":"Anleitung"},"content":{"rendered":"<section id=section-block-block_4b4381b2b1482fcbda083cfff0392773 class=\"section block_content Standard\" itemscope itemtype=\"http:\/\/schema.org\/WebPageElement\" itemprop=\"hasPart\"><div class=\"container\"><div class=\"block-row blocks-in-row-1\"><div class=\"block content-block\" itemscope itemtype=\"http:\/\/schema.org\/WebPageElement\" itemprop=\"isPartOf\"><div class=\"inner-wrapper\"><div itemprop=\"text\" class=\"content-wrapper\"><p>Ein Gel-Polish wie im Salon zu Hause in nur 10 Minuten. Befolge diese Schritte, um das beste Ergebnis zu erzielen. <\/p>\n<\/div><\/div><\/div><\/div><\/div><\/section>\n\n<section id=section-block-block_b4eed2d6d2b8857f880b84f66a0806c7 class=\"section content_and_video_block regul\u00e4r\" itemscope itemtype=\"http:\/\/schema.org\/WebPageElement\" itemprop=\"hasPart\"><div class=\"container\"><div class=\"block-row blocks-in-row-2\"><div class=\"block content-block\" itemscope itemtype=\"http:\/\/schema.org\/WebPageElement\" itemprop=\"isPartOf\"><div class=\"inner-wrapper\"><div class=\"title-wrapper\"><h2 class=\"block-title h3\">Sieh dir das Video an oder folge den unten stehenden Schritten, um zu erfahren, wie du vorgehen musst.<\/h2><\/div><\/div><\/div><div class=\"block video-block autoplay\" itemscope itemtype=\"http:\/\/schema.org\/WebPageElement\" itemprop=\"isPartOf\"><div class=\"inner-wrapper\"><div class=\"big-video-wrapper\"><div class=\"video-wrapper\"><video id=\"section-block-block_b4eed2d6d2b8857f880b84f66a0806c7-vid\" muted controls loop controlsList=\"nodownload\" playsinline poster=\"https:\/\/colorme-cosmetics.com\/wp-content\/uploads\/2025\/05\/CM-Instructions-video.jpg\"><source src=\"https:\/\/colorme-cosmetics.com\/wp-content\/uploads\/2025\/05\/CM-Instructions-video_FIN-1-1.mp4\" type=\"video\/mp4\">Your browser does not support the video tag.<\/video><\/div><\/div><\/div><\/div><\/div><\/div><\/section>\n\n<section id=content-with-numbered-repeater-blockk-block_44758de99ce61363e1390d6b6e9cc5fc class=\"section content-with-numbered-repeater-block\" itemscope><div class=\"container\"><div class=\"block-row blocks-in-row-1\"><div class=\"block numbered-content\"><div class=\"inner-wrapper\"><ul><li class=\"numbered-item\"><span class=\"number-icon\">1<\/span><div class=\"textual-wrapper\"><h2 class=\"block-title\">Schritt 1: Feilen und Formen der N\u00e4gel<\/h2><div class=\"content-wrapper\"><p><strong>Beginne mit dem Zur\u00fcckschieben deiner Nagelhaut mit einem Nagelhautschieber.<\/strong><\/p>\n<p>Es ist wichtig, dass der Nagelhautbereich sauber und frei von R\u00fcckst\u00e4nden ist, wenn du das Gel auftr\u00e4gst, da das Gel-Polish sonst nicht auf dem Nagel haften kann.<\/p>\n<p><strong>Feile und forme die N\u00e4gel.<\/strong><\/p>\n<p>Poliere den Glanz des Naturnagels leicht ab. Achte darauf, dass du den Nagel nicht zu stark polierst. Entferne alle Staubreste vom Nagel. <\/p>\n<p><strong>Reinige die N\u00e4gel mit dem Prep &amp; Wipe mit einem flusenfreien Tuch.<\/strong><\/p>\n<\/div><\/div><a href=\"https:\/\/colorme-cosmetics.com\/de\/produkt\/colorme-prep-wipe-gel-reiniger\/\"  title=\"\" class=\"img-wrapper hover\" itemscope itemtype=\"http:\/\/schema.org\/WebPage\" itemprop=\"isPartOf\"><figure itemscope itemtype=\"http:\/\/schema.org\/ImageObject\" itemprop=\"isPartOf\" class=\"img-wrapper\"><img decoding=\"async\" title=\"Prep &#038; Wipe\" alt=\"\" width=\"800\" height=\"800\" src=\"https:\/\/colorme-cosmetics.com\/wp-content\/uploads\/2024\/08\/Prep-wipe-800x800.png\"\/><meta itemprop=\"name\" content=\"Prep &#038; Wipe\"><meta itemprop=\"image\" content=\"https:\/\/colorme-cosmetics.com\/wp-content\/uploads\/2024\/08\/Prep-wipe-800x800.png\"><\/figure><\/a><\/li><li class=\"numbered-item\"><span class=\"number-icon\">2<\/span><div class=\"textual-wrapper\"><h2 class=\"block-title\">Schritt 2: Gel-Bonder<\/h2><div class=\"content-wrapper\"><p><strong>Trage eine Schicht Gel-Bonder sparsam auf den Nagel auf. <\/strong><\/p>\n<p>Lasse diesen 15 Sekunden lang an der Luft trocknen.<\/p>\n<p><em>\u00dcberspringe diesen Schritt, wenn du einen abziehbaren Unterlack verwendest<\/em>.<\/p>\n<\/div><\/div><a href=\"https:\/\/colorme-cosmetics.com\/de\/produkt\/colorme-gel-bonder\/\"  title=\"\" class=\"img-wrapper hover\" itemscope itemtype=\"http:\/\/schema.org\/WebPage\" itemprop=\"isPartOf\"><figure itemscope itemtype=\"http:\/\/schema.org\/ImageObject\" itemprop=\"isPartOf\" class=\"img-wrapper\"><img decoding=\"async\" title=\"Gel Bonder\" alt=\"\" width=\"800\" height=\"800\" src=\"https:\/\/colorme-cosmetics.com\/wp-content\/uploads\/2024\/08\/Bonder-e1723727387214-800x800.png\"\/><meta itemprop=\"name\" content=\"Gel Bonder\"><meta itemprop=\"image\" content=\"https:\/\/colorme-cosmetics.com\/wp-content\/uploads\/2024\/08\/Bonder-e1723727387214-800x800.png\"><\/figure><\/a><\/li><li class=\"numbered-item\"><span class=\"number-icon\">3<\/span><div class=\"textual-wrapper\"><h2 class=\"block-title\">Schritt 3: Unterlack<\/h2><div class=\"content-wrapper\"><p><strong>Gel-Unterlack-Methode<\/strong><\/p>\n<p>Trage eine d\u00fcnne Schicht des Gel-Unerlacks auf und lasse ihn dann 60 Sekunden lang unter der LED-Nagellampe aush\u00e4rten.<\/p>\n<p><strong>Oder verwende die abziehbarer Unterlack-Methode<\/strong><\/p>\n<p>Bereite deine N\u00e4gel wie oben beschrieben vor, aber du musst keinen Gel-Bonder auftragen<\/p>\n<p>Trage eine d\u00fcnne Schicht des abziehbaren Unterlacks auf und lasse ihn an der Luft trocknen.<\/p>\n<\/div><\/div><a href=\"https:\/\/colorme-cosmetics.com\/de\/produkt\/colorme-nachfuellpackung\/\"  title=\"\" class=\"img-wrapper hover\" itemscope itemtype=\"http:\/\/schema.org\/WebPage\" itemprop=\"isPartOf\"><figure itemscope itemtype=\"http:\/\/schema.org\/ImageObject\" itemprop=\"isPartOf\" class=\"img-wrapper\"><img decoding=\"async\" title=\"Base coat\" alt=\"\" width=\"800\" height=\"800\" src=\"https:\/\/colorme-cosmetics.com\/wp-content\/uploads\/2024\/08\/Base-coat-e1723211474258-800x800.png\"\/><meta itemprop=\"name\" content=\"Base coat\"><meta itemprop=\"image\" content=\"https:\/\/colorme-cosmetics.com\/wp-content\/uploads\/2024\/08\/Base-coat-e1723211474258-800x800.png\"><\/figure><\/a><\/li><li class=\"numbered-item\"><span class=\"number-icon\">4<\/span><div class=\"textual-wrapper\"><h2 class=\"block-title\">Schritt 4: Gel-Polish-Farbe<\/h2><div class=\"content-wrapper\"><p><strong>Sch\u00fcttele das farbige Gel-Polish gut, um die Formel zu verd\u00fcnnen.<\/strong><\/p>\n<p>Trage eine gleichm\u00e4\u00dfige Schicht auf den gesamten Nagel auf. Am besten beginnst du mit dem Auftragen des Gel-Polish nicht zu nahe an der Nagelhaut. Beginne etwas weiter oben auf dem Nagel und \u201eschiebe\u201c das Gel-Polish vorsichtig in Richtung Nagelhaut, ohne sie zu ber\u00fchren. Ziehe dann einen Strich in der Mitte nach oben, dann einen auf jeder Seite und schlie\u00dfe den Nagel ab, indem du den Pinsel waagerecht \u00fcber die Spitze f\u00fchrst. Warte ein paar Sekunden, bis der Lack gleichm\u00e4\u00dfig ist, bevor du ihn aush\u00e4rtest.    <\/p>\n<p><strong>Verwende bei Bedarf einen Nagelhautschieber, um die Nagelhaut zu reinigen.<\/strong><\/p>\n<p><strong>H\u00e4rte den Nagel f\u00fcr 60 Sekunden unter der LED-Nagellampe aus.<\/strong><\/p>\n<\/div><\/div><a href=\"https:\/\/colorme-cosmetics.com\/de\/produkt\/colorme-gel-polish-crimson-nights\/\"  title=\"\" class=\"img-wrapper hover\" itemscope itemtype=\"http:\/\/schema.org\/WebPage\" itemprop=\"isPartOf\"><figure itemscope itemtype=\"http:\/\/schema.org\/ImageObject\" itemprop=\"isPartOf\" class=\"img-wrapper\"><meta itemprop=\"text\" content=\"ColorMe Gel-Polish - Crimson nights\"><img decoding=\"async\" title=\"ColorMe Gel-Polish - Crimson nights\" alt=\"ColorMe Gel-Polish - Crimson nights\" width=\"800\" height=\"800\" src=\"https:\/\/colorme-cosmetics.com\/wp-content\/uploads\/2024\/04\/Color-Me-Gel-Polish-\u2013-Crimson-nights-800x800.png\"\/><meta itemprop=\"name\" content=\"ColorMe Gel-Polish - Crimson nights\"><meta itemprop=\"image\" content=\"https:\/\/colorme-cosmetics.com\/wp-content\/uploads\/2024\/04\/Color-Me-Gel-Polish-\u2013-Crimson-nights-800x800.png\"><\/figure><\/a><\/li><li class=\"numbered-item\"><span class=\"number-icon\">5<\/span><div class=\"textual-wrapper\"><h2 class=\"block-title\">Schritt 5: Gel-\u00dcberlack<\/h2><div class=\"content-wrapper\"><p><strong>Trage zum Schluss eine d\u00fcnne, gleichm\u00e4\u00dfige Schicht Gel-\u00dcberlack auf.<\/strong><\/p>\n<p>Achte auch hier darauf, dass der Lack nicht die Nagelhaut oder die Haut neben den N\u00e4geln ber\u00fchrt. H\u00e4rte die N\u00e4gel 60 Sekunden lang unter der LED-Nagellampe aus. <\/p>\n<\/div><\/div><a href=\"https:\/\/colorme-cosmetics.com\/de\/produkt\/colorme-uberlack-top-coat\/\"  title=\"\" class=\"img-wrapper hover\" itemscope itemtype=\"http:\/\/schema.org\/WebPage\" itemprop=\"isPartOf\"><figure itemscope itemtype=\"http:\/\/schema.org\/ImageObject\" itemprop=\"isPartOf\" class=\"img-wrapper\"><meta itemprop=\"text\" content=\"ColorMe Gel-Polish - \u00dcberlack\"><img decoding=\"async\" title=\"ColorMe Gel-Polish - \u00dcberlack\" alt=\"ColorMe Gel-Polish - \u00dcberlack\" width=\"580\" height=\"620\" src=\"https:\/\/colorme-cosmetics.com\/wp-content\/uploads\/2024\/04\/Color-Me-Gel-Polish-\u2013-Top-coat.png\"\/><meta itemprop=\"name\" content=\"ColorMe Gel-Polish - \u00dcberlack\"><meta itemprop=\"image\" content=\"https:\/\/colorme-cosmetics.com\/wp-content\/uploads\/2024\/04\/Color-Me-Gel-Polish-\u2013-Top-coat.png\"><\/figure><\/a><\/li><li class=\"numbered-item\"><span class=\"number-icon\">6<\/span><div class=\"textual-wrapper\"><h2 class=\"block-title\">Schritt 6: Fertigstellung<\/h2><div class=\"content-wrapper\"><p><strong>Entferne die klebrige Schicht mit Prep &amp; Wipe und fusselfreien T\u00fcchern.<\/strong><\/p>\n<\/div><\/div><a href=\"https:\/\/colorme-cosmetics.com\/de\/produkt\/colorme-prep-wipe-gel-reiniger\/\"  title=\"\" class=\"img-wrapper hover\" itemscope itemtype=\"http:\/\/schema.org\/WebPage\" itemprop=\"isPartOf\"><figure itemscope itemtype=\"http:\/\/schema.org\/ImageObject\" itemprop=\"isPartOf\" class=\"img-wrapper\"><img decoding=\"async\" title=\"Prep and Wipe\" alt=\"\" width=\"800\" height=\"800\" src=\"https:\/\/colorme-cosmetics.com\/wp-content\/uploads\/2024\/08\/prepandwhip3-removebg-800x800.png\"\/><meta itemprop=\"name\" content=\"Prep and Wipe\"><meta itemprop=\"image\" content=\"https:\/\/colorme-cosmetics.com\/wp-content\/uploads\/2024\/08\/prepandwhip3-removebg-800x800.png\"><\/figure><\/a><\/li><\/ul><\/div><\/div><\/div><\/div><\/section>\n\n<section id=section-block-block_8da674b3d9a4e34784cbf2d84c694d84 class=\"section block_content standard\" itemscope itemtype=\"http:\/\/schema.org\/WebPageElement\" itemprop=\"hasPart\"><div class=\"container\"><div class=\"block-row blocks-in-row-1\"><div class=\"block content-block\" itemscope itemtype=\"http:\/\/schema.org\/WebPageElement\" itemprop=\"isPartOf\"><div class=\"inner-wrapper\"><a  title=\"Ausf\u00fchrlichere Anweisungen und Warnungen\" href=\"https:\/\/colorme-cosmetics.com\/de\/anweisungen-und-warnungen\/\" class=\"button\" itemscope itemtype=\"http:\/\/schema.org\/WebPage\" itemprop=\"isPartOf\"><meta itemprop=\"significantLink\" content=\"https:\/\/colorme-cosmetics.com\/de\/anweisungen-und-warnungen\/\">Ausf\u00fchrlichere Anweisungen und Warnungen<\/a><\/div><\/div><\/div><\/div><\/section>\n\n<section id=section-block-block_10d94716849c57a6e2b3a4e17e423da7 class=\"section link_repeater_block row-items-4 button-inside\" itemscope itemtype=\"http:\/\/schema.org\/WebPageElement\" itemprop=\"isPartOf\"><div class=\"container\"><div class=\"block-row blocks-in-row-1\"><div class=\"block link-repeater-block\"><div class=\"title-wrapper\"><h2 class=\"block-title h2\">Mehr erfahren<\/h2><\/div><ul><li><a  title=\"Tipps &amp; Tricks\" href=\"https:\/\/colorme-cosmetics.com\/de\/8-tipps-zum-auftragen-von-gel-polish\/\" class=\"repeater-item\" itemscope itemtype=\"http:\/\/schema.org\/WebPage\" itemprop=\"isPartOf\"><meta itemprop=\"significantLink\" content=\"https:\/\/colorme-cosmetics.com\/de\/8-tipps-zum-auftragen-von-gel-polish\/\"><figure itemscope itemtype=\"http:\/\/schema.org\/ImageObject\" itemprop=\"isPartOf\" class=\"img-wrapper\"><img decoding=\"async\" title=\"Nail model\" alt=\"\" width=\"400\" height=\"600\" src=\"https:\/\/colorme-cosmetics.com\/wp-content\/uploads\/2024\/04\/temp-scaled.jpg\"\/><meta itemprop=\"name\" content=\"Nail model\"><meta itemprop=\"image\" content=\"https:\/\/colorme-cosmetics.com\/wp-content\/uploads\/2024\/04\/temp-scaled.jpg\"><\/figure><div class=\"title-bar-wrapper\"><div class=\"title-bar\">Tipps &amp; Tricks<\/div><\/div><\/a><\/li><li><a  title=\"Blog\" href=\"https:\/\/colorme-cosmetics.com\/de\/blog\/\" class=\"repeater-item\" itemscope itemtype=\"http:\/\/schema.org\/WebPage\" itemprop=\"isPartOf\"><meta itemprop=\"significantLink\" content=\"https:\/\/colorme-cosmetics.com\/de\/blog\/\"><figure itemscope itemtype=\"http:\/\/schema.org\/ImageObject\" itemprop=\"isPartOf\" class=\"img-wrapper\"><img decoding=\"async\" title=\"Keep It Classy Gel Colour\" alt=\"\" width=\"400\" height=\"600\" src=\"https:\/\/colorme-cosmetics.com\/wp-content\/uploads\/2024\/04\/Keep-It-Classy-model-400x600.jpg\"\/><meta itemprop=\"name\" content=\"Keep It Classy Gel Colour\"><meta itemprop=\"image\" content=\"https:\/\/colorme-cosmetics.com\/wp-content\/uploads\/2024\/04\/Keep-It-Classy-model-400x600.jpg\"><\/figure><div class=\"title-bar-wrapper\"><div class=\"title-bar\">Blog<\/div><\/div><\/a><\/li><li><a  title=\"Finde deine Farbe\" href=\"https:\/\/colorme-cosmetics.com\/de\/farben-von-colorme\/\" class=\"repeater-item\" itemscope itemtype=\"http:\/\/schema.org\/WebPage\" itemprop=\"isPartOf\"><meta itemprop=\"significantLink\" content=\"https:\/\/colorme-cosmetics.com\/de\/farben-von-colorme\/\"><figure itemscope itemtype=\"http:\/\/schema.org\/ImageObject\" itemprop=\"isPartOf\" class=\"img-wrapper\"><img decoding=\"async\" title=\"Nail + Face model\" alt=\"\" width=\"400\" height=\"600\" src=\"https:\/\/colorme-cosmetics.com\/wp-content\/uploads\/2024\/04\/temp3.jpg\"\/><meta itemprop=\"name\" content=\"Nail + Face model\"><meta itemprop=\"image\" content=\"https:\/\/colorme-cosmetics.com\/wp-content\/uploads\/2024\/04\/temp3.jpg\"><\/figure><div class=\"title-bar-wrapper\"><div class=\"title-bar\">Finde deine Farbe<\/div><\/div><\/a><\/li><li><a  title=\"Shop\" href=\"https:\/\/colorme-cosmetics.com\/de\/shop\/\" class=\"repeater-item\" itemscope itemtype=\"http:\/\/schema.org\/WebPage\" itemprop=\"isPartOf\"><meta itemprop=\"significantLink\" content=\"https:\/\/colorme-cosmetics.com\/de\/shop\/\"><figure itemscope itemtype=\"http:\/\/schema.org\/ImageObject\" itemprop=\"isPartOf\" class=\"img-wrapper\"><meta itemprop=\"description\" content=\"Gel Grundierung, \u00dcberlack, abziehbarer Unterlack und Keep it Spicy\"><img decoding=\"async\" title=\"Keep it Spicy, Unterlack, \u00dcberlack und Gel-Grundierung\" alt=\"Gel Grundierung, \u00dcberlack, abziehbarer Unterlack und Keep it Spicy\" width=\"400\" height=\"600\" src=\"https:\/\/colorme-cosmetics.com\/wp-content\/uploads\/2024\/04\/Keep-It-Spicy-sfeer-400x600.jpg\"\/><meta itemprop=\"name\" content=\"Keep it Spicy, Unterlack, \u00dcberlack und Gel-Grundierung\"><meta itemprop=\"image\" content=\"https:\/\/colorme-cosmetics.com\/wp-content\/uploads\/2024\/04\/Keep-It-Spicy-sfeer-400x600.jpg\"><\/figure><div class=\"title-bar-wrapper\"><div class=\"title-bar\">Shop<\/div><\/div><\/a><\/li><\/ul><\/div><\/div><\/div><\/section>","protected":false},"excerpt":{"rendered":"","protected":false},"author":1,"featured_media":3416,"parent":0,"menu_order":600,"comment_status":"closed","ping_status":"closed","template":"","meta":{"_acf_changed":false,"footnotes":""},"class_list":["post-3409","page","type-page","status-publish","has-post-thumbnail","hentry"],"acf":[],"yoast_head":"<!-- This site is optimized with the Yoast SEO plugin v27.3 - https:\/\/yoast.com\/product\/yoast-seo-wordpress\/ -->\n<title>Anleitung - ColorMe Cosmetics<\/title>\n<meta name=\"description\" content=\"Ein Gel-Polish wie im Salon zu Hause in nur 10 Minuten. Befolge diese Schritte, um das beste Ergebnis zu erzielen.\" \/>\n<meta name=\"robots\" content=\"index, follow, max-snippet:-1, max-image-preview:large, max-video-preview:-1\" \/>\n<link rel=\"canonical\" href=\"https:\/\/colorme-cosmetics.com\/de\/anleitung\/\" \/>\n<meta property=\"og:locale\" content=\"de_DE\" \/>\n<meta property=\"og:type\" content=\"article\" \/>\n<meta property=\"og:title\" content=\"Anleitung - ColorMe Cosmetics\" \/>\n<meta property=\"og:description\" content=\"Ein Gel-Polish wie im Salon zu Hause in nur 10 Minuten. Befolge diese Schritte, um das beste Ergebnis zu erzielen.\" \/>\n<meta property=\"og:url\" content=\"https:\/\/colorme-cosmetics.com\/de\/anleitung\/\" \/>\n<meta property=\"og:site_name\" content=\"ColorMe Cosmetics\" \/>\n<meta property=\"article:modified_time\" content=\"2026-02-02T10:43:38+00:00\" \/>\n<meta property=\"og:image\" content=\"https:\/\/colorme-cosmetics.com\/wp-content\/uploads\/2024\/10\/SSN-naturals-sheers-2109999173-e1729763063179.jpg\" \/>\n\t<meta property=\"og:image:width\" content=\"2000\" \/>\n\t<meta property=\"og:image:height\" content=\"926\" \/>\n\t<meta property=\"og:image:type\" content=\"image\/jpeg\" \/>\n<meta name=\"twitter:card\" content=\"summary_large_image\" \/>\n<meta name=\"twitter:label1\" content=\"Gesch\u00e4tzte Lesezeit\" \/>\n\t<meta name=\"twitter:data1\" content=\"5\u00a0Minuten\" \/>\n<script type=\"application\/ld+json\" class=\"yoast-schema-graph\">{\"@context\":\"https:\\\/\\\/schema.org\",\"@graph\":[{\"@type\":\"WebPage\",\"@id\":\"https:\\\/\\\/colorme-cosmetics.com\\\/de\\\/anleitung\\\/\",\"url\":\"https:\\\/\\\/colorme-cosmetics.com\\\/de\\\/anleitung\\\/\",\"name\":\"Anleitung - ColorMe Cosmetics\",\"isPartOf\":{\"@id\":\"https:\\\/\\\/colorme-cosmetics.com\\\/de\\\/#website\"},\"primaryImageOfPage\":{\"@id\":\"https:\\\/\\\/colorme-cosmetics.com\\\/de\\\/anleitung\\\/#primaryimage\"},\"image\":{\"@id\":\"https:\\\/\\\/colorme-cosmetics.com\\\/de\\\/anleitung\\\/#primaryimage\"},\"thumbnailUrl\":\"https:\\\/\\\/colorme-cosmetics.com\\\/wp-content\\\/uploads\\\/2024\\\/10\\\/SSN-naturals-sheers-2109999173-e1729763063179.jpg\",\"datePublished\":\"2024-04-24T15:11:32+00:00\",\"dateModified\":\"2026-02-02T10:43:38+00:00\",\"description\":\"Ein Gel-Polish wie im Salon zu Hause in nur 10 Minuten. Befolge diese Schritte, um das beste Ergebnis zu erzielen.\",\"breadcrumb\":{\"@id\":\"https:\\\/\\\/colorme-cosmetics.com\\\/de\\\/anleitung\\\/#breadcrumb\"},\"inLanguage\":\"de\",\"potentialAction\":[{\"@type\":\"ReadAction\",\"target\":[\"https:\\\/\\\/colorme-cosmetics.com\\\/de\\\/anleitung\\\/\"]}]},{\"@type\":\"ImageObject\",\"inLanguage\":\"de\",\"@id\":\"https:\\\/\\\/colorme-cosmetics.com\\\/de\\\/anleitung\\\/#primaryimage\",\"url\":\"https:\\\/\\\/colorme-cosmetics.com\\\/wp-content\\\/uploads\\\/2024\\\/10\\\/SSN-naturals-sheers-2109999173-e1729763063179.jpg\",\"contentUrl\":\"https:\\\/\\\/colorme-cosmetics.com\\\/wp-content\\\/uploads\\\/2024\\\/10\\\/SSN-naturals-sheers-2109999173-e1729763063179.jpg\",\"width\":2000,\"height\":926},{\"@type\":\"BreadcrumbList\",\"@id\":\"https:\\\/\\\/colorme-cosmetics.com\\\/de\\\/anleitung\\\/#breadcrumb\",\"itemListElement\":[{\"@type\":\"ListItem\",\"position\":1,\"name\":\"Home\",\"item\":\"https:\\\/\\\/colorme-cosmetics.com\\\/de\\\/\"},{\"@type\":\"ListItem\",\"position\":2,\"name\":\"Anleitung\"}]},{\"@type\":\"WebSite\",\"@id\":\"https:\\\/\\\/colorme-cosmetics.com\\\/de\\\/#website\",\"url\":\"https:\\\/\\\/colorme-cosmetics.com\\\/de\\\/\",\"name\":\"ColorMe Cosmetics\",\"description\":\"\",\"potentialAction\":[{\"@type\":\"SearchAction\",\"target\":{\"@type\":\"EntryPoint\",\"urlTemplate\":\"https:\\\/\\\/colorme-cosmetics.com\\\/de\\\/?s={search_term_string}\"},\"query-input\":{\"@type\":\"PropertyValueSpecification\",\"valueRequired\":true,\"valueName\":\"search_term_string\"}}],\"inLanguage\":\"de\"}]}<\/script>\n<!-- \/ Yoast SEO plugin. -->","yoast_head_json":{"title":"Anleitung - ColorMe Cosmetics","description":"Ein Gel-Polish wie im Salon zu Hause in nur 10 Minuten. Befolge diese Schritte, um das beste Ergebnis zu erzielen.","robots":{"index":"index","follow":"follow","max-snippet":"max-snippet:-1","max-image-preview":"max-image-preview:large","max-video-preview":"max-video-preview:-1"},"canonical":"https:\/\/colorme-cosmetics.com\/de\/anleitung\/","og_locale":"de_DE","og_type":"article","og_title":"Anleitung - ColorMe Cosmetics","og_description":"Ein Gel-Polish wie im Salon zu Hause in nur 10 Minuten. Befolge diese Schritte, um das beste Ergebnis zu erzielen.","og_url":"https:\/\/colorme-cosmetics.com\/de\/anleitung\/","og_site_name":"ColorMe Cosmetics","article_modified_time":"2026-02-02T10:43:38+00:00","og_image":[{"width":2000,"height":926,"url":"https:\/\/colorme-cosmetics.com\/wp-content\/uploads\/2024\/10\/SSN-naturals-sheers-2109999173-e1729763063179.jpg","type":"image\/jpeg"}],"twitter_card":"summary_large_image","twitter_misc":{"Gesch\u00e4tzte Lesezeit":"5\u00a0Minuten"},"schema":{"@context":"https:\/\/schema.org","@graph":[{"@type":"WebPage","@id":"https:\/\/colorme-cosmetics.com\/de\/anleitung\/","url":"https:\/\/colorme-cosmetics.com\/de\/anleitung\/","name":"Anleitung - ColorMe Cosmetics","isPartOf":{"@id":"https:\/\/colorme-cosmetics.com\/de\/#website"},"primaryImageOfPage":{"@id":"https:\/\/colorme-cosmetics.com\/de\/anleitung\/#primaryimage"},"image":{"@id":"https:\/\/colorme-cosmetics.com\/de\/anleitung\/#primaryimage"},"thumbnailUrl":"https:\/\/colorme-cosmetics.com\/wp-content\/uploads\/2024\/10\/SSN-naturals-sheers-2109999173-e1729763063179.jpg","datePublished":"2024-04-24T15:11:32+00:00","dateModified":"2026-02-02T10:43:38+00:00","description":"Ein Gel-Polish wie im Salon zu Hause in nur 10 Minuten. Befolge diese Schritte, um das beste Ergebnis zu erzielen.","breadcrumb":{"@id":"https:\/\/colorme-cosmetics.com\/de\/anleitung\/#breadcrumb"},"inLanguage":"de","potentialAction":[{"@type":"ReadAction","target":["https:\/\/colorme-cosmetics.com\/de\/anleitung\/"]}]},{"@type":"ImageObject","inLanguage":"de","@id":"https:\/\/colorme-cosmetics.com\/de\/anleitung\/#primaryimage","url":"https:\/\/colorme-cosmetics.com\/wp-content\/uploads\/2024\/10\/SSN-naturals-sheers-2109999173-e1729763063179.jpg","contentUrl":"https:\/\/colorme-cosmetics.com\/wp-content\/uploads\/2024\/10\/SSN-naturals-sheers-2109999173-e1729763063179.jpg","width":2000,"height":926},{"@type":"BreadcrumbList","@id":"https:\/\/colorme-cosmetics.com\/de\/anleitung\/#breadcrumb","itemListElement":[{"@type":"ListItem","position":1,"name":"Home","item":"https:\/\/colorme-cosmetics.com\/de\/"},{"@type":"ListItem","position":2,"name":"Anleitung"}]},{"@type":"WebSite","@id":"https:\/\/colorme-cosmetics.com\/de\/#website","url":"https:\/\/colorme-cosmetics.com\/de\/","name":"ColorMe Cosmetics","description":"","potentialAction":[{"@type":"SearchAction","target":{"@type":"EntryPoint","urlTemplate":"https:\/\/colorme-cosmetics.com\/de\/?s={search_term_string}"},"query-input":{"@type":"PropertyValueSpecification","valueRequired":true,"valueName":"search_term_string"}}],"inLanguage":"de"}]}},"_links":{"self":[{"href":"https:\/\/colorme-cosmetics.com\/de\/wp-json\/wp\/v2\/pages\/3409","targetHints":{"allow":["GET"]}}],"collection":[{"href":"https:\/\/colorme-cosmetics.com\/de\/wp-json\/wp\/v2\/pages"}],"about":[{"href":"https:\/\/colorme-cosmetics.com\/de\/wp-json\/wp\/v2\/types\/page"}],"author":[{"embeddable":true,"href":"https:\/\/colorme-cosmetics.com\/de\/wp-json\/wp\/v2\/users\/1"}],"replies":[{"embeddable":true,"href":"https:\/\/colorme-cosmetics.com\/de\/wp-json\/wp\/v2\/comments?post=3409"}],"version-history":[{"count":1,"href":"https:\/\/colorme-cosmetics.com\/de\/wp-json\/wp\/v2\/pages\/3409\/revisions"}],"predecessor-version":[{"id":5860,"href":"https:\/\/colorme-cosmetics.com\/de\/wp-json\/wp\/v2\/pages\/3409\/revisions\/5860"}],"wp:featuredmedia":[{"embeddable":true,"href":"https:\/\/colorme-cosmetics.com\/de\/wp-json\/wp\/v2\/media\/3416"}],"wp:attachment":[{"href":"https:\/\/colorme-cosmetics.com\/de\/wp-json\/wp\/v2\/media?parent=3409"}],"curies":[{"name":"wp","href":"https:\/\/api.w.org\/{rel}","templated":true}]}}