{"id":3642,"date":"2024-01-12T14:38:32","date_gmt":"2024-01-12T13:38:32","guid":{"rendered":"https:\/\/colorme-cosmetics.com\/blog\/"},"modified":"2026-05-05T11:05:40","modified_gmt":"2026-05-05T09:05:40","slug":"blog","status":"publish","type":"page","link":"https:\/\/colorme-cosmetics.com\/de\/blog\/","title":{"rendered":"Blog"},"content":{"rendered":"<section id=section-block-block_a56ad071e738f303e85c8a8b720402d1 class=\"section query-overview-block highlighted post\" itemscope itemtype=\"http:\/\/schema.org\/WebPageElement\" itemprop=\"hasPart\"><div class=\"container\"><div class=\"block-row blocks-in-row-1\"><div class=\"block query-with-filter-block\"><ul class=\"collection-wrapper highlighted\" itemscope itemtype=\"https:\/\/schema.org\/Collection\"><li class=\"list-item post\"><a itemprop=\"url\" href=\"https:\/\/colorme-cosmetics.com\/de\/fruehlingsnaegel-2026-pastelltoene-und-verspielte-punkte\/\" class=\"part post-part-highlighted\" itemscope itemtype=\"https:\/\/schema.org\/Article\"><article><div class=\"inner-wrapper\"><div class=\"left-side\"><ul class=\"cats-list\"><li><span class=\"tag-wrapper\">Trends<\/span><\/li><\/ul><h2 class=\"part-title\" itemprop=\"headline\">Fr\u00fchlingsn\u00e4gel 2026: Pastellt\u00f6ne und verspielte Punkte<\/h2><div class=\"textual-wrapper\">Der Fr\u00fchling ist endlich da, und das bedeutet, dass es Zeit ist, deine Manik\u00fcre mit den \u2026<\/div><span class=\"readmore\">Mehr lesen<\/span><\/div><div class=\"right-side\" style=\"background-image:url(https:\/\/colorme-cosmetics.com\/wp-content\/uploads\/2026\/05\/Blog-3-1-1-800x800.png)\"><\/div><\/div><\/article><meta content=\"04\/05\/2026\" itemprop=\"datePublished\"><meta content=\"05\/05\/2026\" itemprop=\"dateModified\"><meta content=\"isa\" itemprop=\"author\"><div class=\"meta-tag-wrapper\" itemprop=\"publisher\" itemscope itemtype=\"https:\/\/schema.org\/Organization\"><meta content=\"ColorMe Cosmetics\" itemprop=\"name\"><div itemprop=\"logo\" itemscope itemtype=\"https:\/\/schema.org\/ImageObject\"><meta itemprop=\"url\" content=\"https:\/\/colorme-cosmetics.com\/wp-content\/themes\/colorme\/assets\/dist\/images\/logo.svg\"><\/div><\/div><\/a><\/li><\/ul><div class=\"filter-wrapper filter-side\" data-order=\"desc\"\n                                    data-orderby=\"date\"\n                                    data-chosen-pt=\"post\"\n                                    data-chosen-cat=\"all\"\n                                    data-offset=\"0\"\n                                    data-posts-per-page=\"999\"\n                                    data-handpicked-ids=\"[6366]\"\n                                    ><ul><li><button class=\"active-item\" data-slug=\"*\">All<\/button><\/li><li><button data-slug=\"\"><\/button><\/li><li><button data-slug=\"\"><\/button><\/li><\/ul><\/div><div class=\"collection-side\"><ul class=\"collection-wrapper\" itemscope itemtype=\"https:\/\/schema.org\/Collection\"><li class=\"list-item post\"><a href=\"https:\/\/colorme-cosmetics.com\/de\/the-ultimate-guide-to-different-nail-shapes-which-one-is-right-for-you\/\" class=\"part post-part\" itemscope itemtype=\"https:\/\/schema.org\/Article\"><article><div class=\"inner-wrapper\"><div class=\"thumb\"><meta content=\"https:\/\/colorme-cosmetics.com\/wp-content\/uploads\/2025\/11\/70f85f9b-3037-49f3-9801-4a843bc3dee4-800x800.jpg\" itemprop=\"image\"><img decoding=\"async\" width=\"800\" height=\"800\" src=\"https:\/\/colorme-cosmetics.com\/wp-content\/uploads\/2025\/11\/70f85f9b-3037-49f3-9801-4a843bc3dee4-800x800.jpg\" class=\"attachment-square size-square wp-post-image\" alt=\"\" srcset=\"https:\/\/colorme-cosmetics.com\/wp-content\/uploads\/2025\/11\/70f85f9b-3037-49f3-9801-4a843bc3dee4-800x800.jpg 800w, https:\/\/colorme-cosmetics.com\/wp-content\/uploads\/2025\/11\/70f85f9b-3037-49f3-9801-4a843bc3dee4-150x150.jpg 150w, https:\/\/colorme-cosmetics.com\/wp-content\/uploads\/2025\/11\/70f85f9b-3037-49f3-9801-4a843bc3dee4-100x100.jpg 100w\" sizes=\"(max-width: 800px) 100vw, 800px\" \/><ul class=\"cats-list\"><li><span class=\"tag-wrapper\">Trends<\/span><\/li><\/ul><\/div><h2 class=\"part-title\" itemprop=\"headline\">Der ultimative Leitfaden zu verschiedenen Nagelformen: Welche ist die richtige f\u00fcr Sie?<\/h2><div class=\"textual-wrapper\">Wenn es um die perfekte Manik\u00fcre geht, kann die Form deiner N\u00e4gel genauso viel aussagen \u2026<\/div><span class=\"readmore\">Mehr lesen<\/span><\/div><\/article><meta content=\"10\/11\/2025\" itemprop=\"datePublished\"><meta content=\"05\/05\/2026\" itemprop=\"dateModified\"><meta content=\"isa\" itemprop=\"author\"><div class=\"meta-tag-wrapper\" itemprop=\"publisher\" itemscope itemtype=\"https:\/\/schema.org\/Organization\"><meta content=\"ColorMe Cosmetics\" itemprop=\"name\"><div itemprop=\"logo\" itemscope itemtype=\"https:\/\/schema.org\/ImageObject\"><meta itemprop=\"url\" content=\"https:\/\/colorme-cosmetics.com\/wp-content\/themes\/colorme\/assets\/dist\/images\/logo.svg\"><\/div><\/div><\/a><\/li><li class=\"list-item post\"><a href=\"https:\/\/colorme-cosmetics.com\/de\/im-handumdrehen-bereit-fur-den-urlaub-mit-dem-neuen-colorme-reiseset\/\" class=\"part post-part\" itemscope itemtype=\"https:\/\/schema.org\/Article\"><article><div class=\"inner-wrapper\"><div class=\"thumb\"><meta content=\"https:\/\/colorme-cosmetics.com\/wp-content\/uploads\/2025\/07\/travelkit-goed-1-800x800.jpg\" itemprop=\"image\"><img decoding=\"async\" width=\"800\" height=\"800\" src=\"https:\/\/colorme-cosmetics.com\/wp-content\/uploads\/2025\/07\/travelkit-goed-1-800x800.jpg\" class=\"attachment-square size-square wp-post-image\" alt=\"\" srcset=\"https:\/\/colorme-cosmetics.com\/wp-content\/uploads\/2025\/07\/travelkit-goed-1-800x800.jpg 800w, https:\/\/colorme-cosmetics.com\/wp-content\/uploads\/2025\/07\/travelkit-goed-1-300x300.jpg 300w, https:\/\/colorme-cosmetics.com\/wp-content\/uploads\/2025\/07\/travelkit-goed-1-1024x1024.jpg 1024w, https:\/\/colorme-cosmetics.com\/wp-content\/uploads\/2025\/07\/travelkit-goed-1-150x150.jpg 150w, https:\/\/colorme-cosmetics.com\/wp-content\/uploads\/2025\/07\/travelkit-goed-1-768x768.jpg 768w, https:\/\/colorme-cosmetics.com\/wp-content\/uploads\/2025\/07\/travelkit-goed-1-1536x1536.jpg 1536w, https:\/\/colorme-cosmetics.com\/wp-content\/uploads\/2025\/07\/travelkit-goed-1-620x620.jpg 620w, https:\/\/colorme-cosmetics.com\/wp-content\/uploads\/2025\/07\/travelkit-goed-1-580x580.jpg 580w, https:\/\/colorme-cosmetics.com\/wp-content\/uploads\/2025\/07\/travelkit-goed-1-100x100.jpg 100w, https:\/\/colorme-cosmetics.com\/wp-content\/uploads\/2025\/07\/travelkit-goed-1.jpg 1600w\" sizes=\"(max-width: 800px) 100vw, 800px\" \/><ul class=\"cats-list\"><li><span class=\"tag-wrapper\">Blog<\/span><\/li><\/ul><\/div><h2 class=\"part-title\" itemprop=\"headline\">Im Handumdrehen bereit f\u00fcr den Urlaub mit dem neuen ColorMe Reiseset<\/h2><div class=\"textual-wrapper\">Der Sommer ruft, und das bedeutet eines: Es ist Zeit, die Koffer zu packen und unterwegs z\u2026<\/div><span class=\"readmore\">Mehr lesen<\/span><\/div><\/article><meta content=\"17\/07\/2025\" itemprop=\"datePublished\"><meta content=\"06\/11\/2025\" itemprop=\"dateModified\"><meta content=\"isa\" itemprop=\"author\"><div class=\"meta-tag-wrapper\" itemprop=\"publisher\" itemscope itemtype=\"https:\/\/schema.org\/Organization\"><meta content=\"ColorMe Cosmetics\" itemprop=\"name\"><div itemprop=\"logo\" itemscope itemtype=\"https:\/\/schema.org\/ImageObject\"><meta itemprop=\"url\" content=\"https:\/\/colorme-cosmetics.com\/wp-content\/themes\/colorme\/assets\/dist\/images\/logo.svg\"><\/div><\/div><\/a><\/li><li class=\"list-item post\"><a href=\"https:\/\/colorme-cosmetics.com\/de\/wie-du-deine-perfekte-gel-polish-farbe-findest\/\" class=\"part post-part\" itemscope itemtype=\"https:\/\/schema.org\/Article\"><article><div class=\"inner-wrapper\"><div class=\"thumb\"><meta content=\"https:\/\/colorme-cosmetics.com\/wp-content\/uploads\/2024\/05\/Afbeelding-2-Gelpolish-kleuren-800x800.png\" itemprop=\"image\"><img decoding=\"async\" width=\"800\" height=\"800\" src=\"https:\/\/colorme-cosmetics.com\/wp-content\/uploads\/2024\/05\/Afbeelding-2-Gelpolish-kleuren-800x800.png\" class=\"attachment-square size-square wp-post-image\" alt=\"\" srcset=\"https:\/\/colorme-cosmetics.com\/wp-content\/uploads\/2024\/05\/Afbeelding-2-Gelpolish-kleuren-800x800.png 800w, https:\/\/colorme-cosmetics.com\/wp-content\/uploads\/2024\/05\/Afbeelding-2-Gelpolish-kleuren-150x150.png 150w, https:\/\/colorme-cosmetics.com\/wp-content\/uploads\/2024\/05\/Afbeelding-2-Gelpolish-kleuren-100x100.png 100w\" sizes=\"(max-width: 800px) 100vw, 800px\" \/><ul class=\"cats-list\"><li><span class=\"tag-wrapper\">Blog<\/span><\/li><\/ul><\/div><h2 class=\"part-title\" itemprop=\"headline\">Wie du deine perfekte Gel-Polish-Farbe findest<\/h2><div class=\"textual-wrapper\">Die Wahl der perfekten Gelnagelfarbe ist nicht einfach. bei der gro\u00dfen Auswahl ane Nagelf\u2026<\/div><span class=\"readmore\">Mehr lesen<\/span><\/div><\/article><meta content=\"31\/05\/2024\" itemprop=\"datePublished\"><meta content=\"06\/11\/2025\" itemprop=\"dateModified\"><meta content=\"admin\" itemprop=\"author\"><div class=\"meta-tag-wrapper\" itemprop=\"publisher\" itemscope itemtype=\"https:\/\/schema.org\/Organization\"><meta content=\"ColorMe Cosmetics\" itemprop=\"name\"><div itemprop=\"logo\" itemscope itemtype=\"https:\/\/schema.org\/ImageObject\"><meta itemprop=\"url\" content=\"https:\/\/colorme-cosmetics.com\/wp-content\/themes\/colorme\/assets\/dist\/images\/logo.svg\"><\/div><\/div><\/a><\/li><li class=\"list-item post\"><a href=\"https:\/\/colorme-cosmetics.com\/de\/expertentipps-fuer-starke-und-gesunde-naegel\/\" class=\"part post-part\" itemscope itemtype=\"https:\/\/schema.org\/Article\"><article><div class=\"inner-wrapper\"><div class=\"thumb\"><meta content=\"https:\/\/colorme-cosmetics.com\/wp-content\/uploads\/2024\/05\/Strong-and-healthy-nails-scaled-e1723628678377-800x800.jpeg\" itemprop=\"image\"><img decoding=\"async\" width=\"800\" height=\"800\" src=\"https:\/\/colorme-cosmetics.com\/wp-content\/uploads\/2024\/05\/Strong-and-healthy-nails-scaled-e1723628678377-800x800.jpeg\" class=\"attachment-square size-square wp-post-image\" alt=\"\" srcset=\"https:\/\/colorme-cosmetics.com\/wp-content\/uploads\/2024\/05\/Strong-and-healthy-nails-scaled-e1723628678377-800x800.jpeg 800w, https:\/\/colorme-cosmetics.com\/wp-content\/uploads\/2024\/05\/Strong-and-healthy-nails-scaled-e1723628678377-150x150.jpeg 150w, https:\/\/colorme-cosmetics.com\/wp-content\/uploads\/2024\/05\/Strong-and-healthy-nails-scaled-e1723628678377-100x100.jpeg 100w\" sizes=\"(max-width: 800px) 100vw, 800px\" \/><ul class=\"cats-list\"><li><span class=\"tag-wrapper\">Tipps &amp; Tricks<\/span><\/li><\/ul><\/div><h2 class=\"part-title\" itemprop=\"headline\">Expertentipps f\u00fcr starke und gesunde N\u00e4gel<\/h2><div class=\"textual-wrapper\">Wenn es um Nagelpflege geht, lautet eine h\u00e4ufige Frage, wie du deine N\u00e4gel kr\u00e4ftiger ma\u2026<\/div><span class=\"readmore\">Mehr lesen<\/span><\/div><\/article><meta content=\"31\/05\/2024\" itemprop=\"datePublished\"><meta content=\"06\/11\/2025\" itemprop=\"dateModified\"><meta content=\"admin\" itemprop=\"author\"><div class=\"meta-tag-wrapper\" itemprop=\"publisher\" itemscope itemtype=\"https:\/\/schema.org\/Organization\"><meta content=\"ColorMe Cosmetics\" itemprop=\"name\"><div itemprop=\"logo\" itemscope itemtype=\"https:\/\/schema.org\/ImageObject\"><meta itemprop=\"url\" content=\"https:\/\/colorme-cosmetics.com\/wp-content\/themes\/colorme\/assets\/dist\/images\/logo.svg\"><\/div><\/div><\/a><\/li><li class=\"list-item post\"><a href=\"https:\/\/colorme-cosmetics.com\/de\/8-tipps-zum-auftragen-von-gel-polish\/\" class=\"part post-part\" itemscope itemtype=\"https:\/\/schema.org\/Article\"><article><div class=\"inner-wrapper\"><div class=\"thumb\"><meta content=\"https:\/\/colorme-cosmetics.com\/wp-content\/uploads\/2024\/05\/Afbeelding-4-Nagels-achtergrond-e1723629973218-800x800.png\" itemprop=\"image\"><img decoding=\"async\" width=\"800\" height=\"800\" src=\"https:\/\/colorme-cosmetics.com\/wp-content\/uploads\/2024\/05\/Afbeelding-4-Nagels-achtergrond-e1723629973218-800x800.png\" class=\"attachment-square size-square wp-post-image\" alt=\"\" srcset=\"https:\/\/colorme-cosmetics.com\/wp-content\/uploads\/2024\/05\/Afbeelding-4-Nagels-achtergrond-e1723629973218-800x800.png 800w, https:\/\/colorme-cosmetics.com\/wp-content\/uploads\/2024\/05\/Afbeelding-4-Nagels-achtergrond-e1723629973218-150x150.png 150w, https:\/\/colorme-cosmetics.com\/wp-content\/uploads\/2024\/05\/Afbeelding-4-Nagels-achtergrond-e1723629973218-100x100.png 100w\" sizes=\"(max-width: 800px) 100vw, 800px\" \/><ul class=\"cats-list\"><li><span class=\"tag-wrapper\">Tipps &amp; Tricks<\/span><\/li><\/ul><\/div><h2 class=\"part-title\" itemprop=\"headline\">8 Tipps zum Auftragen von Gel-Polish<\/h2><div class=\"textual-wrapper\">Hast du es satt, Zeit und Geld f\u00fcr eine Gel-Manik\u00fcre im Salon auszugeben? Mit den richti\u2026<\/div><span class=\"readmore\">Mehr lesen<\/span><\/div><\/article><meta content=\"31\/05\/2024\" itemprop=\"datePublished\"><meta content=\"06\/11\/2025\" itemprop=\"dateModified\"><meta content=\"admin\" itemprop=\"author\"><div class=\"meta-tag-wrapper\" itemprop=\"publisher\" itemscope itemtype=\"https:\/\/schema.org\/Organization\"><meta content=\"ColorMe Cosmetics\" itemprop=\"name\"><div itemprop=\"logo\" itemscope itemtype=\"https:\/\/schema.org\/ImageObject\"><meta itemprop=\"url\" content=\"https:\/\/colorme-cosmetics.com\/wp-content\/themes\/colorme\/assets\/dist\/images\/logo.svg\"><\/div><\/div><\/a><\/li><\/ul><\/div><\/div><\/div><\/div><\/section>","protected":false},"excerpt":{"rendered":"","protected":false},"author":1,"featured_media":0,"parent":0,"menu_order":340,"comment_status":"closed","ping_status":"closed","template":"","meta":{"_acf_changed":false,"footnotes":""},"class_list":["post-3642","page","type-page","status-publish","hentry"],"acf":[],"yoast_head":"<!-- This site is optimized with the Yoast SEO plugin v27.5 - https:\/\/yoast.com\/product\/yoast-seo-wordpress\/ -->\n<title>Blog - ColorMe Cosmetics<\/title>\n<meta name=\"description\" content=\"Entdecke unseren Blog mit den neuesten Erkenntnissen, Tipps und Trends. Hier findest du praktische Tipps und Ratschl\u00e4ge von Experten zu einer Vielzahl von Themen. Lies jetzt.\" \/>\n<meta name=\"robots\" content=\"index, follow, max-snippet:-1, max-image-preview:large, max-video-preview:-1\" \/>\n<link rel=\"canonical\" href=\"https:\/\/colorme-cosmetics.com\/de\/blog\/\" \/>\n<meta property=\"og:locale\" content=\"de_DE\" \/>\n<meta property=\"og:type\" content=\"article\" \/>\n<meta property=\"og:title\" content=\"Blog - ColorMe Cosmetics\" \/>\n<meta property=\"og:description\" content=\"Entdecke unseren Blog mit den neuesten Erkenntnissen, Tipps und Trends. Hier findest du praktische Tipps und Ratschl\u00e4ge von Experten zu einer Vielzahl von Themen. Lies jetzt.\" \/>\n<meta property=\"og:url\" content=\"https:\/\/colorme-cosmetics.com\/de\/blog\/\" \/>\n<meta property=\"og:site_name\" content=\"ColorMe Cosmetics\" \/>\n<meta property=\"article:modified_time\" content=\"2026-05-05T09:05:40+00:00\" \/>\n<meta name=\"twitter:card\" content=\"summary_large_image\" \/>\n<script type=\"application\/ld+json\" class=\"yoast-schema-graph\">{\"@context\":\"https:\\\/\\\/schema.org\",\"@graph\":[{\"@type\":\"WebPage\",\"@id\":\"https:\\\/\\\/colorme-cosmetics.com\\\/de\\\/blog\\\/\",\"url\":\"https:\\\/\\\/colorme-cosmetics.com\\\/de\\\/blog\\\/\",\"name\":\"Blog - ColorMe Cosmetics\",\"isPartOf\":{\"@id\":\"https:\\\/\\\/colorme-cosmetics.com\\\/de\\\/#website\"},\"datePublished\":\"2024-01-12T13:38:32+00:00\",\"dateModified\":\"2026-05-05T09:05:40+00:00\",\"description\":\"Entdecke unseren Blog mit den neuesten Erkenntnissen, Tipps und Trends. Hier findest du praktische Tipps und Ratschl\u00e4ge von Experten zu einer Vielzahl von Themen. Lies jetzt.\",\"breadcrumb\":{\"@id\":\"https:\\\/\\\/colorme-cosmetics.com\\\/de\\\/blog\\\/#breadcrumb\"},\"inLanguage\":\"de\",\"potentialAction\":[{\"@type\":\"ReadAction\",\"target\":[\"https:\\\/\\\/colorme-cosmetics.com\\\/de\\\/blog\\\/\"]}]},{\"@type\":\"BreadcrumbList\",\"@id\":\"https:\\\/\\\/colorme-cosmetics.com\\\/de\\\/blog\\\/#breadcrumb\",\"itemListElement\":[{\"@type\":\"ListItem\",\"position\":1,\"name\":\"Home\",\"item\":\"https:\\\/\\\/colorme-cosmetics.com\\\/de\\\/\"},{\"@type\":\"ListItem\",\"position\":2,\"name\":\"Blog\"}]},{\"@type\":\"WebSite\",\"@id\":\"https:\\\/\\\/colorme-cosmetics.com\\\/de\\\/#website\",\"url\":\"https:\\\/\\\/colorme-cosmetics.com\\\/de\\\/\",\"name\":\"ColorMe Cosmetics\",\"description\":\"\",\"potentialAction\":[{\"@type\":\"SearchAction\",\"target\":{\"@type\":\"EntryPoint\",\"urlTemplate\":\"https:\\\/\\\/colorme-cosmetics.com\\\/de\\\/?s={search_term_string}\"},\"query-input\":{\"@type\":\"PropertyValueSpecification\",\"valueRequired\":true,\"valueName\":\"search_term_string\"}}],\"inLanguage\":\"de\"}]}<\/script>\n<!-- \/ Yoast SEO plugin. -->","yoast_head_json":{"title":"Blog - ColorMe Cosmetics","description":"Entdecke unseren Blog mit den neuesten Erkenntnissen, Tipps und Trends. Hier findest du praktische Tipps und Ratschl\u00e4ge von Experten zu einer Vielzahl von Themen. Lies jetzt.","robots":{"index":"index","follow":"follow","max-snippet":"max-snippet:-1","max-image-preview":"max-image-preview:large","max-video-preview":"max-video-preview:-1"},"canonical":"https:\/\/colorme-cosmetics.com\/de\/blog\/","og_locale":"de_DE","og_type":"article","og_title":"Blog - ColorMe Cosmetics","og_description":"Entdecke unseren Blog mit den neuesten Erkenntnissen, Tipps und Trends. Hier findest du praktische Tipps und Ratschl\u00e4ge von Experten zu einer Vielzahl von Themen. Lies jetzt.","og_url":"https:\/\/colorme-cosmetics.com\/de\/blog\/","og_site_name":"ColorMe Cosmetics","article_modified_time":"2026-05-05T09:05:40+00:00","twitter_card":"summary_large_image","schema":{"@context":"https:\/\/schema.org","@graph":[{"@type":"WebPage","@id":"https:\/\/colorme-cosmetics.com\/de\/blog\/","url":"https:\/\/colorme-cosmetics.com\/de\/blog\/","name":"Blog - ColorMe Cosmetics","isPartOf":{"@id":"https:\/\/colorme-cosmetics.com\/de\/#website"},"datePublished":"2024-01-12T13:38:32+00:00","dateModified":"2026-05-05T09:05:40+00:00","description":"Entdecke unseren Blog mit den neuesten Erkenntnissen, Tipps und Trends. Hier findest du praktische Tipps und Ratschl\u00e4ge von Experten zu einer Vielzahl von Themen. Lies jetzt.","breadcrumb":{"@id":"https:\/\/colorme-cosmetics.com\/de\/blog\/#breadcrumb"},"inLanguage":"de","potentialAction":[{"@type":"ReadAction","target":["https:\/\/colorme-cosmetics.com\/de\/blog\/"]}]},{"@type":"BreadcrumbList","@id":"https:\/\/colorme-cosmetics.com\/de\/blog\/#breadcrumb","itemListElement":[{"@type":"ListItem","position":1,"name":"Home","item":"https:\/\/colorme-cosmetics.com\/de\/"},{"@type":"ListItem","position":2,"name":"Blog"}]},{"@type":"WebSite","@id":"https:\/\/colorme-cosmetics.com\/de\/#website","url":"https:\/\/colorme-cosmetics.com\/de\/","name":"ColorMe Cosmetics","description":"","potentialAction":[{"@type":"SearchAction","target":{"@type":"EntryPoint","urlTemplate":"https:\/\/colorme-cosmetics.com\/de\/?s={search_term_string}"},"query-input":{"@type":"PropertyValueSpecification","valueRequired":true,"valueName":"search_term_string"}}],"inLanguage":"de"}]}},"_links":{"self":[{"href":"https:\/\/colorme-cosmetics.com\/de\/wp-json\/wp\/v2\/pages\/3642","targetHints":{"allow":["GET"]}}],"collection":[{"href":"https:\/\/colorme-cosmetics.com\/de\/wp-json\/wp\/v2\/pages"}],"about":[{"href":"https:\/\/colorme-cosmetics.com\/de\/wp-json\/wp\/v2\/types\/page"}],"author":[{"embeddable":true,"href":"https:\/\/colorme-cosmetics.com\/de\/wp-json\/wp\/v2\/users\/1"}],"replies":[{"embeddable":true,"href":"https:\/\/colorme-cosmetics.com\/de\/wp-json\/wp\/v2\/comments?post=3642"}],"version-history":[{"count":2,"href":"https:\/\/colorme-cosmetics.com\/de\/wp-json\/wp\/v2\/pages\/3642\/revisions"}],"predecessor-version":[{"id":6419,"href":"https:\/\/colorme-cosmetics.com\/de\/wp-json\/wp\/v2\/pages\/3642\/revisions\/6419"}],"wp:attachment":[{"href":"https:\/\/colorme-cosmetics.com\/de\/wp-json\/wp\/v2\/media?parent=3642"}],"curies":[{"name":"wp","href":"https:\/\/api.w.org\/{rel}","templated":true}]}}