{"id":3830,"date":"2024-05-31T12:24:15","date_gmt":"2024-05-31T10:24:15","guid":{"rendered":"https:\/\/colorme-cosmetics.com\/faq\/"},"modified":"2025-12-12T16:00:52","modified_gmt":"2025-12-12T15:00:52","slug":"faq","status":"publish","type":"page","link":"https:\/\/colorme-cosmetics.com\/de\/faq\/","title":{"rendered":"FAQ"},"content":{"rendered":"<section id=section-block-block_9afec147e74f09fa66addb0125b0432e class=\"section faq_block\" itemscope itemtype=\"https:\/\/schema.org\/FAQPage\"><div class=\"container\"><div class=\"block-row blocks-in-row-1\"><div class=\"block faq-block\"><div class=\"inner-wrapper\"><div class=\"title-wrapper\"><h2 class=\"block-title h2\">\u00dcber ColorMe<\/h2><\/div><ul class=\"faq-wrapper\"><li class=\"faq-item\" itemscope itemprop=\"mainEntity\" itemtype=\"https:\/\/schema.org\/Question\"><button class=\"faq-question\" itemprop=\"name\" aria-expanded=\"false\">Wie unterscheidet sich ColorMe Gel Nagellack von herk\u00f6mmlichen Marken?<\/button><div itemscope itemprop=\"acceptedAnswer\" itemtype=\"https:\/\/schema.org\/Answer\" class=\"faq-answer\"><p>ColorMe Gel Nagellack hebt sich von gew\u00f6hnlichen Marken ab, da es mehr bietet als nur sch\u00f6ne N\u00e4gel. Wir haben es uns zu einem Anliegen gemacht, die Selbstentfaltung zu f\u00f6rdern und Frauen durch luxuri\u00f6se Nagelpflegeerlebnisse zu ermutigen. Unsere Produkte feiern deine nat\u00fcrliche Sch\u00f6nheit und geben dir das Gef\u00fchl, verw\u00f6hnt, selbstbewusst und wirklich sch\u00f6n zu sein. Jede Anwendung ist darauf ausgerichtet, deine nat\u00fcrliche Eleganz zu betonen, so dass du mit jeder Anwendung dein gepflegtes Selbstbewusstsein entdecken und ausleben kannst.<\/p>\n<\/div><\/li><li class=\"faq-item\" itemscope itemprop=\"mainEntity\" itemtype=\"https:\/\/schema.org\/Question\"><button class=\"faq-question\" itemprop=\"name\" aria-expanded=\"false\">Sind ColorMe Produkte sowohl HEMA-frei als auch vegan?<\/button><div itemscope itemprop=\"acceptedAnswer\" itemtype=\"https:\/\/schema.org\/Answer\" class=\"faq-answer\"><p>Ja, alle ColorMe Produkte sind sowohl HEMA-frei als auch vegan.<\/p>\n<\/div><\/li><li class=\"faq-item\" itemscope itemprop=\"mainEntity\" itemtype=\"https:\/\/schema.org\/Question\"><button class=\"faq-question\" itemprop=\"name\" aria-expanded=\"false\">Wo kann ich die Produkte von ColorMe kaufen?<\/button><div itemscope itemprop=\"acceptedAnswer\" itemtype=\"https:\/\/schema.org\/Answer\" class=\"faq-answer\"><p>Du kannst ColorMe Produkte in unserem Webshop kaufen.<\/p>\n<\/div><\/li><\/ul><\/div><\/div><\/div><\/div><\/section>\n\n<section id=section-block-block_f37da16e53d3eec2c0fa31534a6b2908 class=\"section faq_block\" itemscope itemtype=\"https:\/\/schema.org\/FAQPage\"><div class=\"container\"><div class=\"block-row blocks-in-row-1\"><div class=\"block faq-block\"><div class=\"inner-wrapper\"><div class=\"title-wrapper\"><h2 class=\"block-title h2\">Allgemein<\/h2><\/div><ul class=\"faq-wrapper\"><li class=\"faq-item\" itemscope itemprop=\"mainEntity\" itemtype=\"https:\/\/schema.org\/Question\"><button class=\"faq-question\" itemprop=\"name\" aria-expanded=\"false\">Was ist UV Nagellack?<\/button><div itemscope itemprop=\"acceptedAnswer\" itemtype=\"https:\/\/schema.org\/Answer\" class=\"faq-answer\"><p>UV Nagellack ist eine Art von Nagellack, der unter einer speziellen LED- oder UV-Lampe ausgeh\u00e4rtet werden muss, um zu trocknen und auszuh\u00e4rten. Durch diesen Aush\u00e4rtungsprozess entsteht eine widerstandsf\u00e4hige und lang anhaltende Manik\u00fcre, die dem t\u00e4glichen Verschlei\u00df standh\u00e4lt, ohne abzusplittern oder zu verblassen.<\/p>\n<\/div><\/li><li class=\"faq-item\" itemscope itemprop=\"mainEntity\" itemtype=\"https:\/\/schema.org\/Question\"><button class=\"faq-question\" itemprop=\"name\" aria-expanded=\"false\">Welches Gel Nagellack ist HEMA-frei?<\/button><div itemscope itemprop=\"acceptedAnswer\" itemtype=\"https:\/\/schema.org\/Answer\" class=\"faq-answer\"><p>ColorMe bietet nur HEMA-freies Gel Nagellack an.<\/p>\n<\/div><\/li><li class=\"faq-item\" itemscope itemprop=\"mainEntity\" itemtype=\"https:\/\/schema.org\/Question\"><button class=\"faq-question\" itemprop=\"name\" aria-expanded=\"false\">Wie lange h\u00e4lt das Gel-Polish?<\/button><div itemscope itemprop=\"acceptedAnswer\" itemtype=\"https:\/\/schema.org\/Answer\" class=\"faq-answer\"><p>Gel-Polish kann etwa 14 Tage (oder zwei Wochen) halten, ohne abzusplittern oder abzubl\u00e4ttern. Die Lebensdauer von Gel-Polish kann jedoch von verschiedenen Faktoren abh\u00e4ngen, z. B. von der Technik des Auftragens und dem Zustand der Naturn\u00e4gel.<\/p>\n<\/div><\/li><li class=\"faq-item\" itemscope itemprop=\"mainEntity\" itemtype=\"https:\/\/schema.org\/Question\"><button class=\"faq-question\" itemprop=\"name\" aria-expanded=\"false\">Was ist der Unterschied zwischen Acryln\u00e4geln, Geln\u00e4geln und Gel-Polish?<\/button><div itemscope itemprop=\"acceptedAnswer\" itemtype=\"https:\/\/schema.org\/Answer\" class=\"faq-answer\"><p>Acryl- und Hartgeln\u00e4gel sind k\u00fcnstliche Nagelveroptimierungen, die unter UV- oder LED-Licht ausgeh\u00e4rtet werden. Acryln\u00e4gel werden mit einem fl\u00fcssigen Monomer und einem Pulverpolymer hergestellt, w\u00e4hrend f\u00fcr Hartgeln\u00e4gel eine dicke Gelsubstanz verwendet wird. Acryln\u00e4gel sind ideal f\u00fcr l\u00e4ngere, modellierte N\u00e4gel, w\u00e4hrend Hartgel am besten f\u00fcr k\u00fcrzere, nat\u00fcrlich aussehende N\u00e4gel geeignet ist. Gel-Polish wird ebenfalls unter UV- oder LED-Licht ausgeh\u00e4rtet und f\u00fcr eine Vielzahl von Nageldesigns verwendet. Gel-Polish wird ohne k\u00fcnstliche Nageloptimierungen verwendet. Die Wahl ist eine Frage der pers\u00f6nlichen Vorliebe und des Lebensstils.<\/p>\n<\/div><\/li><li class=\"faq-item\" itemscope itemprop=\"mainEntity\" itemtype=\"https:\/\/schema.org\/Question\"><button class=\"faq-question\" itemprop=\"name\" aria-expanded=\"false\">Wie trage ich Gel-Polish auf, um ein optimales Ergebnis zu erzielen?<\/button><div itemscope itemprop=\"acceptedAnswer\" itemtype=\"https:\/\/schema.org\/Answer\" class=\"faq-answer\"><p>Detaillierte Anleitungen zum Auftragen von Gel-Polish f\u00fcr ein optimales Ergebnis findest du in unserem umfassenden Leitfaden in unserem Blog. Dort findest du Schritt-f\u00fcr-Schritt-Anleitungen, Tipps und Tricks, mit denen du zu Hause eine makellose Gel-Manik\u00fcre erzielst. Besuche unseren Blog, um Expertenratschl\u00e4ge und Einblicke in die Nagelpflege zu erhalten, die deine Nagelk\u00fcnste auf die n\u00e4chste Stufe heben werden!<\/p>\n<\/div><\/li><li class=\"faq-item\" itemscope itemprop=\"mainEntity\" itemtype=\"https:\/\/schema.org\/Question\"><button class=\"faq-question\" itemprop=\"name\" aria-expanded=\"false\">Welches Gel-Polish l\u00e4sst sich am leichtesten entfernen?<\/button><div itemscope itemprop=\"acceptedAnswer\" itemtype=\"https:\/\/schema.org\/Answer\" class=\"faq-answer\"><p>Der abziehbare Gel-Unterlack gilt im Allgemeinen als das am leichtesten zu entfernende Gel-Polish. Der abziehbare Unterlack kann einfach vom Nagel abgezogen werden, ohne dass er eingeweicht oder abgefeilt werden muss. Das macht ihn zu einer praktischen Option f\u00fcr alle, die eine schnellere und sanftere Entfernung bevorzugen.<\/p>\n<\/div><\/li><li class=\"faq-item\" itemscope itemprop=\"mainEntity\" itemtype=\"https:\/\/schema.org\/Question\"><button class=\"faq-question\" itemprop=\"name\" aria-expanded=\"false\">Kann man gegen die Acrylate in Gel-Polish allergisch sein?<\/button><div itemscope itemprop=\"acceptedAnswer\" itemtype=\"https:\/\/schema.org\/Answer\" class=\"faq-answer\"><p>Leider gibt es eine kleine Gruppe von Menschen, die auf die in Gel-Polish enthaltenen Acrylate allergisch reagieren.<\/p>\n<p>Wenn du nach dem Auftragen eine leichte allergische Reaktion bemerkst, raten wir dir, die Verwendung von Gel-Polish sofort einzustellen, da sich die Allergie mit der Zeit verst\u00e4rken kann.<\/p>\n<\/div><\/li><li class=\"faq-item\" itemscope itemprop=\"mainEntity\" itemtype=\"https:\/\/schema.org\/Question\"><button class=\"faq-question\" itemprop=\"name\" aria-expanded=\"false\">Warum k\u00f6nnen die Farben des Produkts von denen im Webshop abweichen?<\/button><div itemscope itemprop=\"acceptedAnswer\" itemtype=\"https:\/\/schema.org\/Answer\" class=\"faq-answer\"><p>Die Farben der auf unserer Website angezeigten Produkte k\u00f6nnen aufgrund von unterschiedlichen Bildschirmeinstellungen, Lichtverh\u00e4ltnissen und Anzeigetechnologien leicht unterschiedlich aussehen. Wir bem\u00fchen uns um genaue Bilder, aber die tats\u00e4chlichen Produktfarben k\u00f6nnen leicht abweichen.<\/p>\n<\/div><\/li><\/ul><\/div><\/div><\/div><\/div><\/section>\n\n<section id=section-block-block_b86c2fc497e4ee3db80638650db1b495 class=\"section faq_block\" itemscope itemtype=\"https:\/\/schema.org\/FAQPage\"><div class=\"container\"><div class=\"block-row blocks-in-row-1\"><div class=\"block faq-block\"><div class=\"inner-wrapper\"><div class=\"title-wrapper\"><h2 class=\"block-title h2\">LED-Lampe<\/h2><\/div><ul class=\"faq-wrapper\"><li class=\"faq-item\" itemscope itemprop=\"mainEntity\" itemtype=\"https:\/\/schema.org\/Question\"><button class=\"faq-question\" itemprop=\"name\" aria-expanded=\"false\">Was ist der Unterschied zwischen LED- und UV-Lampen?<\/button><div itemscope itemprop=\"acceptedAnswer\" itemtype=\"https:\/\/schema.org\/Answer\" class=\"faq-answer\"><p>LED-Lampen verwenden eine \u00e4hnliche, aber effizientere Technologie als UV-Lampen. Wenn es um das Aush\u00e4rten von Gel-Polish geht, erzielen LED-Nagellampen die gleichen Ergebnisse in weniger als der H\u00e4lfte der Zeit, die UV-Lampen ben\u00f6tigen. Sie geben nicht die gleichen UV-A-Strahlen oder UV-B-Strahlen ab, und die Birnen m\u00fcssen nicht wie bei UV-Lampen ausgetauscht werden.  <\/p>\n<\/div><\/li><li class=\"faq-item\" itemscope itemprop=\"mainEntity\" itemtype=\"https:\/\/schema.org\/Question\"><button class=\"faq-question\" itemprop=\"name\" aria-expanded=\"false\">Kann man in die LED-Lampe schauen, wenn sie eingeschaltet ist?<\/button><div itemscope itemprop=\"acceptedAnswer\" itemtype=\"https:\/\/schema.org\/Answer\" class=\"faq-answer\"><p>Vermeide den direkten Blick in eine Lichtquelle, um m\u00f6gliche Augensch\u00e4den zu vermeiden.<\/p>\n<\/div><\/li><li class=\"faq-item\" itemscope itemprop=\"mainEntity\" itemtype=\"https:\/\/schema.org\/Question\"><button class=\"faq-question\" itemprop=\"name\" aria-expanded=\"false\">Trocknet Gel-Polish auch ohne Lampe?<\/button><div itemscope itemprop=\"acceptedAnswer\" itemtype=\"https:\/\/schema.org\/Answer\" class=\"faq-answer\"><p>Nein, Gel-Polish h\u00e4rtet nicht aus, wenn es nicht einer UV- oder LED-Lampe ausgesetzt wird. Diese Lampen sind notwendig, um den Aush\u00e4rtungsprozess einzuleiten, der zu einer widerstandsf\u00e4higen und dauerhaften Oberfl\u00e4che des Gel-Polish f\u00fchrt. <\/p>\n<\/div><\/li><\/ul><\/div><\/div><\/div><\/div><\/section>\n\n<section id=section-block-block_27e9331070efe9c64527641cf5ed9cd7 class=\"section block_content center\" itemscope itemtype=\"http:\/\/schema.org\/WebPageElement\" itemprop=\"hasPart\"><div class=\"container\"><div class=\"block-row blocks-in-row-1\"><div class=\"block content-block\" itemscope itemtype=\"http:\/\/schema.org\/WebPageElement\" itemprop=\"isPartOf\"><div class=\"inner-wrapper\"><div class=\"title-wrapper\"><h2 class=\"block-title h2\">Gut zu wissen<\/h2><\/div><div itemprop=\"text\" class=\"content-wrapper\"><p>&nbsp;<\/p>\n<ul>\n<li style=\"text-align: left;\">Um dein Gel-Polish frisch und einsatzbereit zu halten, bewahre es<strong> an einem dunklen Ort bei Zimmertemperatur auf<\/strong>. Vermeide es, es in der N\u00e4he eines Fensters oder unter einer Lampe aufzubewahren, da es durch die Lichteinwirkung mit der Zeit austrocknen kann, sowohl in der Flasche als auch auf dem Pinsel. <\/li>\n<li style=\"text-align: left;\">Damit dein <strong>Gel-Polish wie ein Spiegel gl\u00e4nzt<\/strong>, stelle sicher, dass deine LED-Lampe w\u00e4hrend der Aush\u00e4rtung eingeschaltet ist, lasse deine N\u00e4gel f\u00fcr die empfohlene Dauer unter der Lampe und reinige regelm\u00e4\u00dfig die innere Reflektorfl\u00e4che deiner LED-Lampe.<\/li>\n<li style=\"text-align: left;\">UV-Licht, sei es von der Sonne oder von k\u00fcnstlichen Quellen, <strong>kann das Gel-Polish verblassen lassen.<\/strong> Au\u00dferdem k\u00f6nnen Inhaltsstoffe wie DEET, die in Sonnencremes, After-Sun-Produkten und Insektenschutzmitteln enthalten sind, zu einem fleckigen Effekt auf deinen N\u00e4geln f\u00fchren. Um dies zu vermeiden, wasche deine H\u00e4nde und N\u00e4gel nach der Anwendung gr\u00fcndlich, damit der Glanz deines Gel-Polish erhalten bleibt. <\/li>\n<\/ul>\n<\/div><\/div><\/div><\/div><\/div><\/section>","protected":false},"excerpt":{"rendered":"","protected":false},"author":1,"featured_media":3831,"parent":0,"menu_order":700,"comment_status":"closed","ping_status":"closed","template":"","meta":{"_acf_changed":false,"footnotes":""},"class_list":["post-3830","page","type-page","status-publish","has-post-thumbnail","hentry"],"acf":[],"yoast_head":"<!-- This site is optimized with the Yoast SEO plugin v27.5 - https:\/\/yoast.com\/product\/yoast-seo-wordpress\/ -->\n<title>FAQ - ColorMe Cosmetics<\/title>\n<meta name=\"description\" content=\"Brauchst du Hilfe? Auf unserer FAQ-Seite findest du Antworten auf die am h\u00e4ufigsten gestellten Fragen. Hier findest du Informationen zu Produkten, Dienstleistungen und mehr.\" \/>\n<meta name=\"robots\" content=\"index, follow, max-snippet:-1, max-image-preview:large, max-video-preview:-1\" \/>\n<link rel=\"canonical\" href=\"https:\/\/colorme-cosmetics.com\/de\/faq\/\" \/>\n<meta property=\"og:locale\" content=\"de_DE\" \/>\n<meta property=\"og:type\" content=\"article\" \/>\n<meta property=\"og:title\" content=\"FAQ - ColorMe Cosmetics\" \/>\n<meta property=\"og:description\" content=\"Brauchst du Hilfe? Auf unserer FAQ-Seite findest du Antworten auf die am h\u00e4ufigsten gestellten Fragen. Hier findest du Informationen zu Produkten, Dienstleistungen und mehr.\" \/>\n<meta property=\"og:url\" content=\"https:\/\/colorme-cosmetics.com\/de\/faq\/\" \/>\n<meta property=\"og:site_name\" content=\"ColorMe Cosmetics\" \/>\n<meta property=\"article:modified_time\" content=\"2025-12-12T15:00:52+00:00\" \/>\n<meta property=\"og:image\" content=\"https:\/\/colorme-cosmetics.com\/wp-content\/uploads\/2024\/04\/CM-Gezicht-van-CM-big.jpg\" \/>\n\t<meta property=\"og:image:width\" content=\"1894\" \/>\n\t<meta property=\"og:image:height\" content=\"1065\" \/>\n\t<meta property=\"og:image:type\" content=\"image\/jpeg\" \/>\n<meta name=\"twitter:card\" content=\"summary_large_image\" \/>\n<meta name=\"twitter:label1\" content=\"Gesch\u00e4tzte Lesezeit\" \/>\n\t<meta name=\"twitter:data1\" content=\"4\u00a0Minuten\" \/>\n<script type=\"application\/ld+json\" class=\"yoast-schema-graph\">{\"@context\":\"https:\\\/\\\/schema.org\",\"@graph\":[{\"@type\":\"WebPage\",\"@id\":\"https:\\\/\\\/colorme-cosmetics.com\\\/de\\\/faq\\\/\",\"url\":\"https:\\\/\\\/colorme-cosmetics.com\\\/de\\\/faq\\\/\",\"name\":\"FAQ - ColorMe Cosmetics\",\"isPartOf\":{\"@id\":\"https:\\\/\\\/colorme-cosmetics.com\\\/de\\\/#website\"},\"primaryImageOfPage\":{\"@id\":\"https:\\\/\\\/colorme-cosmetics.com\\\/de\\\/faq\\\/#primaryimage\"},\"image\":{\"@id\":\"https:\\\/\\\/colorme-cosmetics.com\\\/de\\\/faq\\\/#primaryimage\"},\"thumbnailUrl\":\"https:\\\/\\\/colorme-cosmetics.com\\\/wp-content\\\/uploads\\\/2024\\\/04\\\/CM-Gezicht-van-CM-big.jpg\",\"datePublished\":\"2024-05-31T10:24:15+00:00\",\"dateModified\":\"2025-12-12T15:00:52+00:00\",\"description\":\"Brauchst du Hilfe? Auf unserer FAQ-Seite findest du Antworten auf die am h\u00e4ufigsten gestellten Fragen. Hier findest du Informationen zu Produkten, Dienstleistungen und mehr.\",\"breadcrumb\":{\"@id\":\"https:\\\/\\\/colorme-cosmetics.com\\\/de\\\/faq\\\/#breadcrumb\"},\"inLanguage\":\"de\",\"potentialAction\":[{\"@type\":\"ReadAction\",\"target\":[\"https:\\\/\\\/colorme-cosmetics.com\\\/de\\\/faq\\\/\"]}]},{\"@type\":\"ImageObject\",\"inLanguage\":\"de\",\"@id\":\"https:\\\/\\\/colorme-cosmetics.com\\\/de\\\/faq\\\/#primaryimage\",\"url\":\"https:\\\/\\\/colorme-cosmetics.com\\\/wp-content\\\/uploads\\\/2024\\\/04\\\/CM-Gezicht-van-CM-big.jpg\",\"contentUrl\":\"https:\\\/\\\/colorme-cosmetics.com\\\/wp-content\\\/uploads\\\/2024\\\/04\\\/CM-Gezicht-van-CM-big.jpg\",\"width\":1894,\"height\":1065,\"caption\":\"Homepage Banner\"},{\"@type\":\"BreadcrumbList\",\"@id\":\"https:\\\/\\\/colorme-cosmetics.com\\\/de\\\/faq\\\/#breadcrumb\",\"itemListElement\":[{\"@type\":\"ListItem\",\"position\":1,\"name\":\"Home\",\"item\":\"https:\\\/\\\/colorme-cosmetics.com\\\/de\\\/\"},{\"@type\":\"ListItem\",\"position\":2,\"name\":\"FAQ\"}]},{\"@type\":\"WebSite\",\"@id\":\"https:\\\/\\\/colorme-cosmetics.com\\\/de\\\/#website\",\"url\":\"https:\\\/\\\/colorme-cosmetics.com\\\/de\\\/\",\"name\":\"ColorMe Cosmetics\",\"description\":\"\",\"potentialAction\":[{\"@type\":\"SearchAction\",\"target\":{\"@type\":\"EntryPoint\",\"urlTemplate\":\"https:\\\/\\\/colorme-cosmetics.com\\\/de\\\/?s={search_term_string}\"},\"query-input\":{\"@type\":\"PropertyValueSpecification\",\"valueRequired\":true,\"valueName\":\"search_term_string\"}}],\"inLanguage\":\"de\"}]}<\/script>\n<!-- \/ Yoast SEO plugin. -->","yoast_head_json":{"title":"FAQ - ColorMe Cosmetics","description":"Brauchst du Hilfe? Auf unserer FAQ-Seite findest du Antworten auf die am h\u00e4ufigsten gestellten Fragen. Hier findest du Informationen zu Produkten, Dienstleistungen und mehr.","robots":{"index":"index","follow":"follow","max-snippet":"max-snippet:-1","max-image-preview":"max-image-preview:large","max-video-preview":"max-video-preview:-1"},"canonical":"https:\/\/colorme-cosmetics.com\/de\/faq\/","og_locale":"de_DE","og_type":"article","og_title":"FAQ - ColorMe Cosmetics","og_description":"Brauchst du Hilfe? Auf unserer FAQ-Seite findest du Antworten auf die am h\u00e4ufigsten gestellten Fragen. Hier findest du Informationen zu Produkten, Dienstleistungen und mehr.","og_url":"https:\/\/colorme-cosmetics.com\/de\/faq\/","og_site_name":"ColorMe Cosmetics","article_modified_time":"2025-12-12T15:00:52+00:00","og_image":[{"width":1894,"height":1065,"url":"https:\/\/colorme-cosmetics.com\/wp-content\/uploads\/2024\/04\/CM-Gezicht-van-CM-big.jpg","type":"image\/jpeg"}],"twitter_card":"summary_large_image","twitter_misc":{"Gesch\u00e4tzte Lesezeit":"4\u00a0Minuten"},"schema":{"@context":"https:\/\/schema.org","@graph":[{"@type":"WebPage","@id":"https:\/\/colorme-cosmetics.com\/de\/faq\/","url":"https:\/\/colorme-cosmetics.com\/de\/faq\/","name":"FAQ - ColorMe Cosmetics","isPartOf":{"@id":"https:\/\/colorme-cosmetics.com\/de\/#website"},"primaryImageOfPage":{"@id":"https:\/\/colorme-cosmetics.com\/de\/faq\/#primaryimage"},"image":{"@id":"https:\/\/colorme-cosmetics.com\/de\/faq\/#primaryimage"},"thumbnailUrl":"https:\/\/colorme-cosmetics.com\/wp-content\/uploads\/2024\/04\/CM-Gezicht-van-CM-big.jpg","datePublished":"2024-05-31T10:24:15+00:00","dateModified":"2025-12-12T15:00:52+00:00","description":"Brauchst du Hilfe? Auf unserer FAQ-Seite findest du Antworten auf die am h\u00e4ufigsten gestellten Fragen. Hier findest du Informationen zu Produkten, Dienstleistungen und mehr.","breadcrumb":{"@id":"https:\/\/colorme-cosmetics.com\/de\/faq\/#breadcrumb"},"inLanguage":"de","potentialAction":[{"@type":"ReadAction","target":["https:\/\/colorme-cosmetics.com\/de\/faq\/"]}]},{"@type":"ImageObject","inLanguage":"de","@id":"https:\/\/colorme-cosmetics.com\/de\/faq\/#primaryimage","url":"https:\/\/colorme-cosmetics.com\/wp-content\/uploads\/2024\/04\/CM-Gezicht-van-CM-big.jpg","contentUrl":"https:\/\/colorme-cosmetics.com\/wp-content\/uploads\/2024\/04\/CM-Gezicht-van-CM-big.jpg","width":1894,"height":1065,"caption":"Homepage Banner"},{"@type":"BreadcrumbList","@id":"https:\/\/colorme-cosmetics.com\/de\/faq\/#breadcrumb","itemListElement":[{"@type":"ListItem","position":1,"name":"Home","item":"https:\/\/colorme-cosmetics.com\/de\/"},{"@type":"ListItem","position":2,"name":"FAQ"}]},{"@type":"WebSite","@id":"https:\/\/colorme-cosmetics.com\/de\/#website","url":"https:\/\/colorme-cosmetics.com\/de\/","name":"ColorMe Cosmetics","description":"","potentialAction":[{"@type":"SearchAction","target":{"@type":"EntryPoint","urlTemplate":"https:\/\/colorme-cosmetics.com\/de\/?s={search_term_string}"},"query-input":{"@type":"PropertyValueSpecification","valueRequired":true,"valueName":"search_term_string"}}],"inLanguage":"de"}]}},"_links":{"self":[{"href":"https:\/\/colorme-cosmetics.com\/de\/wp-json\/wp\/v2\/pages\/3830","targetHints":{"allow":["GET"]}}],"collection":[{"href":"https:\/\/colorme-cosmetics.com\/de\/wp-json\/wp\/v2\/pages"}],"about":[{"href":"https:\/\/colorme-cosmetics.com\/de\/wp-json\/wp\/v2\/types\/page"}],"author":[{"embeddable":true,"href":"https:\/\/colorme-cosmetics.com\/de\/wp-json\/wp\/v2\/users\/1"}],"replies":[{"embeddable":true,"href":"https:\/\/colorme-cosmetics.com\/de\/wp-json\/wp\/v2\/comments?post=3830"}],"version-history":[{"count":1,"href":"https:\/\/colorme-cosmetics.com\/de\/wp-json\/wp\/v2\/pages\/3830\/revisions"}],"predecessor-version":[{"id":4854,"href":"https:\/\/colorme-cosmetics.com\/de\/wp-json\/wp\/v2\/pages\/3830\/revisions\/4854"}],"wp:featuredmedia":[{"embeddable":true,"href":"https:\/\/colorme-cosmetics.com\/de\/wp-json\/wp\/v2\/media\/3831"}],"wp:attachment":[{"href":"https:\/\/colorme-cosmetics.com\/de\/wp-json\/wp\/v2\/media?parent=3830"}],"curies":[{"name":"wp","href":"https:\/\/api.w.org\/{rel}","templated":true}]}}