{"id":3920,"date":"2024-01-12T14:53:02","date_gmt":"2024-01-12T13:53:02","guid":{"rendered":"https:\/\/colorme-cosmetics.com\/ueber-uns\/"},"modified":"2025-12-12T15:43:56","modified_gmt":"2025-12-12T14:43:56","slug":"ueber-uns","status":"publish","type":"page","link":"https:\/\/colorme-cosmetics.com\/de\/ueber-uns\/","title":{"rendered":"\u00dcber uns"},"content":{"rendered":"<section id=section-block-block_6efb0d1d6ab64bdc21ce237de3ca356b class=\"section block_content_and_image_left regular\" itemscope itemtype=\"http:\/\/schema.org\/WebPageElement\" itemprop=\"hasPart\"><div class=\"container\"><div class=\"block-row blocks-in-row-2\"><div class=\"block content-block\" itemscope itemtype=\"http:\/\/schema.org\/WebPageElement\" itemprop=\"isPartOf\"><div class=\"inner-wrapper\"><div itemprop=\"text\" class=\"content-wrapper\"><p>Unsere Premium Gel Nagellack Formel wurde sorgf\u00e4ltig<br \/>\nentwickelt, um eine schnelle und effiziente Anwendung zu erm\u00f6glichen, bequem von zu Hause aus. Lass die Farbe einfach unter der Lampe aush\u00e4rten, und schon hast du f\u00fcr mindestens 2 Wochen eine langlebige, atemberaubende Manik\u00fcre. Wir sind stolz darauf, dass unsere Formel vegan, ohne Tierversuche und HEMA-frei ist und somit ein sicheres und angenehmes Erlebnis garantiert.<\/p>\n<\/div><\/div><\/div><div class=\"block image-block\" ><figure itemscope itemtype=\"http:\/\/schema.org\/ImageObject\" itemprop=\"isPartOf\" class=\"img-wrapper\"><meta itemprop=\"text\" content=\"Gezicht-Champagne-Please-ColorMe\"><img decoding=\"async\" title=\"Gezicht-Champagne-Please-ColorMe\" alt=\"Gezicht-Champagne-Please-ColorMe\" width=\"800\" height=\"800\" src=\"https:\/\/colorme-cosmetics.com\/wp-content\/uploads\/2024\/04\/Face-Champagne-Please-ColorMe-800x800.jpg\"\/><meta itemprop=\"name\" content=\"Gezicht-Champagne-Please-ColorMe\"><meta itemprop=\"image\" content=\"https:\/\/colorme-cosmetics.com\/wp-content\/uploads\/2024\/04\/Face-Champagne-Please-ColorMe-800x800.jpg\"><\/figure><\/div><\/div><\/div><\/section>\n\n<section id=section-block_927f1d20e525d029ba3409ddb3042beb class=\"section block_image_and_content_left regular\" itemscope itemtype=\"http:\/\/schema.org\/WebPageElement\" itemprop=\"hasPart\"><div class=\"container\"><div class=\"block-row blocks-in-row-2\"><div class=\"block image-block\" ><figure itemscope itemtype=\"http:\/\/schema.org\/ImageObject\" itemprop=\"isPartOf\" class=\"img-wrapper\"><meta itemprop=\"text\" content=\"THINK PINK - Set - ColorMe\"><img decoding=\"async\" title=\"THINK PINK - Set - ColorMe\" alt=\"THINK PINK - Set - ColorMe\" width=\"800\" height=\"800\" src=\"https:\/\/colorme-cosmetics.com\/wp-content\/uploads\/2024\/04\/THINK-PINK-Set-ColorMe-800x800.jpg\"\/><meta itemprop=\"name\" content=\"THINK PINK - Set - ColorMe\"><meta itemprop=\"image\" content=\"https:\/\/colorme-cosmetics.com\/wp-content\/uploads\/2024\/04\/THINK-PINK-Set-ColorMe-800x800.jpg\"><\/figure><\/div><div class=\"block content-block\" itemscope itemtype=\"http:\/\/schema.org\/WebPageElement\" itemprop=\"isPartOf\"><div class=\"inner-wrapper\"><div class=\"title-wrapper\"><h2 class=\"block-title h2\">ColorMe Cosmetics<\/h2><span class=\"block-subtitle\">Einfach anzubringen:<\/span><\/div><div itemprop=\"description\" class=\"content-wrapper\"><ul>\n<li>Vertraue in dein Aussehen<\/li>\n<li>Vertraue in Sicherheit f\u00fcr deine N\u00e4gel<\/li>\n<li>Vertraue in langlebige Qualit\u00e4t<\/li>\n<li>Vertraue darauf, es jederzeit anwenden zu k\u00f6nnen, wann immer es dir passt<\/li>\n<li>Vertraue in die einfache Anwendung<\/li>\n<li>Vertraue in die vegane Formel ohne Tierversuche<\/li>\n<\/ul>\n<\/div><\/div><\/div><\/div><\/div><\/section>\n\n<section id=section-block-block_f22cbbe923ff571294349075433489b9 class=\"section block_content center\" itemscope itemtype=\"http:\/\/schema.org\/WebPageElement\" itemprop=\"hasPart\"><div class=\"container\"><div class=\"block-row blocks-in-row-1\"><div class=\"block content-block\" itemscope itemtype=\"http:\/\/schema.org\/WebPageElement\" itemprop=\"isPartOf\"><div class=\"inner-wrapper\"><div class=\"title-wrapper\"><h2 class=\"block-title h2\">Einfach anzubringen<\/h2><\/div><div itemprop=\"text\" class=\"content-wrapper\"><p>Es ist unser Anliegen, die Selbstentfaltung zu f\u00f6rdern und Frauen durch luxuri\u00f6se Nagelpflegeerlebnisse zu ermutigen, ihre nat\u00fcrliche Sch\u00f6nheit zu betonen.<\/p>\n<p><em>Erlebe das Gef\u00fchl, verw\u00f6hnt., selbstbewusst und sch\u00f6n zu sein<\/em><\/p>\n<\/div><\/div><\/div><\/div><\/div><\/section>\n\n<section id=section-block-block_d2bd43bed4659e93dafee44a14ec24e5 class=\"section link_repeater_block row-items-4 button-inside\" itemscope itemtype=\"http:\/\/schema.org\/WebPageElement\" itemprop=\"isPartOf\"><div class=\"container\"><div class=\"block-row blocks-in-row-1\"><div class=\"block link-repeater-block\"><div class=\"title-wrapper\"><h2 class=\"block-title h2\">Weitere Informationen<\/h2><\/div><ul><li><a  title=\"Tipps &#038; Tricks\" href=\"https:\/\/colorme-cosmetics.com\/de\/8-tipps-zum-auftragen-von-gel-polish\/\" class=\"repeater-item\" itemscope itemtype=\"http:\/\/schema.org\/WebPage\" itemprop=\"isPartOf\"><meta itemprop=\"significantLink\" content=\"https:\/\/colorme-cosmetics.com\/de\/8-tipps-zum-auftragen-von-gel-polish\/\"><figure itemscope itemtype=\"http:\/\/schema.org\/ImageObject\" itemprop=\"isPartOf\" class=\"img-wrapper\"><img decoding=\"async\" title=\"Nail model\" alt=\"\" width=\"400\" height=\"600\" src=\"https:\/\/colorme-cosmetics.com\/wp-content\/uploads\/2024\/04\/temp-scaled.jpg\"\/><meta itemprop=\"name\" content=\"Nail model\"><meta itemprop=\"image\" content=\"https:\/\/colorme-cosmetics.com\/wp-content\/uploads\/2024\/04\/temp-scaled.jpg\"><\/figure><div class=\"title-bar-wrapper\"><div class=\"title-bar\">Tipps &#038; Tricks<\/div><\/div><\/a><\/li><li><a  title=\"Blog\" href=\"https:\/\/colorme-cosmetics.com\/de\/blog\/\" class=\"repeater-item\" itemscope itemtype=\"http:\/\/schema.org\/WebPage\" itemprop=\"isPartOf\"><meta itemprop=\"significantLink\" content=\"https:\/\/colorme-cosmetics.com\/de\/blog\/\"><figure itemscope itemtype=\"http:\/\/schema.org\/ImageObject\" itemprop=\"isPartOf\" class=\"img-wrapper\"><img decoding=\"async\" title=\"Keep It Classy Gel Colour\" alt=\"\" width=\"400\" height=\"600\" src=\"https:\/\/colorme-cosmetics.com\/wp-content\/uploads\/2024\/04\/Keep-It-Classy-model-400x600.jpg\"\/><meta itemprop=\"name\" content=\"Keep It Classy Gel Colour\"><meta itemprop=\"image\" content=\"https:\/\/colorme-cosmetics.com\/wp-content\/uploads\/2024\/04\/Keep-It-Classy-model-400x600.jpg\"><\/figure><div class=\"title-bar-wrapper\"><div class=\"title-bar\">Blog<\/div><\/div><\/a><\/li><li><a  title=\"Finden deine Farbe\" href=\"https:\/\/colorme-cosmetics.com\/de\/farben-von-colorme\/\" class=\"repeater-item\" itemscope itemtype=\"http:\/\/schema.org\/WebPage\" itemprop=\"isPartOf\"><meta itemprop=\"significantLink\" content=\"https:\/\/colorme-cosmetics.com\/de\/farben-von-colorme\/\"><figure itemscope itemtype=\"http:\/\/schema.org\/ImageObject\" itemprop=\"isPartOf\" class=\"img-wrapper\"><img decoding=\"async\" title=\"Nail + Face model\" alt=\"\" width=\"400\" height=\"600\" src=\"https:\/\/colorme-cosmetics.com\/wp-content\/uploads\/2024\/04\/temp3.jpg\"\/><meta itemprop=\"name\" content=\"Nail + Face model\"><meta itemprop=\"image\" content=\"https:\/\/colorme-cosmetics.com\/wp-content\/uploads\/2024\/04\/temp3.jpg\"><\/figure><div class=\"title-bar-wrapper\"><div class=\"title-bar\">Finden deine Farbe<\/div><\/div><\/a><\/li><li><a  title=\"Produkte\" href=\"https:\/\/colorme-cosmetics.com\/de\/shop\/\" class=\"repeater-item\" itemscope itemtype=\"http:\/\/schema.org\/WebPage\" itemprop=\"isPartOf\"><meta itemprop=\"significantLink\" content=\"https:\/\/colorme-cosmetics.com\/de\/shop\/\"><figure itemscope itemtype=\"http:\/\/schema.org\/ImageObject\" itemprop=\"isPartOf\" class=\"img-wrapper\"><meta itemprop=\"description\" content=\"Gel Grundierung, \u00dcberlack, abziehbarer Unterlack und Keep it Spicy\"><img decoding=\"async\" title=\"Keep it Spicy, Unterlack, \u00dcberlack und Gel-Grundierung\" alt=\"Gel Grundierung, \u00dcberlack, abziehbarer Unterlack und Keep it Spicy\" width=\"400\" height=\"600\" src=\"https:\/\/colorme-cosmetics.com\/wp-content\/uploads\/2024\/04\/Keep-It-Spicy-sfeer-400x600.jpg\"\/><meta itemprop=\"name\" content=\"Keep it Spicy, Unterlack, \u00dcberlack und Gel-Grundierung\"><meta itemprop=\"image\" content=\"https:\/\/colorme-cosmetics.com\/wp-content\/uploads\/2024\/04\/Keep-It-Spicy-sfeer-400x600.jpg\"><\/figure><div class=\"title-bar-wrapper\"><div class=\"title-bar\">Produkte<\/div><\/div><\/a><\/li><\/ul><\/div><\/div><\/div><\/section>","protected":false},"excerpt":{"rendered":"","protected":false},"author":1,"featured_media":3922,"parent":0,"menu_order":320,"comment_status":"closed","ping_status":"closed","template":"","meta":{"_acf_changed":false,"footnotes":""},"class_list":["post-3920","page","type-page","status-publish","has-post-thumbnail","hentry"],"acf":[],"yoast_head":"<!-- This site is optimized with the Yoast SEO plugin v27.5 - https:\/\/yoast.com\/product\/yoast-seo-wordpress\/ -->\n<title>\u00dcber uns - ColorMe Cosmetics<\/title>\n<meta name=\"description\" content=\"Unsere Premium-Gel-Polish-Formel wurde sorgf\u00e4ltig entwickelt, um eine schnelle und effiziente Anwendung zu erm\u00f6glichen, die du bequem von zu Hause aus durchf\u00fchren kannst.\" \/>\n<meta name=\"robots\" content=\"index, follow, max-snippet:-1, max-image-preview:large, max-video-preview:-1\" \/>\n<link rel=\"canonical\" href=\"https:\/\/colorme-cosmetics.com\/de\/ueber-uns\/\" \/>\n<meta property=\"og:locale\" content=\"de_DE\" \/>\n<meta property=\"og:type\" content=\"article\" \/>\n<meta property=\"og:title\" content=\"\u00dcber uns - ColorMe Cosmetics\" \/>\n<meta property=\"og:description\" content=\"Unsere Premium-Gel-Polish-Formel wurde sorgf\u00e4ltig entwickelt, um eine schnelle und effiziente Anwendung zu erm\u00f6glichen, die du bequem von zu Hause aus durchf\u00fchren kannst.\" \/>\n<meta property=\"og:url\" content=\"https:\/\/colorme-cosmetics.com\/de\/ueber-uns\/\" \/>\n<meta property=\"og:site_name\" content=\"ColorMe Cosmetics\" \/>\n<meta property=\"article:modified_time\" content=\"2025-12-12T14:43:56+00:00\" \/>\n<meta property=\"og:image\" content=\"https:\/\/colorme-cosmetics.com\/wp-content\/uploads\/2024\/09\/STL_1762-1-scaled-e1726578611147.jpg\" \/>\n\t<meta property=\"og:image:width\" content=\"2560\" \/>\n\t<meta property=\"og:image:height\" content=\"1707\" \/>\n\t<meta property=\"og:image:type\" content=\"image\/jpeg\" \/>\n<meta name=\"twitter:card\" content=\"summary_large_image\" \/>\n<meta name=\"twitter:label1\" content=\"Gesch\u00e4tzte Lesezeit\" \/>\n\t<meta name=\"twitter:data1\" content=\"3\u00a0Minuten\" \/>\n<script type=\"application\/ld+json\" class=\"yoast-schema-graph\">{\"@context\":\"https:\\\/\\\/schema.org\",\"@graph\":[{\"@type\":\"WebPage\",\"@id\":\"https:\\\/\\\/colorme-cosmetics.com\\\/de\\\/ueber-uns\\\/\",\"url\":\"https:\\\/\\\/colorme-cosmetics.com\\\/de\\\/ueber-uns\\\/\",\"name\":\"\u00dcber uns - ColorMe Cosmetics\",\"isPartOf\":{\"@id\":\"https:\\\/\\\/colorme-cosmetics.com\\\/de\\\/#website\"},\"primaryImageOfPage\":{\"@id\":\"https:\\\/\\\/colorme-cosmetics.com\\\/de\\\/ueber-uns\\\/#primaryimage\"},\"image\":{\"@id\":\"https:\\\/\\\/colorme-cosmetics.com\\\/de\\\/ueber-uns\\\/#primaryimage\"},\"thumbnailUrl\":\"https:\\\/\\\/colorme-cosmetics.com\\\/wp-content\\\/uploads\\\/2024\\\/09\\\/STL_1762-1-scaled-e1726578611147.jpg\",\"datePublished\":\"2024-01-12T13:53:02+00:00\",\"dateModified\":\"2025-12-12T14:43:56+00:00\",\"description\":\"Unsere Premium-Gel-Polish-Formel wurde sorgf\u00e4ltig entwickelt, um eine schnelle und effiziente Anwendung zu erm\u00f6glichen, die du bequem von zu Hause aus durchf\u00fchren kannst.\",\"breadcrumb\":{\"@id\":\"https:\\\/\\\/colorme-cosmetics.com\\\/de\\\/ueber-uns\\\/#breadcrumb\"},\"inLanguage\":\"de\",\"potentialAction\":[{\"@type\":\"ReadAction\",\"target\":[\"https:\\\/\\\/colorme-cosmetics.com\\\/de\\\/ueber-uns\\\/\"]}]},{\"@type\":\"ImageObject\",\"inLanguage\":\"de\",\"@id\":\"https:\\\/\\\/colorme-cosmetics.com\\\/de\\\/ueber-uns\\\/#primaryimage\",\"url\":\"https:\\\/\\\/colorme-cosmetics.com\\\/wp-content\\\/uploads\\\/2024\\\/09\\\/STL_1762-1-scaled-e1726578611147.jpg\",\"contentUrl\":\"https:\\\/\\\/colorme-cosmetics.com\\\/wp-content\\\/uploads\\\/2024\\\/09\\\/STL_1762-1-scaled-e1726578611147.jpg\",\"width\":2560,\"height\":1707},{\"@type\":\"BreadcrumbList\",\"@id\":\"https:\\\/\\\/colorme-cosmetics.com\\\/de\\\/ueber-uns\\\/#breadcrumb\",\"itemListElement\":[{\"@type\":\"ListItem\",\"position\":1,\"name\":\"Home\",\"item\":\"https:\\\/\\\/colorme-cosmetics.com\\\/de\\\/\"},{\"@type\":\"ListItem\",\"position\":2,\"name\":\"\u00dcber uns\"}]},{\"@type\":\"WebSite\",\"@id\":\"https:\\\/\\\/colorme-cosmetics.com\\\/de\\\/#website\",\"url\":\"https:\\\/\\\/colorme-cosmetics.com\\\/de\\\/\",\"name\":\"ColorMe Cosmetics\",\"description\":\"\",\"potentialAction\":[{\"@type\":\"SearchAction\",\"target\":{\"@type\":\"EntryPoint\",\"urlTemplate\":\"https:\\\/\\\/colorme-cosmetics.com\\\/de\\\/?s={search_term_string}\"},\"query-input\":{\"@type\":\"PropertyValueSpecification\",\"valueRequired\":true,\"valueName\":\"search_term_string\"}}],\"inLanguage\":\"de\"}]}<\/script>\n<!-- \/ Yoast SEO plugin. -->","yoast_head_json":{"title":"\u00dcber uns - ColorMe Cosmetics","description":"Unsere Premium-Gel-Polish-Formel wurde sorgf\u00e4ltig entwickelt, um eine schnelle und effiziente Anwendung zu erm\u00f6glichen, die du bequem von zu Hause aus durchf\u00fchren kannst.","robots":{"index":"index","follow":"follow","max-snippet":"max-snippet:-1","max-image-preview":"max-image-preview:large","max-video-preview":"max-video-preview:-1"},"canonical":"https:\/\/colorme-cosmetics.com\/de\/ueber-uns\/","og_locale":"de_DE","og_type":"article","og_title":"\u00dcber uns - ColorMe Cosmetics","og_description":"Unsere Premium-Gel-Polish-Formel wurde sorgf\u00e4ltig entwickelt, um eine schnelle und effiziente Anwendung zu erm\u00f6glichen, die du bequem von zu Hause aus durchf\u00fchren kannst.","og_url":"https:\/\/colorme-cosmetics.com\/de\/ueber-uns\/","og_site_name":"ColorMe Cosmetics","article_modified_time":"2025-12-12T14:43:56+00:00","og_image":[{"width":2560,"height":1707,"url":"https:\/\/colorme-cosmetics.com\/wp-content\/uploads\/2024\/09\/STL_1762-1-scaled-e1726578611147.jpg","type":"image\/jpeg"}],"twitter_card":"summary_large_image","twitter_misc":{"Gesch\u00e4tzte Lesezeit":"3\u00a0Minuten"},"schema":{"@context":"https:\/\/schema.org","@graph":[{"@type":"WebPage","@id":"https:\/\/colorme-cosmetics.com\/de\/ueber-uns\/","url":"https:\/\/colorme-cosmetics.com\/de\/ueber-uns\/","name":"\u00dcber uns - ColorMe Cosmetics","isPartOf":{"@id":"https:\/\/colorme-cosmetics.com\/de\/#website"},"primaryImageOfPage":{"@id":"https:\/\/colorme-cosmetics.com\/de\/ueber-uns\/#primaryimage"},"image":{"@id":"https:\/\/colorme-cosmetics.com\/de\/ueber-uns\/#primaryimage"},"thumbnailUrl":"https:\/\/colorme-cosmetics.com\/wp-content\/uploads\/2024\/09\/STL_1762-1-scaled-e1726578611147.jpg","datePublished":"2024-01-12T13:53:02+00:00","dateModified":"2025-12-12T14:43:56+00:00","description":"Unsere Premium-Gel-Polish-Formel wurde sorgf\u00e4ltig entwickelt, um eine schnelle und effiziente Anwendung zu erm\u00f6glichen, die du bequem von zu Hause aus durchf\u00fchren kannst.","breadcrumb":{"@id":"https:\/\/colorme-cosmetics.com\/de\/ueber-uns\/#breadcrumb"},"inLanguage":"de","potentialAction":[{"@type":"ReadAction","target":["https:\/\/colorme-cosmetics.com\/de\/ueber-uns\/"]}]},{"@type":"ImageObject","inLanguage":"de","@id":"https:\/\/colorme-cosmetics.com\/de\/ueber-uns\/#primaryimage","url":"https:\/\/colorme-cosmetics.com\/wp-content\/uploads\/2024\/09\/STL_1762-1-scaled-e1726578611147.jpg","contentUrl":"https:\/\/colorme-cosmetics.com\/wp-content\/uploads\/2024\/09\/STL_1762-1-scaled-e1726578611147.jpg","width":2560,"height":1707},{"@type":"BreadcrumbList","@id":"https:\/\/colorme-cosmetics.com\/de\/ueber-uns\/#breadcrumb","itemListElement":[{"@type":"ListItem","position":1,"name":"Home","item":"https:\/\/colorme-cosmetics.com\/de\/"},{"@type":"ListItem","position":2,"name":"\u00dcber uns"}]},{"@type":"WebSite","@id":"https:\/\/colorme-cosmetics.com\/de\/#website","url":"https:\/\/colorme-cosmetics.com\/de\/","name":"ColorMe Cosmetics","description":"","potentialAction":[{"@type":"SearchAction","target":{"@type":"EntryPoint","urlTemplate":"https:\/\/colorme-cosmetics.com\/de\/?s={search_term_string}"},"query-input":{"@type":"PropertyValueSpecification","valueRequired":true,"valueName":"search_term_string"}}],"inLanguage":"de"}]}},"_links":{"self":[{"href":"https:\/\/colorme-cosmetics.com\/de\/wp-json\/wp\/v2\/pages\/3920","targetHints":{"allow":["GET"]}}],"collection":[{"href":"https:\/\/colorme-cosmetics.com\/de\/wp-json\/wp\/v2\/pages"}],"about":[{"href":"https:\/\/colorme-cosmetics.com\/de\/wp-json\/wp\/v2\/types\/page"}],"author":[{"embeddable":true,"href":"https:\/\/colorme-cosmetics.com\/de\/wp-json\/wp\/v2\/users\/1"}],"replies":[{"embeddable":true,"href":"https:\/\/colorme-cosmetics.com\/de\/wp-json\/wp\/v2\/comments?post=3920"}],"version-history":[{"count":1,"href":"https:\/\/colorme-cosmetics.com\/de\/wp-json\/wp\/v2\/pages\/3920\/revisions"}],"predecessor-version":[{"id":4852,"href":"https:\/\/colorme-cosmetics.com\/de\/wp-json\/wp\/v2\/pages\/3920\/revisions\/4852"}],"wp:featuredmedia":[{"embeddable":true,"href":"https:\/\/colorme-cosmetics.com\/de\/wp-json\/wp\/v2\/media\/3922"}],"wp:attachment":[{"href":"https:\/\/colorme-cosmetics.com\/de\/wp-json\/wp\/v2\/media?parent=3920"}],"curies":[{"name":"wp","href":"https:\/\/api.w.org\/{rel}","templated":true}]}}