{"id":3925,"date":"2024-01-12T15:17:54","date_gmt":"2024-01-12T14:17:54","guid":{"rendered":"https:\/\/colorme-cosmetics.com\/versand-und-rueckgabe\/"},"modified":"2025-12-22T12:33:49","modified_gmt":"2025-12-22T11:33:49","slug":"versand-und-rueckgabe","status":"publish","type":"page","link":"https:\/\/colorme-cosmetics.com\/de\/versand-und-rueckgabe\/","title":{"rendered":"Versand und R\u00fcckgabe"},"content":{"rendered":"<section id=section-block-block_5331584c4ffec479b0884806bce72919 class=\"section block_content standard\" itemscope itemtype=\"http:\/\/schema.org\/WebPageElement\" itemprop=\"hasPart\"><div class=\"container\"><div class=\"block-row blocks-in-row-1\"><div class=\"block content-block\" itemscope itemtype=\"http:\/\/schema.org\/WebPageElement\" itemprop=\"isPartOf\"><div class=\"inner-wrapper\"><div class=\"title-wrapper\"><h2 class=\"block-title h2\">Wie hoch sind die Versandkosten?<\/h2><\/div><div itemprop=\"text\" class=\"content-wrapper\"><p data-start=\"0\" data-end=\"37\"><strong data-start=\"0\" data-end=\"37\">Versandkosten nach Gro\u00dfbritannien<\/strong><\/p>\n<p data-start=\"39\" data-end=\"152\">Der Standardversand dauert 4\u20137 Tage. Der Versand ist f\u00fcr alle Bestellungen \u00fcber \u00a3 25 in unserem Webshop kostenlos.<\/p>\n<p data-start=\"154\" data-end=\"213\">F\u00fcr Bestellungen unter \u00a3 25 berechnen wir folgende Versandkosten:<\/p>\n<ul>\n<li data-start=\"215\" data-end=\"241\">UK Standardlieferung \u00a3 5,59<\/li>\n<\/ul>\n<p data-start=\"244\" data-end=\"274\">\n<p data-start=\"244\" data-end=\"274\"><strong data-start=\"244\" data-end=\"274\">Versandkosten nach Spanien<\/strong><\/p>\n<p data-start=\"276\" data-end=\"393\">Der Standardversand dauert 4\u20137 Tage. Der Versand ist f\u00fcr alle Bestellungen \u00fcber \u20ac 27,50 in unserem Webshop kostenlos.<\/p>\n<p data-start=\"395\" data-end=\"458\">F\u00fcr Bestellungen unter \u20ac 27,50 berechnen wir folgende Versandkosten:<\/p>\n<ul>\n<li data-start=\"460\" data-end=\"492\">Spanien Standardlieferung \u20ac 5,50<\/li>\n<\/ul>\n<p data-start=\"244\" data-end=\"274\">\n<p data-start=\"244\" data-end=\"274\"><strong data-start=\"244\" data-end=\"274\">Versandkosten nach Frankreich <\/strong><\/p>\n<p data-start=\"276\" data-end=\"393\">Der Standardversand dauert 4\u20137 Tage. Der Versand ist f\u00fcr alle Bestellungen \u00fcber \u20ac 27,50 in unserem Webshop kostenlos.<\/p>\n<p data-start=\"395\" data-end=\"458\">F\u00fcr Bestellungen unter \u20ac 27,50 berechnen wir folgende Versandkosten:<\/p>\n<ul>\n<li data-start=\"460\" data-end=\"492\">Frankreich Standardlieferung \u20ac 5,50<\/li>\n<\/ul>\n<p data-start=\"495\" data-end=\"529\">\n<p data-start=\"495\" data-end=\"529\"><strong data-start=\"495\" data-end=\"529\">Versandkosten nach Deutschland<\/strong><\/p>\n<p data-start=\"531\" data-end=\"648\">Der Standardversand dauert 3\u20135 Tage. Der Versand ist f\u00fcr alle Bestellungen \u00fcber \u20ac 27,50 in unserem Webshop kostenlos.<\/p>\n<p data-start=\"650\" data-end=\"713\">F\u00fcr Bestellungen unter \u20ac 27,50 berechnen wir folgende Versandkosten:<\/p>\n<ul>\n<li data-start=\"715\" data-end=\"751\">Deutschland Standardlieferung \u20ac 5,50<\/li>\n<\/ul>\n<\/div><\/div><\/div><\/div><\/div><\/section>\n\n<section id=section-block-block_39998c7227b316c2148c997646615e40 class=\"section block_content Standard\" itemscope itemtype=\"http:\/\/schema.org\/WebPageElement\" itemprop=\"hasPart\"><div class=\"container\"><div class=\"block-row blocks-in-row-1\"><div class=\"block content-block\" itemscope itemtype=\"http:\/\/schema.org\/WebPageElement\" itemprop=\"isPartOf\"><div class=\"inner-wrapper\"><div class=\"title-wrapper\"><h2 class=\"block-title h2\">Welche Zahlungsmittel werden akzeptiert?<\/h2><\/div><div itemprop=\"text\" class=\"content-wrapper\"><p>Wir akzeptieren alle g\u00e4ngigen Debit- und Kreditkarten, Paypal, Satispay, Klarna und <label for=\"payment_method_mollie_wc_gateway_trustly\">Trustly<\/label>.<\/p>\n<\/div><\/div><\/div><\/div><\/div><\/section>\n\n<section id=section-block-block_78f973e6e1bbcdef64b2d357d93c5340 class=\"section block_content Standard\" itemscope itemtype=\"http:\/\/schema.org\/WebPageElement\" itemprop=\"hasPart\"><div class=\"container\"><div class=\"block-row blocks-in-row-1\"><div class=\"block content-block\" itemscope itemtype=\"http:\/\/schema.org\/WebPageElement\" itemprop=\"isPartOf\"><div class=\"inner-wrapper\"><div class=\"title-wrapper\"><h2 class=\"block-title h2\">Ich habe die falsche Farbe gew\u00e4hlt. Kann ich sie gegen eine andere umtauschen?<\/h2><\/div><div itemprop=\"text\" class=\"content-wrapper\"><p>Sobald eine Bestellung bearbeitet wurde, k\u00f6nnen wir leider keine \u00c4nderungen mehr vornehmen.<\/p>\n<\/div><\/div><\/div><\/div><\/div><\/section>\n\n<section id=section-block-block_2f394552f69d0cdbea3c85a614ffda90 class=\"section block_content Standard\" itemscope itemtype=\"http:\/\/schema.org\/WebPageElement\" itemprop=\"hasPart\"><div class=\"container\"><div class=\"block-row blocks-in-row-1\"><div class=\"block content-block\" itemscope itemtype=\"http:\/\/schema.org\/WebPageElement\" itemprop=\"isPartOf\"><div class=\"inner-wrapper\"><div class=\"title-wrapper\"><h2 class=\"block-title h2\">Was sollte ich tun, wenn ich einen besch\u00e4digten oder falschen Artikel erhalte oder etwas fehlt?<\/h2><\/div><div itemprop=\"text\" class=\"content-wrapper\"><p>Alle Artikel werden einer Qualit\u00e4tskontrolle unterzogen, bevor sie an unsere Kunden verschickt werden. Leider kann es jedoch vorkommen, dass deine Artikel w\u00e4hrend des Transports besch\u00e4digt wurden. <\/p>\n<p>Wenn du einen <strong>besch\u00e4digten<\/strong> Artikel erh\u00e4ltst, sende <a href=\"mailto:info@colorme-cosmetics.com\">uns bitte sofort eine E-Mail<\/a> mit einem Bild der Besch\u00e4digung. Besch\u00e4digte Artikel in unbrauchbarem Zustand werden ersetzt. <\/p>\n<p>Solltest du einen <strong>falschen<\/strong> Artikel erhalten oder sollte ein Artikel <strong>fehlen<\/strong>, entschuldigen wir uns aufrichtig f\u00fcr die Unannehmlichkeiten. Wir werden den Artikel ohne zus\u00e4tzliche Kosten ersetzen. <\/p>\n<p>Bitte beachte, dass wir f\u00fcr <strong>defekte<\/strong> Artikel eine einj\u00e4hrige Garantie gew\u00e4hren. Um einen Ersatz anzufordern, f\u00fclle bitte das <a href=\"https:\/\/colorme-cosmetics.com\/de\/kontakt\/\">Kontaktformular<\/a> aus oder sende uns eine E-Mail an <a href=\"mailto:info@colorme-cosmetics.com\" rel=\"noopener\">info@colorme-cosmetics.com.<\/a> <\/p>\n<p>Bei allen anderen Reklamationen sende uns bitte innerhalb von 14 Tagen ein Bild des defekten Produkts per E-Mail an: <a href=\"mailto:info@colorme-cosmetics.com\">info@colorme-cosmetics.com.<\/a><\/p>\n<\/div><\/div><\/div><\/div><\/div><\/section>\n\n<section id=section-block-block_78d6c8526ef4933afab1bcf1c208cfcd class=\"section block_content Standard\" itemscope itemtype=\"http:\/\/schema.org\/WebPageElement\" itemprop=\"hasPart\"><div class=\"container\"><div class=\"block-row blocks-in-row-1\"><div class=\"block content-block\" itemscope itemtype=\"http:\/\/schema.org\/WebPageElement\" itemprop=\"isPartOf\"><div class=\"inner-wrapper\"><div class=\"title-wrapper\"><h2 class=\"block-title h2\">Erstattungen<\/h2><\/div><div itemprop=\"text\" class=\"content-wrapper\"><ul>\n<li>Unsere Erstattungs- und R\u00fcckgabebestimmungen gelten f\u00fcr 14 Tage. Wenn seit deinem Kauf 14 Tage vergangen sind, k\u00f6nnen wir dir keine volle R\u00fcckerstattung oder keinen Umtausch anbieten. <\/li>\n<li>Um f\u00fcr eine R\u00fcckgabe in Frage zu kommen, muss dein Artikel unbenutzt sein und sich in demselben Zustand befinden, in dem du ihn erhalten habst. Au\u00dferdem muss er in der Originalverpackung sein. <\/li>\n<li>Nur Artikel zum regul\u00e4ren Preis k\u00f6nnen erstattet werden. Ausverkaufsartikel k\u00f6nnen nicht zur\u00fcckerstattet werden. <\/li>\n<li>Die Kosten f\u00fcr die R\u00fccksendung tr\u00e4gt der Kunde.\n<div class=\"mb-2 flex gap-3 empty:hidden -ml-2\">\n<div class=\"items-center justify-start rounded-xl p-1 flex\"><\/div>\n<\/div>\n<\/li>\n<\/ul>\n<\/div><\/div><\/div><\/div><\/div><\/section>\n\n<section id=section-block-block_3db1d6d6478afff6823eb38d45109937 class=\"section block_content Standard\" itemscope itemtype=\"http:\/\/schema.org\/WebPageElement\" itemprop=\"hasPart\"><div class=\"container\"><div class=\"block-row blocks-in-row-1\"><div class=\"block content-block\" itemscope itemtype=\"http:\/\/schema.org\/WebPageElement\" itemprop=\"isPartOf\"><div class=\"inner-wrapper\"><div class=\"title-wrapper\"><h2 class=\"block-title h2\">Ich brauche Hilfe bei meiner Bestellung. Wen soll ich kontaktieren? <\/h2><\/div><div itemprop=\"text\" class=\"content-wrapper\"><p>Wenn du Hilfe bei deiner Bestellung ben\u00f6tigst, f\u00fclle bitte das <a href=\"https:\/\/colorme-cosmetics.com\/de\/kontakt\/\">Kontaktformular<\/a> aus oder sende eine E-Mail an <a href=\"mailto:info@colorme-cosmetics.com\">info@colorme-cosmetics.com.<\/a><\/p>\n<\/div><\/div><\/div><\/div><\/div><\/section>\n\n\n<p><\/p>\n","protected":false},"excerpt":{"rendered":"","protected":false},"author":1,"featured_media":0,"parent":0,"menu_order":980,"comment_status":"closed","ping_status":"closed","template":"","meta":{"_acf_changed":false,"footnotes":""},"class_list":["post-3925","page","type-page","status-publish","hentry"],"acf":[],"yoast_head":"<!-- This site is optimized with the Yoast SEO plugin v27.5 - https:\/\/yoast.com\/product\/yoast-seo-wordpress\/ -->\n<title>Versand und R\u00fcckgabe - ColorMe Cosmetics<\/title>\n<meta name=\"description\" content=\"Lies unsere Versand- und R\u00fcckgaberichtlinien. Wenn du weitere Hilfe ben\u00f6tigst, wende dich bitte an unser Support-Team.\" \/>\n<meta name=\"robots\" content=\"index, follow, max-snippet:-1, max-image-preview:large, max-video-preview:-1\" \/>\n<link rel=\"canonical\" href=\"https:\/\/colorme-cosmetics.com\/de\/versand-und-rueckgabe\/\" \/>\n<meta property=\"og:locale\" content=\"de_DE\" \/>\n<meta property=\"og:type\" content=\"article\" \/>\n<meta property=\"og:title\" content=\"Versand und R\u00fcckgabe - ColorMe Cosmetics\" \/>\n<meta property=\"og:description\" content=\"Lies unsere Versand- und R\u00fcckgaberichtlinien. Wenn du weitere Hilfe ben\u00f6tigst, wende dich bitte an unser Support-Team.\" \/>\n<meta property=\"og:url\" content=\"https:\/\/colorme-cosmetics.com\/de\/versand-und-rueckgabe\/\" \/>\n<meta property=\"og:site_name\" content=\"ColorMe Cosmetics\" \/>\n<meta property=\"article:modified_time\" content=\"2025-12-22T11:33:49+00:00\" \/>\n<meta name=\"twitter:card\" content=\"summary_large_image\" \/>\n<meta name=\"twitter:label1\" content=\"Gesch\u00e4tzte Lesezeit\" \/>\n\t<meta name=\"twitter:data1\" content=\"2\u00a0Minuten\" \/>\n<script type=\"application\/ld+json\" class=\"yoast-schema-graph\">{\"@context\":\"https:\\\/\\\/schema.org\",\"@graph\":[{\"@type\":\"WebPage\",\"@id\":\"https:\\\/\\\/colorme-cosmetics.com\\\/de\\\/versand-und-rueckgabe\\\/\",\"url\":\"https:\\\/\\\/colorme-cosmetics.com\\\/de\\\/versand-und-rueckgabe\\\/\",\"name\":\"Versand und R\u00fcckgabe - ColorMe Cosmetics\",\"isPartOf\":{\"@id\":\"https:\\\/\\\/colorme-cosmetics.com\\\/de\\\/#website\"},\"datePublished\":\"2024-01-12T14:17:54+00:00\",\"dateModified\":\"2025-12-22T11:33:49+00:00\",\"description\":\"Lies unsere Versand- und R\u00fcckgaberichtlinien. Wenn du weitere Hilfe ben\u00f6tigst, wende dich bitte an unser Support-Team.\",\"breadcrumb\":{\"@id\":\"https:\\\/\\\/colorme-cosmetics.com\\\/de\\\/versand-und-rueckgabe\\\/#breadcrumb\"},\"inLanguage\":\"de\",\"potentialAction\":[{\"@type\":\"ReadAction\",\"target\":[\"https:\\\/\\\/colorme-cosmetics.com\\\/de\\\/versand-und-rueckgabe\\\/\"]}]},{\"@type\":\"BreadcrumbList\",\"@id\":\"https:\\\/\\\/colorme-cosmetics.com\\\/de\\\/versand-und-rueckgabe\\\/#breadcrumb\",\"itemListElement\":[{\"@type\":\"ListItem\",\"position\":1,\"name\":\"Home\",\"item\":\"https:\\\/\\\/colorme-cosmetics.com\\\/de\\\/\"},{\"@type\":\"ListItem\",\"position\":2,\"name\":\"Versand und R\u00fcckgabe\"}]},{\"@type\":\"WebSite\",\"@id\":\"https:\\\/\\\/colorme-cosmetics.com\\\/de\\\/#website\",\"url\":\"https:\\\/\\\/colorme-cosmetics.com\\\/de\\\/\",\"name\":\"ColorMe Cosmetics\",\"description\":\"\",\"potentialAction\":[{\"@type\":\"SearchAction\",\"target\":{\"@type\":\"EntryPoint\",\"urlTemplate\":\"https:\\\/\\\/colorme-cosmetics.com\\\/de\\\/?s={search_term_string}\"},\"query-input\":{\"@type\":\"PropertyValueSpecification\",\"valueRequired\":true,\"valueName\":\"search_term_string\"}}],\"inLanguage\":\"de\"}]}<\/script>\n<!-- \/ Yoast SEO plugin. -->","yoast_head_json":{"title":"Versand und R\u00fcckgabe - ColorMe Cosmetics","description":"Lies unsere Versand- und R\u00fcckgaberichtlinien. Wenn du weitere Hilfe ben\u00f6tigst, wende dich bitte an unser Support-Team.","robots":{"index":"index","follow":"follow","max-snippet":"max-snippet:-1","max-image-preview":"max-image-preview:large","max-video-preview":"max-video-preview:-1"},"canonical":"https:\/\/colorme-cosmetics.com\/de\/versand-und-rueckgabe\/","og_locale":"de_DE","og_type":"article","og_title":"Versand und R\u00fcckgabe - ColorMe Cosmetics","og_description":"Lies unsere Versand- und R\u00fcckgaberichtlinien. Wenn du weitere Hilfe ben\u00f6tigst, wende dich bitte an unser Support-Team.","og_url":"https:\/\/colorme-cosmetics.com\/de\/versand-und-rueckgabe\/","og_site_name":"ColorMe Cosmetics","article_modified_time":"2025-12-22T11:33:49+00:00","twitter_card":"summary_large_image","twitter_misc":{"Gesch\u00e4tzte Lesezeit":"2\u00a0Minuten"},"schema":{"@context":"https:\/\/schema.org","@graph":[{"@type":"WebPage","@id":"https:\/\/colorme-cosmetics.com\/de\/versand-und-rueckgabe\/","url":"https:\/\/colorme-cosmetics.com\/de\/versand-und-rueckgabe\/","name":"Versand und R\u00fcckgabe - ColorMe Cosmetics","isPartOf":{"@id":"https:\/\/colorme-cosmetics.com\/de\/#website"},"datePublished":"2024-01-12T14:17:54+00:00","dateModified":"2025-12-22T11:33:49+00:00","description":"Lies unsere Versand- und R\u00fcckgaberichtlinien. Wenn du weitere Hilfe ben\u00f6tigst, wende dich bitte an unser Support-Team.","breadcrumb":{"@id":"https:\/\/colorme-cosmetics.com\/de\/versand-und-rueckgabe\/#breadcrumb"},"inLanguage":"de","potentialAction":[{"@type":"ReadAction","target":["https:\/\/colorme-cosmetics.com\/de\/versand-und-rueckgabe\/"]}]},{"@type":"BreadcrumbList","@id":"https:\/\/colorme-cosmetics.com\/de\/versand-und-rueckgabe\/#breadcrumb","itemListElement":[{"@type":"ListItem","position":1,"name":"Home","item":"https:\/\/colorme-cosmetics.com\/de\/"},{"@type":"ListItem","position":2,"name":"Versand und R\u00fcckgabe"}]},{"@type":"WebSite","@id":"https:\/\/colorme-cosmetics.com\/de\/#website","url":"https:\/\/colorme-cosmetics.com\/de\/","name":"ColorMe Cosmetics","description":"","potentialAction":[{"@type":"SearchAction","target":{"@type":"EntryPoint","urlTemplate":"https:\/\/colorme-cosmetics.com\/de\/?s={search_term_string}"},"query-input":{"@type":"PropertyValueSpecification","valueRequired":true,"valueName":"search_term_string"}}],"inLanguage":"de"}]}},"_links":{"self":[{"href":"https:\/\/colorme-cosmetics.com\/de\/wp-json\/wp\/v2\/pages\/3925","targetHints":{"allow":["GET"]}}],"collection":[{"href":"https:\/\/colorme-cosmetics.com\/de\/wp-json\/wp\/v2\/pages"}],"about":[{"href":"https:\/\/colorme-cosmetics.com\/de\/wp-json\/wp\/v2\/types\/page"}],"author":[{"embeddable":true,"href":"https:\/\/colorme-cosmetics.com\/de\/wp-json\/wp\/v2\/users\/1"}],"replies":[{"embeddable":true,"href":"https:\/\/colorme-cosmetics.com\/de\/wp-json\/wp\/v2\/comments?post=3925"}],"version-history":[{"count":4,"href":"https:\/\/colorme-cosmetics.com\/de\/wp-json\/wp\/v2\/pages\/3925\/revisions"}],"predecessor-version":[{"id":5639,"href":"https:\/\/colorme-cosmetics.com\/de\/wp-json\/wp\/v2\/pages\/3925\/revisions\/5639"}],"wp:attachment":[{"href":"https:\/\/colorme-cosmetics.com\/de\/wp-json\/wp\/v2\/media?parent=3925"}],"curies":[{"name":"wp","href":"https:\/\/api.w.org\/{rel}","templated":true}]}}