{"id":6230,"date":"2026-04-15T10:28:31","date_gmt":"2026-04-15T08:28:31","guid":{"rendered":"https:\/\/colorme-cosmetics.com\/?page_id=6230"},"modified":"2026-04-15T13:44:37","modified_gmt":"2026-04-15T11:44:37","slug":"anleitung-zum-entfernen","status":"publish","type":"page","link":"https:\/\/colorme-cosmetics.com\/de\/anleitung-zum-entfernen\/","title":{"rendered":"Anleitung zum Entfernen"},"content":{"rendered":"<section id=section-block-block_cd63c917fb546466c51c1018251a1f04 class=\"section block_content standard\" itemscope itemtype=\"http:\/\/schema.org\/WebPageElement\" itemprop=\"hasPart\"><div class=\"container\"><div class=\"block-row blocks-in-row-1\"><div class=\"block content-block\" itemscope itemtype=\"http:\/\/schema.org\/WebPageElement\" itemprop=\"isPartOf\"><div class=\"inner-wrapper\"><div itemprop=\"text\" class=\"content-wrapper\"><p><strong>Gel-Nagellack in 3 einfachen Schritten entfernen<\/strong><\/p>\n<p>Wir lieben eine gl\u00e4nzende Gel-Manik\u00fcre, aber wenn es Zeit ist, Abschied zu nehmen, sollte man es richtig machen. Kein Abbl\u00e4ttern, kein Kratzen und definitiv keine Nagelsch\u00e4den. Den Gellack zu Hause zu entfernen, ist mit etwas Geduld und den richtigen Schritten absolut machbar. Hier erf\u00e4hrst du, wie du ihn wie ein Profi in nur 3 einfachen Schritten entfernst.<\/p>\n<\/div><\/div><\/div><\/div><\/div><\/section>\n\n<section id=content-with-numbered-repeater-blockk-block_9c628a76ac707c7ceb8c83357278c907 class=\"section content-with-numbered-repeater-block\" itemscope><div class=\"container\"><div class=\"block-row blocks-in-row-1\"><div class=\"block numbered-content\"><div class=\"inner-wrapper\"><ul><li class=\"numbered-item\"><span class=\"number-icon\">1<\/span><div class=\"textual-wrapper\"><h2 class=\"block-title\">Schritt 1: f\u00fcr den Peel-Off Base Coat (der einzige Schritt)<\/h2><div class=\"content-wrapper\"><p>L\u00f6se vorsichtig den Rand des Gellacks (z. B. mit einem Holzst\u00e4bchen), optional nach einer warmen Dusche oder mit etwas Nagel\u00f6l. Ziehe ihn dann langsam ab, um deine N\u00e4gel nicht zu besch\u00e4digen.<\/p>\n<\/div><\/div><a href=\"https:\/\/colorme-cosmetics.com\/de\/produkt\/colorme-peel-off-unterlack\/\"  title=\"Peel Off Base Coat\" class=\"img-wrapper hover\" itemscope itemtype=\"http:\/\/schema.org\/WebPage\" itemprop=\"isPartOf\"><figure itemscope itemtype=\"http:\/\/schema.org\/ImageObject\" itemprop=\"isPartOf\" class=\"img-wrapper\"><meta itemprop=\"text\" content=\"Peel-off Base Coat - ColorMe\"><img decoding=\"async\" title=\"Peel-off Base Coat - ColorMe\" alt=\"Peel-off Base Coat - ColorMe\" width=\"800\" height=\"800\" src=\"https:\/\/colorme-cosmetics.com\/wp-content\/uploads\/2024\/04\/IMG_8694-800px.png\"\/><meta itemprop=\"name\" content=\"Peel-off Base Coat - ColorMe\"><meta itemprop=\"image\" content=\"https:\/\/colorme-cosmetics.com\/wp-content\/uploads\/2024\/04\/IMG_8694-800px.png\"><\/figure><\/a><\/li><li class=\"numbered-item\"><span class=\"number-icon\">2<\/span><div class=\"textual-wrapper\"><h2 class=\"block-title\">Schritt 1: f\u00fcr den Base Coat: Den Top Coat anfeilen<\/h2><div class=\"content-wrapper\"><p>Raue die Oberfl\u00e4che deiner N\u00e4gel vorsichtig mit einer Nagelfeile auf. Dies bricht die Versiegelung des Top Coats auf, damit der Entferner wirken kann. Feile nicht zu viel \u2013 gerade genug, um den Glanz zu entfernen.<\/p>\n<\/div><\/div><a href=\"https:\/\/colorme-cosmetics.com\/de\/produkt\/colorme-zubehorset\/\"  title=\"Tool Kit\" class=\"img-wrapper hover\" itemscope itemtype=\"http:\/\/schema.org\/WebPage\" itemprop=\"isPartOf\"><figure itemscope itemtype=\"http:\/\/schema.org\/ImageObject\" itemprop=\"isPartOf\" class=\"img-wrapper\"><meta itemprop=\"text\" content=\"ColorMe Nail File\"><img decoding=\"async\" title=\"ColorMe Nail File\" alt=\"ColorMe Nail File\" width=\"800\" height=\"800\" src=\"https:\/\/colorme-cosmetics.com\/wp-content\/uploads\/2024\/05\/STL_9631-800x800.jpg\"\/><meta itemprop=\"name\" content=\"ColorMe Nail File\"><meta itemprop=\"image\" content=\"https:\/\/colorme-cosmetics.com\/wp-content\/uploads\/2024\/05\/STL_9631-800x800.jpg\"><\/figure><\/a><\/li><li class=\"numbered-item\"><span class=\"number-icon\">3<\/span><div class=\"textual-wrapper\"><h2 class=\"block-title\">Schritt 2: Einweichen &#038; Umwickeln<\/h2><div class=\"content-wrapper\"><p>Tr\u00e4nke ein Wattepad in unserer <a href=\"https:\/\/colorme-cosmetics.com\/de\/produkt\/colorme-gel-remover\/\"><strong>ColorMe &#8211; Soak It Off Liquid<\/strong><\/a>, lege es auf deinen Nagel und fixiere es mit den wiederverwendbaren Soak-Off-Clips. Lass es 10\u201315 Minuten einwirken, w\u00e4hrend du am Handy scrollst, snackst oder entspannst.<\/p>\n<\/div><\/div><a href=\"https:\/\/colorme-cosmetics.com\/de\/produkt\/colorme-entfernerset\/\"  title=\"Removal Clips\" class=\"img-wrapper hover\" itemscope itemtype=\"http:\/\/schema.org\/WebPage\" itemprop=\"isPartOf\"><figure itemscope itemtype=\"http:\/\/schema.org\/ImageObject\" itemprop=\"isPartOf\" class=\"img-wrapper\"><meta itemprop=\"text\" content=\"ColorMe - Klammern zum Entfernen\"><img decoding=\"async\" title=\"ColorMe - Klammern zum Entfernen\" alt=\"ColorMe - Klammern zum Entfernen\" width=\"800\" height=\"800\" src=\"https:\/\/colorme-cosmetics.com\/wp-content\/uploads\/2024\/04\/STL_1759-800x800.jpg\"\/><meta itemprop=\"name\" content=\"ColorMe - Klammern zum Entfernen\"><meta itemprop=\"image\" content=\"https:\/\/colorme-cosmetics.com\/wp-content\/uploads\/2024\/04\/STL_1759-800x800.jpg\"><\/figure><\/a><\/li><li class=\"numbered-item\"><span class=\"number-icon\">4<\/span><div class=\"textual-wrapper\"><h2 class=\"block-title\">Schritt 3: Sanft abschieben<\/h2><div class=\"content-wrapper\"><p>Verwende nach dem Einweichen das Entferner-St\u00e4bchen aus dem <a href=\"https:\/\/colorme-cosmetics.com\/de\/produkt\/colorme-zubehorset\/\"><strong>ColorMe &#8211; Tool Kit<\/strong><\/a>, um das Gel vorsichtig abzuschieben. Es sollte sich leicht l\u00f6sen lassen. Falls nicht, lass es noch einige Minuten l\u00e4nger einwirken. Schlie\u00dfe die Behandlung mit einem pflegenden Nagelhaut\u00f6l und Handcreme ab. Hallo, frische N\u00e4gel!<\/p>\n<\/div><\/div><a href=\"https:\/\/colorme-cosmetics.com\/de\/produkt\/colorme-zubehorset\/\"  title=\"Tool Kit\" class=\"img-wrapper hover\" itemscope itemtype=\"http:\/\/schema.org\/WebPage\" itemprop=\"isPartOf\"><figure itemscope itemtype=\"http:\/\/schema.org\/ImageObject\" itemprop=\"isPartOf\" class=\"img-wrapper\"><meta itemprop=\"text\" content=\"Gel-Polish Zubeh\u00f6rset\"><img decoding=\"async\" title=\"ColorMe Gel Polish Zubeh\u00f6rset\" alt=\"Gel-Polish Zubeh\u00f6rset\" width=\"800\" height=\"800\" src=\"https:\/\/colorme-cosmetics.com\/wp-content\/uploads\/2024\/04\/ColorMe-Tool-kit-800x800.jpg\"\/><meta itemprop=\"name\" content=\"ColorMe Gel Polish Zubeh\u00f6rset\"><meta itemprop=\"image\" content=\"https:\/\/colorme-cosmetics.com\/wp-content\/uploads\/2024\/04\/ColorMe-Tool-kit-800x800.jpg\"><\/figure><\/a><\/li><li class=\"numbered-item\"><span class=\"number-icon\">5<\/span><div class=\"textual-wrapper\"><h2 class=\"block-title\">Nagelpflege = Self-care<\/h2><div class=\"content-wrapper\"><p>Wenn du dein Gel richtig entfernst, bleiben deine Naturn\u00e4gel stark, glatt und bereit f\u00fcr den n\u00e4chsten Glow-up. Kein Schaden, kein Stress, nur gl\u00fcckliche, gesunde N\u00e4gel.<\/p>\n<\/div><\/div><a href=\"https:\/\/colorme-cosmetics.com\/de\/produkt\/colorme-zubehorset\/\"  title=\"Tool Kit\" class=\"img-wrapper hover\" itemscope itemtype=\"http:\/\/schema.org\/WebPage\" itemprop=\"isPartOf\"><figure itemscope itemtype=\"http:\/\/schema.org\/ImageObject\" itemprop=\"isPartOf\" class=\"img-wrapper\"><meta itemprop=\"text\" content=\"Cuticle Tool, Nail File, Prep &#038; Wipe and Peel Off Base Coat\"><img decoding=\"async\" title=\"Cuticle Tool, Nail File, Prep &#038; Wipe and Peel Off Base Coat\" alt=\"Cuticle Tool, Nail File, Prep &#038; Wipe and Peel Off Base Coat\" width=\"800\" height=\"700\" src=\"https:\/\/colorme-cosmetics.com\/wp-content\/uploads\/2024\/04\/ColorMe-02-800x700.jpg\"\/><meta itemprop=\"name\" content=\"Cuticle Tool, Nail File, Prep &#038; Wipe and Peel Off Base Coat\"><meta itemprop=\"image\" content=\"https:\/\/colorme-cosmetics.com\/wp-content\/uploads\/2024\/04\/ColorMe-02-800x700.jpg\"><\/figure><\/a><\/li><\/ul><\/div><\/div><\/div><\/div><\/section>\n\n<section id=section-block-block_39aa932b9679eed106bfc1f75c82397c class=\"section block_content standard\" itemscope itemtype=\"http:\/\/schema.org\/WebPageElement\" itemprop=\"hasPart\"><div class=\"container\"><div class=\"block-row blocks-in-row-1\"><div class=\"block content-block\" itemscope itemtype=\"http:\/\/schema.org\/WebPageElement\" itemprop=\"isPartOf\"><div class=\"inner-wrapper\"><a  title=\"Ausf\u00fchrlichere Anweisungen und Warnungen\" href=\"https:\/\/colorme-cosmetics.com\/de\/anweisungen-und-warnungen\/\" class=\"button\" itemscope itemtype=\"http:\/\/schema.org\/WebPage\" itemprop=\"isPartOf\"><meta itemprop=\"significantLink\" content=\"https:\/\/colorme-cosmetics.com\/de\/anweisungen-und-warnungen\/\">Ausf\u00fchrlichere Anweisungen und Warnungen<\/a><\/div><\/div><\/div><\/div><\/section>\n\n<section id=section-block-block_6b1c5a8ad69f5cfaf5aaa06806c74a40 class=\"section link_repeater_block row-items-4 button-inside\" itemscope itemtype=\"http:\/\/schema.org\/WebPageElement\" itemprop=\"isPartOf\"><div class=\"container\"><div class=\"block-row blocks-in-row-1\"><div class=\"block link-repeater-block\"><div class=\"title-wrapper\"><h2 class=\"block-title h2\">Mehr erfahren<\/h2><\/div><ul><li><a  title=\"Tipps &amp; Tricks\" href=\"https:\/\/colorme-cosmetics.com\/de\/8-tipps-zum-auftragen-von-gel-polish\/\" class=\"repeater-item\" itemscope itemtype=\"http:\/\/schema.org\/WebPage\" itemprop=\"isPartOf\"><meta itemprop=\"significantLink\" content=\"https:\/\/colorme-cosmetics.com\/de\/8-tipps-zum-auftragen-von-gel-polish\/\"><figure itemscope itemtype=\"http:\/\/schema.org\/ImageObject\" itemprop=\"isPartOf\" class=\"img-wrapper\"><img decoding=\"async\" title=\"Nail model\" alt=\"\" width=\"400\" height=\"600\" src=\"https:\/\/colorme-cosmetics.com\/wp-content\/uploads\/2024\/04\/temp-scaled.jpg\"\/><meta itemprop=\"name\" content=\"Nail model\"><meta itemprop=\"image\" content=\"https:\/\/colorme-cosmetics.com\/wp-content\/uploads\/2024\/04\/temp-scaled.jpg\"><\/figure><div class=\"title-bar-wrapper\"><div class=\"title-bar\">Tipps &amp; Tricks<\/div><\/div><\/a><\/li><li><a  title=\"Blog\" href=\"https:\/\/colorme-cosmetics.com\/de\/blog\/\" class=\"repeater-item\" itemscope itemtype=\"http:\/\/schema.org\/WebPage\" itemprop=\"isPartOf\"><meta itemprop=\"significantLink\" content=\"https:\/\/colorme-cosmetics.com\/de\/blog\/\"><figure itemscope itemtype=\"http:\/\/schema.org\/ImageObject\" itemprop=\"isPartOf\" class=\"img-wrapper\"><img decoding=\"async\" title=\"Keep It Classy Gel Colour\" alt=\"\" width=\"400\" height=\"600\" src=\"https:\/\/colorme-cosmetics.com\/wp-content\/uploads\/2024\/04\/Keep-It-Classy-model-400x600.jpg\"\/><meta itemprop=\"name\" content=\"Keep It Classy Gel Colour\"><meta itemprop=\"image\" content=\"https:\/\/colorme-cosmetics.com\/wp-content\/uploads\/2024\/04\/Keep-It-Classy-model-400x600.jpg\"><\/figure><div class=\"title-bar-wrapper\"><div class=\"title-bar\">Blog<\/div><\/div><\/a><\/li><li><a  title=\"Finde deine Farbe\" href=\"https:\/\/colorme-cosmetics.com\/de\/farben-von-colorme\/\" class=\"repeater-item\" itemscope itemtype=\"http:\/\/schema.org\/WebPage\" itemprop=\"isPartOf\"><meta itemprop=\"significantLink\" content=\"https:\/\/colorme-cosmetics.com\/de\/farben-von-colorme\/\"><figure itemscope itemtype=\"http:\/\/schema.org\/ImageObject\" itemprop=\"isPartOf\" class=\"img-wrapper\"><img decoding=\"async\" title=\"Nail + Face model\" alt=\"\" width=\"400\" height=\"600\" src=\"https:\/\/colorme-cosmetics.com\/wp-content\/uploads\/2024\/04\/temp3.jpg\"\/><meta itemprop=\"name\" content=\"Nail + Face model\"><meta itemprop=\"image\" content=\"https:\/\/colorme-cosmetics.com\/wp-content\/uploads\/2024\/04\/temp3.jpg\"><\/figure><div class=\"title-bar-wrapper\"><div class=\"title-bar\">Finde deine Farbe<\/div><\/div><\/a><\/li><li><a  title=\"Shop\" href=\"https:\/\/colorme-cosmetics.com\/de\/shop\/\" class=\"repeater-item\" itemscope itemtype=\"http:\/\/schema.org\/WebPage\" itemprop=\"isPartOf\"><meta itemprop=\"significantLink\" content=\"https:\/\/colorme-cosmetics.com\/de\/shop\/\"><figure itemscope itemtype=\"http:\/\/schema.org\/ImageObject\" itemprop=\"isPartOf\" class=\"img-wrapper\"><meta itemprop=\"description\" content=\"Gel Grundierung, \u00dcberlack, abziehbarer Unterlack und Keep it Spicy\"><img decoding=\"async\" title=\"Keep it Spicy, Unterlack, \u00dcberlack und Gel-Grundierung\" alt=\"Gel Grundierung, \u00dcberlack, abziehbarer Unterlack und Keep it Spicy\" width=\"400\" height=\"600\" src=\"https:\/\/colorme-cosmetics.com\/wp-content\/uploads\/2024\/04\/Keep-It-Spicy-sfeer-400x600.jpg\"\/><meta itemprop=\"name\" content=\"Keep it Spicy, Unterlack, \u00dcberlack und Gel-Grundierung\"><meta itemprop=\"image\" content=\"https:\/\/colorme-cosmetics.com\/wp-content\/uploads\/2024\/04\/Keep-It-Spicy-sfeer-400x600.jpg\"><\/figure><div class=\"title-bar-wrapper\"><div class=\"title-bar\">Shop<\/div><\/div><\/a><\/li><\/ul><\/div><\/div><\/div><\/section>","protected":false},"excerpt":{"rendered":"","protected":false},"author":3,"featured_media":3416,"parent":0,"menu_order":600,"comment_status":"closed","ping_status":"closed","template":"","meta":{"_acf_changed":false,"footnotes":""},"class_list":["post-6230","page","type-page","status-publish","has-post-thumbnail","hentry"],"acf":[],"yoast_head":"<!-- This site is optimized with the Yoast SEO plugin v27.3 - https:\/\/yoast.com\/product\/yoast-seo-wordpress\/ -->\n<title>Anleitung zum Entfernen Gel-Nagellack - ColorMe Cosmetics<\/title>\n<meta name=\"description\" content=\"Hier erf\u00e4hrst du, wie du ihn wie ein Profi in nur 3 einfachen Schritten entfernst.\" \/>\n<meta name=\"robots\" content=\"index, follow, max-snippet:-1, max-image-preview:large, max-video-preview:-1\" \/>\n<link rel=\"canonical\" href=\"https:\/\/colorme-cosmetics.com\/de\/anleitung-zum-entfernen\/\" \/>\n<meta property=\"og:locale\" content=\"de_DE\" \/>\n<meta property=\"og:type\" content=\"article\" \/>\n<meta property=\"og:title\" content=\"Anleitung zum Entfernen Gel-Nagellack - ColorMe Cosmetics\" \/>\n<meta property=\"og:description\" content=\"Hier erf\u00e4hrst du, wie du ihn wie ein Profi in nur 3 einfachen Schritten entfernst.\" \/>\n<meta property=\"og:url\" content=\"https:\/\/colorme-cosmetics.com\/de\/anleitung-zum-entfernen\/\" \/>\n<meta property=\"og:site_name\" content=\"ColorMe Cosmetics\" \/>\n<meta property=\"article:modified_time\" content=\"2026-04-15T11:44:37+00:00\" \/>\n<meta property=\"og:image\" content=\"https:\/\/colorme-cosmetics.com\/wp-content\/uploads\/2024\/10\/SSN-naturals-sheers-2109999173-e1729763063179.jpg\" \/>\n\t<meta property=\"og:image:width\" content=\"2000\" \/>\n\t<meta property=\"og:image:height\" content=\"926\" \/>\n\t<meta property=\"og:image:type\" content=\"image\/jpeg\" \/>\n<meta name=\"twitter:card\" content=\"summary_large_image\" \/>\n<meta name=\"twitter:label1\" content=\"Gesch\u00e4tzte Lesezeit\" \/>\n\t<meta name=\"twitter:data1\" content=\"4\u00a0Minuten\" \/>\n<script type=\"application\/ld+json\" class=\"yoast-schema-graph\">{\"@context\":\"https:\\\/\\\/schema.org\",\"@graph\":[{\"@type\":\"WebPage\",\"@id\":\"https:\\\/\\\/colorme-cosmetics.com\\\/de\\\/anleitung-zum-entfernen\\\/\",\"url\":\"https:\\\/\\\/colorme-cosmetics.com\\\/de\\\/anleitung-zum-entfernen\\\/\",\"name\":\"Anleitung zum Entfernen Gel-Nagellack - ColorMe Cosmetics\",\"isPartOf\":{\"@id\":\"https:\\\/\\\/colorme-cosmetics.com\\\/de\\\/#website\"},\"primaryImageOfPage\":{\"@id\":\"https:\\\/\\\/colorme-cosmetics.com\\\/de\\\/anleitung-zum-entfernen\\\/#primaryimage\"},\"image\":{\"@id\":\"https:\\\/\\\/colorme-cosmetics.com\\\/de\\\/anleitung-zum-entfernen\\\/#primaryimage\"},\"thumbnailUrl\":\"https:\\\/\\\/colorme-cosmetics.com\\\/wp-content\\\/uploads\\\/2024\\\/10\\\/SSN-naturals-sheers-2109999173-e1729763063179.jpg\",\"datePublished\":\"2026-04-15T08:28:31+00:00\",\"dateModified\":\"2026-04-15T11:44:37+00:00\",\"description\":\"Hier erf\u00e4hrst du, wie du ihn wie ein Profi in nur 3 einfachen Schritten entfernst.\",\"breadcrumb\":{\"@id\":\"https:\\\/\\\/colorme-cosmetics.com\\\/de\\\/anleitung-zum-entfernen\\\/#breadcrumb\"},\"inLanguage\":\"de\",\"potentialAction\":[{\"@type\":\"ReadAction\",\"target\":[\"https:\\\/\\\/colorme-cosmetics.com\\\/de\\\/anleitung-zum-entfernen\\\/\"]}]},{\"@type\":\"ImageObject\",\"inLanguage\":\"de\",\"@id\":\"https:\\\/\\\/colorme-cosmetics.com\\\/de\\\/anleitung-zum-entfernen\\\/#primaryimage\",\"url\":\"https:\\\/\\\/colorme-cosmetics.com\\\/wp-content\\\/uploads\\\/2024\\\/10\\\/SSN-naturals-sheers-2109999173-e1729763063179.jpg\",\"contentUrl\":\"https:\\\/\\\/colorme-cosmetics.com\\\/wp-content\\\/uploads\\\/2024\\\/10\\\/SSN-naturals-sheers-2109999173-e1729763063179.jpg\",\"width\":2000,\"height\":926},{\"@type\":\"BreadcrumbList\",\"@id\":\"https:\\\/\\\/colorme-cosmetics.com\\\/de\\\/anleitung-zum-entfernen\\\/#breadcrumb\",\"itemListElement\":[{\"@type\":\"ListItem\",\"position\":1,\"name\":\"Home\",\"item\":\"https:\\\/\\\/colorme-cosmetics.com\\\/de\\\/\"},{\"@type\":\"ListItem\",\"position\":2,\"name\":\"Anleitung zum Entfernen\"}]},{\"@type\":\"WebSite\",\"@id\":\"https:\\\/\\\/colorme-cosmetics.com\\\/de\\\/#website\",\"url\":\"https:\\\/\\\/colorme-cosmetics.com\\\/de\\\/\",\"name\":\"ColorMe Cosmetics\",\"description\":\"\",\"potentialAction\":[{\"@type\":\"SearchAction\",\"target\":{\"@type\":\"EntryPoint\",\"urlTemplate\":\"https:\\\/\\\/colorme-cosmetics.com\\\/de\\\/?s={search_term_string}\"},\"query-input\":{\"@type\":\"PropertyValueSpecification\",\"valueRequired\":true,\"valueName\":\"search_term_string\"}}],\"inLanguage\":\"de\"}]}<\/script>\n<!-- \/ Yoast SEO plugin. -->","yoast_head_json":{"title":"Anleitung zum Entfernen Gel-Nagellack - ColorMe Cosmetics","description":"Hier erf\u00e4hrst du, wie du ihn wie ein Profi in nur 3 einfachen Schritten entfernst.","robots":{"index":"index","follow":"follow","max-snippet":"max-snippet:-1","max-image-preview":"max-image-preview:large","max-video-preview":"max-video-preview:-1"},"canonical":"https:\/\/colorme-cosmetics.com\/de\/anleitung-zum-entfernen\/","og_locale":"de_DE","og_type":"article","og_title":"Anleitung zum Entfernen Gel-Nagellack - ColorMe Cosmetics","og_description":"Hier erf\u00e4hrst du, wie du ihn wie ein Profi in nur 3 einfachen Schritten entfernst.","og_url":"https:\/\/colorme-cosmetics.com\/de\/anleitung-zum-entfernen\/","og_site_name":"ColorMe Cosmetics","article_modified_time":"2026-04-15T11:44:37+00:00","og_image":[{"width":2000,"height":926,"url":"https:\/\/colorme-cosmetics.com\/wp-content\/uploads\/2024\/10\/SSN-naturals-sheers-2109999173-e1729763063179.jpg","type":"image\/jpeg"}],"twitter_card":"summary_large_image","twitter_misc":{"Gesch\u00e4tzte Lesezeit":"4\u00a0Minuten"},"schema":{"@context":"https:\/\/schema.org","@graph":[{"@type":"WebPage","@id":"https:\/\/colorme-cosmetics.com\/de\/anleitung-zum-entfernen\/","url":"https:\/\/colorme-cosmetics.com\/de\/anleitung-zum-entfernen\/","name":"Anleitung zum Entfernen Gel-Nagellack - ColorMe Cosmetics","isPartOf":{"@id":"https:\/\/colorme-cosmetics.com\/de\/#website"},"primaryImageOfPage":{"@id":"https:\/\/colorme-cosmetics.com\/de\/anleitung-zum-entfernen\/#primaryimage"},"image":{"@id":"https:\/\/colorme-cosmetics.com\/de\/anleitung-zum-entfernen\/#primaryimage"},"thumbnailUrl":"https:\/\/colorme-cosmetics.com\/wp-content\/uploads\/2024\/10\/SSN-naturals-sheers-2109999173-e1729763063179.jpg","datePublished":"2026-04-15T08:28:31+00:00","dateModified":"2026-04-15T11:44:37+00:00","description":"Hier erf\u00e4hrst du, wie du ihn wie ein Profi in nur 3 einfachen Schritten entfernst.","breadcrumb":{"@id":"https:\/\/colorme-cosmetics.com\/de\/anleitung-zum-entfernen\/#breadcrumb"},"inLanguage":"de","potentialAction":[{"@type":"ReadAction","target":["https:\/\/colorme-cosmetics.com\/de\/anleitung-zum-entfernen\/"]}]},{"@type":"ImageObject","inLanguage":"de","@id":"https:\/\/colorme-cosmetics.com\/de\/anleitung-zum-entfernen\/#primaryimage","url":"https:\/\/colorme-cosmetics.com\/wp-content\/uploads\/2024\/10\/SSN-naturals-sheers-2109999173-e1729763063179.jpg","contentUrl":"https:\/\/colorme-cosmetics.com\/wp-content\/uploads\/2024\/10\/SSN-naturals-sheers-2109999173-e1729763063179.jpg","width":2000,"height":926},{"@type":"BreadcrumbList","@id":"https:\/\/colorme-cosmetics.com\/de\/anleitung-zum-entfernen\/#breadcrumb","itemListElement":[{"@type":"ListItem","position":1,"name":"Home","item":"https:\/\/colorme-cosmetics.com\/de\/"},{"@type":"ListItem","position":2,"name":"Anleitung zum Entfernen"}]},{"@type":"WebSite","@id":"https:\/\/colorme-cosmetics.com\/de\/#website","url":"https:\/\/colorme-cosmetics.com\/de\/","name":"ColorMe Cosmetics","description":"","potentialAction":[{"@type":"SearchAction","target":{"@type":"EntryPoint","urlTemplate":"https:\/\/colorme-cosmetics.com\/de\/?s={search_term_string}"},"query-input":{"@type":"PropertyValueSpecification","valueRequired":true,"valueName":"search_term_string"}}],"inLanguage":"de"}]}},"_links":{"self":[{"href":"https:\/\/colorme-cosmetics.com\/de\/wp-json\/wp\/v2\/pages\/6230","targetHints":{"allow":["GET"]}}],"collection":[{"href":"https:\/\/colorme-cosmetics.com\/de\/wp-json\/wp\/v2\/pages"}],"about":[{"href":"https:\/\/colorme-cosmetics.com\/de\/wp-json\/wp\/v2\/types\/page"}],"author":[{"embeddable":true,"href":"https:\/\/colorme-cosmetics.com\/de\/wp-json\/wp\/v2\/users\/3"}],"replies":[{"embeddable":true,"href":"https:\/\/colorme-cosmetics.com\/de\/wp-json\/wp\/v2\/comments?post=6230"}],"version-history":[{"count":4,"href":"https:\/\/colorme-cosmetics.com\/de\/wp-json\/wp\/v2\/pages\/6230\/revisions"}],"predecessor-version":[{"id":6269,"href":"https:\/\/colorme-cosmetics.com\/de\/wp-json\/wp\/v2\/pages\/6230\/revisions\/6269"}],"wp:featuredmedia":[{"embeddable":true,"href":"https:\/\/colorme-cosmetics.com\/de\/wp-json\/wp\/v2\/media\/3416"}],"wp:attachment":[{"href":"https:\/\/colorme-cosmetics.com\/de\/wp-json\/wp\/v2\/media?parent=6230"}],"curies":[{"name":"wp","href":"https:\/\/api.w.org\/{rel}","templated":true}]}}