{"id":3349,"date":"2025-07-14T15:16:06","date_gmt":"2025-07-14T13:16:06","guid":{"rendered":"https:\/\/colorme-cosmetics.com\/product\/colorme-reise-set\/"},"modified":"2026-03-11T10:26:51","modified_gmt":"2026-03-11T09:26:51","slug":"colorme-reiseset","status":"publish","type":"product","link":"https:\/\/colorme-cosmetics.com\/de\/produkt\/colorme-reiseset\/","title":{"rendered":"ColorMe &#8211; Reiseset"},"content":{"rendered":"","protected":false},"excerpt":{"rendered":"<p>Alles, was du f\u00fcr makellose N\u00e4gel unterwegs brauchst. Kompakt, praktisch und vollst\u00e4ndig. Dieses Set enth\u00e4lt alles, was du brauchst, um deine Manik\u00fcre frisch zu halten, egal wohin du reist.<\/p>\n","protected":false},"featured_media":3350,"template":"","meta":{"_acf_changed":false},"product_brand":[],"product_cat":[95],"product_tag":[],"product-label":[],"class_list":{"0":"post-3349","1":"product","2":"type-product","3":"status-publish","4":"has-post-thumbnail","6":"product_cat-sets","8":"first","9":"instock","10":"shipping-taxable","11":"purchasable","12":"product-type-simple"},"composite_virtual":false,"composite_layout":"","composite_add_to_cart_form_location":"","composite_editable_in_cart":false,"composite_sold_individually_context":"","composite_shop_price_calc":"","composite_components":[],"composite_scenarios":[],"acf":[],"yoast_head":"<!-- This site is optimized with the Yoast SEO plugin v27.4 - https:\/\/yoast.com\/product\/yoast-seo-wordpress\/ -->\n<title>Reiseset - ColorMe Cosmetics<\/title>\n<meta name=\"description\" content=\"Kompakt, praktisch und vollst\u00e4ndig. Dieses Set enth\u00e4lt alles, was du brauchst, um deine Manik\u00fcre frisch zu halten, wohin du auch reist. Jetzt einkaufen!\" \/>\n<meta name=\"robots\" content=\"index, follow, max-snippet:-1, max-image-preview:large, max-video-preview:-1\" \/>\n<link rel=\"canonical\" href=\"https:\/\/colorme-cosmetics.com\/de\/produkt\/colorme-reiseset\/\" \/>\n<meta property=\"og:locale\" content=\"de_DE\" \/>\n<meta property=\"og:type\" content=\"article\" \/>\n<meta property=\"og:title\" content=\"Reiseset - ColorMe Cosmetics\" \/>\n<meta property=\"og:description\" content=\"Kompakt, praktisch und vollst\u00e4ndig. Dieses Set enth\u00e4lt alles, was du brauchst, um deine Manik\u00fcre frisch zu halten, wohin du auch reist. Jetzt einkaufen!\" \/>\n<meta property=\"og:url\" content=\"https:\/\/colorme-cosmetics.com\/de\/produkt\/colorme-reiseset\/\" \/>\n<meta property=\"og:site_name\" content=\"ColorMe Cosmetics\" \/>\n<meta property=\"article:modified_time\" content=\"2026-03-11T09:26:51+00:00\" \/>\n<meta property=\"og:image\" content=\"https:\/\/colorme-cosmetics.com\/wp-content\/uploads\/2025\/07\/TravelKit.png\" \/>\n\t<meta property=\"og:image:width\" content=\"800\" \/>\n\t<meta property=\"og:image:height\" content=\"800\" \/>\n\t<meta property=\"og:image:type\" content=\"image\/png\" \/>\n<meta name=\"twitter:card\" content=\"summary_large_image\" \/>\n<meta name=\"twitter:label1\" content=\"Gesch\u00e4tzte Lesezeit\" \/>\n\t<meta name=\"twitter:data1\" content=\"1\u00a0Minute\" \/>\n<script type=\"application\/ld+json\" class=\"yoast-schema-graph\">{\"@context\":\"https:\\\/\\\/schema.org\",\"@graph\":[{\"@type\":\"WebPage\",\"@id\":\"https:\\\/\\\/colorme-cosmetics.com\\\/de\\\/produkt\\\/colorme-reiseset\\\/\",\"url\":\"https:\\\/\\\/colorme-cosmetics.com\\\/de\\\/produkt\\\/colorme-reiseset\\\/\",\"name\":\"Reiseset - ColorMe Cosmetics\",\"isPartOf\":{\"@id\":\"https:\\\/\\\/colorme-cosmetics.com\\\/de\\\/#website\"},\"primaryImageOfPage\":{\"@id\":\"https:\\\/\\\/colorme-cosmetics.com\\\/de\\\/produkt\\\/colorme-reiseset\\\/#primaryimage\"},\"image\":{\"@id\":\"https:\\\/\\\/colorme-cosmetics.com\\\/de\\\/produkt\\\/colorme-reiseset\\\/#primaryimage\"},\"thumbnailUrl\":\"https:\\\/\\\/colorme-cosmetics.com\\\/wp-content\\\/uploads\\\/2025\\\/07\\\/TravelKit.png\",\"datePublished\":\"2025-07-14T13:16:06+00:00\",\"dateModified\":\"2026-03-11T09:26:51+00:00\",\"description\":\"Kompakt, praktisch und vollst\u00e4ndig. Dieses Set enth\u00e4lt alles, was du brauchst, um deine Manik\u00fcre frisch zu halten, wohin du auch reist. Jetzt einkaufen!\",\"breadcrumb\":{\"@id\":\"https:\\\/\\\/colorme-cosmetics.com\\\/de\\\/produkt\\\/colorme-reiseset\\\/#breadcrumb\"},\"inLanguage\":\"de\",\"potentialAction\":[{\"@type\":\"ReadAction\",\"target\":[\"https:\\\/\\\/colorme-cosmetics.com\\\/de\\\/produkt\\\/colorme-reiseset\\\/\"]}]},{\"@type\":\"ImageObject\",\"inLanguage\":\"de\",\"@id\":\"https:\\\/\\\/colorme-cosmetics.com\\\/de\\\/produkt\\\/colorme-reiseset\\\/#primaryimage\",\"url\":\"https:\\\/\\\/colorme-cosmetics.com\\\/wp-content\\\/uploads\\\/2025\\\/07\\\/TravelKit.png\",\"contentUrl\":\"https:\\\/\\\/colorme-cosmetics.com\\\/wp-content\\\/uploads\\\/2025\\\/07\\\/TravelKit.png\",\"width\":800,\"height\":800,\"caption\":\"Reiseset\"},{\"@type\":\"BreadcrumbList\",\"@id\":\"https:\\\/\\\/colorme-cosmetics.com\\\/de\\\/produkt\\\/colorme-reiseset\\\/#breadcrumb\",\"itemListElement\":[{\"@type\":\"ListItem\",\"position\":1,\"name\":\"Home\",\"item\":\"https:\\\/\\\/colorme-cosmetics.com\\\/de\\\/\"},{\"@type\":\"ListItem\",\"position\":2,\"name\":\"Shop\",\"item\":\"https:\\\/\\\/colorme-cosmetics.com\\\/de\\\/shop\\\/\"},{\"@type\":\"ListItem\",\"position\":3,\"name\":\"ColorMe &#8211; Reiseset\"}]},{\"@type\":\"WebSite\",\"@id\":\"https:\\\/\\\/colorme-cosmetics.com\\\/de\\\/#website\",\"url\":\"https:\\\/\\\/colorme-cosmetics.com\\\/de\\\/\",\"name\":\"ColorMe Cosmetics\",\"description\":\"\",\"potentialAction\":[{\"@type\":\"SearchAction\",\"target\":{\"@type\":\"EntryPoint\",\"urlTemplate\":\"https:\\\/\\\/colorme-cosmetics.com\\\/de\\\/?s={search_term_string}\"},\"query-input\":{\"@type\":\"PropertyValueSpecification\",\"valueRequired\":true,\"valueName\":\"search_term_string\"}}],\"inLanguage\":\"de\"}]}<\/script>\n<!-- \/ Yoast SEO plugin. -->","yoast_head_json":{"title":"Reiseset - ColorMe Cosmetics","description":"Kompakt, praktisch und vollst\u00e4ndig. Dieses Set enth\u00e4lt alles, was du brauchst, um deine Manik\u00fcre frisch zu halten, wohin du auch reist. Jetzt einkaufen!","robots":{"index":"index","follow":"follow","max-snippet":"max-snippet:-1","max-image-preview":"max-image-preview:large","max-video-preview":"max-video-preview:-1"},"canonical":"https:\/\/colorme-cosmetics.com\/de\/produkt\/colorme-reiseset\/","og_locale":"de_DE","og_type":"article","og_title":"Reiseset - ColorMe Cosmetics","og_description":"Kompakt, praktisch und vollst\u00e4ndig. Dieses Set enth\u00e4lt alles, was du brauchst, um deine Manik\u00fcre frisch zu halten, wohin du auch reist. Jetzt einkaufen!","og_url":"https:\/\/colorme-cosmetics.com\/de\/produkt\/colorme-reiseset\/","og_site_name":"ColorMe Cosmetics","article_modified_time":"2026-03-11T09:26:51+00:00","og_image":[{"width":800,"height":800,"url":"https:\/\/colorme-cosmetics.com\/wp-content\/uploads\/2025\/07\/TravelKit.png","type":"image\/png"}],"twitter_card":"summary_large_image","twitter_misc":{"Gesch\u00e4tzte Lesezeit":"1\u00a0Minute"},"schema":{"@context":"https:\/\/schema.org","@graph":[{"@type":"WebPage","@id":"https:\/\/colorme-cosmetics.com\/de\/produkt\/colorme-reiseset\/","url":"https:\/\/colorme-cosmetics.com\/de\/produkt\/colorme-reiseset\/","name":"Reiseset - ColorMe Cosmetics","isPartOf":{"@id":"https:\/\/colorme-cosmetics.com\/de\/#website"},"primaryImageOfPage":{"@id":"https:\/\/colorme-cosmetics.com\/de\/produkt\/colorme-reiseset\/#primaryimage"},"image":{"@id":"https:\/\/colorme-cosmetics.com\/de\/produkt\/colorme-reiseset\/#primaryimage"},"thumbnailUrl":"https:\/\/colorme-cosmetics.com\/wp-content\/uploads\/2025\/07\/TravelKit.png","datePublished":"2025-07-14T13:16:06+00:00","dateModified":"2026-03-11T09:26:51+00:00","description":"Kompakt, praktisch und vollst\u00e4ndig. Dieses Set enth\u00e4lt alles, was du brauchst, um deine Manik\u00fcre frisch zu halten, wohin du auch reist. Jetzt einkaufen!","breadcrumb":{"@id":"https:\/\/colorme-cosmetics.com\/de\/produkt\/colorme-reiseset\/#breadcrumb"},"inLanguage":"de","potentialAction":[{"@type":"ReadAction","target":["https:\/\/colorme-cosmetics.com\/de\/produkt\/colorme-reiseset\/"]}]},{"@type":"ImageObject","inLanguage":"de","@id":"https:\/\/colorme-cosmetics.com\/de\/produkt\/colorme-reiseset\/#primaryimage","url":"https:\/\/colorme-cosmetics.com\/wp-content\/uploads\/2025\/07\/TravelKit.png","contentUrl":"https:\/\/colorme-cosmetics.com\/wp-content\/uploads\/2025\/07\/TravelKit.png","width":800,"height":800,"caption":"Reiseset"},{"@type":"BreadcrumbList","@id":"https:\/\/colorme-cosmetics.com\/de\/produkt\/colorme-reiseset\/#breadcrumb","itemListElement":[{"@type":"ListItem","position":1,"name":"Home","item":"https:\/\/colorme-cosmetics.com\/de\/"},{"@type":"ListItem","position":2,"name":"Shop","item":"https:\/\/colorme-cosmetics.com\/de\/shop\/"},{"@type":"ListItem","position":3,"name":"ColorMe &#8211; Reiseset"}]},{"@type":"WebSite","@id":"https:\/\/colorme-cosmetics.com\/de\/#website","url":"https:\/\/colorme-cosmetics.com\/de\/","name":"ColorMe Cosmetics","description":"","potentialAction":[{"@type":"SearchAction","target":{"@type":"EntryPoint","urlTemplate":"https:\/\/colorme-cosmetics.com\/de\/?s={search_term_string}"},"query-input":{"@type":"PropertyValueSpecification","valueRequired":true,"valueName":"search_term_string"}}],"inLanguage":"de"}]}},"_links":{"self":[{"href":"https:\/\/colorme-cosmetics.com\/de\/wp-json\/wp\/v2\/product\/3349","targetHints":{"allow":["GET"]}}],"collection":[{"href":"https:\/\/colorme-cosmetics.com\/de\/wp-json\/wp\/v2\/product"}],"about":[{"href":"https:\/\/colorme-cosmetics.com\/de\/wp-json\/wp\/v2\/types\/product"}],"wp:featuredmedia":[{"embeddable":true,"href":"https:\/\/colorme-cosmetics.com\/de\/wp-json\/wp\/v2\/media\/3350"}],"wp:attachment":[{"href":"https:\/\/colorme-cosmetics.com\/de\/wp-json\/wp\/v2\/media?parent=3349"}],"wp:term":[{"taxonomy":"product_brand","embeddable":true,"href":"https:\/\/colorme-cosmetics.com\/de\/wp-json\/wp\/v2\/product_brand?post=3349"},{"taxonomy":"product_cat","embeddable":true,"href":"https:\/\/colorme-cosmetics.com\/de\/wp-json\/wp\/v2\/product_cat?post=3349"},{"taxonomy":"product_tag","embeddable":true,"href":"https:\/\/colorme-cosmetics.com\/de\/wp-json\/wp\/v2\/product_tag?post=3349"},{"taxonomy":"product-label","embeddable":true,"href":"https:\/\/colorme-cosmetics.com\/de\/wp-json\/wp\/v2\/product-label?post=3349"}],"curies":[{"name":"wp","href":"https:\/\/api.w.org\/{rel}","templated":true}]}}