{"id":3644,"date":"2024-04-04T12:04:23","date_gmt":"2024-04-04T10:04:23","guid":{"rendered":"https:\/\/colorme-cosmetics.com\/product\/colorme-prep-wipe-gel-reiniger\/"},"modified":"2025-10-16T11:06:27","modified_gmt":"2025-10-16T09:06:27","slug":"colorme-prep-wipe-gel-reiniger","status":"publish","type":"product","link":"https:\/\/colorme-cosmetics.com\/de\/produkt\/colorme-prep-wipe-gel-reiniger\/","title":{"rendered":"ColorMe &#8211; Prep &amp; Wipe Gel-Reiniger"},"content":{"rendered":"<p>Dies ist ein perfektes Set f\u00fcr die Vorbereitung und Fertigstellung deiner Gel-Manik\u00fcre. Die flusenfreien T\u00fccher fusseln nicht und zusammen mit dem Reiniger kannst du damit deine N\u00e4gel vorbereiten, unerw\u00fcnschtes Gel entfernen und die klebrige Schicht beseitigen, um deine Manik\u00fcre mit einem hochgl\u00e4nzenden Finish abzuschlie\u00dfen. <\/p>\n","protected":false},"excerpt":{"rendered":"<p>Der Name sagt alles&#8230;<\/p>\n","protected":false},"featured_media":3645,"template":"","meta":{"_acf_changed":false},"product_brand":[],"product_cat":[104],"product_tag":[],"product-label":[],"class_list":{"0":"post-3644","1":"product","2":"type-product","3":"status-publish","4":"has-post-thumbnail","6":"product_cat-essentials","8":"first","9":"instock","10":"shipping-taxable","11":"purchasable","12":"product-type-simple"},"composite_virtual":false,"composite_layout":"","composite_add_to_cart_form_location":"","composite_editable_in_cart":false,"composite_sold_individually_context":"","composite_shop_price_calc":"","composite_components":[],"composite_scenarios":[],"acf":[],"yoast_head":"<!-- This site is optimized with the Yoast SEO plugin v27.5 - https:\/\/yoast.com\/product\/yoast-seo-wordpress\/ -->\n<title>ColorMe Cosmetics<\/title>\n<meta name=\"description\" content=\"Der Prep &amp; Wipe Gel-Reiniger ist ein perfektes Set f\u00fcr die Vorbereitung und Fertigstellung deiner Gel-Manik\u00fcre. Jetzt online kaufen!\" \/>\n<meta name=\"robots\" content=\"index, follow, max-snippet:-1, max-image-preview:large, max-video-preview:-1\" \/>\n<link rel=\"canonical\" href=\"https:\/\/colorme-cosmetics.com\/de\/produkt\/colorme-prep-wipe-gel-reiniger\/\" \/>\n<meta property=\"og:locale\" content=\"de_DE\" \/>\n<meta property=\"og:type\" content=\"article\" \/>\n<meta property=\"og:description\" content=\"Der Prep &amp; Wipe Gel-Reiniger ist ein perfektes Set f\u00fcr die Vorbereitung und Fertigstellung deiner Gel-Manik\u00fcre. Jetzt online kaufen!\" \/>\n<meta property=\"og:url\" content=\"https:\/\/colorme-cosmetics.com\/de\/produkt\/colorme-prep-wipe-gel-reiniger\/\" \/>\n<meta property=\"og:site_name\" content=\"ColorMe Cosmetics\" \/>\n<meta property=\"article:modified_time\" content=\"2025-10-16T09:06:27+00:00\" \/>\n<meta property=\"og:image\" content=\"https:\/\/colorme-cosmetics.com\/wp-content\/uploads\/2024\/04\/Color-Me-Gel-Polish-\u2013-Prep-Wipe.png\" \/>\n\t<meta property=\"og:image:width\" content=\"580\" \/>\n\t<meta property=\"og:image:height\" content=\"620\" \/>\n\t<meta property=\"og:image:type\" content=\"image\/png\" \/>\n<meta name=\"twitter:card\" content=\"summary_large_image\" \/>\n<script type=\"application\/ld+json\" class=\"yoast-schema-graph\">{\"@context\":\"https:\\\/\\\/schema.org\",\"@graph\":[{\"@type\":\"WebPage\",\"@id\":\"https:\\\/\\\/colorme-cosmetics.com\\\/de\\\/produkt\\\/colorme-prep-wipe-gel-reiniger\\\/\",\"url\":\"https:\\\/\\\/colorme-cosmetics.com\\\/de\\\/produkt\\\/colorme-prep-wipe-gel-reiniger\\\/\",\"name\":\"\",\"isPartOf\":{\"@id\":\"https:\\\/\\\/colorme-cosmetics.com\\\/de\\\/#website\"},\"primaryImageOfPage\":{\"@id\":\"https:\\\/\\\/colorme-cosmetics.com\\\/de\\\/produkt\\\/colorme-prep-wipe-gel-reiniger\\\/#primaryimage\"},\"image\":{\"@id\":\"https:\\\/\\\/colorme-cosmetics.com\\\/de\\\/produkt\\\/colorme-prep-wipe-gel-reiniger\\\/#primaryimage\"},\"thumbnailUrl\":\"https:\\\/\\\/colorme-cosmetics.com\\\/wp-content\\\/uploads\\\/2024\\\/04\\\/Color-Me-Gel-Polish-\u2013-Prep-Wipe.png\",\"datePublished\":\"2024-04-04T10:04:23+00:00\",\"dateModified\":\"2025-10-16T09:06:27+00:00\",\"description\":\"Der Prep & Wipe Gel-Reiniger ist ein perfektes Set f\u00fcr die Vorbereitung und Fertigstellung deiner Gel-Manik\u00fcre. Jetzt online kaufen!\",\"breadcrumb\":{\"@id\":\"https:\\\/\\\/colorme-cosmetics.com\\\/de\\\/produkt\\\/colorme-prep-wipe-gel-reiniger\\\/#breadcrumb\"},\"inLanguage\":\"de\",\"potentialAction\":[{\"@type\":\"ReadAction\",\"target\":[\"https:\\\/\\\/colorme-cosmetics.com\\\/de\\\/produkt\\\/colorme-prep-wipe-gel-reiniger\\\/\"]}]},{\"@type\":\"ImageObject\",\"inLanguage\":\"de\",\"@id\":\"https:\\\/\\\/colorme-cosmetics.com\\\/de\\\/produkt\\\/colorme-prep-wipe-gel-reiniger\\\/#primaryimage\",\"url\":\"https:\\\/\\\/colorme-cosmetics.com\\\/wp-content\\\/uploads\\\/2024\\\/04\\\/Color-Me-Gel-Polish-\u2013-Prep-Wipe.png\",\"contentUrl\":\"https:\\\/\\\/colorme-cosmetics.com\\\/wp-content\\\/uploads\\\/2024\\\/04\\\/Color-Me-Gel-Polish-\u2013-Prep-Wipe.png\",\"width\":580,\"height\":620,\"caption\":\"ColorMe Gel-Polish - Prep &amp; Wipe Gel-Reiniger\"},{\"@type\":\"BreadcrumbList\",\"@id\":\"https:\\\/\\\/colorme-cosmetics.com\\\/de\\\/produkt\\\/colorme-prep-wipe-gel-reiniger\\\/#breadcrumb\",\"itemListElement\":[{\"@type\":\"ListItem\",\"position\":1,\"name\":\"Home\",\"item\":\"https:\\\/\\\/colorme-cosmetics.com\\\/de\\\/\"},{\"@type\":\"ListItem\",\"position\":2,\"name\":\"Shop\",\"item\":\"https:\\\/\\\/colorme-cosmetics.com\\\/de\\\/shop\\\/\"},{\"@type\":\"ListItem\",\"position\":3,\"name\":\"ColorMe &#8211; Prep &amp; Wipe Gel-Reiniger\"}]},{\"@type\":\"WebSite\",\"@id\":\"https:\\\/\\\/colorme-cosmetics.com\\\/de\\\/#website\",\"url\":\"https:\\\/\\\/colorme-cosmetics.com\\\/de\\\/\",\"name\":\"ColorMe Cosmetics\",\"description\":\"\",\"potentialAction\":[{\"@type\":\"SearchAction\",\"target\":{\"@type\":\"EntryPoint\",\"urlTemplate\":\"https:\\\/\\\/colorme-cosmetics.com\\\/de\\\/?s={search_term_string}\"},\"query-input\":{\"@type\":\"PropertyValueSpecification\",\"valueRequired\":true,\"valueName\":\"search_term_string\"}}],\"inLanguage\":\"de\"}]}<\/script>\n<!-- \/ Yoast SEO plugin. -->","yoast_head_json":{"title":"ColorMe Cosmetics","description":"Der Prep & Wipe Gel-Reiniger ist ein perfektes Set f\u00fcr die Vorbereitung und Fertigstellung deiner Gel-Manik\u00fcre. Jetzt online kaufen!","robots":{"index":"index","follow":"follow","max-snippet":"max-snippet:-1","max-image-preview":"max-image-preview:large","max-video-preview":"max-video-preview:-1"},"canonical":"https:\/\/colorme-cosmetics.com\/de\/produkt\/colorme-prep-wipe-gel-reiniger\/","og_locale":"de_DE","og_type":"article","og_description":"Der Prep & Wipe Gel-Reiniger ist ein perfektes Set f\u00fcr die Vorbereitung und Fertigstellung deiner Gel-Manik\u00fcre. Jetzt online kaufen!","og_url":"https:\/\/colorme-cosmetics.com\/de\/produkt\/colorme-prep-wipe-gel-reiniger\/","og_site_name":"ColorMe Cosmetics","article_modified_time":"2025-10-16T09:06:27+00:00","og_image":[{"width":580,"height":620,"url":"https:\/\/colorme-cosmetics.com\/wp-content\/uploads\/2024\/04\/Color-Me-Gel-Polish-\u2013-Prep-Wipe.png","type":"image\/png"}],"twitter_card":"summary_large_image","schema":{"@context":"https:\/\/schema.org","@graph":[{"@type":"WebPage","@id":"https:\/\/colorme-cosmetics.com\/de\/produkt\/colorme-prep-wipe-gel-reiniger\/","url":"https:\/\/colorme-cosmetics.com\/de\/produkt\/colorme-prep-wipe-gel-reiniger\/","name":"","isPartOf":{"@id":"https:\/\/colorme-cosmetics.com\/de\/#website"},"primaryImageOfPage":{"@id":"https:\/\/colorme-cosmetics.com\/de\/produkt\/colorme-prep-wipe-gel-reiniger\/#primaryimage"},"image":{"@id":"https:\/\/colorme-cosmetics.com\/de\/produkt\/colorme-prep-wipe-gel-reiniger\/#primaryimage"},"thumbnailUrl":"https:\/\/colorme-cosmetics.com\/wp-content\/uploads\/2024\/04\/Color-Me-Gel-Polish-\u2013-Prep-Wipe.png","datePublished":"2024-04-04T10:04:23+00:00","dateModified":"2025-10-16T09:06:27+00:00","description":"Der Prep & Wipe Gel-Reiniger ist ein perfektes Set f\u00fcr die Vorbereitung und Fertigstellung deiner Gel-Manik\u00fcre. Jetzt online kaufen!","breadcrumb":{"@id":"https:\/\/colorme-cosmetics.com\/de\/produkt\/colorme-prep-wipe-gel-reiniger\/#breadcrumb"},"inLanguage":"de","potentialAction":[{"@type":"ReadAction","target":["https:\/\/colorme-cosmetics.com\/de\/produkt\/colorme-prep-wipe-gel-reiniger\/"]}]},{"@type":"ImageObject","inLanguage":"de","@id":"https:\/\/colorme-cosmetics.com\/de\/produkt\/colorme-prep-wipe-gel-reiniger\/#primaryimage","url":"https:\/\/colorme-cosmetics.com\/wp-content\/uploads\/2024\/04\/Color-Me-Gel-Polish-\u2013-Prep-Wipe.png","contentUrl":"https:\/\/colorme-cosmetics.com\/wp-content\/uploads\/2024\/04\/Color-Me-Gel-Polish-\u2013-Prep-Wipe.png","width":580,"height":620,"caption":"ColorMe Gel-Polish - Prep &amp; Wipe Gel-Reiniger"},{"@type":"BreadcrumbList","@id":"https:\/\/colorme-cosmetics.com\/de\/produkt\/colorme-prep-wipe-gel-reiniger\/#breadcrumb","itemListElement":[{"@type":"ListItem","position":1,"name":"Home","item":"https:\/\/colorme-cosmetics.com\/de\/"},{"@type":"ListItem","position":2,"name":"Shop","item":"https:\/\/colorme-cosmetics.com\/de\/shop\/"},{"@type":"ListItem","position":3,"name":"ColorMe &#8211; Prep &amp; Wipe Gel-Reiniger"}]},{"@type":"WebSite","@id":"https:\/\/colorme-cosmetics.com\/de\/#website","url":"https:\/\/colorme-cosmetics.com\/de\/","name":"ColorMe Cosmetics","description":"","potentialAction":[{"@type":"SearchAction","target":{"@type":"EntryPoint","urlTemplate":"https:\/\/colorme-cosmetics.com\/de\/?s={search_term_string}"},"query-input":{"@type":"PropertyValueSpecification","valueRequired":true,"valueName":"search_term_string"}}],"inLanguage":"de"}]}},"_links":{"self":[{"href":"https:\/\/colorme-cosmetics.com\/de\/wp-json\/wp\/v2\/product\/3644","targetHints":{"allow":["GET"]}}],"collection":[{"href":"https:\/\/colorme-cosmetics.com\/de\/wp-json\/wp\/v2\/product"}],"about":[{"href":"https:\/\/colorme-cosmetics.com\/de\/wp-json\/wp\/v2\/types\/product"}],"wp:featuredmedia":[{"embeddable":true,"href":"https:\/\/colorme-cosmetics.com\/de\/wp-json\/wp\/v2\/media\/3645"}],"wp:attachment":[{"href":"https:\/\/colorme-cosmetics.com\/de\/wp-json\/wp\/v2\/media?parent=3644"}],"wp:term":[{"taxonomy":"product_brand","embeddable":true,"href":"https:\/\/colorme-cosmetics.com\/de\/wp-json\/wp\/v2\/product_brand?post=3644"},{"taxonomy":"product_cat","embeddable":true,"href":"https:\/\/colorme-cosmetics.com\/de\/wp-json\/wp\/v2\/product_cat?post=3644"},{"taxonomy":"product_tag","embeddable":true,"href":"https:\/\/colorme-cosmetics.com\/de\/wp-json\/wp\/v2\/product_tag?post=3644"},{"taxonomy":"product-label","embeddable":true,"href":"https:\/\/colorme-cosmetics.com\/de\/wp-json\/wp\/v2\/product-label?post=3644"}],"curies":[{"name":"wp","href":"https:\/\/api.w.org\/{rel}","templated":true}]}}