{"id":3652,"date":"2024-04-04T12:04:24","date_gmt":"2024-04-04T10:04:24","guid":{"rendered":"https:\/\/colorme-cosmetics.com\/product\/colorme-deckschicht\/"},"modified":"2026-04-10T20:48:43","modified_gmt":"2026-04-10T18:48:43","slug":"colorme-uberlack-top-coat","status":"publish","type":"product","link":"https:\/\/colorme-cosmetics.com\/de\/produkt\/colorme-uberlack-top-coat\/","title":{"rendered":"ColorMe &#8211; \u00dcberlack &#8211; Top Coat"},"content":{"rendered":"<p>Der letzte Schritt deiner atemberaubenden Manik\u00fcre ist der \u00dcberlack. Er wurde speziell entwickelt, um zu verhindern, dass die Farbe absplittert und abbl\u00e4ttert, und er sorgt daf\u00fcr, dass deine Manik\u00fcre viel l\u00e4nger h\u00e4lt. Bist du bereit? Dann kannst du jetzt loslegen &#8211; mit Zuversicht!<\/p>\n","protected":false},"excerpt":{"rendered":"<p>\u00dcberlack f\u00fcr mehr Liebe<\/p>\n","protected":false},"featured_media":3653,"template":"","meta":{"_acf_changed":false},"product_brand":[],"product_cat":[104],"product_tag":[],"product-label":[],"class_list":{"0":"post-3652","1":"product","2":"type-product","3":"status-publish","4":"has-post-thumbnail","6":"product_cat-essentials","8":"first","9":"instock","10":"shipping-taxable","11":"purchasable","12":"product-type-simple"},"composite_virtual":false,"composite_layout":"","composite_add_to_cart_form_location":"","composite_editable_in_cart":false,"composite_sold_individually_context":"","composite_shop_price_calc":"","composite_components":[],"composite_scenarios":[],"acf":[],"yoast_head":"<!-- This site is optimized with the Yoast SEO plugin v27.3 - https:\/\/yoast.com\/product\/yoast-seo-wordpress\/ -->\n<title>\u00dcberlack - Top Coat - ColorMe Cosmetics<\/title>\n<meta name=\"description\" content=\"Vervollst\u00e4ndige deine atemberaubende Manik\u00fcre mit dem perfekten \u00dcberlack f\u00fcr ein makelloses, lang anhaltendes Finish. Kaufe online ein und entdecke unser Angebot an hochwertigen Produkten.\" \/>\n<meta name=\"robots\" content=\"index, follow, max-snippet:-1, max-image-preview:large, max-video-preview:-1\" \/>\n<link rel=\"canonical\" href=\"https:\/\/colorme-cosmetics.com\/de\/produkt\/colorme-uberlack-top-coat\/\" \/>\n<meta property=\"og:locale\" content=\"de_DE\" \/>\n<meta property=\"og:type\" content=\"article\" \/>\n<meta property=\"og:title\" content=\"\u00dcberlack - Top Coat - ColorMe Cosmetics\" \/>\n<meta property=\"og:description\" content=\"Vervollst\u00e4ndige deine atemberaubende Manik\u00fcre mit dem perfekten \u00dcberlack f\u00fcr ein makelloses, lang anhaltendes Finish. Kaufe online ein und entdecke unser Angebot an hochwertigen Produkten.\" \/>\n<meta property=\"og:url\" content=\"https:\/\/colorme-cosmetics.com\/de\/produkt\/colorme-uberlack-top-coat\/\" \/>\n<meta property=\"og:site_name\" content=\"ColorMe Cosmetics\" \/>\n<meta property=\"article:modified_time\" content=\"2026-04-10T18:48:43+00:00\" \/>\n<meta property=\"og:image\" content=\"https:\/\/colorme-cosmetics.com\/wp-content\/uploads\/2024\/04\/Color-Me-Gel-Polish-\u2013-Top-coat.png\" \/>\n\t<meta property=\"og:image:width\" content=\"580\" \/>\n\t<meta property=\"og:image:height\" content=\"620\" \/>\n\t<meta property=\"og:image:type\" content=\"image\/png\" \/>\n<meta name=\"twitter:card\" content=\"summary_large_image\" \/>\n<meta name=\"twitter:label1\" content=\"Gesch\u00e4tzte Lesezeit\" \/>\n\t<meta name=\"twitter:data1\" content=\"1\u00a0Minute\" \/>\n<script type=\"application\/ld+json\" class=\"yoast-schema-graph\">{\"@context\":\"https:\\\/\\\/schema.org\",\"@graph\":[{\"@type\":\"WebPage\",\"@id\":\"https:\\\/\\\/colorme-cosmetics.com\\\/de\\\/produkt\\\/colorme-uberlack-top-coat\\\/\",\"url\":\"https:\\\/\\\/colorme-cosmetics.com\\\/de\\\/produkt\\\/colorme-uberlack-top-coat\\\/\",\"name\":\"\u00dcberlack - Top Coat - ColorMe Cosmetics\",\"isPartOf\":{\"@id\":\"https:\\\/\\\/colorme-cosmetics.com\\\/de\\\/#website\"},\"primaryImageOfPage\":{\"@id\":\"https:\\\/\\\/colorme-cosmetics.com\\\/de\\\/produkt\\\/colorme-uberlack-top-coat\\\/#primaryimage\"},\"image\":{\"@id\":\"https:\\\/\\\/colorme-cosmetics.com\\\/de\\\/produkt\\\/colorme-uberlack-top-coat\\\/#primaryimage\"},\"thumbnailUrl\":\"https:\\\/\\\/colorme-cosmetics.com\\\/wp-content\\\/uploads\\\/2024\\\/04\\\/Color-Me-Gel-Polish-\u2013-Top-coat.png\",\"datePublished\":\"2024-04-04T10:04:24+00:00\",\"dateModified\":\"2026-04-10T18:48:43+00:00\",\"description\":\"Vervollst\u00e4ndige deine atemberaubende Manik\u00fcre mit dem perfekten \u00dcberlack f\u00fcr ein makelloses, lang anhaltendes Finish. Kaufe online ein und entdecke unser Angebot an hochwertigen Produkten.\",\"breadcrumb\":{\"@id\":\"https:\\\/\\\/colorme-cosmetics.com\\\/de\\\/produkt\\\/colorme-uberlack-top-coat\\\/#breadcrumb\"},\"inLanguage\":\"de\",\"potentialAction\":[{\"@type\":\"ReadAction\",\"target\":[\"https:\\\/\\\/colorme-cosmetics.com\\\/de\\\/produkt\\\/colorme-uberlack-top-coat\\\/\"]}]},{\"@type\":\"ImageObject\",\"inLanguage\":\"de\",\"@id\":\"https:\\\/\\\/colorme-cosmetics.com\\\/de\\\/produkt\\\/colorme-uberlack-top-coat\\\/#primaryimage\",\"url\":\"https:\\\/\\\/colorme-cosmetics.com\\\/wp-content\\\/uploads\\\/2024\\\/04\\\/Color-Me-Gel-Polish-\u2013-Top-coat.png\",\"contentUrl\":\"https:\\\/\\\/colorme-cosmetics.com\\\/wp-content\\\/uploads\\\/2024\\\/04\\\/Color-Me-Gel-Polish-\u2013-Top-coat.png\",\"width\":580,\"height\":620,\"caption\":\"ColorMe Gel-Polish - \u00dcberlack\"},{\"@type\":\"BreadcrumbList\",\"@id\":\"https:\\\/\\\/colorme-cosmetics.com\\\/de\\\/produkt\\\/colorme-uberlack-top-coat\\\/#breadcrumb\",\"itemListElement\":[{\"@type\":\"ListItem\",\"position\":1,\"name\":\"Home\",\"item\":\"https:\\\/\\\/colorme-cosmetics.com\\\/de\\\/\"},{\"@type\":\"ListItem\",\"position\":2,\"name\":\"Shop\",\"item\":\"https:\\\/\\\/colorme-cosmetics.com\\\/de\\\/shop\\\/\"},{\"@type\":\"ListItem\",\"position\":3,\"name\":\"ColorMe &#8211; \u00dcberlack &#8211; Top Coat\"}]},{\"@type\":\"WebSite\",\"@id\":\"https:\\\/\\\/colorme-cosmetics.com\\\/de\\\/#website\",\"url\":\"https:\\\/\\\/colorme-cosmetics.com\\\/de\\\/\",\"name\":\"ColorMe Cosmetics\",\"description\":\"\",\"potentialAction\":[{\"@type\":\"SearchAction\",\"target\":{\"@type\":\"EntryPoint\",\"urlTemplate\":\"https:\\\/\\\/colorme-cosmetics.com\\\/de\\\/?s={search_term_string}\"},\"query-input\":{\"@type\":\"PropertyValueSpecification\",\"valueRequired\":true,\"valueName\":\"search_term_string\"}}],\"inLanguage\":\"de\"}]}<\/script>\n<!-- \/ Yoast SEO plugin. -->","yoast_head_json":{"title":"\u00dcberlack - Top Coat - ColorMe Cosmetics","description":"Vervollst\u00e4ndige deine atemberaubende Manik\u00fcre mit dem perfekten \u00dcberlack f\u00fcr ein makelloses, lang anhaltendes Finish. Kaufe online ein und entdecke unser Angebot an hochwertigen Produkten.","robots":{"index":"index","follow":"follow","max-snippet":"max-snippet:-1","max-image-preview":"max-image-preview:large","max-video-preview":"max-video-preview:-1"},"canonical":"https:\/\/colorme-cosmetics.com\/de\/produkt\/colorme-uberlack-top-coat\/","og_locale":"de_DE","og_type":"article","og_title":"\u00dcberlack - Top Coat - ColorMe Cosmetics","og_description":"Vervollst\u00e4ndige deine atemberaubende Manik\u00fcre mit dem perfekten \u00dcberlack f\u00fcr ein makelloses, lang anhaltendes Finish. Kaufe online ein und entdecke unser Angebot an hochwertigen Produkten.","og_url":"https:\/\/colorme-cosmetics.com\/de\/produkt\/colorme-uberlack-top-coat\/","og_site_name":"ColorMe Cosmetics","article_modified_time":"2026-04-10T18:48:43+00:00","og_image":[{"width":580,"height":620,"url":"https:\/\/colorme-cosmetics.com\/wp-content\/uploads\/2024\/04\/Color-Me-Gel-Polish-\u2013-Top-coat.png","type":"image\/png"}],"twitter_card":"summary_large_image","twitter_misc":{"Gesch\u00e4tzte Lesezeit":"1\u00a0Minute"},"schema":{"@context":"https:\/\/schema.org","@graph":[{"@type":"WebPage","@id":"https:\/\/colorme-cosmetics.com\/de\/produkt\/colorme-uberlack-top-coat\/","url":"https:\/\/colorme-cosmetics.com\/de\/produkt\/colorme-uberlack-top-coat\/","name":"\u00dcberlack - Top Coat - ColorMe Cosmetics","isPartOf":{"@id":"https:\/\/colorme-cosmetics.com\/de\/#website"},"primaryImageOfPage":{"@id":"https:\/\/colorme-cosmetics.com\/de\/produkt\/colorme-uberlack-top-coat\/#primaryimage"},"image":{"@id":"https:\/\/colorme-cosmetics.com\/de\/produkt\/colorme-uberlack-top-coat\/#primaryimage"},"thumbnailUrl":"https:\/\/colorme-cosmetics.com\/wp-content\/uploads\/2024\/04\/Color-Me-Gel-Polish-\u2013-Top-coat.png","datePublished":"2024-04-04T10:04:24+00:00","dateModified":"2026-04-10T18:48:43+00:00","description":"Vervollst\u00e4ndige deine atemberaubende Manik\u00fcre mit dem perfekten \u00dcberlack f\u00fcr ein makelloses, lang anhaltendes Finish. Kaufe online ein und entdecke unser Angebot an hochwertigen Produkten.","breadcrumb":{"@id":"https:\/\/colorme-cosmetics.com\/de\/produkt\/colorme-uberlack-top-coat\/#breadcrumb"},"inLanguage":"de","potentialAction":[{"@type":"ReadAction","target":["https:\/\/colorme-cosmetics.com\/de\/produkt\/colorme-uberlack-top-coat\/"]}]},{"@type":"ImageObject","inLanguage":"de","@id":"https:\/\/colorme-cosmetics.com\/de\/produkt\/colorme-uberlack-top-coat\/#primaryimage","url":"https:\/\/colorme-cosmetics.com\/wp-content\/uploads\/2024\/04\/Color-Me-Gel-Polish-\u2013-Top-coat.png","contentUrl":"https:\/\/colorme-cosmetics.com\/wp-content\/uploads\/2024\/04\/Color-Me-Gel-Polish-\u2013-Top-coat.png","width":580,"height":620,"caption":"ColorMe Gel-Polish - \u00dcberlack"},{"@type":"BreadcrumbList","@id":"https:\/\/colorme-cosmetics.com\/de\/produkt\/colorme-uberlack-top-coat\/#breadcrumb","itemListElement":[{"@type":"ListItem","position":1,"name":"Home","item":"https:\/\/colorme-cosmetics.com\/de\/"},{"@type":"ListItem","position":2,"name":"Shop","item":"https:\/\/colorme-cosmetics.com\/de\/shop\/"},{"@type":"ListItem","position":3,"name":"ColorMe &#8211; \u00dcberlack &#8211; Top Coat"}]},{"@type":"WebSite","@id":"https:\/\/colorme-cosmetics.com\/de\/#website","url":"https:\/\/colorme-cosmetics.com\/de\/","name":"ColorMe Cosmetics","description":"","potentialAction":[{"@type":"SearchAction","target":{"@type":"EntryPoint","urlTemplate":"https:\/\/colorme-cosmetics.com\/de\/?s={search_term_string}"},"query-input":{"@type":"PropertyValueSpecification","valueRequired":true,"valueName":"search_term_string"}}],"inLanguage":"de"}]}},"_links":{"self":[{"href":"https:\/\/colorme-cosmetics.com\/de\/wp-json\/wp\/v2\/product\/3652","targetHints":{"allow":["GET"]}}],"collection":[{"href":"https:\/\/colorme-cosmetics.com\/de\/wp-json\/wp\/v2\/product"}],"about":[{"href":"https:\/\/colorme-cosmetics.com\/de\/wp-json\/wp\/v2\/types\/product"}],"wp:featuredmedia":[{"embeddable":true,"href":"https:\/\/colorme-cosmetics.com\/de\/wp-json\/wp\/v2\/media\/3653"}],"wp:attachment":[{"href":"https:\/\/colorme-cosmetics.com\/de\/wp-json\/wp\/v2\/media?parent=3652"}],"wp:term":[{"taxonomy":"product_brand","embeddable":true,"href":"https:\/\/colorme-cosmetics.com\/de\/wp-json\/wp\/v2\/product_brand?post=3652"},{"taxonomy":"product_cat","embeddable":true,"href":"https:\/\/colorme-cosmetics.com\/de\/wp-json\/wp\/v2\/product_cat?post=3652"},{"taxonomy":"product_tag","embeddable":true,"href":"https:\/\/colorme-cosmetics.com\/de\/wp-json\/wp\/v2\/product_tag?post=3652"},{"taxonomy":"product-label","embeddable":true,"href":"https:\/\/colorme-cosmetics.com\/de\/wp-json\/wp\/v2\/product-label?post=3652"}],"curies":[{"name":"wp","href":"https:\/\/api.w.org\/{rel}","templated":true}]}}