{"id":3888,"date":"2024-04-24T11:07:17","date_gmt":"2024-04-24T09:07:17","guid":{"rendered":"https:\/\/colorme-cosmetics.com\/product\/colorme-starter-kit-2\/"},"modified":"2026-03-11T14:52:30","modified_gmt":"2026-03-11T13:52:30","slug":"colorme-starter-kit-2","status":"publish","type":"product","link":"https:\/\/colorme-cosmetics.com\/de\/produkt\/colorme-starter-kit-2\/","title":{"rendered":"ColorMe &#8211; Starterset"},"content":{"rendered":"<p>Mit diesem Set erh\u00e4ltst du alles, was du brauchst, um deine eigenen Gel-Polish-N\u00e4gel bequem zu Hause zu gestalten. Und weil wir wissen, wie wichtig die richtige Farbe ist, geben wir dir die M\u00f6glichkeit, sie einfach selbst auszuw\u00e4hlen. Das ist kostenlos, wenn du ein Starterset kaufst. Wie gef\u00e4llt dir das?!<\/p>\n","protected":false},"excerpt":{"rendered":"<p>Seien Sie einzigartig und w\u00e4hlen Sie Ihre eigene Farbe!<\/p>\n","protected":false},"featured_media":3330,"template":"","meta":{"_acf_changed":false},"product_brand":[],"product_cat":[95],"product_tag":[],"product-label":[],"class_list":{"0":"post-3888","1":"product","2":"type-product","3":"status-publish","4":"has-post-thumbnail","6":"product_cat-sets","8":"first","9":"instock","10":"shipping-taxable","11":"purchasable","12":"product-type-composite"},"composite_virtual":false,"composite_layout":"single","composite_add_to_cart_form_location":"default","composite_editable_in_cart":false,"composite_sold_individually_context":"product","composite_shop_price_calc":"min_max","composite_components":[{"id":"1765963330","title":"Set","description":"","query_type":"product_ids","query_ids":[3326],"default_option_id":3326,"thumbnail_id":"","thumbnail_src":"","quantity_min":1,"quantity_max":1,"priced_individually":false,"shipped_individually":false,"optional":false,"discount":"","options_style":"dropdowns","pagination_style":"classic","display_prices":"absolute","show_sorting_options":false,"show_filtering_options":false,"attribute_filter_ids":[],"select_action":"view","product_title_visible":true,"product_descr_visible":false,"product_price_visible":false,"product_thumb_visible":true,"subtotal_visible_product":false,"subtotal_visible_cart":false,"subtotal_visible_orders":false},{"id":"1765963331","title":"Freie Farbe w\u00e4hlen","description":"","query_type":"category_ids","query_ids":[92],"default_option_id":"","thumbnail_id":"","thumbnail_src":"","quantity_min":1,"quantity_max":1,"priced_individually":false,"shipped_individually":false,"optional":false,"discount":"","options_style":"dropdowns","pagination_style":"classic","display_prices":"absolute","show_sorting_options":false,"show_filtering_options":false,"attribute_filter_ids":[],"select_action":"view","product_title_visible":true,"product_descr_visible":false,"product_price_visible":false,"product_thumb_visible":true,"subtotal_visible_product":false,"subtotal_visible_cart":false,"subtotal_visible_orders":false}],"composite_scenarios":[],"acf":[],"yoast_head":"<!-- This site is optimized with the Yoast SEO plugin v27.5 - https:\/\/yoast.com\/product\/yoast-seo-wordpress\/ -->\n<title>Starterset Gelpolish - ColorMe Cosmetics<\/title>\n<meta name=\"description\" content=\"Mit diesem Set erh\u00e4ltst du alles, was du brauchst, um deine eigenen Gel-Polish-N\u00e4gel bequem von zu Hause aus zu gestalten. Jetzt kaufen.\" \/>\n<meta name=\"robots\" content=\"index, follow, max-snippet:-1, max-image-preview:large, max-video-preview:-1\" \/>\n<link rel=\"canonical\" href=\"https:\/\/colorme-cosmetics.com\/de\/produkt\/colorme-starter-kit-2\/\" \/>\n<meta property=\"og:locale\" content=\"de_DE\" \/>\n<meta property=\"og:type\" content=\"article\" \/>\n<meta property=\"og:title\" content=\"Starterset Gelpolish - ColorMe Cosmetics\" \/>\n<meta property=\"og:description\" content=\"Mit diesem Set erh\u00e4ltst du alles, was du brauchst, um deine eigenen Gel-Polish-N\u00e4gel bequem von zu Hause aus zu gestalten. Jetzt kaufen.\" \/>\n<meta property=\"og:url\" content=\"https:\/\/colorme-cosmetics.com\/de\/produkt\/colorme-starter-kit-2\/\" \/>\n<meta property=\"og:site_name\" content=\"ColorMe Cosmetics\" \/>\n<meta property=\"article:modified_time\" content=\"2026-03-11T13:52:30+00:00\" \/>\n<meta property=\"og:image\" content=\"https:\/\/colorme-cosmetics.com\/wp-content\/uploads\/2024\/04\/Afb-600x640px.png\" \/>\n\t<meta property=\"og:image:width\" content=\"600\" \/>\n\t<meta property=\"og:image:height\" content=\"640\" \/>\n\t<meta property=\"og:image:type\" content=\"image\/png\" \/>\n<meta name=\"twitter:card\" content=\"summary_large_image\" \/>\n<meta name=\"twitter:label1\" content=\"Gesch\u00e4tzte Lesezeit\" \/>\n\t<meta name=\"twitter:data1\" content=\"2\u00a0Minuten\" \/>\n<script type=\"application\/ld+json\" class=\"yoast-schema-graph\">{\"@context\":\"https:\\\/\\\/schema.org\",\"@graph\":[{\"@type\":\"WebPage\",\"@id\":\"https:\\\/\\\/colorme-cosmetics.com\\\/de\\\/produkt\\\/colorme-starter-kit-2\\\/\",\"url\":\"https:\\\/\\\/colorme-cosmetics.com\\\/de\\\/produkt\\\/colorme-starter-kit-2\\\/\",\"name\":\"Starterset Gelpolish - ColorMe Cosmetics\",\"isPartOf\":{\"@id\":\"https:\\\/\\\/colorme-cosmetics.com\\\/de\\\/#website\"},\"primaryImageOfPage\":{\"@id\":\"https:\\\/\\\/colorme-cosmetics.com\\\/de\\\/produkt\\\/colorme-starter-kit-2\\\/#primaryimage\"},\"image\":{\"@id\":\"https:\\\/\\\/colorme-cosmetics.com\\\/de\\\/produkt\\\/colorme-starter-kit-2\\\/#primaryimage\"},\"thumbnailUrl\":\"https:\\\/\\\/colorme-cosmetics.com\\\/wp-content\\\/uploads\\\/2024\\\/04\\\/Afb-600x640px.png\",\"datePublished\":\"2024-04-24T09:07:17+00:00\",\"dateModified\":\"2026-03-11T13:52:30+00:00\",\"description\":\"Mit diesem Set erh\u00e4ltst du alles, was du brauchst, um deine eigenen Gel-Polish-N\u00e4gel bequem von zu Hause aus zu gestalten. Jetzt kaufen.\",\"breadcrumb\":{\"@id\":\"https:\\\/\\\/colorme-cosmetics.com\\\/de\\\/produkt\\\/colorme-starter-kit-2\\\/#breadcrumb\"},\"inLanguage\":\"de\",\"potentialAction\":[{\"@type\":\"ReadAction\",\"target\":[\"https:\\\/\\\/colorme-cosmetics.com\\\/de\\\/produkt\\\/colorme-starter-kit-2\\\/\"]}]},{\"@type\":\"ImageObject\",\"inLanguage\":\"de\",\"@id\":\"https:\\\/\\\/colorme-cosmetics.com\\\/de\\\/produkt\\\/colorme-starter-kit-2\\\/#primaryimage\",\"url\":\"https:\\\/\\\/colorme-cosmetics.com\\\/wp-content\\\/uploads\\\/2024\\\/04\\\/Afb-600x640px.png\",\"contentUrl\":\"https:\\\/\\\/colorme-cosmetics.com\\\/wp-content\\\/uploads\\\/2024\\\/04\\\/Afb-600x640px.png\",\"width\":600,\"height\":640,\"caption\":\"Starterset - ColorMe\"},{\"@type\":\"BreadcrumbList\",\"@id\":\"https:\\\/\\\/colorme-cosmetics.com\\\/de\\\/produkt\\\/colorme-starter-kit-2\\\/#breadcrumb\",\"itemListElement\":[{\"@type\":\"ListItem\",\"position\":1,\"name\":\"Home\",\"item\":\"https:\\\/\\\/colorme-cosmetics.com\\\/de\\\/\"},{\"@type\":\"ListItem\",\"position\":2,\"name\":\"Shop\",\"item\":\"https:\\\/\\\/colorme-cosmetics.com\\\/de\\\/shop\\\/\"},{\"@type\":\"ListItem\",\"position\":3,\"name\":\"ColorMe &#8211; Starterset\"}]},{\"@type\":\"WebSite\",\"@id\":\"https:\\\/\\\/colorme-cosmetics.com\\\/de\\\/#website\",\"url\":\"https:\\\/\\\/colorme-cosmetics.com\\\/de\\\/\",\"name\":\"ColorMe Cosmetics\",\"description\":\"\",\"potentialAction\":[{\"@type\":\"SearchAction\",\"target\":{\"@type\":\"EntryPoint\",\"urlTemplate\":\"https:\\\/\\\/colorme-cosmetics.com\\\/de\\\/?s={search_term_string}\"},\"query-input\":{\"@type\":\"PropertyValueSpecification\",\"valueRequired\":true,\"valueName\":\"search_term_string\"}}],\"inLanguage\":\"de\"}]}<\/script>\n<!-- \/ Yoast SEO plugin. -->","yoast_head_json":{"title":"Starterset Gelpolish - ColorMe Cosmetics","description":"Mit diesem Set erh\u00e4ltst du alles, was du brauchst, um deine eigenen Gel-Polish-N\u00e4gel bequem von zu Hause aus zu gestalten. Jetzt kaufen.","robots":{"index":"index","follow":"follow","max-snippet":"max-snippet:-1","max-image-preview":"max-image-preview:large","max-video-preview":"max-video-preview:-1"},"canonical":"https:\/\/colorme-cosmetics.com\/de\/produkt\/colorme-starter-kit-2\/","og_locale":"de_DE","og_type":"article","og_title":"Starterset Gelpolish - ColorMe Cosmetics","og_description":"Mit diesem Set erh\u00e4ltst du alles, was du brauchst, um deine eigenen Gel-Polish-N\u00e4gel bequem von zu Hause aus zu gestalten. Jetzt kaufen.","og_url":"https:\/\/colorme-cosmetics.com\/de\/produkt\/colorme-starter-kit-2\/","og_site_name":"ColorMe Cosmetics","article_modified_time":"2026-03-11T13:52:30+00:00","og_image":[{"width":600,"height":640,"url":"https:\/\/colorme-cosmetics.com\/wp-content\/uploads\/2024\/04\/Afb-600x640px.png","type":"image\/png"}],"twitter_card":"summary_large_image","twitter_misc":{"Gesch\u00e4tzte Lesezeit":"2\u00a0Minuten"},"schema":{"@context":"https:\/\/schema.org","@graph":[{"@type":"WebPage","@id":"https:\/\/colorme-cosmetics.com\/de\/produkt\/colorme-starter-kit-2\/","url":"https:\/\/colorme-cosmetics.com\/de\/produkt\/colorme-starter-kit-2\/","name":"Starterset Gelpolish - ColorMe Cosmetics","isPartOf":{"@id":"https:\/\/colorme-cosmetics.com\/de\/#website"},"primaryImageOfPage":{"@id":"https:\/\/colorme-cosmetics.com\/de\/produkt\/colorme-starter-kit-2\/#primaryimage"},"image":{"@id":"https:\/\/colorme-cosmetics.com\/de\/produkt\/colorme-starter-kit-2\/#primaryimage"},"thumbnailUrl":"https:\/\/colorme-cosmetics.com\/wp-content\/uploads\/2024\/04\/Afb-600x640px.png","datePublished":"2024-04-24T09:07:17+00:00","dateModified":"2026-03-11T13:52:30+00:00","description":"Mit diesem Set erh\u00e4ltst du alles, was du brauchst, um deine eigenen Gel-Polish-N\u00e4gel bequem von zu Hause aus zu gestalten. Jetzt kaufen.","breadcrumb":{"@id":"https:\/\/colorme-cosmetics.com\/de\/produkt\/colorme-starter-kit-2\/#breadcrumb"},"inLanguage":"de","potentialAction":[{"@type":"ReadAction","target":["https:\/\/colorme-cosmetics.com\/de\/produkt\/colorme-starter-kit-2\/"]}]},{"@type":"ImageObject","inLanguage":"de","@id":"https:\/\/colorme-cosmetics.com\/de\/produkt\/colorme-starter-kit-2\/#primaryimage","url":"https:\/\/colorme-cosmetics.com\/wp-content\/uploads\/2024\/04\/Afb-600x640px.png","contentUrl":"https:\/\/colorme-cosmetics.com\/wp-content\/uploads\/2024\/04\/Afb-600x640px.png","width":600,"height":640,"caption":"Starterset - ColorMe"},{"@type":"BreadcrumbList","@id":"https:\/\/colorme-cosmetics.com\/de\/produkt\/colorme-starter-kit-2\/#breadcrumb","itemListElement":[{"@type":"ListItem","position":1,"name":"Home","item":"https:\/\/colorme-cosmetics.com\/de\/"},{"@type":"ListItem","position":2,"name":"Shop","item":"https:\/\/colorme-cosmetics.com\/de\/shop\/"},{"@type":"ListItem","position":3,"name":"ColorMe &#8211; Starterset"}]},{"@type":"WebSite","@id":"https:\/\/colorme-cosmetics.com\/de\/#website","url":"https:\/\/colorme-cosmetics.com\/de\/","name":"ColorMe Cosmetics","description":"","potentialAction":[{"@type":"SearchAction","target":{"@type":"EntryPoint","urlTemplate":"https:\/\/colorme-cosmetics.com\/de\/?s={search_term_string}"},"query-input":{"@type":"PropertyValueSpecification","valueRequired":true,"valueName":"search_term_string"}}],"inLanguage":"de"}]}},"_links":{"self":[{"href":"https:\/\/colorme-cosmetics.com\/de\/wp-json\/wp\/v2\/product\/3888","targetHints":{"allow":["GET"]}}],"collection":[{"href":"https:\/\/colorme-cosmetics.com\/de\/wp-json\/wp\/v2\/product"}],"about":[{"href":"https:\/\/colorme-cosmetics.com\/de\/wp-json\/wp\/v2\/types\/product"}],"wp:featuredmedia":[{"embeddable":true,"href":"https:\/\/colorme-cosmetics.com\/de\/wp-json\/wp\/v2\/media\/3330"}],"wp:attachment":[{"href":"https:\/\/colorme-cosmetics.com\/de\/wp-json\/wp\/v2\/media?parent=3888"}],"wp:term":[{"taxonomy":"product_brand","embeddable":true,"href":"https:\/\/colorme-cosmetics.com\/de\/wp-json\/wp\/v2\/product_brand?post=3888"},{"taxonomy":"product_cat","embeddable":true,"href":"https:\/\/colorme-cosmetics.com\/de\/wp-json\/wp\/v2\/product_cat?post=3888"},{"taxonomy":"product_tag","embeddable":true,"href":"https:\/\/colorme-cosmetics.com\/de\/wp-json\/wp\/v2\/product_tag?post=3888"},{"taxonomy":"product-label","embeddable":true,"href":"https:\/\/colorme-cosmetics.com\/de\/wp-json\/wp\/v2\/product-label?post=3888"}],"curies":[{"name":"wp","href":"https:\/\/api.w.org\/{rel}","templated":true}]}}