{"id":4632,"date":"2025-11-14T14:30:40","date_gmt":"2025-11-14T13:30:40","guid":{"rendered":"https:\/\/colorme-cosmetics.com\/?post_type=product&#038;p=4632"},"modified":"2025-11-20T09:32:29","modified_gmt":"2025-11-20T08:32:29","slug":"colorme-gel-polish-indian-chai","status":"publish","type":"product","link":"https:\/\/colorme-cosmetics.com\/de\/produkt\/colorme-gel-polish-indian-chai\/","title":{"rendered":"ColorMe Gel Polish \u2013 Indian Chai"},"content":{"rendered":"","protected":false},"excerpt":{"rendered":"<p>Ein warmer Wirbel aus W\u00fcrze und Gelassenheit, getr\u00e4nkt in goldenem Komfort und gek\u00fcsst von exotischem Charme.<\/p>\n","protected":false},"featured_media":4569,"template":"","meta":{"_acf_changed":false},"product_brand":[],"product_cat":[92,97],"product_tag":[],"product-label":[],"class_list":{"0":"post-4632","1":"product","2":"type-product","3":"status-publish","4":"has-post-thumbnail","6":"product_cat-farben","7":"product_cat-braun","9":"first","10":"instock","11":"shipping-taxable","12":"purchasable","13":"product-type-simple"},"composite_virtual":false,"composite_layout":"","composite_add_to_cart_form_location":"","composite_editable_in_cart":false,"composite_sold_individually_context":"","composite_shop_price_calc":"","composite_components":[],"composite_scenarios":[],"acf":[],"yoast_head":"<!-- This site is optimized with the Yoast SEO plugin v27.3 - https:\/\/yoast.com\/product\/yoast-seo-wordpress\/ -->\n<title>ColorMe Gel Polish \u2013 Indian Chai<\/title>\n<meta name=\"description\" content=\"Ein warmer Wirbel aus W\u00fcrze und Gelassenheit, getr\u00e4nkt in goldenem Komfort und gek\u00fcsst von exotischem Charme. Kaufen Sie jetzt Ihre Lieblingsfarbe f\u00fcr Gel-Nagellack!\" \/>\n<meta name=\"robots\" content=\"index, follow, max-snippet:-1, max-image-preview:large, max-video-preview:-1\" \/>\n<link rel=\"canonical\" href=\"https:\/\/colorme-cosmetics.com\/de\/produkt\/colorme-gel-polish-indian-chai\/\" \/>\n<meta property=\"og:locale\" content=\"de_DE\" \/>\n<meta property=\"og:type\" content=\"article\" \/>\n<meta property=\"og:title\" content=\"ColorMe Gel Polish \u2013 Indian Chai\" \/>\n<meta property=\"og:description\" content=\"Ein warmer Wirbel aus W\u00fcrze und Gelassenheit, getr\u00e4nkt in goldenem Komfort und gek\u00fcsst von exotischem Charme. Kaufen Sie jetzt Ihre Lieblingsfarbe f\u00fcr Gel-Nagellack!\" \/>\n<meta property=\"og:url\" content=\"https:\/\/colorme-cosmetics.com\/de\/produkt\/colorme-gel-polish-indian-chai\/\" \/>\n<meta property=\"og:site_name\" content=\"ColorMe Cosmetics\" \/>\n<meta property=\"article:modified_time\" content=\"2025-11-20T08:32:29+00:00\" \/>\n<meta property=\"og:image\" content=\"https:\/\/colorme-cosmetics.com\/wp-content\/uploads\/2025\/09\/Bottle-IndianChai.png\" \/>\n\t<meta property=\"og:image:width\" content=\"800\" \/>\n\t<meta property=\"og:image:height\" content=\"800\" \/>\n\t<meta property=\"og:image:type\" content=\"image\/png\" \/>\n<meta name=\"twitter:card\" content=\"summary_large_image\" \/>\n<script type=\"application\/ld+json\" class=\"yoast-schema-graph\">{\"@context\":\"https:\\\/\\\/schema.org\",\"@graph\":[{\"@type\":\"WebPage\",\"@id\":\"https:\\\/\\\/colorme-cosmetics.com\\\/de\\\/produkt\\\/colorme-gel-polish-indian-chai\\\/\",\"url\":\"https:\\\/\\\/colorme-cosmetics.com\\\/de\\\/produkt\\\/colorme-gel-polish-indian-chai\\\/\",\"name\":\"ColorMe Gel Polish \u2013 Indian Chai\",\"isPartOf\":{\"@id\":\"https:\\\/\\\/colorme-cosmetics.com\\\/de\\\/#website\"},\"primaryImageOfPage\":{\"@id\":\"https:\\\/\\\/colorme-cosmetics.com\\\/de\\\/produkt\\\/colorme-gel-polish-indian-chai\\\/#primaryimage\"},\"image\":{\"@id\":\"https:\\\/\\\/colorme-cosmetics.com\\\/de\\\/produkt\\\/colorme-gel-polish-indian-chai\\\/#primaryimage\"},\"thumbnailUrl\":\"https:\\\/\\\/colorme-cosmetics.com\\\/wp-content\\\/uploads\\\/2025\\\/09\\\/Bottle-IndianChai.png\",\"datePublished\":\"2025-11-14T13:30:40+00:00\",\"dateModified\":\"2025-11-20T08:32:29+00:00\",\"description\":\"Ein warmer Wirbel aus W\u00fcrze und Gelassenheit, getr\u00e4nkt in goldenem Komfort und gek\u00fcsst von exotischem Charme. Kaufen Sie jetzt Ihre Lieblingsfarbe f\u00fcr Gel-Nagellack!\",\"breadcrumb\":{\"@id\":\"https:\\\/\\\/colorme-cosmetics.com\\\/de\\\/produkt\\\/colorme-gel-polish-indian-chai\\\/#breadcrumb\"},\"inLanguage\":\"de\",\"potentialAction\":[{\"@type\":\"ReadAction\",\"target\":[\"https:\\\/\\\/colorme-cosmetics.com\\\/de\\\/produkt\\\/colorme-gel-polish-indian-chai\\\/\"]}]},{\"@type\":\"ImageObject\",\"inLanguage\":\"de\",\"@id\":\"https:\\\/\\\/colorme-cosmetics.com\\\/de\\\/produkt\\\/colorme-gel-polish-indian-chai\\\/#primaryimage\",\"url\":\"https:\\\/\\\/colorme-cosmetics.com\\\/wp-content\\\/uploads\\\/2025\\\/09\\\/Bottle-IndianChai.png\",\"contentUrl\":\"https:\\\/\\\/colorme-cosmetics.com\\\/wp-content\\\/uploads\\\/2025\\\/09\\\/Bottle-IndianChai.png\",\"width\":800,\"height\":800,\"caption\":\"Bottle-IndianChai\"},{\"@type\":\"BreadcrumbList\",\"@id\":\"https:\\\/\\\/colorme-cosmetics.com\\\/de\\\/produkt\\\/colorme-gel-polish-indian-chai\\\/#breadcrumb\",\"itemListElement\":[{\"@type\":\"ListItem\",\"position\":1,\"name\":\"Home\",\"item\":\"https:\\\/\\\/colorme-cosmetics.com\\\/de\\\/\"},{\"@type\":\"ListItem\",\"position\":2,\"name\":\"Shop\",\"item\":\"https:\\\/\\\/colorme-cosmetics.com\\\/de\\\/shop\\\/\"},{\"@type\":\"ListItem\",\"position\":3,\"name\":\"ColorMe Gel Polish \u2013 Indian Chai\"}]},{\"@type\":\"WebSite\",\"@id\":\"https:\\\/\\\/colorme-cosmetics.com\\\/de\\\/#website\",\"url\":\"https:\\\/\\\/colorme-cosmetics.com\\\/de\\\/\",\"name\":\"ColorMe Cosmetics\",\"description\":\"\",\"potentialAction\":[{\"@type\":\"SearchAction\",\"target\":{\"@type\":\"EntryPoint\",\"urlTemplate\":\"https:\\\/\\\/colorme-cosmetics.com\\\/de\\\/?s={search_term_string}\"},\"query-input\":{\"@type\":\"PropertyValueSpecification\",\"valueRequired\":true,\"valueName\":\"search_term_string\"}}],\"inLanguage\":\"de\"}]}<\/script>\n<!-- \/ Yoast SEO plugin. -->","yoast_head_json":{"title":"ColorMe Gel Polish \u2013 Indian Chai","description":"Ein warmer Wirbel aus W\u00fcrze und Gelassenheit, getr\u00e4nkt in goldenem Komfort und gek\u00fcsst von exotischem Charme. Kaufen Sie jetzt Ihre Lieblingsfarbe f\u00fcr Gel-Nagellack!","robots":{"index":"index","follow":"follow","max-snippet":"max-snippet:-1","max-image-preview":"max-image-preview:large","max-video-preview":"max-video-preview:-1"},"canonical":"https:\/\/colorme-cosmetics.com\/de\/produkt\/colorme-gel-polish-indian-chai\/","og_locale":"de_DE","og_type":"article","og_title":"ColorMe Gel Polish \u2013 Indian Chai","og_description":"Ein warmer Wirbel aus W\u00fcrze und Gelassenheit, getr\u00e4nkt in goldenem Komfort und gek\u00fcsst von exotischem Charme. Kaufen Sie jetzt Ihre Lieblingsfarbe f\u00fcr Gel-Nagellack!","og_url":"https:\/\/colorme-cosmetics.com\/de\/produkt\/colorme-gel-polish-indian-chai\/","og_site_name":"ColorMe Cosmetics","article_modified_time":"2025-11-20T08:32:29+00:00","og_image":[{"width":800,"height":800,"url":"https:\/\/colorme-cosmetics.com\/wp-content\/uploads\/2025\/09\/Bottle-IndianChai.png","type":"image\/png"}],"twitter_card":"summary_large_image","schema":{"@context":"https:\/\/schema.org","@graph":[{"@type":"WebPage","@id":"https:\/\/colorme-cosmetics.com\/de\/produkt\/colorme-gel-polish-indian-chai\/","url":"https:\/\/colorme-cosmetics.com\/de\/produkt\/colorme-gel-polish-indian-chai\/","name":"ColorMe Gel Polish \u2013 Indian Chai","isPartOf":{"@id":"https:\/\/colorme-cosmetics.com\/de\/#website"},"primaryImageOfPage":{"@id":"https:\/\/colorme-cosmetics.com\/de\/produkt\/colorme-gel-polish-indian-chai\/#primaryimage"},"image":{"@id":"https:\/\/colorme-cosmetics.com\/de\/produkt\/colorme-gel-polish-indian-chai\/#primaryimage"},"thumbnailUrl":"https:\/\/colorme-cosmetics.com\/wp-content\/uploads\/2025\/09\/Bottle-IndianChai.png","datePublished":"2025-11-14T13:30:40+00:00","dateModified":"2025-11-20T08:32:29+00:00","description":"Ein warmer Wirbel aus W\u00fcrze und Gelassenheit, getr\u00e4nkt in goldenem Komfort und gek\u00fcsst von exotischem Charme. Kaufen Sie jetzt Ihre Lieblingsfarbe f\u00fcr Gel-Nagellack!","breadcrumb":{"@id":"https:\/\/colorme-cosmetics.com\/de\/produkt\/colorme-gel-polish-indian-chai\/#breadcrumb"},"inLanguage":"de","potentialAction":[{"@type":"ReadAction","target":["https:\/\/colorme-cosmetics.com\/de\/produkt\/colorme-gel-polish-indian-chai\/"]}]},{"@type":"ImageObject","inLanguage":"de","@id":"https:\/\/colorme-cosmetics.com\/de\/produkt\/colorme-gel-polish-indian-chai\/#primaryimage","url":"https:\/\/colorme-cosmetics.com\/wp-content\/uploads\/2025\/09\/Bottle-IndianChai.png","contentUrl":"https:\/\/colorme-cosmetics.com\/wp-content\/uploads\/2025\/09\/Bottle-IndianChai.png","width":800,"height":800,"caption":"Bottle-IndianChai"},{"@type":"BreadcrumbList","@id":"https:\/\/colorme-cosmetics.com\/de\/produkt\/colorme-gel-polish-indian-chai\/#breadcrumb","itemListElement":[{"@type":"ListItem","position":1,"name":"Home","item":"https:\/\/colorme-cosmetics.com\/de\/"},{"@type":"ListItem","position":2,"name":"Shop","item":"https:\/\/colorme-cosmetics.com\/de\/shop\/"},{"@type":"ListItem","position":3,"name":"ColorMe Gel Polish \u2013 Indian Chai"}]},{"@type":"WebSite","@id":"https:\/\/colorme-cosmetics.com\/de\/#website","url":"https:\/\/colorme-cosmetics.com\/de\/","name":"ColorMe Cosmetics","description":"","potentialAction":[{"@type":"SearchAction","target":{"@type":"EntryPoint","urlTemplate":"https:\/\/colorme-cosmetics.com\/de\/?s={search_term_string}"},"query-input":{"@type":"PropertyValueSpecification","valueRequired":true,"valueName":"search_term_string"}}],"inLanguage":"de"}]}},"_links":{"self":[{"href":"https:\/\/colorme-cosmetics.com\/de\/wp-json\/wp\/v2\/product\/4632","targetHints":{"allow":["GET"]}}],"collection":[{"href":"https:\/\/colorme-cosmetics.com\/de\/wp-json\/wp\/v2\/product"}],"about":[{"href":"https:\/\/colorme-cosmetics.com\/de\/wp-json\/wp\/v2\/types\/product"}],"wp:featuredmedia":[{"embeddable":true,"href":"https:\/\/colorme-cosmetics.com\/de\/wp-json\/wp\/v2\/media\/4569"}],"wp:attachment":[{"href":"https:\/\/colorme-cosmetics.com\/de\/wp-json\/wp\/v2\/media?parent=4632"}],"wp:term":[{"taxonomy":"product_brand","embeddable":true,"href":"https:\/\/colorme-cosmetics.com\/de\/wp-json\/wp\/v2\/product_brand?post=4632"},{"taxonomy":"product_cat","embeddable":true,"href":"https:\/\/colorme-cosmetics.com\/de\/wp-json\/wp\/v2\/product_cat?post=4632"},{"taxonomy":"product_tag","embeddable":true,"href":"https:\/\/colorme-cosmetics.com\/de\/wp-json\/wp\/v2\/product_tag?post=4632"},{"taxonomy":"product-label","embeddable":true,"href":"https:\/\/colorme-cosmetics.com\/de\/wp-json\/wp\/v2\/product-label?post=4632"}],"curies":[{"name":"wp","href":"https:\/\/api.w.org\/{rel}","templated":true}]}}