{"id":1882,"date":"2024-05-31T12:24:15","date_gmt":"2024-05-31T10:24:15","guid":{"rendered":"https:\/\/colorme-cosmetics.com\/preguntas-frecuentes\/"},"modified":"2025-01-09T16:13:20","modified_gmt":"2025-01-09T15:13:20","slug":"preguntas-frecuentes","status":"publish","type":"page","link":"https:\/\/colorme-cosmetics.com\/es\/preguntas-frecuentes\/","title":{"rendered":"Preguntas frecuentes"},"content":{"rendered":"<section id=section-block-block_f05c0a9578b7b0036ef23e2ea73fa566 class=\"section faq_block\" itemscope itemtype=\"https:\/\/schema.org\/FAQPage\"><div class=\"container\"><div class=\"block-row blocks-in-row-1\"><div class=\"block faq-block\"><div class=\"inner-wrapper\"><div class=\"title-wrapper\"><h2 class=\"block-title h2\">Acerca de ColorMe<\/h2><\/div><ul class=\"faq-wrapper\"><li class=\"faq-item\" itemscope itemprop=\"mainEntity\" itemtype=\"https:\/\/schema.org\/Question\"><button class=\"faq-question\" itemprop=\"name\" aria-expanded=\"false\">\u00bfEn qu\u00e9 se diferencia el esmalte en gel ColorMe de las marcas normales?<\/button><div itemscope itemprop=\"acceptedAnswer\" itemtype=\"https:\/\/schema.org\/Answer\" class=\"faq-answer\"><p>Los esmaltes de gel ColorMe se distinguen de las marcas corrientes por ofrecer algo m\u00e1s que unas u\u00f1as bonitas. Nuestra misi\u00f3n es elevar la autoexpresi\u00f3n y capacitar a las mujeres mediante experiencias de lujo en el cuidado de las u\u00f1as. Nuestros productos celebran tu belleza inherente, haci\u00e9ndote sentir mimada, segura de ti misma y realmente bella. Cada aplicaci\u00f3n est\u00e1 dise\u00f1ada para realzar tu elegancia natural, permiti\u00e9ndote descubrir y abrazar tu pulida confianza con cada uso.   <\/p>\n<\/div><\/li><li class=\"faq-item\" itemscope itemprop=\"mainEntity\" itemtype=\"https:\/\/schema.org\/Question\"><button class=\"faq-question\" itemprop=\"name\" aria-expanded=\"false\">\u00bfLos productos ColorMe son sin hema y veganos?<\/button><div itemscope itemprop=\"acceptedAnswer\" itemtype=\"https:\/\/schema.org\/Answer\" class=\"faq-answer\"><p>S\u00ed, todos los productos ColorMe son sin hema y veganos.<\/p>\n<\/div><\/li><li class=\"faq-item\" itemscope itemprop=\"mainEntity\" itemtype=\"https:\/\/schema.org\/Question\"><button class=\"faq-question\" itemprop=\"name\" aria-expanded=\"false\">\u00bfD\u00f3nde comprar los productos de ColorMe?<\/button><div itemscope itemprop=\"acceptedAnswer\" itemtype=\"https:\/\/schema.org\/Answer\" class=\"faq-answer\"><p>Puedes comprar productos ColorMe en nuestra tienda web.<\/p>\n<\/div><\/li><\/ul><\/div><\/div><\/div><\/div><\/section>\n\n<section id=section-block-block_a2e18907459f47d88ad7554eccabe0bd class=\"section faq_block\" itemscope itemtype=\"https:\/\/schema.org\/FAQPage\"><div class=\"container\"><div class=\"block-row blocks-in-row-1\"><div class=\"block faq-block\"><div class=\"inner-wrapper\"><div class=\"title-wrapper\"><h2 class=\"block-title h2\">General<\/h2><\/div><ul class=\"faq-wrapper\"><li class=\"faq-item\" itemscope itemprop=\"mainEntity\" itemtype=\"https:\/\/schema.org\/Question\"><button class=\"faq-question\" itemprop=\"name\" aria-expanded=\"false\">\u00bfQu\u00e9 es el esmalte de gel?<\/button><div itemscope itemprop=\"acceptedAnswer\" itemtype=\"https:\/\/schema.org\/Answer\" class=\"faq-answer\"><p>El esmalte de gel es un tipo de esmalte de u\u00f1as que requiere curado bajo una l\u00e1mpara LED o UV especializada para fijarse y endurecerse. Este proceso de endurecimiento crea una manicura duradera que soporta el desgaste diario sin astillarse ni deste\u00f1irse. <\/p>\n<\/div><\/li><li class=\"faq-item\" itemscope itemprop=\"mainEntity\" itemtype=\"https:\/\/schema.org\/Question\"><button class=\"faq-question\" itemprop=\"name\" aria-expanded=\"false\">\u00bfQu\u00e9 esmalte en gel no contiene hema?<\/button><div itemscope itemprop=\"acceptedAnswer\" itemtype=\"https:\/\/schema.org\/Answer\" class=\"faq-answer\"><p>ColorMe s\u00f3lo ofrece esmaltes en gel sin HEMA.<\/p>\n<\/div><\/li><li class=\"faq-item\" itemscope itemprop=\"mainEntity\" itemtype=\"https:\/\/schema.org\/Question\"><button class=\"faq-question\" itemprop=\"name\" aria-expanded=\"false\">\u00bfCu\u00e1nto dura el esmalte de gel?<\/button><div itemscope itemprop=\"acceptedAnswer\" itemtype=\"https:\/\/schema.org\/Answer\" class=\"faq-answer\"><p>El esmalte de gel puede durar unos 14 d\u00edas, o dos semanas, sin descascarillarse ni pelarse. Sin embargo, la duraci\u00f3n del esmalte de gel puede variar en funci\u00f3n de varios factores, como la t\u00e9cnica de aplicaci\u00f3n y el estado de las u\u00f1as naturales. <\/p>\n<\/div><\/li><li class=\"faq-item\" itemscope itemprop=\"mainEntity\" itemtype=\"https:\/\/schema.org\/Question\"><button class=\"faq-question\" itemprop=\"name\" aria-expanded=\"false\">\u00bfCu\u00e1l es la diferencia entre u\u00f1as acr\u00edlicas, u\u00f1as de gel y esmalte de gel?<\/button><div itemscope itemprop=\"acceptedAnswer\" itemtype=\"https:\/\/schema.org\/Answer\" class=\"faq-answer\"><p>Las u\u00f1as acr\u00edlicas y de gel duro son mejoras de las u\u00f1as artificiales que se curan con luz UV o LED. Las u\u00f1as acr\u00edlicas se hacen con un mon\u00f3mero l\u00edquido y un pol\u00edmero en polvo, mientras que las de gel duro utilizan una sustancia gelatinosa espesa. Las acr\u00edlicas son ideales para u\u00f1as m\u00e1s largas y esculpidas, mientras que las de gel duro son mejores para u\u00f1as m\u00e1s cortas y de aspecto natural. El esmalte de gel tambi\u00e9n se cura con luz UV o LED y se utiliza para una gran variedad de dise\u00f1os de u\u00f1as. El esmalte de u\u00f1as de gel se utiliza sin adornos artificiales en las u\u00f1as. La elecci\u00f3n depende de las preferencias personales y del estilo de vida.     <\/p>\n<\/div><\/li><li class=\"faq-item\" itemscope itemprop=\"mainEntity\" itemtype=\"https:\/\/schema.org\/Question\"><button class=\"faq-question\" itemprop=\"name\" aria-expanded=\"false\">\u00bfC\u00f3mo aplico el esmalte en gel para obtener los mejores resultados?<\/button><div itemscope itemprop=\"acceptedAnswer\" itemtype=\"https:\/\/schema.org\/Answer\" class=\"faq-answer\"><p>Si quieres instrucciones detalladas sobre c\u00f3mo aplicar el esmalte de gel para obtener los mejores resultados, te invitamos a consultar la gu\u00eda completa de nuestro blog. All\u00ed encontrar\u00e1s tutoriales paso a paso, consejos y trucos que te ayudar\u00e1n a conseguir una manicura de gel impecable en casa. Visita nuestro blog para obtener consejos de expertos y conocimientos sobre el cuidado de las u\u00f1as que elevar\u00e1n tu juego de u\u00f1as al siguiente nivel.  <\/p>\n<\/div><\/li><li class=\"faq-item\" itemscope itemprop=\"mainEntity\" itemtype=\"https:\/\/schema.org\/Question\"><button class=\"faq-question\" itemprop=\"name\" aria-expanded=\"false\">\u00bfQu\u00e9 esmalte en gel es m\u00e1s f\u00e1cil de quitar?<\/button><div itemscope itemprop=\"acceptedAnswer\" itemtype=\"https:\/\/schema.org\/Answer\" class=\"faq-answer\"><p>La capa base pelable de gel suele considerarse el esmalte de gel m\u00e1s f\u00e1cil de quitar. La capa base peel-off puede despegarse de la u\u00f1a sin necesidad de remojarla ni limarla. Esto lo convierte en una opci\u00f3n c\u00f3moda para quienes prefieren un proceso de eliminaci\u00f3n m\u00e1s r\u00e1pido y suave.  <\/p>\n<\/div><\/li><li class=\"faq-item\" itemscope itemprop=\"mainEntity\" itemtype=\"https:\/\/schema.org\/Question\"><button class=\"faq-question\" itemprop=\"name\" aria-expanded=\"false\">\u00bfEs posible ser al\u00e9rgico a los acrilatos en el esmalte en gel?<\/button><div itemscope itemprop=\"acceptedAnswer\" itemtype=\"https:\/\/schema.org\/Answer\" class=\"faq-answer\"><p>Un peque\u00f1o grupo de personas es, lamentablemente, al\u00e9rgico a los acrilatos presentes en el esmalte en gel.<\/p>\n<p>Si notas una leve reacci\u00f3n al\u00e9rgica despu\u00e9s de la aplicaci\u00f3n, te recomendamos dejar de usar esmalte en gel de inmediato, ya que la alergia puede acumularse con el tiempo.<\/p>\n<\/div><\/li><li class=\"faq-item\" itemscope itemprop=\"mainEntity\" itemtype=\"https:\/\/schema.org\/Question\"><button class=\"faq-question\" itemprop=\"name\" aria-expanded=\"false\">\u00bfPor qu\u00e9 los colores del producto pueden diferir de lo que veo en el sitio web?<\/button><div itemscope itemprop=\"acceptedAnswer\" itemtype=\"https:\/\/schema.org\/Answer\" class=\"faq-answer\"><p>Los colores de los productos que se muestran en nuestro sitio web pueden variar ligeramente debido a diferencias en la configuraci\u00f3n de pantalla, las condiciones de iluminaci\u00f3n y las tecnolog\u00edas de visualizaci\u00f3n. Nos esforzamos por garantizar im\u00e1genes precisas, pero los colores reales del producto pueden diferir levemente.<\/p>\n<\/div><\/li><\/ul><\/div><\/div><\/div><\/div><\/section>\n\n<section id=section-block-block_03a8e617af916d024fcc3987e48727a1 class=\"section faq_block\" itemscope itemtype=\"https:\/\/schema.org\/FAQPage\"><div class=\"container\"><div class=\"block-row blocks-in-row-1\"><div class=\"block faq-block\"><div class=\"inner-wrapper\"><div class=\"title-wrapper\"><h2 class=\"block-title h2\">L\u00e1mpara LED<\/h2><\/div><ul class=\"faq-wrapper\"><li class=\"faq-item\" itemscope itemprop=\"mainEntity\" itemtype=\"https:\/\/schema.org\/Question\"><button class=\"faq-question\" itemprop=\"name\" aria-expanded=\"false\">\u00bfCu\u00e1l es la diferencia entre las l\u00e1mparas led y las l\u00e1mparas uv?<\/button><div itemscope itemprop=\"acceptedAnswer\" itemtype=\"https:\/\/schema.org\/Answer\" class=\"faq-answer\"><p>Las l\u00e1mparas led utilizan una tecnolog\u00eda similar pero m\u00e1s eficiente que las l\u00e1mparas uv. Cuando se trata de endurecer el esmalte de gel, las l\u00e1mparas led para u\u00f1as consiguen los mismos resultados en menos de la mitad del tiempo que necesitan las l\u00e1mparas uv. No emiten los mismos uvas o uvbs, y no necesitas cambiar las bombillas como con las l\u00e1mparas uv.  <\/p>\n<\/div><\/li><li class=\"faq-item\" itemscope itemprop=\"mainEntity\" itemtype=\"https:\/\/schema.org\/Question\"><button class=\"faq-question\" itemprop=\"name\" aria-expanded=\"false\">\u00bfPuedes mirar la l\u00e1mpara LED cuando est\u00e1 encendida?<\/button><div itemscope itemprop=\"acceptedAnswer\" itemtype=\"https:\/\/schema.org\/Answer\" class=\"faq-answer\"><p>Evita mirar directamente a cualquier fuente de luz para evitar posibles da\u00f1os oculares.<\/p>\n<\/div><\/li><li class=\"faq-item\" itemscope itemprop=\"mainEntity\" itemtype=\"https:\/\/schema.org\/Question\"><button class=\"faq-question\" itemprop=\"name\" aria-expanded=\"false\">\u00bfSe seca el esmalte de gel sin l\u00e1mpara?<\/button><div itemscope itemprop=\"acceptedAnswer\" itemtype=\"https:\/\/schema.org\/Answer\" class=\"faq-answer\"><p>No, el esmalte en gel no se endurece sin exponerlo a una l\u00e1mpara UV o LED. Estas l\u00e1mparas son necesarias para iniciar el proceso de curado, que da como resultado un acabado duro y duradero del esmalte en gel. <\/p>\n<\/div><\/li><\/ul><\/div><\/div><\/div><\/div><\/section>\n\n<section id=section-block-block_5af143b930f093d1b4cffd952224ae92 class=\"section block_content center\" itemscope itemtype=\"http:\/\/schema.org\/WebPageElement\" itemprop=\"hasPart\"><div class=\"container\"><div class=\"block-row blocks-in-row-1\"><div class=\"block content-block\" itemscope itemtype=\"http:\/\/schema.org\/WebPageElement\" itemprop=\"isPartOf\"><div class=\"inner-wrapper\"><div class=\"title-wrapper\"><h2 class=\"block-title h2\">Es bueno saberlo<\/h2><\/div><div itemprop=\"text\" class=\"content-wrapper\"><p>&nbsp;<\/p>\n<ul>\n<li style=\"text-align: left;\">Para mantener tu esmalte en gel fresco y listo para usar, <strong>gu\u00e1rdalo en un lugar oscuro a temperatura ambiente<\/strong>. Evita dejarlo cerca de una ventana o bajo una luz, ya que la exposici\u00f3n a la luz puede hacer que se seque con el tiempo, tanto en el frasco como en el pincel. <\/li>\n<li style=\"text-align: left;\">Para que <strong>el esmalte de gel brille como un espejo<\/strong>, aseg\u00farate de que la l\u00e1mpara LED est\u00e9 encendida durante el endurecimiento, deja las u\u00f1as bajo la l\u00e1mpara durante el tiempo recomendado y limpia peri\u00f3dicamente la superficie interior del reflector de la l\u00e1mpara LED.<\/li>\n<li style=\"text-align: left;\">La exposici\u00f3n a la luz UV, ya sea del sol o de fuentes artificiales, <strong>puede hacer que el esmalte de gel se decolore.<\/strong> Adem\u00e1s, ingredientes como el DEET que se encuentra en las cremas solares, los productos para despu\u00e9s del sol y los repelentes de insectos pueden provocar un efecto parcheado en tus u\u00f1as. Para evitarlo, l\u00e1vate bien las manos y las u\u00f1as despu\u00e9s de usarlas para mantener el brillo del esmalte. <\/li>\n<\/ul>\n<\/div><\/div><\/div><\/div><\/div><\/section>","protected":false},"excerpt":{"rendered":"","protected":false},"author":1,"featured_media":242,"parent":0,"menu_order":700,"comment_status":"closed","ping_status":"closed","template":"","meta":{"_acf_changed":false,"footnotes":""},"class_list":["post-1882","page","type-page","status-publish","has-post-thumbnail","hentry"],"acf":[],"yoast_head":"<!-- This site is optimized with the Yoast SEO plugin v27.5 - https:\/\/yoast.com\/product\/yoast-seo-wordpress\/ -->\n<title>Preguntas frecuentes - ColorMe Cosmetics<\/title>\n<meta name=\"description\" content=\"\u00bfNecesitas ayuda? Nuestra p\u00e1gina de Preguntas frecuentes tiene respuestas a las preguntas m\u00e1s frecuentes. Encuentra informaci\u00f3n sobre productos, servicios y mucho m\u00e1s.\" \/>\n<meta name=\"robots\" content=\"index, follow, max-snippet:-1, max-image-preview:large, max-video-preview:-1\" \/>\n<link rel=\"canonical\" href=\"https:\/\/colorme-cosmetics.com\/es\/preguntas-frecuentes\/\" \/>\n<meta property=\"og:locale\" content=\"es_ES\" \/>\n<meta property=\"og:type\" content=\"article\" \/>\n<meta property=\"og:title\" content=\"Preguntas frecuentes - ColorMe Cosmetics\" \/>\n<meta property=\"og:description\" content=\"\u00bfNecesitas ayuda? Nuestra p\u00e1gina de Preguntas frecuentes tiene respuestas a las preguntas m\u00e1s frecuentes. Encuentra informaci\u00f3n sobre productos, servicios y mucho m\u00e1s.\" \/>\n<meta property=\"og:url\" content=\"https:\/\/colorme-cosmetics.com\/es\/preguntas-frecuentes\/\" \/>\n<meta property=\"og:site_name\" content=\"ColorMe Cosmetics\" \/>\n<meta property=\"article:modified_time\" content=\"2025-01-09T15:13:20+00:00\" \/>\n<meta property=\"og:image\" content=\"https:\/\/colorme-cosmetics.com\/wp-content\/uploads\/2024\/04\/CM-Gezicht-van-CM-big.jpg\" \/>\n\t<meta property=\"og:image:width\" content=\"1894\" \/>\n\t<meta property=\"og:image:height\" content=\"1065\" \/>\n\t<meta property=\"og:image:type\" content=\"image\/jpeg\" \/>\n<meta name=\"twitter:card\" content=\"summary_large_image\" \/>\n<meta name=\"twitter:label1\" content=\"Tiempo de lectura\" \/>\n\t<meta name=\"twitter:data1\" content=\"5 minutos\" \/>\n<script type=\"application\/ld+json\" class=\"yoast-schema-graph\">{\"@context\":\"https:\\\/\\\/schema.org\",\"@graph\":[{\"@type\":\"WebPage\",\"@id\":\"https:\\\/\\\/colorme-cosmetics.com\\\/es\\\/preguntas-frecuentes\\\/\",\"url\":\"https:\\\/\\\/colorme-cosmetics.com\\\/es\\\/preguntas-frecuentes\\\/\",\"name\":\"Preguntas frecuentes - ColorMe Cosmetics\",\"isPartOf\":{\"@id\":\"https:\\\/\\\/colorme-cosmetics.com\\\/es\\\/#website\"},\"primaryImageOfPage\":{\"@id\":\"https:\\\/\\\/colorme-cosmetics.com\\\/es\\\/preguntas-frecuentes\\\/#primaryimage\"},\"image\":{\"@id\":\"https:\\\/\\\/colorme-cosmetics.com\\\/es\\\/preguntas-frecuentes\\\/#primaryimage\"},\"thumbnailUrl\":\"https:\\\/\\\/colorme-cosmetics.com\\\/wp-content\\\/uploads\\\/2024\\\/04\\\/CM-Gezicht-van-CM-big.jpg\",\"datePublished\":\"2024-05-31T10:24:15+00:00\",\"dateModified\":\"2025-01-09T15:13:20+00:00\",\"description\":\"\u00bfNecesitas ayuda? Nuestra p\u00e1gina de Preguntas frecuentes tiene respuestas a las preguntas m\u00e1s frecuentes. Encuentra informaci\u00f3n sobre productos, servicios y mucho m\u00e1s.\",\"breadcrumb\":{\"@id\":\"https:\\\/\\\/colorme-cosmetics.com\\\/es\\\/preguntas-frecuentes\\\/#breadcrumb\"},\"inLanguage\":\"es\",\"potentialAction\":[{\"@type\":\"ReadAction\",\"target\":[\"https:\\\/\\\/colorme-cosmetics.com\\\/es\\\/preguntas-frecuentes\\\/\"]}]},{\"@type\":\"ImageObject\",\"inLanguage\":\"es\",\"@id\":\"https:\\\/\\\/colorme-cosmetics.com\\\/es\\\/preguntas-frecuentes\\\/#primaryimage\",\"url\":\"https:\\\/\\\/colorme-cosmetics.com\\\/wp-content\\\/uploads\\\/2024\\\/04\\\/CM-Gezicht-van-CM-big.jpg\",\"contentUrl\":\"https:\\\/\\\/colorme-cosmetics.com\\\/wp-content\\\/uploads\\\/2024\\\/04\\\/CM-Gezicht-van-CM-big.jpg\",\"width\":1894,\"height\":1065,\"caption\":\"Gezicht en nagels\"},{\"@type\":\"BreadcrumbList\",\"@id\":\"https:\\\/\\\/colorme-cosmetics.com\\\/es\\\/preguntas-frecuentes\\\/#breadcrumb\",\"itemListElement\":[{\"@type\":\"ListItem\",\"position\":1,\"name\":\"Home\",\"item\":\"https:\\\/\\\/colorme-cosmetics.com\\\/es\\\/\"},{\"@type\":\"ListItem\",\"position\":2,\"name\":\"Preguntas frecuentes\"}]},{\"@type\":\"WebSite\",\"@id\":\"https:\\\/\\\/colorme-cosmetics.com\\\/es\\\/#website\",\"url\":\"https:\\\/\\\/colorme-cosmetics.com\\\/es\\\/\",\"name\":\"ColorMe Cosmetics\",\"description\":\"\",\"potentialAction\":[{\"@type\":\"SearchAction\",\"target\":{\"@type\":\"EntryPoint\",\"urlTemplate\":\"https:\\\/\\\/colorme-cosmetics.com\\\/es\\\/?s={search_term_string}\"},\"query-input\":{\"@type\":\"PropertyValueSpecification\",\"valueRequired\":true,\"valueName\":\"search_term_string\"}}],\"inLanguage\":\"es\"}]}<\/script>\n<!-- \/ Yoast SEO plugin. -->","yoast_head_json":{"title":"Preguntas frecuentes - ColorMe Cosmetics","description":"\u00bfNecesitas ayuda? Nuestra p\u00e1gina de Preguntas frecuentes tiene respuestas a las preguntas m\u00e1s frecuentes. Encuentra informaci\u00f3n sobre productos, servicios y mucho m\u00e1s.","robots":{"index":"index","follow":"follow","max-snippet":"max-snippet:-1","max-image-preview":"max-image-preview:large","max-video-preview":"max-video-preview:-1"},"canonical":"https:\/\/colorme-cosmetics.com\/es\/preguntas-frecuentes\/","og_locale":"es_ES","og_type":"article","og_title":"Preguntas frecuentes - ColorMe Cosmetics","og_description":"\u00bfNecesitas ayuda? Nuestra p\u00e1gina de Preguntas frecuentes tiene respuestas a las preguntas m\u00e1s frecuentes. Encuentra informaci\u00f3n sobre productos, servicios y mucho m\u00e1s.","og_url":"https:\/\/colorme-cosmetics.com\/es\/preguntas-frecuentes\/","og_site_name":"ColorMe Cosmetics","article_modified_time":"2025-01-09T15:13:20+00:00","og_image":[{"width":1894,"height":1065,"url":"https:\/\/colorme-cosmetics.com\/wp-content\/uploads\/2024\/04\/CM-Gezicht-van-CM-big.jpg","type":"image\/jpeg"}],"twitter_card":"summary_large_image","twitter_misc":{"Tiempo de lectura":"5 minutos"},"schema":{"@context":"https:\/\/schema.org","@graph":[{"@type":"WebPage","@id":"https:\/\/colorme-cosmetics.com\/es\/preguntas-frecuentes\/","url":"https:\/\/colorme-cosmetics.com\/es\/preguntas-frecuentes\/","name":"Preguntas frecuentes - ColorMe Cosmetics","isPartOf":{"@id":"https:\/\/colorme-cosmetics.com\/es\/#website"},"primaryImageOfPage":{"@id":"https:\/\/colorme-cosmetics.com\/es\/preguntas-frecuentes\/#primaryimage"},"image":{"@id":"https:\/\/colorme-cosmetics.com\/es\/preguntas-frecuentes\/#primaryimage"},"thumbnailUrl":"https:\/\/colorme-cosmetics.com\/wp-content\/uploads\/2024\/04\/CM-Gezicht-van-CM-big.jpg","datePublished":"2024-05-31T10:24:15+00:00","dateModified":"2025-01-09T15:13:20+00:00","description":"\u00bfNecesitas ayuda? Nuestra p\u00e1gina de Preguntas frecuentes tiene respuestas a las preguntas m\u00e1s frecuentes. Encuentra informaci\u00f3n sobre productos, servicios y mucho m\u00e1s.","breadcrumb":{"@id":"https:\/\/colorme-cosmetics.com\/es\/preguntas-frecuentes\/#breadcrumb"},"inLanguage":"es","potentialAction":[{"@type":"ReadAction","target":["https:\/\/colorme-cosmetics.com\/es\/preguntas-frecuentes\/"]}]},{"@type":"ImageObject","inLanguage":"es","@id":"https:\/\/colorme-cosmetics.com\/es\/preguntas-frecuentes\/#primaryimage","url":"https:\/\/colorme-cosmetics.com\/wp-content\/uploads\/2024\/04\/CM-Gezicht-van-CM-big.jpg","contentUrl":"https:\/\/colorme-cosmetics.com\/wp-content\/uploads\/2024\/04\/CM-Gezicht-van-CM-big.jpg","width":1894,"height":1065,"caption":"Gezicht en nagels"},{"@type":"BreadcrumbList","@id":"https:\/\/colorme-cosmetics.com\/es\/preguntas-frecuentes\/#breadcrumb","itemListElement":[{"@type":"ListItem","position":1,"name":"Home","item":"https:\/\/colorme-cosmetics.com\/es\/"},{"@type":"ListItem","position":2,"name":"Preguntas frecuentes"}]},{"@type":"WebSite","@id":"https:\/\/colorme-cosmetics.com\/es\/#website","url":"https:\/\/colorme-cosmetics.com\/es\/","name":"ColorMe Cosmetics","description":"","potentialAction":[{"@type":"SearchAction","target":{"@type":"EntryPoint","urlTemplate":"https:\/\/colorme-cosmetics.com\/es\/?s={search_term_string}"},"query-input":{"@type":"PropertyValueSpecification","valueRequired":true,"valueName":"search_term_string"}}],"inLanguage":"es"}]}},"_links":{"self":[{"href":"https:\/\/colorme-cosmetics.com\/es\/wp-json\/wp\/v2\/pages\/1882","targetHints":{"allow":["GET"]}}],"collection":[{"href":"https:\/\/colorme-cosmetics.com\/es\/wp-json\/wp\/v2\/pages"}],"about":[{"href":"https:\/\/colorme-cosmetics.com\/es\/wp-json\/wp\/v2\/types\/page"}],"author":[{"embeddable":true,"href":"https:\/\/colorme-cosmetics.com\/es\/wp-json\/wp\/v2\/users\/1"}],"replies":[{"embeddable":true,"href":"https:\/\/colorme-cosmetics.com\/es\/wp-json\/wp\/v2\/comments?post=1882"}],"version-history":[{"count":0,"href":"https:\/\/colorme-cosmetics.com\/es\/wp-json\/wp\/v2\/pages\/1882\/revisions"}],"wp:featuredmedia":[{"embeddable":true,"href":"https:\/\/colorme-cosmetics.com\/es\/wp-json\/wp\/v2\/media\/242"}],"wp:attachment":[{"href":"https:\/\/colorme-cosmetics.com\/es\/wp-json\/wp\/v2\/media?parent=1882"}],"curies":[{"name":"wp","href":"https:\/\/api.w.org\/{rel}","templated":true}]}}