{"id":1883,"date":"2024-04-24T17:11:32","date_gmt":"2024-04-24T15:11:32","guid":{"rendered":"https:\/\/colorme-cosmetics.com\/como\/"},"modified":"2026-04-15T13:41:09","modified_gmt":"2026-04-15T11:41:09","slug":"paso-a-paso","status":"publish","type":"page","link":"https:\/\/colorme-cosmetics.com\/es\/paso-a-paso\/","title":{"rendered":"C\u00f3mo aplicar"},"content":{"rendered":"<section id=section-block-block_b4efc8349e2ff20bd4f9edf6b317e7b9 class=\"section block_content est\u00e1ndar\" itemscope itemtype=\"http:\/\/schema.org\/WebPageElement\" itemprop=\"hasPart\"><div class=\"container\"><div class=\"block-row blocks-in-row-1\"><div class=\"block content-block\" itemscope itemtype=\"http:\/\/schema.org\/WebPageElement\" itemprop=\"isPartOf\"><div class=\"inner-wrapper\"><div itemprop=\"text\" class=\"content-wrapper\"><p>Un esmalte en gel de sal\u00f3n en casa en s\u00f3lo 10 minutos. Sigue estos pasos para conseguir el mejor resultado. <\/p>\n<\/div><\/div><\/div><\/div><\/div><\/section>\n\n<section id=section-block-block_2b078434b028b2eb9fad4e66d5e032f4 class=\"section content_and_video_block\" itemscope itemtype=\"http:\/\/schema.org\/WebPageElement\" itemprop=\"hasPart\"><div class=\"container\"><div class=\"block-row blocks-in-row-2\"><div class=\"block content-block\" itemscope itemtype=\"http:\/\/schema.org\/WebPageElement\" itemprop=\"isPartOf\"><div class=\"inner-wrapper\"><div itemprop=\"text\" class=\"content-wrapper\"><p>Ver el v\u00eddeo o seguir los pasos a continuaci\u00f3n<\/p>\n<\/div><\/div><\/div><div class=\"block video-block autoplay\" itemscope itemtype=\"http:\/\/schema.org\/WebPageElement\" itemprop=\"isPartOf\"><div class=\"inner-wrapper\"><div class=\"big-video-wrapper\"><div class=\"video-wrapper\"><video id=\"section-block-block_2b078434b028b2eb9fad4e66d5e032f4-vid\" muted controls loop controlsList=\"nodownload\" playsinline poster=\"https:\/\/colorme-cosmetics.com\/wp-content\/uploads\/2025\/05\/CM-Instructions-video.jpg\"><source src=\"https:\/\/colorme-cosmetics.com\/wp-content\/uploads\/2025\/05\/CM-Instruction-video-ES-1-1.mp4\" type=\"video\/mp4\">Your browser does not support the video tag.<\/video><\/div><\/div><\/div><\/div><\/div><\/div><\/section>\n\n<section id=content-with-numbered-repeater-blockk-block_b61a94ea7f33f4b9f14847cec71f674d class=\"section content-with-numbered-repeater-block\" itemscope><div class=\"container\"><div class=\"block-row blocks-in-row-1\"><div class=\"block numbered-content\"><div class=\"inner-wrapper\"><ul><li class=\"numbered-item\"><span class=\"number-icon\">1<\/span><div class=\"textual-wrapper\"><h2 class=\"block-title\">Paso 1: Limar y dar forma a las u\u00f1as<\/h2><div class=\"content-wrapper\"><p><strong>Empieza por empujar hacia atr\u00e1s las cut\u00edculas con un empujador de cut\u00edculas.<\/strong><\/p>\n<p>Es importante que la zona de la cut\u00edcula est\u00e9 limpia y libre de residuos cuando apliques el gel, ya que esto podr\u00eda impedir que el esmalte de gel se adhiriera a la u\u00f1a.<\/p>\n<p><strong>Limar y dar forma a las u\u00f1as.<\/strong><\/p>\n<p>Pule ligeramente el brillo de la u\u00f1a natural, con cuidado de no pasarte. Elimina cualquier resto de polvo de la u\u00f1a. <\/p>\n<p><strong>Limpia las u\u00f1as con el Prep &amp; Wipe utilizando una toallita sin pelusas.<\/strong><\/p>\n<\/div><\/div><a href=\"https:\/\/colorme-cosmetics.com\/es\/producto\/colorme-gel-limpiador-prep-wipe\/\"  title=\"\" class=\"img-wrapper hover\" itemscope itemtype=\"http:\/\/schema.org\/WebPage\" itemprop=\"isPartOf\"><figure itemscope itemtype=\"http:\/\/schema.org\/ImageObject\" itemprop=\"isPartOf\" class=\"img-wrapper\"><meta itemprop=\"text\" content=\"Prep &#038; Wipe\"><img decoding=\"async\" title=\"Prep wipe\" alt=\"Prep &#038; Wipe\" width=\"800\" height=\"800\" src=\"https:\/\/colorme-cosmetics.com\/wp-content\/uploads\/2024\/08\/Prep-wipe-800x800.png\"\/><meta itemprop=\"name\" content=\"Prep wipe\"><meta itemprop=\"image\" content=\"https:\/\/colorme-cosmetics.com\/wp-content\/uploads\/2024\/08\/Prep-wipe-800x800.png\"><\/figure><\/a><\/li><li class=\"numbered-item\"><span class=\"number-icon\">2<\/span><div class=\"textual-wrapper\"><h2 class=\"block-title\">Paso 2: Fijador de gel<\/h2><div class=\"content-wrapper\"><p><strong>Aplica una capa de Gel Bonder con moderaci\u00f3n sobre la u\u00f1a. <\/strong><\/p>\n<p>Deja que se seque al aire durante 15 segundos.<\/p>\n<p><em>Omite este paso si utilizas una capa base Peel-off<\/em>.<\/p>\n<\/div><\/div><a href=\"https:\/\/colorme-cosmetics.com\/es\/producto\/colorme-fijador-de-gel\/\"  title=\"\" class=\"img-wrapper hover\" itemscope itemtype=\"http:\/\/schema.org\/WebPage\" itemprop=\"isPartOf\"><figure itemscope itemtype=\"http:\/\/schema.org\/ImageObject\" itemprop=\"isPartOf\" class=\"img-wrapper\"><meta itemprop=\"text\" content=\"Gel Bonder\"><img decoding=\"async\" title=\"Bonder\" alt=\"Gel Bonder\" width=\"800\" height=\"800\" src=\"https:\/\/colorme-cosmetics.com\/wp-content\/uploads\/2024\/08\/Bonder-800x800.png\"\/><meta itemprop=\"name\" content=\"Bonder\"><meta itemprop=\"image\" content=\"https:\/\/colorme-cosmetics.com\/wp-content\/uploads\/2024\/08\/Bonder-800x800.png\"><\/figure><\/a><\/li><li class=\"numbered-item\"><span class=\"number-icon\">3<\/span><div class=\"textual-wrapper\"><h2 class=\"block-title\">Paso 3: Capa base<\/h2><div class=\"content-wrapper\"><p><strong>M\u00e9todo de <\/strong><strong>la capa<\/strong> base de gel<\/p>\n<p>Aplica una capa fina de la Capa Base de Gel y, a continuaci\u00f3n, cura durante 60 segundos bajo la l\u00e1mpara LED para u\u00f1as.<\/p>\n<p><strong>O si utilizas el m\u00e9todo de la capa<\/strong> base Peel-off<\/p>\n<p>Prepara tus u\u00f1as como en el caso anterior, pero no es necesario aplicar el fijador de gel<\/p>\n<p>Aplica una capa fina de la Capa Base Peel Off y deja que se seque al aire.<\/p>\n<\/div><\/div><a href=\"https:\/\/colorme-cosmetics.com\/es\/producto\/colorme-kit-de-recambio\/\"  title=\"\" class=\"img-wrapper hover\" itemscope itemtype=\"http:\/\/schema.org\/WebPage\" itemprop=\"isPartOf\"><figure itemscope itemtype=\"http:\/\/schema.org\/ImageObject\" itemprop=\"isPartOf\" class=\"img-wrapper\"><meta itemprop=\"text\" content=\"Base coat\"><img decoding=\"async\" title=\"Base coat\" alt=\"Base coat\" width=\"800\" height=\"800\" src=\"https:\/\/colorme-cosmetics.com\/wp-content\/uploads\/2024\/08\/Base-coat-800x800.png\"\/><meta itemprop=\"name\" content=\"Base coat\"><meta itemprop=\"image\" content=\"https:\/\/colorme-cosmetics.com\/wp-content\/uploads\/2024\/08\/Base-coat-800x800.png\"><\/figure><\/a><\/li><li class=\"numbered-item\"><span class=\"number-icon\">4<\/span><div class=\"textual-wrapper\"><h2 class=\"block-title\">Paso 4: Esmalte en gel de color<\/h2><div class=\"content-wrapper\"><p><strong>Agita bien el esmalte en gel de color para diluir la f\u00f3rmula.<\/strong><\/p>\n<p>Aplica una capa uniforme sobre toda la u\u00f1a. La mejor forma de aplicar el esmalte de gel es no empezar demasiado cerca de la cut\u00edcula. Empieza un poco m\u00e1s arriba de la u\u00f1a y luego \u00abempuja\u00bb el esmalte de gel suavemente hacia la cut\u00edcula sin que llegue a tocarla. A continuaci\u00f3n, da una pasada por el centro, otra por cada lado y, por \u00faltimo, \u00abtapa\u00bb la u\u00f1a pasando el pincel horizontalmente por la punta. Espera unos segundos a que se iguale perfectamente, antes de curarlo.    <\/p>\n<p><strong>Cuando sea necesario, utiliza un empujador de cut\u00edculas para limpiar la zona de las cut\u00edculas.<\/strong><\/p>\n<p><strong>Cura la u\u00f1a durante 60 segundos bajo la l\u00e1mpara LED para u\u00f1as.<\/strong><\/p>\n<\/div><\/div><a href=\"https:\/\/colorme-cosmetics.com\/es\/producto\/colorme-gel-polish-crimson-nights\/\"  title=\"\" class=\"img-wrapper hover\" itemscope itemtype=\"http:\/\/schema.org\/WebPage\" itemprop=\"isPartOf\"><figure itemscope itemtype=\"http:\/\/schema.org\/ImageObject\" itemprop=\"isPartOf\" class=\"img-wrapper\"><meta itemprop=\"text\" content=\"ColorMe Gel Polish \u2013 Crimson nights\"><img decoding=\"async\" title=\"ColorMe Gel Polish \u2013 Crimson nights\" alt=\"ColorMe Gel Polish \u2013 Crimson nights\" width=\"800\" height=\"800\" src=\"https:\/\/colorme-cosmetics.com\/wp-content\/uploads\/2024\/04\/Color-Me-Gel-Polish-\u2013-Crimson-nights-800x800.png\"\/><meta itemprop=\"name\" content=\"ColorMe Gel Polish \u2013 Crimson nights\"><meta itemprop=\"image\" content=\"https:\/\/colorme-cosmetics.com\/wp-content\/uploads\/2024\/04\/Color-Me-Gel-Polish-\u2013-Crimson-nights-800x800.png\"><\/figure><\/a><\/li><li class=\"numbered-item\"><span class=\"number-icon\">5<\/span><div class=\"textual-wrapper\"><h2 class=\"block-title\">Paso 5: Capa superior de gel<\/h2><div class=\"content-wrapper\"><p><strong>Termina aplicando una capa fina y uniforme de Gel Top Coat.<\/strong><\/p>\n<p>De nuevo, aseg\u00farate de que el esmalte no toca la cut\u00edcula ni la piel junto a las u\u00f1as. Cura las u\u00f1as durante 60 segundos bajo la l\u00e1mpara LED para u\u00f1as. <\/p>\n<\/div><\/div><a href=\"https:\/\/colorme-cosmetics.com\/es\/producto\/colorme-capa-superior\/\"  title=\"\" class=\"img-wrapper hover\" itemscope itemtype=\"http:\/\/schema.org\/WebPage\" itemprop=\"isPartOf\"><figure itemscope itemtype=\"http:\/\/schema.org\/ImageObject\" itemprop=\"isPartOf\" class=\"img-wrapper\"><meta itemprop=\"text\" content=\"ColorMe Gel Polish - Capa superior\"><img decoding=\"async\" title=\"ColorMe Gel Polish - Capa superior\" alt=\"ColorMe Gel Polish - Capa superior\" width=\"800\" height=\"800\" src=\"https:\/\/colorme-cosmetics.com\/wp-content\/uploads\/2024\/04\/Color-Me-Gel-Polish-\u2013-Top-coat-800x800.png\"\/><meta itemprop=\"name\" content=\"ColorMe Gel Polish - Capa superior\"><meta itemprop=\"image\" content=\"https:\/\/colorme-cosmetics.com\/wp-content\/uploads\/2024\/04\/Color-Me-Gel-Polish-\u2013-Top-coat-800x800.png\"><\/figure><\/a><\/li><li class=\"numbered-item\"><span class=\"number-icon\">6<\/span><div class=\"textual-wrapper\"><h2 class=\"block-title\">Paso 6: Acabado<\/h2><div class=\"content-wrapper\"><p><strong>Elimina la capa pegajosa con las toallitas Prep &amp; Wipe y Lint-Free.<\/strong><\/p>\n<\/div><\/div><a href=\"https:\/\/colorme-cosmetics.com\/es\/producto\/colorme-gel-limpiador-prep-wipe\/\"  title=\"\" class=\"img-wrapper hover\" itemscope itemtype=\"http:\/\/schema.org\/WebPage\" itemprop=\"isPartOf\"><figure itemscope itemtype=\"http:\/\/schema.org\/ImageObject\" itemprop=\"isPartOf\" class=\"img-wrapper\"><meta itemprop=\"text\" content=\"Prep and Wipe\"><img decoding=\"async\" title=\"prepandwhip3-removebg\" alt=\"Prep and Wipe\" width=\"800\" height=\"800\" src=\"https:\/\/colorme-cosmetics.com\/wp-content\/uploads\/2024\/08\/prepandwhip3-removebg-800x800.png\"\/><meta itemprop=\"name\" content=\"prepandwhip3-removebg\"><meta itemprop=\"image\" content=\"https:\/\/colorme-cosmetics.com\/wp-content\/uploads\/2024\/08\/prepandwhip3-removebg-800x800.png\"><\/figure><\/a><\/li><\/ul><\/div><\/div><\/div><\/div><\/section>\n\n<section id=section-block-block_e4521e8faaa2c0442a1bc011618d1b87 class=\"section block_content standard\" itemscope itemtype=\"http:\/\/schema.org\/WebPageElement\" itemprop=\"hasPart\"><div class=\"container\"><div class=\"block-row blocks-in-row-1\"><div class=\"block content-block\" itemscope itemtype=\"http:\/\/schema.org\/WebPageElement\" itemprop=\"isPartOf\"><div class=\"inner-wrapper\"><a  title=\"Instrucciones y advertencias m\u00e1s detalladas\" href=\"https:\/\/colorme-cosmetics.com\/es\/advertencias-e-instrucciones\/\" class=\"button\" itemscope itemtype=\"http:\/\/schema.org\/WebPage\" itemprop=\"isPartOf\"><meta itemprop=\"significantLink\" content=\"https:\/\/colorme-cosmetics.com\/es\/advertencias-e-instrucciones\/\">Instrucciones y advertencias m\u00e1s detalladas<\/a><\/div><\/div><\/div><\/div><\/section>\n\n<section id=section-block-block_55d8a588086b9c9f530aa2ba847d15ab class=\"section link_repeater_block row-items-4 button-inside\" itemscope itemtype=\"http:\/\/schema.org\/WebPageElement\" itemprop=\"isPartOf\"><div class=\"container\"><div class=\"block-row blocks-in-row-1\"><div class=\"block link-repeater-block\"><div class=\"title-wrapper\"><h2 class=\"block-title h2\">Explora m\u00e1s<\/h2><\/div><ul><li><a  title=\"Trucos y consejos\" href=\"https:\/\/colorme-cosmetics.com\/es\/8-consejos-para-aplicar-el-esmalte-de-gel\/\" class=\"repeater-item\" itemscope itemtype=\"http:\/\/schema.org\/WebPage\" itemprop=\"isPartOf\"><meta itemprop=\"significantLink\" content=\"https:\/\/colorme-cosmetics.com\/es\/8-consejos-para-aplicar-el-esmalte-de-gel\/\"><figure itemscope itemtype=\"http:\/\/schema.org\/ImageObject\" itemprop=\"isPartOf\" class=\"img-wrapper\"><meta itemprop=\"description\" content=\"Nail model\"><img decoding=\"async\" title=\"temp\" alt=\"Nail model\" width=\"400\" height=\"600\" src=\"https:\/\/colorme-cosmetics.com\/wp-content\/uploads\/2024\/04\/temp-scaled.jpg\"\/><meta itemprop=\"name\" content=\"temp\"><meta itemprop=\"image\" content=\"https:\/\/colorme-cosmetics.com\/wp-content\/uploads\/2024\/04\/temp-scaled.jpg\"><\/figure><div class=\"title-bar-wrapper\"><div class=\"title-bar\">Trucos y consejos<\/div><\/div><\/a><\/li><li><a  title=\"Blog\" href=\"https:\/\/colorme-cosmetics.com\/es\/blog\/\" class=\"repeater-item\" itemscope itemtype=\"http:\/\/schema.org\/WebPage\" itemprop=\"isPartOf\"><meta itemprop=\"significantLink\" content=\"https:\/\/colorme-cosmetics.com\/es\/blog\/\"><figure itemscope itemtype=\"http:\/\/schema.org\/ImageObject\" itemprop=\"isPartOf\" class=\"img-wrapper\"><meta itemprop=\"description\" content=\"Keep It Classy Gel Colour\"><img decoding=\"async\" title=\"Keep It Classy model\" alt=\"Keep It Classy Gel Colour\" width=\"400\" height=\"600\" src=\"https:\/\/colorme-cosmetics.com\/wp-content\/uploads\/2024\/04\/Keep-It-Classy-model-400x600.jpg\"\/><meta itemprop=\"name\" content=\"Keep It Classy model\"><meta itemprop=\"image\" content=\"https:\/\/colorme-cosmetics.com\/wp-content\/uploads\/2024\/04\/Keep-It-Classy-model-400x600.jpg\"><\/figure><div class=\"title-bar-wrapper\"><div class=\"title-bar\">Blog<\/div><\/div><\/a><\/li><li><a  title=\"Encuentra tu color\" href=\"https:\/\/colorme-cosmetics.com\/es\/como-encontrar-tu-color-de-gelpolish-perfecto\/\" class=\"repeater-item\" itemscope itemtype=\"http:\/\/schema.org\/WebPage\" itemprop=\"isPartOf\"><meta itemprop=\"significantLink\" content=\"https:\/\/colorme-cosmetics.com\/es\/como-encontrar-tu-color-de-gelpolish-perfecto\/\"><figure itemscope itemtype=\"http:\/\/schema.org\/ImageObject\" itemprop=\"isPartOf\" class=\"img-wrapper\"><meta itemprop=\"description\" content=\"Nail model\"><img decoding=\"async\" title=\"temp3\" alt=\"Nail model\" width=\"400\" height=\"600\" src=\"https:\/\/colorme-cosmetics.com\/wp-content\/uploads\/2024\/04\/temp3.jpg\"\/><meta itemprop=\"name\" content=\"temp3\"><meta itemprop=\"image\" content=\"https:\/\/colorme-cosmetics.com\/wp-content\/uploads\/2024\/04\/temp3.jpg\"><\/figure><div class=\"title-bar-wrapper\"><div class=\"title-bar\">Encuentra tu color<\/div><\/div><\/a><\/li><li><a  title=\"Tienda\" href=\"https:\/\/colorme-cosmetics.com\/es\/tienda\/\" class=\"repeater-item\" itemscope itemtype=\"http:\/\/schema.org\/WebPage\" itemprop=\"isPartOf\"><meta itemprop=\"significantLink\" content=\"https:\/\/colorme-cosmetics.com\/es\/tienda\/\"><figure itemscope itemtype=\"http:\/\/schema.org\/ImageObject\" itemprop=\"isPartOf\" class=\"img-wrapper\"><meta itemprop=\"description\" content=\"Gel Primer, Top Coat, Peel-Off Base Coat y Keep It Spicy\"><img decoding=\"async\" title=\"Keep It Spicy, Top Coat, Base Coat y Gel Primer\" alt=\"Gel Primer, Top Coat, Peel-Off Base Coat y Keep It Spicy\" width=\"400\" height=\"600\" src=\"https:\/\/colorme-cosmetics.com\/wp-content\/uploads\/2024\/04\/Keep-It-Spicy-sfeer-400x600.jpg\"\/><meta itemprop=\"name\" content=\"Keep It Spicy, Top Coat, Base Coat y Gel Primer\"><meta itemprop=\"image\" content=\"https:\/\/colorme-cosmetics.com\/wp-content\/uploads\/2024\/04\/Keep-It-Spicy-sfeer-400x600.jpg\"><\/figure><div class=\"title-bar-wrapper\"><div class=\"title-bar\">Tienda<\/div><\/div><\/a><\/li><\/ul><\/div><\/div><\/div><\/section>","protected":false},"excerpt":{"rendered":"","protected":false},"author":1,"featured_media":1827,"parent":0,"menu_order":600,"comment_status":"closed","ping_status":"closed","template":"","meta":{"_acf_changed":false,"footnotes":""},"class_list":["post-1883","page","type-page","status-publish","has-post-thumbnail","hentry"],"acf":[],"yoast_head":"<!-- This site is optimized with the Yoast SEO plugin v27.5 - https:\/\/yoast.com\/product\/yoast-seo-wordpress\/ -->\n<title>Paso a paso - ColorMe Cosmetics<\/title>\n<meta name=\"description\" content=\"Un esmalte en gel de sal\u00f3n en casa en s\u00f3lo 10 minutos. Sigue estos pasos para conseguir el mejor resultado.\" \/>\n<meta name=\"robots\" content=\"index, follow, max-snippet:-1, max-image-preview:large, max-video-preview:-1\" \/>\n<link rel=\"canonical\" href=\"https:\/\/colorme-cosmetics.com\/es\/paso-a-paso\/\" \/>\n<meta property=\"og:locale\" content=\"es_ES\" \/>\n<meta property=\"og:type\" content=\"article\" \/>\n<meta property=\"og:title\" content=\"Paso a paso - ColorMe Cosmetics\" \/>\n<meta property=\"og:description\" content=\"Un esmalte en gel de sal\u00f3n en casa en s\u00f3lo 10 minutos. Sigue estos pasos para conseguir el mejor resultado.\" \/>\n<meta property=\"og:url\" content=\"https:\/\/colorme-cosmetics.com\/es\/paso-a-paso\/\" \/>\n<meta property=\"og:site_name\" content=\"ColorMe Cosmetics\" \/>\n<meta property=\"article:modified_time\" content=\"2026-04-15T11:41:09+00:00\" \/>\n<meta property=\"og:image\" content=\"https:\/\/colorme-cosmetics.com\/wp-content\/uploads\/2024\/10\/SSN-naturals-sheers-2109999173-e1729763063179.jpg\" \/>\n\t<meta property=\"og:image:width\" content=\"2000\" \/>\n\t<meta property=\"og:image:height\" content=\"1161\" \/>\n\t<meta property=\"og:image:type\" content=\"image\/jpeg\" \/>\n<meta name=\"twitter:card\" content=\"summary_large_image\" \/>\n<meta name=\"twitter:label1\" content=\"Tiempo de lectura\" \/>\n\t<meta name=\"twitter:data1\" content=\"5 minutos\" \/>\n<script type=\"application\/ld+json\" class=\"yoast-schema-graph\">{\"@context\":\"https:\\\/\\\/schema.org\",\"@graph\":[{\"@type\":\"WebPage\",\"@id\":\"https:\\\/\\\/colorme-cosmetics.com\\\/es\\\/paso-a-paso\\\/\",\"url\":\"https:\\\/\\\/colorme-cosmetics.com\\\/es\\\/paso-a-paso\\\/\",\"name\":\"Paso a paso - ColorMe Cosmetics\",\"isPartOf\":{\"@id\":\"https:\\\/\\\/colorme-cosmetics.com\\\/es\\\/#website\"},\"primaryImageOfPage\":{\"@id\":\"https:\\\/\\\/colorme-cosmetics.com\\\/es\\\/paso-a-paso\\\/#primaryimage\"},\"image\":{\"@id\":\"https:\\\/\\\/colorme-cosmetics.com\\\/es\\\/paso-a-paso\\\/#primaryimage\"},\"thumbnailUrl\":\"https:\\\/\\\/colorme-cosmetics.com\\\/wp-content\\\/uploads\\\/2024\\\/10\\\/SSN-naturals-sheers-2109999173-e1729763063179.jpg\",\"datePublished\":\"2024-04-24T15:11:32+00:00\",\"dateModified\":\"2026-04-15T11:41:09+00:00\",\"description\":\"Un esmalte en gel de sal\u00f3n en casa en s\u00f3lo 10 minutos. Sigue estos pasos para conseguir el mejor resultado.\",\"breadcrumb\":{\"@id\":\"https:\\\/\\\/colorme-cosmetics.com\\\/es\\\/paso-a-paso\\\/#breadcrumb\"},\"inLanguage\":\"es\",\"potentialAction\":[{\"@type\":\"ReadAction\",\"target\":[\"https:\\\/\\\/colorme-cosmetics.com\\\/es\\\/paso-a-paso\\\/\"]}]},{\"@type\":\"ImageObject\",\"inLanguage\":\"es\",\"@id\":\"https:\\\/\\\/colorme-cosmetics.com\\\/es\\\/paso-a-paso\\\/#primaryimage\",\"url\":\"https:\\\/\\\/colorme-cosmetics.com\\\/wp-content\\\/uploads\\\/2024\\\/10\\\/SSN-naturals-sheers-2109999173-e1729763063179.jpg\",\"contentUrl\":\"https:\\\/\\\/colorme-cosmetics.com\\\/wp-content\\\/uploads\\\/2024\\\/10\\\/SSN-naturals-sheers-2109999173-e1729763063179.jpg\",\"width\":2000,\"height\":1161,\"caption\":\"Natural Model\"},{\"@type\":\"BreadcrumbList\",\"@id\":\"https:\\\/\\\/colorme-cosmetics.com\\\/es\\\/paso-a-paso\\\/#breadcrumb\",\"itemListElement\":[{\"@type\":\"ListItem\",\"position\":1,\"name\":\"Home\",\"item\":\"https:\\\/\\\/colorme-cosmetics.com\\\/es\\\/\"},{\"@type\":\"ListItem\",\"position\":2,\"name\":\"C\u00f3mo aplicar\"}]},{\"@type\":\"WebSite\",\"@id\":\"https:\\\/\\\/colorme-cosmetics.com\\\/es\\\/#website\",\"url\":\"https:\\\/\\\/colorme-cosmetics.com\\\/es\\\/\",\"name\":\"ColorMe Cosmetics\",\"description\":\"\",\"potentialAction\":[{\"@type\":\"SearchAction\",\"target\":{\"@type\":\"EntryPoint\",\"urlTemplate\":\"https:\\\/\\\/colorme-cosmetics.com\\\/es\\\/?s={search_term_string}\"},\"query-input\":{\"@type\":\"PropertyValueSpecification\",\"valueRequired\":true,\"valueName\":\"search_term_string\"}}],\"inLanguage\":\"es\"}]}<\/script>\n<!-- \/ Yoast SEO plugin. -->","yoast_head_json":{"title":"Paso a paso - ColorMe Cosmetics","description":"Un esmalte en gel de sal\u00f3n en casa en s\u00f3lo 10 minutos. Sigue estos pasos para conseguir el mejor resultado.","robots":{"index":"index","follow":"follow","max-snippet":"max-snippet:-1","max-image-preview":"max-image-preview:large","max-video-preview":"max-video-preview:-1"},"canonical":"https:\/\/colorme-cosmetics.com\/es\/paso-a-paso\/","og_locale":"es_ES","og_type":"article","og_title":"Paso a paso - ColorMe Cosmetics","og_description":"Un esmalte en gel de sal\u00f3n en casa en s\u00f3lo 10 minutos. Sigue estos pasos para conseguir el mejor resultado.","og_url":"https:\/\/colorme-cosmetics.com\/es\/paso-a-paso\/","og_site_name":"ColorMe Cosmetics","article_modified_time":"2026-04-15T11:41:09+00:00","og_image":[{"width":2000,"height":1161,"url":"https:\/\/colorme-cosmetics.com\/wp-content\/uploads\/2024\/10\/SSN-naturals-sheers-2109999173-e1729763063179.jpg","type":"image\/jpeg"}],"twitter_card":"summary_large_image","twitter_misc":{"Tiempo de lectura":"5 minutos"},"schema":{"@context":"https:\/\/schema.org","@graph":[{"@type":"WebPage","@id":"https:\/\/colorme-cosmetics.com\/es\/paso-a-paso\/","url":"https:\/\/colorme-cosmetics.com\/es\/paso-a-paso\/","name":"Paso a paso - ColorMe Cosmetics","isPartOf":{"@id":"https:\/\/colorme-cosmetics.com\/es\/#website"},"primaryImageOfPage":{"@id":"https:\/\/colorme-cosmetics.com\/es\/paso-a-paso\/#primaryimage"},"image":{"@id":"https:\/\/colorme-cosmetics.com\/es\/paso-a-paso\/#primaryimage"},"thumbnailUrl":"https:\/\/colorme-cosmetics.com\/wp-content\/uploads\/2024\/10\/SSN-naturals-sheers-2109999173-e1729763063179.jpg","datePublished":"2024-04-24T15:11:32+00:00","dateModified":"2026-04-15T11:41:09+00:00","description":"Un esmalte en gel de sal\u00f3n en casa en s\u00f3lo 10 minutos. Sigue estos pasos para conseguir el mejor resultado.","breadcrumb":{"@id":"https:\/\/colorme-cosmetics.com\/es\/paso-a-paso\/#breadcrumb"},"inLanguage":"es","potentialAction":[{"@type":"ReadAction","target":["https:\/\/colorme-cosmetics.com\/es\/paso-a-paso\/"]}]},{"@type":"ImageObject","inLanguage":"es","@id":"https:\/\/colorme-cosmetics.com\/es\/paso-a-paso\/#primaryimage","url":"https:\/\/colorme-cosmetics.com\/wp-content\/uploads\/2024\/10\/SSN-naturals-sheers-2109999173-e1729763063179.jpg","contentUrl":"https:\/\/colorme-cosmetics.com\/wp-content\/uploads\/2024\/10\/SSN-naturals-sheers-2109999173-e1729763063179.jpg","width":2000,"height":1161,"caption":"Natural Model"},{"@type":"BreadcrumbList","@id":"https:\/\/colorme-cosmetics.com\/es\/paso-a-paso\/#breadcrumb","itemListElement":[{"@type":"ListItem","position":1,"name":"Home","item":"https:\/\/colorme-cosmetics.com\/es\/"},{"@type":"ListItem","position":2,"name":"C\u00f3mo aplicar"}]},{"@type":"WebSite","@id":"https:\/\/colorme-cosmetics.com\/es\/#website","url":"https:\/\/colorme-cosmetics.com\/es\/","name":"ColorMe Cosmetics","description":"","potentialAction":[{"@type":"SearchAction","target":{"@type":"EntryPoint","urlTemplate":"https:\/\/colorme-cosmetics.com\/es\/?s={search_term_string}"},"query-input":{"@type":"PropertyValueSpecification","valueRequired":true,"valueName":"search_term_string"}}],"inLanguage":"es"}]}},"_links":{"self":[{"href":"https:\/\/colorme-cosmetics.com\/es\/wp-json\/wp\/v2\/pages\/1883","targetHints":{"allow":["GET"]}}],"collection":[{"href":"https:\/\/colorme-cosmetics.com\/es\/wp-json\/wp\/v2\/pages"}],"about":[{"href":"https:\/\/colorme-cosmetics.com\/es\/wp-json\/wp\/v2\/types\/page"}],"author":[{"embeddable":true,"href":"https:\/\/colorme-cosmetics.com\/es\/wp-json\/wp\/v2\/users\/1"}],"replies":[{"embeddable":true,"href":"https:\/\/colorme-cosmetics.com\/es\/wp-json\/wp\/v2\/comments?post=1883"}],"version-history":[{"count":2,"href":"https:\/\/colorme-cosmetics.com\/es\/wp-json\/wp\/v2\/pages\/1883\/revisions"}],"predecessor-version":[{"id":6267,"href":"https:\/\/colorme-cosmetics.com\/es\/wp-json\/wp\/v2\/pages\/1883\/revisions\/6267"}],"wp:featuredmedia":[{"embeddable":true,"href":"https:\/\/colorme-cosmetics.com\/es\/wp-json\/wp\/v2\/media\/1827"}],"wp:attachment":[{"href":"https:\/\/colorme-cosmetics.com\/es\/wp-json\/wp\/v2\/media?parent=1883"}],"curies":[{"name":"wp","href":"https:\/\/api.w.org\/{rel}","templated":true}]}}