{"id":1886,"date":"2024-10-04T15:35:02","date_gmt":"2024-10-04T13:35:02","guid":{"rendered":"https:\/\/colorme-cosmetics.com\/advertencias-e-instrucciones\/"},"modified":"2024-12-09T13:33:13","modified_gmt":"2024-12-09T12:33:13","slug":"advertencias-e-instrucciones","status":"publish","type":"page","link":"https:\/\/colorme-cosmetics.com\/es\/advertencias-e-instrucciones\/","title":{"rendered":"Advertencias e instrucciones"},"content":{"rendered":"<section id=section-block-block_1f1310dbadfedfc6f8a566cf82958fbd class=\"section block_rows \" itemscope itemtype=\"http:\/\/schema.org\/WebPageElement\" itemprop=\"hasPart\"><div class=\"container\"><div class=\"block-row blocks-in-row-3\"><div class=\"block rows-block\" itemscope itemtype=\"http:\/\/schema.org\/WebPageElement\" itemprop=\"isPartOf\"><div class=\"inner-wrapper\"><ul><li itemprop=\"text\" class=\"content-wrapper white\"><p><strong><u>Instrucciones<\/u><\/strong><\/p>\n<p>Por favor, lea y siga las instrucciones completas, incluyendo advertencias, precauciones y consejos profesionales importantes, antes de aplicar productos de esmalte de gel en las u\u00f1as. El esmalte en gel ColorMe\u00ae se cura (endurece) en segundos bajo una l\u00e1mpara LED, a diferencia del esmalte normal que se seca al aire durante un largo periodo de tiempo. El gel no necesita tiempo de secado.<\/p>\n<p><strong><u>Aplicaci\u00f3n del esmalte en gel<\/u><\/strong><\/p>\n<p>Preparar las u\u00f1as adecuadamente ayudar\u00e1 a que el esmalte de gel se adhiera a ellas. Busque un lugar bien ventilado y limpio para aplicar el esmalte de gel. No lo aplique al aire libre ni bajo la luz solar directa, ya que el producto es fotosensible. Elimine cualquier resto de esmalte de las u\u00f1as y l\u00e1vese y s\u00e9quese bien las manos. Empuje las cut\u00edculas hacia atr\u00e1s con el empujador de cut\u00edculas. Es importante que la zona de la cut\u00edcula est\u00e9 limpia y libre de residuos cuando apliques el gel, ya que pueden impedir que el gel se adhiera a la u\u00f1a.<\/p>\n<\/li><li itemprop=\"text\" class=\"content-wrapper brown\"><p><strong>1. Prepare<\/strong><\/p>\n<p>a. Lime y d\u00e9 forma al borde libre y pula ligeramente el brillo de la u\u00f1a natural con el lado pulidor de la lima. No pulir en exceso. Elimine el polvo restante.<\/p>\n<p>b. Utilizando las toallitas sin pelusa, limpie las u\u00f1as con Gel Cleanser y deje secar al aire durante 15 segundos.<\/p>\n<p>c. Aplique una capa de Gel Bonder con moderaci\u00f3n sobre la u\u00f1a.<\/p>\n<p>d. Para facilitar la retirada, aplique con moderaci\u00f3n en un c\u00edrculo, aplic\u00e1ndolo s\u00f3lo en los bordes exteriores de la u\u00f1a. Deje secar al aire durante 30 segundos.<\/p>\n<p>e. Aplique una fina capa de Gel Base Coat sobre la u\u00f1a limpia y seca sin tocar la cut\u00edcula o la piel de al lado de las u\u00f1as.<\/p>\n<p>f. Cubra el borde libre de la u\u00f1a natural pasando el pincel a lo largo de la punta de la u\u00f1a. Si es necesario, utilice el empujador de cut\u00edcula para limpiar el \u00e1rea de la cut\u00edcula antes de curar. Coloque las u\u00f1as en la l\u00e1mpara LED y cure durante 60 segundos. Si aplica una manicura transparente, pase a las instrucciones de \u00abPROTEGER\u00bb.<\/p>\n<p>2. Pulir<\/p>\n<p>g. Agite en\u00e9rgicamente el esmalte en gel de color para que la viscosidad sea m\u00e1s fina y f\u00e1cil de aplicar. Aplique una capa uniforme sobre toda la u\u00f1a sin tocar la zona de la cut\u00edcula. Cubra el borde libre de la u\u00f1a pasando el pincel por la punta de la u\u00f1a. Si es necesario, utilice el empujador de cut\u00edcula para limpiar la zona de la cut\u00edcula antes del curado. Coloque las u\u00f1as en la l\u00e1mpara LED y cure durante 60 segundos.<\/p>\n<\/li><\/ul><\/div><\/div><div class=\"block rows-block\" itemscope itemtype=\"http:\/\/schema.org\/WebPageElement\" itemprop=\"isPartOf\"><div class=\"inner-wrapper\"><ul><li itemprop=\"text\" class=\"content-wrapper grey\"><p><em><strong>CONSEJOS<\/strong><\/em><\/p>\n<p>Para eliminar el exceso de producto del pincel, al abrir el frasco, rodee el interior del cuello del frasco con el pincel.<\/p>\n<p>Recomendamos aplicar el gel primero en los dos pulgares y curarlos juntos. A continuaci\u00f3n, aplique el gel en las otras cuatro u\u00f1as de una mano y c\u00farelas. Repita los mismos pasos en la otra mano.<\/p>\n<p>La l\u00e1mpara ColorMe \u00ae Gel LED est\u00e1 programada para 30, 60 y 90 segundos. Aconsejamos curar siempre durante 60 segundos para obtener los mejores resultados.<\/p>\n<p>No toque las u\u00f1as despu\u00e9s del curado. El proceso de curado dejar\u00e1 una ligera capa de humedad en las u\u00f1as al final de cada curado, pero sus u\u00f1as estar\u00e1n listas para la aplicaci\u00f3n del Esmalte de Gel de Color o del Gel Top Coat. La capa de humedad se eliminar\u00e1 con Gel Cleanser al final de la manicura.<\/p>\n<\/li><\/li><li itemprop=\"text\" class=\"content-wrapper brown\"><p><em><strong>3. Proteger<\/strong><\/em><\/p>\n<p>h. Aplique una fina capa del Gel Top Coat. Aseg\u00farese de que el gel no toca la cut\u00edcula ni la piel junto a las u\u00f1as. Cubra el borde libre de la u\u00f1a pasando el pincel por la punta de la u\u00f1a. Si es necesario, utilice el empujador de cut\u00edcula para limpiar la zona de la cut\u00edcula antes del curado. Coloque las u\u00f1as en la l\u00e1mpara LED y cure durante 60 segundos.<\/p>\n<p>i. Elimine la capa de humedad con el Prep &amp; Wipe.<\/p>\n<\/li><\/li><li itemprop=\"text\" class=\"content-wrapper white\"><p><em><strong><br \/>\nEliminaci\u00f3n del esmalte de gel<\/strong><\/em><\/p>\n<p>Pulir el brillo de la superficie de las u\u00f1as con el lado gris de la lima.<\/p>\n<p>Utiliza papel de plata o las pinzas ColorMe\u00ae Gel Polish Removal Clips. Empapa un algod\u00f3n con Gel Polish Remover y col\u00f3calo sobre las u\u00f1as. Envuelve el papel de aluminio firmemente alrededor de la almohadilla de algod\u00f3n en tu dedo o col\u00f3calo firmemente utilizando los clips de eliminaci\u00f3n, esto para bloquear el calor natural. Deje pasar de 10 a 15 minutos para que el quitaesmalte en gel levante el esmalte en gel de la u\u00f1a.<\/p>\n<p>Retire las almohadillas de algod\u00f3n. Utiliza la herramienta ColorMe\u00ae Gel Polish Removal Tool para retirar suavemente los restos de esmalte de gel de las u\u00f1as. Para eliminar cualquier residuo y conseguir un acabado saludable, pule suavemente las u\u00f1as con la lima pulidora.<\/p>\n<\/li><\/li><\/ul><\/div><\/div><div class=\"block rows-block\" itemscope itemtype=\"http:\/\/schema.org\/WebPageElement\" itemprop=\"isPartOf\"><div class=\"inner-wrapper\"><ul><li itemprop=\"text\" class=\"content-wrapper white\"><p><img decoding=\"async\" class=\"alignnone size-medium wp-image-885\" src=\"https:\/\/colorme-cosmetics.com\/wp-content\/uploads\/2024\/05\/Afbeelding-4-Nagels-achtergrond-e1723629973218-284x300.png\" alt=\"How to - Gel polish\" width=\"284\" height=\"300\" srcset=\"https:\/\/colorme-cosmetics.com\/wp-content\/uploads\/2024\/05\/Afbeelding-4-Nagels-achtergrond-e1723629973218-284x300.png 284w, https:\/\/colorme-cosmetics.com\/wp-content\/uploads\/2024\/05\/Afbeelding-4-Nagels-achtergrond-e1723629973218-968x1024.png 968w, https:\/\/colorme-cosmetics.com\/wp-content\/uploads\/2024\/05\/Afbeelding-4-Nagels-achtergrond-e1723629973218-768x813.png 768w, https:\/\/colorme-cosmetics.com\/wp-content\/uploads\/2024\/05\/Afbeelding-4-Nagels-achtergrond-e1723629973218-620x656.png 620w, https:\/\/colorme-cosmetics.com\/wp-content\/uploads\/2024\/05\/Afbeelding-4-Nagels-achtergrond-e1723629973218-580x614.png 580w, https:\/\/colorme-cosmetics.com\/wp-content\/uploads\/2024\/05\/Afbeelding-4-Nagels-achtergrond-e1723629973218.png 997w\" sizes=\"(max-width: 284px) 100vw, 284px\" \/><\/p>\n<p><span style=\"text-decoration: underline;\"><strong>Prueba de sensibilidad<\/strong><\/span><\/p>\n<p>Antes de utilizar el producto, le recomendamos que lo pruebe durante al menos 48 horas en una u\u00f1a para detectar cualquier problema de sensibilidad. Si se produce alguna irritaci\u00f3n o molestia, interrumpa su uso inmediatamente.<\/p>\n<p>ADVERTENCIAS: No aplicar sobre u\u00f1as da\u00f1adas o infectadas. Evitar el contacto con los ojos y la piel. En caso de contacto, aclarar con agua durante 15 minutos; si se produce irritaci\u00f3n, consultar a un m\u00e9dico. En caso de ingesti\u00f3n, acuda al m\u00e9dico. Utilizar con ventilaci\u00f3n adecuada. Mantener fuera del alcance de los ni\u00f1os peque\u00f1os. Limpiador y adhesivo: Altamente inflamable. Mantener alejado del calor y de las llamas.<\/p>\n<p><span style=\"text-decoration: underline;\"><strong>Almacenamiento del esmalte en gel<\/strong><\/span><\/p>\n<p>Este producto es sensible a la luz. Guarde el esmalte en gel en un lugar oscuro o en un caj\u00f3n. No lo guarde en el frigor\u00edfico. Conservar a temperatura ambiente.<\/p>\n<p><span style=\"text-decoration: underline;\"><strong>Advertencias sobre l\u00e1mparas LED<\/strong><\/span><\/p>\n<p>&#8211; 24 W<br \/>\n&#8211; Mantener fuera del alcance de los ni\u00f1os<br \/>\n&#8211; Evitar el contacto con el agua<br \/>\n&#8211; Dise\u00f1ado para el curado de gel LED solamente, no cualquier otro uso<br \/>\n&#8211; Desenchufe la l\u00e1mpara LED cuando no la utilice<br \/>\n&#8211; No deje la l\u00e1mpara LED desatendida<br \/>\n&#8211; No toque la bombilla cuando la l\u00e1mpara LED est\u00e9 encendida<br \/>\n&#8211; Mantenga los componentes del gel alejados de la l\u00e1mpara LED para evitar que se endurezca el contenido<br \/>\n&#8211; No mire directamente a la luz<\/p>\n<p><span style=\"text-decoration: underline;\"><strong>Instrucciones de uso de la l\u00e1mpara LED<\/strong><\/span><\/p>\n<p>&#8211; Ench\u00fafalo a la toma de corriente.<br \/>\n&#8211; Elija la cantidad de segundos y pulse ese bot\u00f3n.<br \/>\n&#8211; Coloque la mano dentro de la l\u00e1mpara, la l\u00e1mpara LED se encender\u00e1 autom\u00e1ticamente. Para obtener los mejores resultados, se recomienda curar siempre durante 60 segundos.<br \/>\n&#8211; Si la l\u00e1mpara LED se calienta demasiado, retire las manos inmediatamente.<br \/>\n&#8211; Una vez curados los geles, desenchufe la l\u00e1mpara.<\/p>\n<p><span style=\"text-decoration: underline;\"><strong>Mantenimiento y limpieza de LED<\/strong><\/span><\/p>\n<p>No utilizar con otros componentes electr\u00f3nicos. Desenchufe el cable el\u00e9ctrico antes de limpiar. Limpie con una toalla seca.<\/p>\n<\/li><\/ul><\/div><\/div><\/div><\/div><\/section>","protected":false},"excerpt":{"rendered":"","protected":false},"author":3,"featured_media":0,"parent":0,"menu_order":320,"comment_status":"closed","ping_status":"closed","template":"","meta":{"_acf_changed":false,"footnotes":""},"class_list":["post-1886","page","type-page","status-publish","hentry"],"acf":[],"yoast_head":"<!-- This site is optimized with the Yoast SEO plugin v27.5 - https:\/\/yoast.com\/product\/yoast-seo-wordpress\/ -->\n<title>Advertencias e instrucciones - ColorMe Cosmetics<\/title>\n<meta name=\"description\" content=\"Nuestra f\u00f3rmula de esmalte en gel de primera calidad est\u00e1 meticulosamente elaborada para proporcionar un proceso de aplicaci\u00f3n r\u00e1pido y eficaz desde la comodidad de tu propia casa.\" \/>\n<meta name=\"robots\" content=\"index, follow, max-snippet:-1, max-image-preview:large, max-video-preview:-1\" \/>\n<link rel=\"canonical\" href=\"https:\/\/colorme-cosmetics.com\/es\/advertencias-e-instrucciones\/\" \/>\n<meta property=\"og:locale\" content=\"es_ES\" \/>\n<meta property=\"og:type\" content=\"article\" \/>\n<meta property=\"og:title\" content=\"Advertencias e instrucciones - ColorMe Cosmetics\" \/>\n<meta property=\"og:description\" content=\"Nuestra f\u00f3rmula de esmalte en gel de primera calidad est\u00e1 meticulosamente elaborada para proporcionar un proceso de aplicaci\u00f3n r\u00e1pido y eficaz desde la comodidad de tu propia casa.\" \/>\n<meta property=\"og:url\" content=\"https:\/\/colorme-cosmetics.com\/es\/advertencias-e-instrucciones\/\" \/>\n<meta property=\"og:site_name\" content=\"ColorMe Cosmetics\" \/>\n<meta property=\"article:modified_time\" content=\"2024-12-09T12:33:13+00:00\" \/>\n<meta name=\"twitter:card\" content=\"summary_large_image\" \/>\n<meta name=\"twitter:label1\" content=\"Tiempo de lectura\" \/>\n\t<meta name=\"twitter:data1\" content=\"6 minutos\" \/>\n<script type=\"application\/ld+json\" class=\"yoast-schema-graph\">{\"@context\":\"https:\\\/\\\/schema.org\",\"@graph\":[{\"@type\":\"WebPage\",\"@id\":\"https:\\\/\\\/colorme-cosmetics.com\\\/es\\\/advertencias-e-instrucciones\\\/\",\"url\":\"https:\\\/\\\/colorme-cosmetics.com\\\/es\\\/advertencias-e-instrucciones\\\/\",\"name\":\"Advertencias e instrucciones - ColorMe Cosmetics\",\"isPartOf\":{\"@id\":\"https:\\\/\\\/colorme-cosmetics.com\\\/es\\\/#website\"},\"datePublished\":\"2024-10-04T13:35:02+00:00\",\"dateModified\":\"2024-12-09T12:33:13+00:00\",\"description\":\"Nuestra f\u00f3rmula de esmalte en gel de primera calidad est\u00e1 meticulosamente elaborada para proporcionar un proceso de aplicaci\u00f3n r\u00e1pido y eficaz desde la comodidad de tu propia casa.\",\"breadcrumb\":{\"@id\":\"https:\\\/\\\/colorme-cosmetics.com\\\/es\\\/advertencias-e-instrucciones\\\/#breadcrumb\"},\"inLanguage\":\"es\",\"potentialAction\":[{\"@type\":\"ReadAction\",\"target\":[\"https:\\\/\\\/colorme-cosmetics.com\\\/es\\\/advertencias-e-instrucciones\\\/\"]}]},{\"@type\":\"BreadcrumbList\",\"@id\":\"https:\\\/\\\/colorme-cosmetics.com\\\/es\\\/advertencias-e-instrucciones\\\/#breadcrumb\",\"itemListElement\":[{\"@type\":\"ListItem\",\"position\":1,\"name\":\"Home\",\"item\":\"https:\\\/\\\/colorme-cosmetics.com\\\/es\\\/\"},{\"@type\":\"ListItem\",\"position\":2,\"name\":\"Advertencias e instrucciones\"}]},{\"@type\":\"WebSite\",\"@id\":\"https:\\\/\\\/colorme-cosmetics.com\\\/es\\\/#website\",\"url\":\"https:\\\/\\\/colorme-cosmetics.com\\\/es\\\/\",\"name\":\"ColorMe Cosmetics\",\"description\":\"\",\"potentialAction\":[{\"@type\":\"SearchAction\",\"target\":{\"@type\":\"EntryPoint\",\"urlTemplate\":\"https:\\\/\\\/colorme-cosmetics.com\\\/es\\\/?s={search_term_string}\"},\"query-input\":{\"@type\":\"PropertyValueSpecification\",\"valueRequired\":true,\"valueName\":\"search_term_string\"}}],\"inLanguage\":\"es\"}]}<\/script>\n<!-- \/ Yoast SEO plugin. -->","yoast_head_json":{"title":"Advertencias e instrucciones - ColorMe Cosmetics","description":"Nuestra f\u00f3rmula de esmalte en gel de primera calidad est\u00e1 meticulosamente elaborada para proporcionar un proceso de aplicaci\u00f3n r\u00e1pido y eficaz desde la comodidad de tu propia casa.","robots":{"index":"index","follow":"follow","max-snippet":"max-snippet:-1","max-image-preview":"max-image-preview:large","max-video-preview":"max-video-preview:-1"},"canonical":"https:\/\/colorme-cosmetics.com\/es\/advertencias-e-instrucciones\/","og_locale":"es_ES","og_type":"article","og_title":"Advertencias e instrucciones - ColorMe Cosmetics","og_description":"Nuestra f\u00f3rmula de esmalte en gel de primera calidad est\u00e1 meticulosamente elaborada para proporcionar un proceso de aplicaci\u00f3n r\u00e1pido y eficaz desde la comodidad de tu propia casa.","og_url":"https:\/\/colorme-cosmetics.com\/es\/advertencias-e-instrucciones\/","og_site_name":"ColorMe Cosmetics","article_modified_time":"2024-12-09T12:33:13+00:00","twitter_card":"summary_large_image","twitter_misc":{"Tiempo de lectura":"6 minutos"},"schema":{"@context":"https:\/\/schema.org","@graph":[{"@type":"WebPage","@id":"https:\/\/colorme-cosmetics.com\/es\/advertencias-e-instrucciones\/","url":"https:\/\/colorme-cosmetics.com\/es\/advertencias-e-instrucciones\/","name":"Advertencias e instrucciones - ColorMe Cosmetics","isPartOf":{"@id":"https:\/\/colorme-cosmetics.com\/es\/#website"},"datePublished":"2024-10-04T13:35:02+00:00","dateModified":"2024-12-09T12:33:13+00:00","description":"Nuestra f\u00f3rmula de esmalte en gel de primera calidad est\u00e1 meticulosamente elaborada para proporcionar un proceso de aplicaci\u00f3n r\u00e1pido y eficaz desde la comodidad de tu propia casa.","breadcrumb":{"@id":"https:\/\/colorme-cosmetics.com\/es\/advertencias-e-instrucciones\/#breadcrumb"},"inLanguage":"es","potentialAction":[{"@type":"ReadAction","target":["https:\/\/colorme-cosmetics.com\/es\/advertencias-e-instrucciones\/"]}]},{"@type":"BreadcrumbList","@id":"https:\/\/colorme-cosmetics.com\/es\/advertencias-e-instrucciones\/#breadcrumb","itemListElement":[{"@type":"ListItem","position":1,"name":"Home","item":"https:\/\/colorme-cosmetics.com\/es\/"},{"@type":"ListItem","position":2,"name":"Advertencias e instrucciones"}]},{"@type":"WebSite","@id":"https:\/\/colorme-cosmetics.com\/es\/#website","url":"https:\/\/colorme-cosmetics.com\/es\/","name":"ColorMe Cosmetics","description":"","potentialAction":[{"@type":"SearchAction","target":{"@type":"EntryPoint","urlTemplate":"https:\/\/colorme-cosmetics.com\/es\/?s={search_term_string}"},"query-input":{"@type":"PropertyValueSpecification","valueRequired":true,"valueName":"search_term_string"}}],"inLanguage":"es"}]}},"_links":{"self":[{"href":"https:\/\/colorme-cosmetics.com\/es\/wp-json\/wp\/v2\/pages\/1886","targetHints":{"allow":["GET"]}}],"collection":[{"href":"https:\/\/colorme-cosmetics.com\/es\/wp-json\/wp\/v2\/pages"}],"about":[{"href":"https:\/\/colorme-cosmetics.com\/es\/wp-json\/wp\/v2\/types\/page"}],"author":[{"embeddable":true,"href":"https:\/\/colorme-cosmetics.com\/es\/wp-json\/wp\/v2\/users\/3"}],"replies":[{"embeddable":true,"href":"https:\/\/colorme-cosmetics.com\/es\/wp-json\/wp\/v2\/comments?post=1886"}],"version-history":[{"count":0,"href":"https:\/\/colorme-cosmetics.com\/es\/wp-json\/wp\/v2\/pages\/1886\/revisions"}],"wp:attachment":[{"href":"https:\/\/colorme-cosmetics.com\/es\/wp-json\/wp\/v2\/media?parent=1886"}],"curies":[{"name":"wp","href":"https:\/\/api.w.org\/{rel}","templated":true}]}}