{"id":1902,"date":"2024-01-12T14:38:32","date_gmt":"2024-01-12T13:38:32","guid":{"rendered":"https:\/\/colorme-cosmetics.com\/blog\/"},"modified":"2026-05-05T10:57:10","modified_gmt":"2026-05-05T08:57:10","slug":"blog","status":"publish","type":"page","link":"https:\/\/colorme-cosmetics.com\/es\/blog\/","title":{"rendered":"Blog"},"content":{"rendered":"<section id=section-block-block_632f0f1936b1a4dc21afe73eac75ab05 class=\"section query-overview-block highlighted post\" itemscope itemtype=\"http:\/\/schema.org\/WebPageElement\" itemprop=\"hasPart\"><div class=\"container\"><div class=\"block-row blocks-in-row-1\"><div class=\"block query-with-filter-block\"><ul class=\"collection-wrapper highlighted\" itemscope itemtype=\"https:\/\/schema.org\/Collection\"><li class=\"list-item post\"><a itemprop=\"url\" href=\"https:\/\/colorme-cosmetics.com\/es\/unas-primavera-2026-pasteles-y-lunares-divertidos\/\" class=\"part post-part-highlighted\" itemscope itemtype=\"https:\/\/schema.org\/Article\"><article><div class=\"inner-wrapper\"><div class=\"left-side\"><ul class=\"cats-list\"><li><span class=\"tag-wrapper\">Trends<\/span><\/li><\/ul><h2 class=\"part-title\" itemprop=\"headline\">U\u00f1as Primavera 2026: Pasteles y Lunares Divertidos<\/h2><div class=\"textual-wrapper\">La primavera por fin ha llegado, y eso significa que es hora de renovar tu manicura con la\u2026<\/div><span class=\"readmore\">Seguir leyendo<\/span><\/div><div class=\"right-side\" style=\"background-image:url(https:\/\/colorme-cosmetics.com\/wp-content\/uploads\/2026\/05\/Blog-3-1-1-800x800.png)\"><\/div><\/div><\/article><meta content=\"04\/05\/2026\" itemprop=\"datePublished\"><meta content=\"05\/05\/2026\" itemprop=\"dateModified\"><meta content=\"isa\" itemprop=\"author\"><div class=\"meta-tag-wrapper\" itemprop=\"publisher\" itemscope itemtype=\"https:\/\/schema.org\/Organization\"><meta content=\"ColorMe Cosmetics\" itemprop=\"name\"><div itemprop=\"logo\" itemscope itemtype=\"https:\/\/schema.org\/ImageObject\"><meta itemprop=\"url\" content=\"https:\/\/colorme-cosmetics.com\/wp-content\/themes\/colorme\/assets\/dist\/images\/logo.svg\"><\/div><\/div><\/a><\/li><\/ul><div class=\"filter-wrapper filter-side\" data-order=\"desc\"\n                                    data-orderby=\"date\"\n                                    data-chosen-pt=\"post\"\n                                    data-chosen-cat=\"category\"\n                                    data-offset=\"0\"\n                                    data-posts-per-page=\"999\"\n                                    data-handpicked-ids=\"[6368]\"\n                                    ><ul><li><button class=\"active-item\" data-slug=\"*\">All<\/button><\/li><li><button data-slug=\"sin-categorizar\">Sin categorizar<\/button><\/li><li><button data-slug=\"trucos-y-consejos\">Trucos y consejos<\/button><\/li><li><button data-slug=\"blog-es\">Blog<\/button><\/li><li><button data-slug=\"trends-es\">Trends<\/button><\/li><\/ul><\/div><div class=\"collection-side\"><ul class=\"collection-wrapper\" itemscope itemtype=\"https:\/\/schema.org\/Collection\"><li class=\"list-item post\"><a href=\"https:\/\/colorme-cosmetics.com\/es\/the-ultimate-guide-to-different-nail-shapes-which-one-is-right-for-you\/\" class=\"part post-part\" itemscope itemtype=\"https:\/\/schema.org\/Article\"><article><div class=\"inner-wrapper\"><div class=\"thumb\"><meta content=\"https:\/\/colorme-cosmetics.com\/wp-content\/uploads\/2025\/11\/70f85f9b-3037-49f3-9801-4a843bc3dee4-800x800.jpg\" itemprop=\"image\"><img decoding=\"async\" width=\"800\" height=\"800\" src=\"https:\/\/colorme-cosmetics.com\/wp-content\/uploads\/2025\/11\/70f85f9b-3037-49f3-9801-4a843bc3dee4-800x800.jpg\" class=\"attachment-square size-square wp-post-image\" alt=\"\" srcset=\"https:\/\/colorme-cosmetics.com\/wp-content\/uploads\/2025\/11\/70f85f9b-3037-49f3-9801-4a843bc3dee4-800x800.jpg 800w, https:\/\/colorme-cosmetics.com\/wp-content\/uploads\/2025\/11\/70f85f9b-3037-49f3-9801-4a843bc3dee4-150x150.jpg 150w, https:\/\/colorme-cosmetics.com\/wp-content\/uploads\/2025\/11\/70f85f9b-3037-49f3-9801-4a843bc3dee4-100x100.jpg 100w\" sizes=\"(max-width: 800px) 100vw, 800px\" \/><ul class=\"cats-list\"><li><span class=\"tag-wrapper\">Trends<\/span><\/li><\/ul><\/div><h2 class=\"part-title\" itemprop=\"headline\">La gu\u00eda definitiva sobre las diferentes formas de u\u00f1as: \u00bfcu\u00e1l es la ideal para ti?<\/h2><div class=\"textual-wrapper\">Cuando se trata de la manicura perfecta, la forma de tus u\u00f1as puede decir tanto como el c\u2026<\/div><span class=\"readmore\">Seguir leyendo<\/span><\/div><\/article><meta content=\"10\/11\/2025\" itemprop=\"datePublished\"><meta content=\"05\/05\/2026\" itemprop=\"dateModified\"><meta content=\"isa\" itemprop=\"author\"><div class=\"meta-tag-wrapper\" itemprop=\"publisher\" itemscope itemtype=\"https:\/\/schema.org\/Organization\"><meta content=\"ColorMe Cosmetics\" itemprop=\"name\"><div itemprop=\"logo\" itemscope itemtype=\"https:\/\/schema.org\/ImageObject\"><meta itemprop=\"url\" content=\"https:\/\/colorme-cosmetics.com\/wp-content\/themes\/colorme\/assets\/dist\/images\/logo.svg\"><\/div><\/div><\/a><\/li><li class=\"list-item post\"><a href=\"https:\/\/colorme-cosmetics.com\/es\/listo-para-las-vacaciones-en-un-abrir-y-cerrar-de-ojos-con-el-nuevo-kit-de-viaje-colorme\/\" class=\"part post-part\" itemscope itemtype=\"https:\/\/schema.org\/Article\"><article><div class=\"inner-wrapper\"><div class=\"thumb\"><meta content=\"https:\/\/colorme-cosmetics.com\/wp-content\/uploads\/2025\/07\/thumbnail_CM-Travel-Kit-HoedWater_brighter-800x800.jpg\" itemprop=\"image\"><img decoding=\"async\" width=\"800\" height=\"800\" src=\"https:\/\/colorme-cosmetics.com\/wp-content\/uploads\/2025\/07\/thumbnail_CM-Travel-Kit-HoedWater_brighter-800x800.jpg\" class=\"attachment-square size-square wp-post-image\" alt=\"\" srcset=\"https:\/\/colorme-cosmetics.com\/wp-content\/uploads\/2025\/07\/thumbnail_CM-Travel-Kit-HoedWater_brighter-800x800.jpg 800w, https:\/\/colorme-cosmetics.com\/wp-content\/uploads\/2025\/07\/thumbnail_CM-Travel-Kit-HoedWater_brighter-300x300.jpg 300w, https:\/\/colorme-cosmetics.com\/wp-content\/uploads\/2025\/07\/thumbnail_CM-Travel-Kit-HoedWater_brighter-1024x1024.jpg 1024w, https:\/\/colorme-cosmetics.com\/wp-content\/uploads\/2025\/07\/thumbnail_CM-Travel-Kit-HoedWater_brighter-150x150.jpg 150w, https:\/\/colorme-cosmetics.com\/wp-content\/uploads\/2025\/07\/thumbnail_CM-Travel-Kit-HoedWater_brighter-768x768.jpg 768w, https:\/\/colorme-cosmetics.com\/wp-content\/uploads\/2025\/07\/thumbnail_CM-Travel-Kit-HoedWater_brighter-1536x1536.jpg 1536w, https:\/\/colorme-cosmetics.com\/wp-content\/uploads\/2025\/07\/thumbnail_CM-Travel-Kit-HoedWater_brighter-620x620.jpg 620w, https:\/\/colorme-cosmetics.com\/wp-content\/uploads\/2025\/07\/thumbnail_CM-Travel-Kit-HoedWater_brighter-580x580.jpg 580w, https:\/\/colorme-cosmetics.com\/wp-content\/uploads\/2025\/07\/thumbnail_CM-Travel-Kit-HoedWater_brighter-100x100.jpg 100w, https:\/\/colorme-cosmetics.com\/wp-content\/uploads\/2025\/07\/thumbnail_CM-Travel-Kit-HoedWater_brighter.jpg 1600w\" sizes=\"(max-width: 800px) 100vw, 800px\" \/><ul class=\"cats-list\"><li><span class=\"tag-wrapper\">Blog<\/span><\/li><\/ul><\/div><h2 class=\"part-title\" itemprop=\"headline\">Listo para las vacaciones en un abrir y cerrar de ojos con el nuevo kit de viaje ColorMe<\/h2><div class=\"textual-wrapper\">El verano est\u00e1 llamando, y eso solo significa una cosa: \u00a1es hora de hacer las maletas y \u2026<\/div><span class=\"readmore\">Seguir leyendo<\/span><\/div><\/article><meta content=\"17\/07\/2025\" itemprop=\"datePublished\"><meta content=\"01\/09\/2025\" itemprop=\"dateModified\"><meta content=\"isa\" itemprop=\"author\"><div class=\"meta-tag-wrapper\" itemprop=\"publisher\" itemscope itemtype=\"https:\/\/schema.org\/Organization\"><meta content=\"ColorMe Cosmetics\" itemprop=\"name\"><div itemprop=\"logo\" itemscope itemtype=\"https:\/\/schema.org\/ImageObject\"><meta itemprop=\"url\" content=\"https:\/\/colorme-cosmetics.com\/wp-content\/themes\/colorme\/assets\/dist\/images\/logo.svg\"><\/div><\/div><\/a><\/li><li class=\"list-item post\"><a href=\"https:\/\/colorme-cosmetics.com\/es\/como-encontrar-tu-color-de-gelpolish-perfecto\/\" class=\"part post-part\" itemscope itemtype=\"https:\/\/schema.org\/Article\"><article><div class=\"inner-wrapper\"><div class=\"thumb\"><meta content=\"https:\/\/colorme-cosmetics.com\/wp-content\/uploads\/2024\/05\/Afbeelding-2-Gelpolish-kleuren-800x800.png\" itemprop=\"image\"><img decoding=\"async\" width=\"800\" height=\"800\" src=\"https:\/\/colorme-cosmetics.com\/wp-content\/uploads\/2024\/05\/Afbeelding-2-Gelpolish-kleuren-800x800.png\" class=\"attachment-square size-square wp-post-image\" alt=\"Gel Polish Colours\" srcset=\"https:\/\/colorme-cosmetics.com\/wp-content\/uploads\/2024\/05\/Afbeelding-2-Gelpolish-kleuren-800x800.png 800w, https:\/\/colorme-cosmetics.com\/wp-content\/uploads\/2024\/05\/Afbeelding-2-Gelpolish-kleuren-150x150.png 150w, https:\/\/colorme-cosmetics.com\/wp-content\/uploads\/2024\/05\/Afbeelding-2-Gelpolish-kleuren-100x100.png 100w\" sizes=\"(max-width: 800px) 100vw, 800px\" \/><ul class=\"cats-list\"><li><span class=\"tag-wrapper\">Blog<\/span><\/li><\/ul><\/div><h2 class=\"part-title\" itemprop=\"headline\">C\u00f3mo encontrar tu color de Gelpolish perfecto<\/h2><div class=\"textual-wrapper\">Elegir el color de u\u00f1as de gel perfecto no es f\u00e1cil. Con tantos colores de u\u00f1as disponi\u2026<\/div><span class=\"readmore\">Seguir leyendo<\/span><\/div><\/article><meta content=\"31\/05\/2024\" itemprop=\"datePublished\"><meta content=\"27\/11\/2025\" itemprop=\"dateModified\"><meta content=\"admin\" itemprop=\"author\"><div class=\"meta-tag-wrapper\" itemprop=\"publisher\" itemscope itemtype=\"https:\/\/schema.org\/Organization\"><meta content=\"ColorMe Cosmetics\" itemprop=\"name\"><div itemprop=\"logo\" itemscope itemtype=\"https:\/\/schema.org\/ImageObject\"><meta itemprop=\"url\" content=\"https:\/\/colorme-cosmetics.com\/wp-content\/themes\/colorme\/assets\/dist\/images\/logo.svg\"><\/div><\/div><\/a><\/li><li class=\"list-item post\"><a href=\"https:\/\/colorme-cosmetics.com\/es\/consejos-de-experto-para-unas-unas-fuertes-y-sanas\/\" class=\"part post-part\" itemscope itemtype=\"https:\/\/schema.org\/Article\"><article><div class=\"inner-wrapper\"><div class=\"thumb\"><meta content=\"https:\/\/colorme-cosmetics.com\/wp-content\/uploads\/2024\/05\/Strong-and-healthy-nails-800x800.jpeg\" itemprop=\"image\"><img decoding=\"async\" width=\"800\" height=\"800\" src=\"https:\/\/colorme-cosmetics.com\/wp-content\/uploads\/2024\/05\/Strong-and-healthy-nails-800x800.jpeg\" class=\"attachment-square size-square wp-post-image\" alt=\"Strong and healthy nails\" srcset=\"https:\/\/colorme-cosmetics.com\/wp-content\/uploads\/2024\/05\/Strong-and-healthy-nails-800x800.jpeg 800w, https:\/\/colorme-cosmetics.com\/wp-content\/uploads\/2024\/05\/Strong-and-healthy-nails-150x150.jpeg 150w, https:\/\/colorme-cosmetics.com\/wp-content\/uploads\/2024\/05\/Strong-and-healthy-nails-100x100.jpeg 100w\" sizes=\"(max-width: 800px) 100vw, 800px\" \/><ul class=\"cats-list\"><li><span class=\"tag-wrapper\">Trucos y consejos<\/span><\/li><\/ul><\/div><h2 class=\"part-title\" itemprop=\"headline\">Consejos de experto para unas u\u00f1as fuertes y sanas<\/h2><div class=\"textual-wrapper\">Cuando se trata del cuidado de las u\u00f1as, una pregunta habitual es c\u00f3mo fortalecerlas.  \u2026<\/div><span class=\"readmore\">Seguir leyendo<\/span><\/div><\/article><meta content=\"31\/05\/2024\" itemprop=\"datePublished\"><meta content=\"27\/11\/2025\" itemprop=\"dateModified\"><meta content=\"admin\" itemprop=\"author\"><div class=\"meta-tag-wrapper\" itemprop=\"publisher\" itemscope itemtype=\"https:\/\/schema.org\/Organization\"><meta content=\"ColorMe Cosmetics\" itemprop=\"name\"><div itemprop=\"logo\" itemscope itemtype=\"https:\/\/schema.org\/ImageObject\"><meta itemprop=\"url\" content=\"https:\/\/colorme-cosmetics.com\/wp-content\/themes\/colorme\/assets\/dist\/images\/logo.svg\"><\/div><\/div><\/a><\/li><li class=\"list-item post\"><a href=\"https:\/\/colorme-cosmetics.com\/es\/8-consejos-para-aplicar-el-esmalte-de-gel\/\" class=\"part post-part\" itemscope itemtype=\"https:\/\/schema.org\/Article\"><article><div class=\"inner-wrapper\"><div class=\"thumb\"><meta content=\"https:\/\/colorme-cosmetics.com\/wp-content\/uploads\/2024\/05\/Afbeelding-4-Nagels-achtergrond-800x800.png\" itemprop=\"image\"><img decoding=\"async\" width=\"800\" height=\"800\" src=\"https:\/\/colorme-cosmetics.com\/wp-content\/uploads\/2024\/05\/Afbeelding-4-Nagels-achtergrond-800x800.png\" class=\"attachment-square size-square wp-post-image\" alt=\"How to - Gel polish\" srcset=\"https:\/\/colorme-cosmetics.com\/wp-content\/uploads\/2024\/05\/Afbeelding-4-Nagels-achtergrond-800x800.png 800w, https:\/\/colorme-cosmetics.com\/wp-content\/uploads\/2024\/05\/Afbeelding-4-Nagels-achtergrond-150x150.png 150w, https:\/\/colorme-cosmetics.com\/wp-content\/uploads\/2024\/05\/Afbeelding-4-Nagels-achtergrond-100x100.png 100w\" sizes=\"(max-width: 800px) 100vw, 800px\" \/><ul class=\"cats-list\"><li><span class=\"tag-wrapper\">Trucos y consejos<\/span><\/li><\/ul><\/div><h2 class=\"part-title\" itemprop=\"headline\">8 consejos para aplicar el esmalte de gel<\/h2><div class=\"textual-wrapper\">\u00bfEst\u00e1s cansada de gastar tiempo y dinero en el sal\u00f3n de belleza para hacerte una manicu\u2026<\/div><span class=\"readmore\">Seguir leyendo<\/span><\/div><\/article><meta content=\"31\/05\/2024\" itemprop=\"datePublished\"><meta content=\"27\/11\/2025\" itemprop=\"dateModified\"><meta content=\"admin\" itemprop=\"author\"><div class=\"meta-tag-wrapper\" itemprop=\"publisher\" itemscope itemtype=\"https:\/\/schema.org\/Organization\"><meta content=\"ColorMe Cosmetics\" itemprop=\"name\"><div itemprop=\"logo\" itemscope itemtype=\"https:\/\/schema.org\/ImageObject\"><meta itemprop=\"url\" content=\"https:\/\/colorme-cosmetics.com\/wp-content\/themes\/colorme\/assets\/dist\/images\/logo.svg\"><\/div><\/div><\/a><\/li><\/ul><\/div><\/div><\/div><\/div><\/section>","protected":false},"excerpt":{"rendered":"","protected":false},"author":1,"featured_media":0,"parent":0,"menu_order":340,"comment_status":"closed","ping_status":"closed","template":"","meta":{"_acf_changed":false,"footnotes":""},"class_list":["post-1902","page","type-page","status-publish","hentry"],"acf":[],"yoast_head":"<!-- This site is optimized with the Yoast SEO plugin v27.5 - https:\/\/yoast.com\/product\/yoast-seo-wordpress\/ -->\n<title>Blog - ColorMe Cosmetics<\/title>\n<meta name=\"description\" content=\"Explora nuestro blog para conocer las \u00faltimas ideas, consejos y tendencias. Encuentra consejos pr\u00e1cticos y asesoramiento de expertos sobre diversos temas. Lee ahora.\" \/>\n<meta name=\"robots\" content=\"index, follow, max-snippet:-1, max-image-preview:large, max-video-preview:-1\" \/>\n<link rel=\"canonical\" href=\"https:\/\/colorme-cosmetics.com\/es\/blog\/\" \/>\n<meta property=\"og:locale\" content=\"es_ES\" \/>\n<meta property=\"og:type\" content=\"article\" \/>\n<meta property=\"og:title\" content=\"Blog - ColorMe Cosmetics\" \/>\n<meta property=\"og:description\" content=\"Explora nuestro blog para conocer las \u00faltimas ideas, consejos y tendencias. Encuentra consejos pr\u00e1cticos y asesoramiento de expertos sobre diversos temas. Lee ahora.\" \/>\n<meta property=\"og:url\" content=\"https:\/\/colorme-cosmetics.com\/es\/blog\/\" \/>\n<meta property=\"og:site_name\" content=\"ColorMe Cosmetics\" \/>\n<meta property=\"article:modified_time\" content=\"2026-05-05T08:57:10+00:00\" \/>\n<meta name=\"twitter:card\" content=\"summary_large_image\" \/>\n<script type=\"application\/ld+json\" class=\"yoast-schema-graph\">{\"@context\":\"https:\\\/\\\/schema.org\",\"@graph\":[{\"@type\":\"WebPage\",\"@id\":\"https:\\\/\\\/colorme-cosmetics.com\\\/es\\\/blog\\\/\",\"url\":\"https:\\\/\\\/colorme-cosmetics.com\\\/es\\\/blog\\\/\",\"name\":\"Blog - ColorMe Cosmetics\",\"isPartOf\":{\"@id\":\"https:\\\/\\\/colorme-cosmetics.com\\\/es\\\/#website\"},\"datePublished\":\"2024-01-12T13:38:32+00:00\",\"dateModified\":\"2026-05-05T08:57:10+00:00\",\"description\":\"Explora nuestro blog para conocer las \u00faltimas ideas, consejos y tendencias. Encuentra consejos pr\u00e1cticos y asesoramiento de expertos sobre diversos temas. Lee ahora.\",\"breadcrumb\":{\"@id\":\"https:\\\/\\\/colorme-cosmetics.com\\\/es\\\/blog\\\/#breadcrumb\"},\"inLanguage\":\"es\",\"potentialAction\":[{\"@type\":\"ReadAction\",\"target\":[\"https:\\\/\\\/colorme-cosmetics.com\\\/es\\\/blog\\\/\"]}]},{\"@type\":\"BreadcrumbList\",\"@id\":\"https:\\\/\\\/colorme-cosmetics.com\\\/es\\\/blog\\\/#breadcrumb\",\"itemListElement\":[{\"@type\":\"ListItem\",\"position\":1,\"name\":\"Home\",\"item\":\"https:\\\/\\\/colorme-cosmetics.com\\\/es\\\/\"},{\"@type\":\"ListItem\",\"position\":2,\"name\":\"Blog\"}]},{\"@type\":\"WebSite\",\"@id\":\"https:\\\/\\\/colorme-cosmetics.com\\\/es\\\/#website\",\"url\":\"https:\\\/\\\/colorme-cosmetics.com\\\/es\\\/\",\"name\":\"ColorMe Cosmetics\",\"description\":\"\",\"potentialAction\":[{\"@type\":\"SearchAction\",\"target\":{\"@type\":\"EntryPoint\",\"urlTemplate\":\"https:\\\/\\\/colorme-cosmetics.com\\\/es\\\/?s={search_term_string}\"},\"query-input\":{\"@type\":\"PropertyValueSpecification\",\"valueRequired\":true,\"valueName\":\"search_term_string\"}}],\"inLanguage\":\"es\"}]}<\/script>\n<!-- \/ Yoast SEO plugin. -->","yoast_head_json":{"title":"Blog - ColorMe Cosmetics","description":"Explora nuestro blog para conocer las \u00faltimas ideas, consejos y tendencias. Encuentra consejos pr\u00e1cticos y asesoramiento de expertos sobre diversos temas. Lee ahora.","robots":{"index":"index","follow":"follow","max-snippet":"max-snippet:-1","max-image-preview":"max-image-preview:large","max-video-preview":"max-video-preview:-1"},"canonical":"https:\/\/colorme-cosmetics.com\/es\/blog\/","og_locale":"es_ES","og_type":"article","og_title":"Blog - ColorMe Cosmetics","og_description":"Explora nuestro blog para conocer las \u00faltimas ideas, consejos y tendencias. Encuentra consejos pr\u00e1cticos y asesoramiento de expertos sobre diversos temas. Lee ahora.","og_url":"https:\/\/colorme-cosmetics.com\/es\/blog\/","og_site_name":"ColorMe Cosmetics","article_modified_time":"2026-05-05T08:57:10+00:00","twitter_card":"summary_large_image","schema":{"@context":"https:\/\/schema.org","@graph":[{"@type":"WebPage","@id":"https:\/\/colorme-cosmetics.com\/es\/blog\/","url":"https:\/\/colorme-cosmetics.com\/es\/blog\/","name":"Blog - ColorMe Cosmetics","isPartOf":{"@id":"https:\/\/colorme-cosmetics.com\/es\/#website"},"datePublished":"2024-01-12T13:38:32+00:00","dateModified":"2026-05-05T08:57:10+00:00","description":"Explora nuestro blog para conocer las \u00faltimas ideas, consejos y tendencias. Encuentra consejos pr\u00e1cticos y asesoramiento de expertos sobre diversos temas. Lee ahora.","breadcrumb":{"@id":"https:\/\/colorme-cosmetics.com\/es\/blog\/#breadcrumb"},"inLanguage":"es","potentialAction":[{"@type":"ReadAction","target":["https:\/\/colorme-cosmetics.com\/es\/blog\/"]}]},{"@type":"BreadcrumbList","@id":"https:\/\/colorme-cosmetics.com\/es\/blog\/#breadcrumb","itemListElement":[{"@type":"ListItem","position":1,"name":"Home","item":"https:\/\/colorme-cosmetics.com\/es\/"},{"@type":"ListItem","position":2,"name":"Blog"}]},{"@type":"WebSite","@id":"https:\/\/colorme-cosmetics.com\/es\/#website","url":"https:\/\/colorme-cosmetics.com\/es\/","name":"ColorMe Cosmetics","description":"","potentialAction":[{"@type":"SearchAction","target":{"@type":"EntryPoint","urlTemplate":"https:\/\/colorme-cosmetics.com\/es\/?s={search_term_string}"},"query-input":{"@type":"PropertyValueSpecification","valueRequired":true,"valueName":"search_term_string"}}],"inLanguage":"es"}]}},"_links":{"self":[{"href":"https:\/\/colorme-cosmetics.com\/es\/wp-json\/wp\/v2\/pages\/1902","targetHints":{"allow":["GET"]}}],"collection":[{"href":"https:\/\/colorme-cosmetics.com\/es\/wp-json\/wp\/v2\/pages"}],"about":[{"href":"https:\/\/colorme-cosmetics.com\/es\/wp-json\/wp\/v2\/types\/page"}],"author":[{"embeddable":true,"href":"https:\/\/colorme-cosmetics.com\/es\/wp-json\/wp\/v2\/users\/1"}],"replies":[{"embeddable":true,"href":"https:\/\/colorme-cosmetics.com\/es\/wp-json\/wp\/v2\/comments?post=1902"}],"version-history":[{"count":1,"href":"https:\/\/colorme-cosmetics.com\/es\/wp-json\/wp\/v2\/pages\/1902\/revisions"}],"predecessor-version":[{"id":6410,"href":"https:\/\/colorme-cosmetics.com\/es\/wp-json\/wp\/v2\/pages\/1902\/revisions\/6410"}],"wp:attachment":[{"href":"https:\/\/colorme-cosmetics.com\/es\/wp-json\/wp\/v2\/media?parent=1902"}],"curies":[{"name":"wp","href":"https:\/\/api.w.org\/{rel}","templated":true}]}}