{"id":1904,"date":"2024-01-12T14:53:02","date_gmt":"2024-01-12T13:53:02","guid":{"rendered":"https:\/\/colorme-cosmetics.com\/sobre-nosotros\/"},"modified":"2025-06-06T14:52:43","modified_gmt":"2025-06-06T12:52:43","slug":"acerca-de-colorme","status":"publish","type":"page","link":"https:\/\/colorme-cosmetics.com\/es\/acerca-de-colorme\/","title":{"rendered":"Acerca de ColorMe"},"content":{"rendered":"<section id=section-block-block_101c63a2b4908fcecffd0902adfbb811 class=\"section block_content_and_image_left connect\" itemscope itemtype=\"http:\/\/schema.org\/WebPageElement\" itemprop=\"hasPart\"><div class=\"container\"><div class=\"block-row blocks-in-row-2\"><div class=\"block content-block\" itemscope itemtype=\"http:\/\/schema.org\/WebPageElement\" itemprop=\"isPartOf\"><div class=\"inner-wrapper\"><div itemprop=\"text\" class=\"content-wrapper\"><p>Nuestra f\u00f3rmula premium de esmalte de gel est\u00e1 cuidadosamente dise\u00f1ada para ofrecer un proceso de aplicaci\u00f3n r\u00e1pido y eficiente desde la comodidad de tu hogar. Simplemente seca el color bajo la l\u00e1mpara \u00a1y listo! Disfrutar\u00e1s de una manicura impecable y resistente a da\u00f1os durante al menos 2 semanas. Nuestra f\u00f3rmula es vegana y sin HEMA, garantizando una experiencia segura y agradable.<\/p>\n<\/div><\/div><\/div><div class=\"block image-block\" style=\"background-image:url(https:\/\/colorme-cosmetics.com\/wp-content\/uploads\/2024\/09\/Afbeelding4-1806x1200.png)\"><\/div><\/div><\/div><\/section>\n\n<section id=section-block_8589aa888ffa93d4e5ea2dbf35e6526e class=\"section block_image_and_content_left connect\" itemscope itemtype=\"http:\/\/schema.org\/WebPageElement\" itemprop=\"hasPart\"><div class=\"container\"><div class=\"block-row blocks-in-row-2\"><div class=\"block image-block\" style=\"background-image:url(https:\/\/colorme-cosmetics.com\/wp-content\/uploads\/2024\/04\/ColorMe-08-1280x1200.jpg)\"><\/div><div class=\"block content-block\" itemscope itemtype=\"http:\/\/schema.org\/WebPageElement\" itemprop=\"isPartOf\"><div class=\"inner-wrapper\"><div class=\"title-wrapper\"><h2 class=\"block-title h2\">ColorMe Cosmetics<\/h2><span class=\"block-subtitle\">La firma de tu estilo<\/span><\/div><div itemprop=\"description\" class=\"content-wrapper\"><ul>\n<li>Confianza en tu aspecto<\/li>\n<li>Confianza en su seguridad para tus u\u00f1as<\/li>\n<li>Confianza en su calidad duradera<\/li>\n<li>Confianza en que puedes hacerlo cuando te convenga<\/li>\n<li>Confianza en su f\u00e1cil aplicaci\u00f3n<\/li>\n<li>Confianza en su f\u00f3rmula vegana y sin crueldad<\/li>\n<\/ul>\n<\/div><\/div><\/div><\/div><\/div><\/section>\n\n<section id=section-block-block_b3c1c173b00091ebe67f3a4346b0ae1d class=\"section block_content center\" itemscope itemtype=\"http:\/\/schema.org\/WebPageElement\" itemprop=\"hasPart\"><div class=\"container\"><div class=\"block-row blocks-in-row-1\"><div class=\"block content-block\" itemscope itemtype=\"http:\/\/schema.org\/WebPageElement\" itemprop=\"isPartOf\"><div class=\"inner-wrapper\"><div class=\"title-wrapper\"><h2 class=\"block-title h2\">La firma de tu estilo<\/h2><\/div><div itemprop=\"text\" class=\"content-wrapper\"><p>Nuestra misi\u00f3n es elevar la autoexpresi\u00f3n y empoderar a las mujeres a trav\u00e9s de experiencias de cuidado de u\u00f1as lujosas, celebrando la belleza inherente.<\/p>\n<\/div><\/div><\/div><\/div><\/div><\/section>\n\n<section id=section-block-block_2bf40cce566ebc63f07f12bde0d5d83a class=\"section link_repeater_block row-items-4 button-inside\" itemscope itemtype=\"http:\/\/schema.org\/WebPageElement\" itemprop=\"isPartOf\"><div class=\"container\"><div class=\"block-row blocks-in-row-1\"><div class=\"block link-repeater-block\"><div class=\"title-wrapper\"><h2 class=\"block-title h2\">Explora m\u00e1s<\/h2><\/div><ul><li><a  title=\"Trucos y consejos\" href=\"https:\/\/colorme-cosmetics.com\/es\/8-consejos-para-aplicar-el-esmalte-de-gel\/\" class=\"repeater-item\" itemscope itemtype=\"http:\/\/schema.org\/WebPage\" itemprop=\"isPartOf\"><meta itemprop=\"significantLink\" content=\"https:\/\/colorme-cosmetics.com\/es\/8-consejos-para-aplicar-el-esmalte-de-gel\/\"><figure itemscope itemtype=\"http:\/\/schema.org\/ImageObject\" itemprop=\"isPartOf\" class=\"img-wrapper\"><meta itemprop=\"description\" content=\"Nail model\"><img decoding=\"async\" title=\"temp\" alt=\"Nail model\" width=\"400\" height=\"600\" src=\"https:\/\/colorme-cosmetics.com\/wp-content\/uploads\/2024\/04\/temp-scaled.jpg\"\/><meta itemprop=\"name\" content=\"temp\"><meta itemprop=\"image\" content=\"https:\/\/colorme-cosmetics.com\/wp-content\/uploads\/2024\/04\/temp-scaled.jpg\"><\/figure><div class=\"title-bar-wrapper\"><div class=\"title-bar\">Trucos y consejos<\/div><\/div><\/a><\/li><li><a  title=\"Blog\" href=\"https:\/\/colorme-cosmetics.com\/es\/blog\/\" class=\"repeater-item\" itemscope itemtype=\"http:\/\/schema.org\/WebPage\" itemprop=\"isPartOf\"><meta itemprop=\"significantLink\" content=\"https:\/\/colorme-cosmetics.com\/es\/blog\/\"><figure itemscope itemtype=\"http:\/\/schema.org\/ImageObject\" itemprop=\"isPartOf\" class=\"img-wrapper\"><meta itemprop=\"description\" content=\"Keep It Classy Gel Colour\"><img decoding=\"async\" title=\"Keep It Classy model\" alt=\"Keep It Classy Gel Colour\" width=\"400\" height=\"600\" src=\"https:\/\/colorme-cosmetics.com\/wp-content\/uploads\/2024\/04\/Keep-It-Classy-model-400x600.jpg\"\/><meta itemprop=\"name\" content=\"Keep It Classy model\"><meta itemprop=\"image\" content=\"https:\/\/colorme-cosmetics.com\/wp-content\/uploads\/2024\/04\/Keep-It-Classy-model-400x600.jpg\"><\/figure><div class=\"title-bar-wrapper\"><div class=\"title-bar\">Blog<\/div><\/div><\/a><\/li><li><a  title=\"Encuentra tu color\" href=\"https:\/\/colorme-cosmetics.com\/es\/como-encontrar-tu-color-de-gelpolish-perfecto\/\" class=\"repeater-item\" itemscope itemtype=\"http:\/\/schema.org\/WebPage\" itemprop=\"isPartOf\"><meta itemprop=\"significantLink\" content=\"https:\/\/colorme-cosmetics.com\/es\/como-encontrar-tu-color-de-gelpolish-perfecto\/\"><figure itemscope itemtype=\"http:\/\/schema.org\/ImageObject\" itemprop=\"isPartOf\" class=\"img-wrapper\"><meta itemprop=\"description\" content=\"Nail model\"><img decoding=\"async\" title=\"temp3\" alt=\"Nail model\" width=\"400\" height=\"600\" src=\"https:\/\/colorme-cosmetics.com\/wp-content\/uploads\/2024\/04\/temp3.jpg\"\/><meta itemprop=\"name\" content=\"temp3\"><meta itemprop=\"image\" content=\"https:\/\/colorme-cosmetics.com\/wp-content\/uploads\/2024\/04\/temp3.jpg\"><\/figure><div class=\"title-bar-wrapper\"><div class=\"title-bar\">Encuentra tu color<\/div><\/div><\/a><\/li><li><a  title=\"Productos\" href=\"https:\/\/colorme-cosmetics.com\/es\/tienda\/\" class=\"repeater-item\" itemscope itemtype=\"http:\/\/schema.org\/WebPage\" itemprop=\"isPartOf\"><meta itemprop=\"significantLink\" content=\"https:\/\/colorme-cosmetics.com\/es\/tienda\/\"><figure itemscope itemtype=\"http:\/\/schema.org\/ImageObject\" itemprop=\"isPartOf\" class=\"img-wrapper\"><meta itemprop=\"description\" content=\"Gel Primer, Top Coat, Peel-Off Base Coat y Keep It Spicy\"><img decoding=\"async\" title=\"Keep It Spicy, Top Coat, Base Coat y Gel Primer\" alt=\"Gel Primer, Top Coat, Peel-Off Base Coat y Keep It Spicy\" width=\"400\" height=\"600\" src=\"https:\/\/colorme-cosmetics.com\/wp-content\/uploads\/2024\/04\/Keep-It-Spicy-sfeer-400x600.jpg\"\/><meta itemprop=\"name\" content=\"Keep It Spicy, Top Coat, Base Coat y Gel Primer\"><meta itemprop=\"image\" content=\"https:\/\/colorme-cosmetics.com\/wp-content\/uploads\/2024\/04\/Keep-It-Spicy-sfeer-400x600.jpg\"><\/figure><div class=\"title-bar-wrapper\"><div class=\"title-bar\">Productos<\/div><\/div><\/a><\/li><\/ul><\/div><\/div><\/div><\/section>","protected":false},"excerpt":{"rendered":"","protected":false},"author":1,"featured_media":1102,"parent":0,"menu_order":320,"comment_status":"closed","ping_status":"closed","template":"","meta":{"_acf_changed":false,"footnotes":""},"class_list":["post-1904","page","type-page","status-publish","has-post-thumbnail","hentry"],"acf":[],"yoast_head":"<!-- This site is optimized with the Yoast SEO plugin v27.5 - https:\/\/yoast.com\/product\/yoast-seo-wordpress\/ -->\n<title>Acerca de ColorMe - ColorMe Cosmetics<\/title>\n<meta name=\"description\" content=\"Nuestra f\u00f3rmula de esmalte en gel de primera calidad est\u00e1 meticulosamente elaborada para proporcionar un proceso de aplicaci\u00f3n r\u00e1pido y eficaz desde la comodidad de tu propia casa.\" \/>\n<meta name=\"robots\" content=\"index, follow, max-snippet:-1, max-image-preview:large, max-video-preview:-1\" \/>\n<link rel=\"canonical\" href=\"https:\/\/colorme-cosmetics.com\/es\/acerca-de-colorme\/\" \/>\n<meta property=\"og:locale\" content=\"es_ES\" \/>\n<meta property=\"og:type\" content=\"article\" \/>\n<meta property=\"og:title\" content=\"Acerca de ColorMe - ColorMe Cosmetics\" \/>\n<meta property=\"og:description\" content=\"Nuestra f\u00f3rmula de esmalte en gel de primera calidad est\u00e1 meticulosamente elaborada para proporcionar un proceso de aplicaci\u00f3n r\u00e1pido y eficaz desde la comodidad de tu propia casa.\" \/>\n<meta property=\"og:url\" content=\"https:\/\/colorme-cosmetics.com\/es\/acerca-de-colorme\/\" \/>\n<meta property=\"og:site_name\" content=\"ColorMe Cosmetics\" \/>\n<meta property=\"article:modified_time\" content=\"2025-06-06T12:52:43+00:00\" \/>\n<meta property=\"og:image\" content=\"https:\/\/colorme-cosmetics.com\/wp-content\/uploads\/2024\/09\/STL_1762-1-scaled-e1730449203274.jpg\" \/>\n\t<meta property=\"og:image:width\" content=\"2560\" \/>\n\t<meta property=\"og:image:height\" content=\"1707\" \/>\n\t<meta property=\"og:image:type\" content=\"image\/jpeg\" \/>\n<meta name=\"twitter:card\" content=\"summary_large_image\" \/>\n<meta name=\"twitter:label1\" content=\"Tiempo de lectura\" \/>\n\t<meta name=\"twitter:data1\" content=\"2 minutos\" \/>\n<script type=\"application\/ld+json\" class=\"yoast-schema-graph\">{\"@context\":\"https:\\\/\\\/schema.org\",\"@graph\":[{\"@type\":\"WebPage\",\"@id\":\"https:\\\/\\\/colorme-cosmetics.com\\\/es\\\/acerca-de-colorme\\\/\",\"url\":\"https:\\\/\\\/colorme-cosmetics.com\\\/es\\\/acerca-de-colorme\\\/\",\"name\":\"Acerca de ColorMe - ColorMe Cosmetics\",\"isPartOf\":{\"@id\":\"https:\\\/\\\/colorme-cosmetics.com\\\/es\\\/#website\"},\"primaryImageOfPage\":{\"@id\":\"https:\\\/\\\/colorme-cosmetics.com\\\/es\\\/acerca-de-colorme\\\/#primaryimage\"},\"image\":{\"@id\":\"https:\\\/\\\/colorme-cosmetics.com\\\/es\\\/acerca-de-colorme\\\/#primaryimage\"},\"thumbnailUrl\":\"https:\\\/\\\/colorme-cosmetics.com\\\/wp-content\\\/uploads\\\/2024\\\/09\\\/STL_1762-1-scaled-e1730449203274.jpg\",\"datePublished\":\"2024-01-12T13:53:02+00:00\",\"dateModified\":\"2025-06-06T12:52:43+00:00\",\"description\":\"Nuestra f\u00f3rmula de esmalte en gel de primera calidad est\u00e1 meticulosamente elaborada para proporcionar un proceso de aplicaci\u00f3n r\u00e1pido y eficaz desde la comodidad de tu propia casa.\",\"breadcrumb\":{\"@id\":\"https:\\\/\\\/colorme-cosmetics.com\\\/es\\\/acerca-de-colorme\\\/#breadcrumb\"},\"inLanguage\":\"es\",\"potentialAction\":[{\"@type\":\"ReadAction\",\"target\":[\"https:\\\/\\\/colorme-cosmetics.com\\\/es\\\/acerca-de-colorme\\\/\"]}]},{\"@type\":\"ImageObject\",\"inLanguage\":\"es\",\"@id\":\"https:\\\/\\\/colorme-cosmetics.com\\\/es\\\/acerca-de-colorme\\\/#primaryimage\",\"url\":\"https:\\\/\\\/colorme-cosmetics.com\\\/wp-content\\\/uploads\\\/2024\\\/09\\\/STL_1762-1-scaled-e1730449203274.jpg\",\"contentUrl\":\"https:\\\/\\\/colorme-cosmetics.com\\\/wp-content\\\/uploads\\\/2024\\\/09\\\/STL_1762-1-scaled-e1730449203274.jpg\",\"width\":2560,\"height\":1707,\"caption\":\"Essentials - ColorMe\"},{\"@type\":\"BreadcrumbList\",\"@id\":\"https:\\\/\\\/colorme-cosmetics.com\\\/es\\\/acerca-de-colorme\\\/#breadcrumb\",\"itemListElement\":[{\"@type\":\"ListItem\",\"position\":1,\"name\":\"Home\",\"item\":\"https:\\\/\\\/colorme-cosmetics.com\\\/es\\\/\"},{\"@type\":\"ListItem\",\"position\":2,\"name\":\"Acerca de ColorMe\"}]},{\"@type\":\"WebSite\",\"@id\":\"https:\\\/\\\/colorme-cosmetics.com\\\/es\\\/#website\",\"url\":\"https:\\\/\\\/colorme-cosmetics.com\\\/es\\\/\",\"name\":\"ColorMe Cosmetics\",\"description\":\"\",\"potentialAction\":[{\"@type\":\"SearchAction\",\"target\":{\"@type\":\"EntryPoint\",\"urlTemplate\":\"https:\\\/\\\/colorme-cosmetics.com\\\/es\\\/?s={search_term_string}\"},\"query-input\":{\"@type\":\"PropertyValueSpecification\",\"valueRequired\":true,\"valueName\":\"search_term_string\"}}],\"inLanguage\":\"es\"}]}<\/script>\n<!-- \/ Yoast SEO plugin. -->","yoast_head_json":{"title":"Acerca de ColorMe - ColorMe Cosmetics","description":"Nuestra f\u00f3rmula de esmalte en gel de primera calidad est\u00e1 meticulosamente elaborada para proporcionar un proceso de aplicaci\u00f3n r\u00e1pido y eficaz desde la comodidad de tu propia casa.","robots":{"index":"index","follow":"follow","max-snippet":"max-snippet:-1","max-image-preview":"max-image-preview:large","max-video-preview":"max-video-preview:-1"},"canonical":"https:\/\/colorme-cosmetics.com\/es\/acerca-de-colorme\/","og_locale":"es_ES","og_type":"article","og_title":"Acerca de ColorMe - ColorMe Cosmetics","og_description":"Nuestra f\u00f3rmula de esmalte en gel de primera calidad est\u00e1 meticulosamente elaborada para proporcionar un proceso de aplicaci\u00f3n r\u00e1pido y eficaz desde la comodidad de tu propia casa.","og_url":"https:\/\/colorme-cosmetics.com\/es\/acerca-de-colorme\/","og_site_name":"ColorMe Cosmetics","article_modified_time":"2025-06-06T12:52:43+00:00","og_image":[{"width":2560,"height":1707,"url":"https:\/\/colorme-cosmetics.com\/wp-content\/uploads\/2024\/09\/STL_1762-1-scaled-e1730449203274.jpg","type":"image\/jpeg"}],"twitter_card":"summary_large_image","twitter_misc":{"Tiempo de lectura":"2 minutos"},"schema":{"@context":"https:\/\/schema.org","@graph":[{"@type":"WebPage","@id":"https:\/\/colorme-cosmetics.com\/es\/acerca-de-colorme\/","url":"https:\/\/colorme-cosmetics.com\/es\/acerca-de-colorme\/","name":"Acerca de ColorMe - ColorMe Cosmetics","isPartOf":{"@id":"https:\/\/colorme-cosmetics.com\/es\/#website"},"primaryImageOfPage":{"@id":"https:\/\/colorme-cosmetics.com\/es\/acerca-de-colorme\/#primaryimage"},"image":{"@id":"https:\/\/colorme-cosmetics.com\/es\/acerca-de-colorme\/#primaryimage"},"thumbnailUrl":"https:\/\/colorme-cosmetics.com\/wp-content\/uploads\/2024\/09\/STL_1762-1-scaled-e1730449203274.jpg","datePublished":"2024-01-12T13:53:02+00:00","dateModified":"2025-06-06T12:52:43+00:00","description":"Nuestra f\u00f3rmula de esmalte en gel de primera calidad est\u00e1 meticulosamente elaborada para proporcionar un proceso de aplicaci\u00f3n r\u00e1pido y eficaz desde la comodidad de tu propia casa.","breadcrumb":{"@id":"https:\/\/colorme-cosmetics.com\/es\/acerca-de-colorme\/#breadcrumb"},"inLanguage":"es","potentialAction":[{"@type":"ReadAction","target":["https:\/\/colorme-cosmetics.com\/es\/acerca-de-colorme\/"]}]},{"@type":"ImageObject","inLanguage":"es","@id":"https:\/\/colorme-cosmetics.com\/es\/acerca-de-colorme\/#primaryimage","url":"https:\/\/colorme-cosmetics.com\/wp-content\/uploads\/2024\/09\/STL_1762-1-scaled-e1730449203274.jpg","contentUrl":"https:\/\/colorme-cosmetics.com\/wp-content\/uploads\/2024\/09\/STL_1762-1-scaled-e1730449203274.jpg","width":2560,"height":1707,"caption":"Essentials - ColorMe"},{"@type":"BreadcrumbList","@id":"https:\/\/colorme-cosmetics.com\/es\/acerca-de-colorme\/#breadcrumb","itemListElement":[{"@type":"ListItem","position":1,"name":"Home","item":"https:\/\/colorme-cosmetics.com\/es\/"},{"@type":"ListItem","position":2,"name":"Acerca de ColorMe"}]},{"@type":"WebSite","@id":"https:\/\/colorme-cosmetics.com\/es\/#website","url":"https:\/\/colorme-cosmetics.com\/es\/","name":"ColorMe Cosmetics","description":"","potentialAction":[{"@type":"SearchAction","target":{"@type":"EntryPoint","urlTemplate":"https:\/\/colorme-cosmetics.com\/es\/?s={search_term_string}"},"query-input":{"@type":"PropertyValueSpecification","valueRequired":true,"valueName":"search_term_string"}}],"inLanguage":"es"}]}},"_links":{"self":[{"href":"https:\/\/colorme-cosmetics.com\/es\/wp-json\/wp\/v2\/pages\/1904","targetHints":{"allow":["GET"]}}],"collection":[{"href":"https:\/\/colorme-cosmetics.com\/es\/wp-json\/wp\/v2\/pages"}],"about":[{"href":"https:\/\/colorme-cosmetics.com\/es\/wp-json\/wp\/v2\/types\/page"}],"author":[{"embeddable":true,"href":"https:\/\/colorme-cosmetics.com\/es\/wp-json\/wp\/v2\/users\/1"}],"replies":[{"embeddable":true,"href":"https:\/\/colorme-cosmetics.com\/es\/wp-json\/wp\/v2\/comments?post=1904"}],"version-history":[{"count":0,"href":"https:\/\/colorme-cosmetics.com\/es\/wp-json\/wp\/v2\/pages\/1904\/revisions"}],"wp:featuredmedia":[{"embeddable":true,"href":"https:\/\/colorme-cosmetics.com\/es\/wp-json\/wp\/v2\/media\/1102"}],"wp:attachment":[{"href":"https:\/\/colorme-cosmetics.com\/es\/wp-json\/wp\/v2\/media?parent=1904"}],"curies":[{"name":"wp","href":"https:\/\/api.w.org\/{rel}","templated":true}]}}