{"id":2546,"date":"2025-05-06T14:28:02","date_gmt":"2025-05-06T12:28:02","guid":{"rendered":"https:\/\/colorme-cosmetics.com\/?page_id=2546"},"modified":"2025-05-27T09:02:58","modified_gmt":"2025-05-27T07:02:58","slug":"tiendas","status":"publish","type":"page","link":"https:\/\/colorme-cosmetics.com\/es\/tiendas\/","title":{"rendered":"Tiendas"},"content":{"rendered":"<section id=section-block-block_608884a8e5cfe84726c47644131e7459 class=\"section block_content_and_image_left regular\" itemscope itemtype=\"http:\/\/schema.org\/WebPageElement\" itemprop=\"hasPart\"><div class=\"container\"><div class=\"block-row blocks-in-row-2\"><div class=\"block content-block\" itemscope itemtype=\"http:\/\/schema.org\/WebPageElement\" itemprop=\"isPartOf\"><div class=\"inner-wrapper\"><div class=\"title-wrapper\"><h2 class=\"block-title h2\">Compre en nuestros distribuidores<\/h2><\/div><div itemprop=\"text\" class=\"content-wrapper\"><p>\u00bfQuieres experimentar nuestros productos en persona? Puedes encontrar toda nuestra gama en socios minoristas seleccionados. Ya sea que est\u00e9s comprando localmente o de viaje, nuestras tiendas asociadas de confianza hacen que sea f\u00e1cil explorar y comprar tus productos favoritos de ColorMe.<\/p>\n<h2 class=\"qrShPb pXs6bb PZPZlf q8U8x aTI8gc EaHP9c\" data-dtype=\"d3ifr\" data-local-attribute=\"d3bn\" data-attrid=\"title\" data-ved=\"2ahUKEwiz3Y_A5o6NAxUS-gIHHQQ-NnoQ3B0oAHoECE8QAQ\">El Corte Ingl\u00e9s<\/h2>\n<p>Nuestros productos est\u00e1n disponibles en Espa\u00f1a en las tiendas <strong>El Corte Ingl\u00e9s.<\/strong> Visita una de sus ubicaciones para explorar nuestra colecci\u00f3n.<\/p>\n<h3>Buscador de tiendas<\/h3>\n<p>Utiliza nuestro localizador para descubrir d\u00f3nde puedes comprar ColorMe cerca de ti:<\/p>\n<\/div><\/div><\/div><div class=\"block image-block\" ><figure itemscope itemtype=\"http:\/\/schema.org\/ImageObject\" itemprop=\"isPartOf\" class=\"img-wrapper\"><meta itemprop=\"text\" content=\"Kits ColorMe\"><img decoding=\"async\" title=\"Kits ColorMe\" alt=\"Kits ColorMe\" width=\"800\" height=\"800\" src=\"https:\/\/colorme-cosmetics.com\/wp-content\/uploads\/2024\/11\/Kits-ColorMe-800x800.png\"\/><meta itemprop=\"name\" content=\"Kits ColorMe\"><meta itemprop=\"image\" content=\"https:\/\/colorme-cosmetics.com\/wp-content\/uploads\/2024\/11\/Kits-ColorMe-800x800.png\"><\/figure><\/div><\/div><\/div><\/section>\n\n<section id=section-block-block_47f1837a0b4d7b45bb2d5620184e76eb class=\"section block_shortcode map-section\" itemscope itemtype=\"http:\/\/schema.org\/WebPageElement\" itemprop=\"hasPart\"><div class=\"container\"><div class=\"block-row blocks-in-row-1\"><div class=\"block shortcode-block\" itemscope itemtype=\"http:\/\/schema.org\/WebPageElement\" itemprop=\"isPartOf\"><div class=\"inner-wrapper\"><div itemprop=\"text\" class=\"content-wrapper\"><style>\r\n\t#wpsl-stores .wpsl-store-thumb {height:45px !important; width:45px !important;}\r\n\t#wpsl-stores, #wpsl-direction-details, #wpsl-gmap {height:500px !important;}\r\n\t#wpsl-gmap .wpsl-info-window {max-width:225px !important;}\r\n\t.wpsl-input label, #wpsl-radius label, #wpsl-category label {width:95px;}\r\n\t#wpsl-search-input  {width:179px;}\r\n<\/style>\r\n<div id=\"wpsl-wrap\">\r\n\t<div class=\"wpsl-search wpsl-clearfix wpsl-no-filters\">\r\n\t\t<div id=\"wpsl-search-wrap\">\r\n\t\t\t<form autocomplete=\"off\">\r\n\t\t\t<div class=\"wpsl-input\">\r\n\t\t\t\t<div class=\"label-wrapper\"><label for=\"wpsl-search-input\">Tu ubicaci\u00f3n<\/label><\/div>\r\n\t\t\t\t<input id=\"wpsl-search-input\" type=\"text\" value=\"\" name=\"wpsl-search-input\" placeholder=\"\" aria-required=\"true\" \/>\r\n\t\t\t<\/div>\r\n\t\t\t\t<div class=\"wpsl-search-btn-wrap\"><button id=\"wpsl-search-btn\"><span class=\"sr-element\">Buscar<\/span><\/div>\r\n\t\t<\/form>\r\n\t\t\t<button type=\"button\" class=\"wpsl-icon-reset custom-reset-btn\">Eliminar<\/button>\r\n\t\t<\/div>\r\n\t<\/div>\r\n\t<div id=\"wpsl-gmap\" class=\"wpsl-gmap-canvas\"><\/div>\r\n\t<div id=\"wpsl-result-list\">\r\n\t<h2 class=\"locations-title\">Resultados<\/h2>\r\n\t\t<div id=\"wpsl-stores\" >\r\n\t\t\t<ul><\/ul>\r\n\t\t<\/div>\r\n\t\t<div id=\"wpsl-direction-details\">\r\n\t\t\t<ul><\/ul>\r\n\t\t<\/div>\r\n\t<\/div>\r\n<\/div>\r\n<\/div><\/div><\/div><\/div><\/div><\/section>","protected":false},"excerpt":{"rendered":"","protected":false},"author":3,"featured_media":2213,"parent":0,"menu_order":0,"comment_status":"closed","ping_status":"closed","template":"","meta":{"_acf_changed":false,"footnotes":""},"class_list":["post-2546","page","type-page","status-publish","has-post-thumbnail","hentry"],"acf":[],"yoast_head":"<!-- This site is optimized with the Yoast SEO plugin v27.5 - https:\/\/yoast.com\/product\/yoast-seo-wordpress\/ -->\n<title>Tiendas - ColorMe Cosmetics<\/title>\n<meta name=\"description\" content=\"Descubre d\u00f3nde comprar los productos de ColorMe en tiendas f\u00edsicas.\" \/>\n<meta name=\"robots\" content=\"index, follow, max-snippet:-1, max-image-preview:large, max-video-preview:-1\" \/>\n<link rel=\"canonical\" href=\"https:\/\/colorme-cosmetics.com\/es\/tiendas\/\" \/>\n<meta property=\"og:locale\" content=\"es_ES\" \/>\n<meta property=\"og:type\" content=\"article\" \/>\n<meta property=\"og:title\" content=\"Tiendas - ColorMe Cosmetics\" \/>\n<meta property=\"og:description\" content=\"Descubre d\u00f3nde comprar los productos de ColorMe en tiendas f\u00edsicas.\" \/>\n<meta property=\"og:url\" content=\"https:\/\/colorme-cosmetics.com\/es\/tiendas\/\" \/>\n<meta property=\"og:site_name\" content=\"ColorMe Cosmetics\" \/>\n<meta property=\"article:modified_time\" content=\"2025-05-27T07:02:58+00:00\" \/>\n<meta property=\"og:image\" content=\"https:\/\/colorme-cosmetics.com\/wp-content\/uploads\/2024\/11\/Kits-ColorMe-1024x400.png\" \/>\n\t<meta property=\"og:image:width\" content=\"1024\" \/>\n\t<meta property=\"og:image:height\" content=\"400\" \/>\n\t<meta property=\"og:image:type\" content=\"image\/png\" \/>\n<meta name=\"twitter:card\" content=\"summary_large_image\" \/>\n<meta name=\"twitter:label1\" content=\"Tiempo de lectura\" \/>\n\t<meta name=\"twitter:data1\" content=\"1 minuto\" \/>\n<script type=\"application\/ld+json\" class=\"yoast-schema-graph\">{\"@context\":\"https:\\\/\\\/schema.org\",\"@graph\":[{\"@type\":\"WebPage\",\"@id\":\"https:\\\/\\\/colorme-cosmetics.com\\\/es\\\/tiendas\\\/\",\"url\":\"https:\\\/\\\/colorme-cosmetics.com\\\/es\\\/tiendas\\\/\",\"name\":\"Tiendas - ColorMe Cosmetics\",\"isPartOf\":{\"@id\":\"https:\\\/\\\/colorme-cosmetics.com\\\/es\\\/#website\"},\"primaryImageOfPage\":{\"@id\":\"https:\\\/\\\/colorme-cosmetics.com\\\/es\\\/tiendas\\\/#primaryimage\"},\"image\":{\"@id\":\"https:\\\/\\\/colorme-cosmetics.com\\\/es\\\/tiendas\\\/#primaryimage\"},\"thumbnailUrl\":\"https:\\\/\\\/colorme-cosmetics.com\\\/wp-content\\\/uploads\\\/2024\\\/11\\\/Kits-ColorMe.png\",\"datePublished\":\"2025-05-06T12:28:02+00:00\",\"dateModified\":\"2025-05-27T07:02:58+00:00\",\"description\":\"Descubre d\u00f3nde comprar los productos de ColorMe en tiendas f\u00edsicas.\",\"breadcrumb\":{\"@id\":\"https:\\\/\\\/colorme-cosmetics.com\\\/es\\\/tiendas\\\/#breadcrumb\"},\"inLanguage\":\"es\",\"potentialAction\":[{\"@type\":\"ReadAction\",\"target\":[\"https:\\\/\\\/colorme-cosmetics.com\\\/es\\\/tiendas\\\/\"]}]},{\"@type\":\"ImageObject\",\"inLanguage\":\"es\",\"@id\":\"https:\\\/\\\/colorme-cosmetics.com\\\/es\\\/tiendas\\\/#primaryimage\",\"url\":\"https:\\\/\\\/colorme-cosmetics.com\\\/wp-content\\\/uploads\\\/2024\\\/11\\\/Kits-ColorMe.png\",\"contentUrl\":\"https:\\\/\\\/colorme-cosmetics.com\\\/wp-content\\\/uploads\\\/2024\\\/11\\\/Kits-ColorMe.png\",\"width\":2560,\"height\":1000,\"caption\":\"Kits ColorMe\"},{\"@type\":\"BreadcrumbList\",\"@id\":\"https:\\\/\\\/colorme-cosmetics.com\\\/es\\\/tiendas\\\/#breadcrumb\",\"itemListElement\":[{\"@type\":\"ListItem\",\"position\":1,\"name\":\"Home\",\"item\":\"https:\\\/\\\/colorme-cosmetics.com\\\/es\\\/\"},{\"@type\":\"ListItem\",\"position\":2,\"name\":\"Tiendas\"}]},{\"@type\":\"WebSite\",\"@id\":\"https:\\\/\\\/colorme-cosmetics.com\\\/es\\\/#website\",\"url\":\"https:\\\/\\\/colorme-cosmetics.com\\\/es\\\/\",\"name\":\"ColorMe Cosmetics\",\"description\":\"\",\"potentialAction\":[{\"@type\":\"SearchAction\",\"target\":{\"@type\":\"EntryPoint\",\"urlTemplate\":\"https:\\\/\\\/colorme-cosmetics.com\\\/es\\\/?s={search_term_string}\"},\"query-input\":{\"@type\":\"PropertyValueSpecification\",\"valueRequired\":true,\"valueName\":\"search_term_string\"}}],\"inLanguage\":\"es\"}]}<\/script>\n<!-- \/ Yoast SEO plugin. -->","yoast_head_json":{"title":"Tiendas - ColorMe Cosmetics","description":"Descubre d\u00f3nde comprar los productos de ColorMe en tiendas f\u00edsicas.","robots":{"index":"index","follow":"follow","max-snippet":"max-snippet:-1","max-image-preview":"max-image-preview:large","max-video-preview":"max-video-preview:-1"},"canonical":"https:\/\/colorme-cosmetics.com\/es\/tiendas\/","og_locale":"es_ES","og_type":"article","og_title":"Tiendas - ColorMe Cosmetics","og_description":"Descubre d\u00f3nde comprar los productos de ColorMe en tiendas f\u00edsicas.","og_url":"https:\/\/colorme-cosmetics.com\/es\/tiendas\/","og_site_name":"ColorMe Cosmetics","article_modified_time":"2025-05-27T07:02:58+00:00","og_image":[{"width":1024,"height":400,"url":"https:\/\/colorme-cosmetics.com\/wp-content\/uploads\/2024\/11\/Kits-ColorMe-1024x400.png","type":"image\/png"}],"twitter_card":"summary_large_image","twitter_misc":{"Tiempo de lectura":"1 minuto"},"schema":{"@context":"https:\/\/schema.org","@graph":[{"@type":"WebPage","@id":"https:\/\/colorme-cosmetics.com\/es\/tiendas\/","url":"https:\/\/colorme-cosmetics.com\/es\/tiendas\/","name":"Tiendas - ColorMe Cosmetics","isPartOf":{"@id":"https:\/\/colorme-cosmetics.com\/es\/#website"},"primaryImageOfPage":{"@id":"https:\/\/colorme-cosmetics.com\/es\/tiendas\/#primaryimage"},"image":{"@id":"https:\/\/colorme-cosmetics.com\/es\/tiendas\/#primaryimage"},"thumbnailUrl":"https:\/\/colorme-cosmetics.com\/wp-content\/uploads\/2024\/11\/Kits-ColorMe.png","datePublished":"2025-05-06T12:28:02+00:00","dateModified":"2025-05-27T07:02:58+00:00","description":"Descubre d\u00f3nde comprar los productos de ColorMe en tiendas f\u00edsicas.","breadcrumb":{"@id":"https:\/\/colorme-cosmetics.com\/es\/tiendas\/#breadcrumb"},"inLanguage":"es","potentialAction":[{"@type":"ReadAction","target":["https:\/\/colorme-cosmetics.com\/es\/tiendas\/"]}]},{"@type":"ImageObject","inLanguage":"es","@id":"https:\/\/colorme-cosmetics.com\/es\/tiendas\/#primaryimage","url":"https:\/\/colorme-cosmetics.com\/wp-content\/uploads\/2024\/11\/Kits-ColorMe.png","contentUrl":"https:\/\/colorme-cosmetics.com\/wp-content\/uploads\/2024\/11\/Kits-ColorMe.png","width":2560,"height":1000,"caption":"Kits ColorMe"},{"@type":"BreadcrumbList","@id":"https:\/\/colorme-cosmetics.com\/es\/tiendas\/#breadcrumb","itemListElement":[{"@type":"ListItem","position":1,"name":"Home","item":"https:\/\/colorme-cosmetics.com\/es\/"},{"@type":"ListItem","position":2,"name":"Tiendas"}]},{"@type":"WebSite","@id":"https:\/\/colorme-cosmetics.com\/es\/#website","url":"https:\/\/colorme-cosmetics.com\/es\/","name":"ColorMe Cosmetics","description":"","potentialAction":[{"@type":"SearchAction","target":{"@type":"EntryPoint","urlTemplate":"https:\/\/colorme-cosmetics.com\/es\/?s={search_term_string}"},"query-input":{"@type":"PropertyValueSpecification","valueRequired":true,"valueName":"search_term_string"}}],"inLanguage":"es"}]}},"_links":{"self":[{"href":"https:\/\/colorme-cosmetics.com\/es\/wp-json\/wp\/v2\/pages\/2546","targetHints":{"allow":["GET"]}}],"collection":[{"href":"https:\/\/colorme-cosmetics.com\/es\/wp-json\/wp\/v2\/pages"}],"about":[{"href":"https:\/\/colorme-cosmetics.com\/es\/wp-json\/wp\/v2\/types\/page"}],"author":[{"embeddable":true,"href":"https:\/\/colorme-cosmetics.com\/es\/wp-json\/wp\/v2\/users\/3"}],"replies":[{"embeddable":true,"href":"https:\/\/colorme-cosmetics.com\/es\/wp-json\/wp\/v2\/comments?post=2546"}],"version-history":[{"count":0,"href":"https:\/\/colorme-cosmetics.com\/es\/wp-json\/wp\/v2\/pages\/2546\/revisions"}],"wp:featuredmedia":[{"embeddable":true,"href":"https:\/\/colorme-cosmetics.com\/es\/wp-json\/wp\/v2\/media\/2213"}],"wp:attachment":[{"href":"https:\/\/colorme-cosmetics.com\/es\/wp-json\/wp\/v2\/media?parent=2546"}],"curies":[{"name":"wp","href":"https:\/\/api.w.org\/{rel}","templated":true}]}}