{"id":6231,"date":"2026-04-15T10:28:31","date_gmt":"2026-04-15T08:28:31","guid":{"rendered":"https:\/\/colorme-cosmetics.com\/?page_id=6231"},"modified":"2026-04-15T13:40:17","modified_gmt":"2026-04-15T11:40:17","slug":"como-quitar","status":"publish","type":"page","link":"https:\/\/colorme-cosmetics.com\/es\/como-quitar\/","title":{"rendered":"C\u00f3mo quitar"},"content":{"rendered":"<section id=section-block-block_1e991e36905aebef45b9d873c91c9621 class=\"section block_content standard\" itemscope itemtype=\"http:\/\/schema.org\/WebPageElement\" itemprop=\"hasPart\"><div class=\"container\"><div class=\"block-row blocks-in-row-1\"><div class=\"block content-block\" itemscope itemtype=\"http:\/\/schema.org\/WebPageElement\" itemprop=\"isPartOf\"><div class=\"inner-wrapper\"><div itemprop=\"text\" class=\"content-wrapper\"><p><strong>C\u00f3mo quitar el esmalte de gel en 3 sencillos pasos<\/strong><\/p>\n<p>Nos encanta una manicura de gel brillante, pero cuando llega el momento de decir adi\u00f3s, hay que hacerlo bien. Sin pelar, sin raspar y, por supuesto, sin da\u00f1ar la u\u00f1a. Quitar el esmalte de gel en casa es totalmente posible con un poco de paciencia y los pasos adecuados. Aqu\u00ed te explicamos c\u00f3mo quitarlo como una profesional en solo 3 pasos.<\/p>\n<\/div><\/div><\/div><\/div><\/div><\/section>\n\n<section id=content-with-numbered-repeater-blockk-block_cd0e42e42bcc49c598402df0b985abbb class=\"section content-with-numbered-repeater-block\" itemscope><div class=\"container\"><div class=\"block-row blocks-in-row-1\"><div class=\"block numbered-content\"><div class=\"inner-wrapper\"><ul><li class=\"numbered-item\"><span class=\"number-icon\">1<\/span><div class=\"textual-wrapper\"><h2 class=\"block-title\">Paso 1: para la Base Peel-Off (el \u00fanico paso)<\/h2><div class=\"content-wrapper\"><p>Levanta con cuidado el borde del esmalte (por ejemplo, con un palito de naranjo), opcionalmente despu\u00e9s de una ducha tibia o con un poco de aceite para u\u00f1as. Luego, ret\u00edralo lentamente para evitar da\u00f1ar tus u\u00f1as.<\/p>\n<\/div><\/div><a href=\"https:\/\/colorme-cosmetics.com\/es\/producto\/colorme-base-peel-off\/\"  title=\"Peel Off Base Coat\" class=\"img-wrapper hover\" itemscope itemtype=\"http:\/\/schema.org\/WebPage\" itemprop=\"isPartOf\"><figure itemscope itemtype=\"http:\/\/schema.org\/ImageObject\" itemprop=\"isPartOf\" class=\"img-wrapper\"><meta itemprop=\"text\" content=\"Capa base despegable\"><img decoding=\"async\" title=\"Capa base despegable\" alt=\"Capa base despegable\" width=\"800\" height=\"800\" src=\"https:\/\/colorme-cosmetics.com\/wp-content\/uploads\/2024\/04\/IMG_8694-800px_2.png\"\/><meta itemprop=\"name\" content=\"Capa base despegable\"><meta itemprop=\"image\" content=\"https:\/\/colorme-cosmetics.com\/wp-content\/uploads\/2024\/04\/IMG_8694-800px_2.png\"><\/figure><\/a><\/li><li class=\"numbered-item\"><span class=\"number-icon\">2<\/span><div class=\"textual-wrapper\"><h2 class=\"block-title\">Paso 1: para la Base Cl\u00e1sica: Limar el Top Coat<\/h2><div class=\"content-wrapper\"><p>Comienza puliendo suavemente la superficie de tus u\u00f1as con una lima. Esto rompe el sellado de la capa superior para que el removedor pueda actuar. No limes en exceso, solo lo suficiente para quitar el brillo.<\/p>\n<\/div><\/div><a href=\"https:\/\/colorme-cosmetics.com\/es\/producto\/colorme-kit-de-herramientas\/\"  title=\"Tool Kit\" class=\"img-wrapper hover\" itemscope itemtype=\"http:\/\/schema.org\/WebPage\" itemprop=\"isPartOf\"><figure itemscope itemtype=\"http:\/\/schema.org\/ImageObject\" itemprop=\"isPartOf\" class=\"img-wrapper\"><meta itemprop=\"text\" content=\"ColorMe Nail File\"><img decoding=\"async\" title=\"STL_9631\" alt=\"ColorMe Nail File\" width=\"800\" height=\"800\" src=\"https:\/\/colorme-cosmetics.com\/wp-content\/uploads\/2024\/05\/STL_9631-800x800.jpg\"\/><meta itemprop=\"name\" content=\"STL_9631\"><meta itemprop=\"image\" content=\"https:\/\/colorme-cosmetics.com\/wp-content\/uploads\/2024\/05\/STL_9631-800x800.jpg\"><\/figure><\/a><\/li><li class=\"numbered-item\"><span class=\"number-icon\">3<\/span><div class=\"textual-wrapper\"><h2 class=\"block-title\">Paso 2: Remojar y Envolver<\/h2><div class=\"content-wrapper\"><p>Empapa un disco de algod\u00f3n en nuestro <a href=\"https:\/\/colorme-cosmetics.com\/es\/producto\/colorme-liquido-soak-it-off\/\"><strong>ColorMe &#8211; Soak It Off Liquid<\/strong><\/a>, col\u00f3calo sobre la u\u00f1a y envuelve la punta de cada dedo con los clips de eliminaci\u00f3n reutilizables. Deja actuar entre 10 y 15 minutos mientras navegas por el m\u00f3vil, picas algo o te relajas.<\/p>\n<\/div><\/div><a href=\"https:\/\/colorme-cosmetics.com\/es\/producto\/colorme-kit-removedor\/\"  title=\"Removal Clips\" class=\"img-wrapper hover\" itemscope itemtype=\"http:\/\/schema.org\/WebPage\" itemprop=\"isPartOf\"><figure itemscope itemtype=\"http:\/\/schema.org\/ImageObject\" itemprop=\"isPartOf\" class=\"img-wrapper\"><meta itemprop=\"text\" content=\"ColorMe - clips de eliminaci\u00f3n\"><img decoding=\"async\" title=\"ColorMe - clips de eliminaci\u00f3n\" alt=\"ColorMe - clips de eliminaci\u00f3n\" width=\"800\" height=\"800\" src=\"https:\/\/colorme-cosmetics.com\/wp-content\/uploads\/2024\/04\/STL_1759-800x800.jpg\"\/><meta itemprop=\"name\" content=\"ColorMe - clips de eliminaci\u00f3n\"><meta itemprop=\"image\" content=\"https:\/\/colorme-cosmetics.com\/wp-content\/uploads\/2024\/04\/STL_1759-800x800.jpg\"><\/figure><\/a><\/li><li class=\"numbered-item\"><span class=\"number-icon\">4<\/span><div class=\"textual-wrapper\"><h2 class=\"block-title\">Paso 3: Retirar suavemente<\/h2><div class=\"content-wrapper\"><p>Despu\u00e9s del remojo, utiliza el palito de eliminaci\u00f3n del <a href=\"https:\/\/colorme-cosmetics.com\/es\/producto\/colorme-kit-de-herramientas\/\"><strong>ColorMe &#8211; Tool Kit<\/strong><\/a> para empujar suavemente el gel; deber\u00eda desprenderse con facilidad. Si no es as\u00ed, vuelve a cubrirlo unos minutos m\u00e1s. Termina con un aceite nutritivo para cut\u00edculas y crema de manos. \u00a1Hola, u\u00f1as frescas!<\/p>\n<\/div><\/div><a href=\"https:\/\/colorme-cosmetics.com\/es\/producto\/colorme-kit-de-herramientas\/\"  title=\"Tool Kit\" class=\"img-wrapper hover\" itemscope itemtype=\"http:\/\/schema.org\/WebPage\" itemprop=\"isPartOf\"><figure itemscope itemtype=\"http:\/\/schema.org\/ImageObject\" itemprop=\"isPartOf\" class=\"img-wrapper\"><meta itemprop=\"text\" content=\"Kit de herramientas para esmalte en gel\"><img decoding=\"async\" title=\"ColorMe Gel Polish Kit de herramientas\" alt=\"Kit de herramientas para esmalte en gel\" width=\"800\" height=\"800\" src=\"https:\/\/colorme-cosmetics.com\/wp-content\/uploads\/2024\/04\/ColorMe-Tool-kit-800x800.jpg\"\/><meta itemprop=\"name\" content=\"ColorMe Gel Polish Kit de herramientas\"><meta itemprop=\"image\" content=\"https:\/\/colorme-cosmetics.com\/wp-content\/uploads\/2024\/04\/ColorMe-Tool-kit-800x800.jpg\"><\/figure><\/a><\/li><li class=\"numbered-item\"><span class=\"number-icon\">5<\/span><div class=\"textual-wrapper\"><h2 class=\"block-title\">Cuidado de las u\u00f1as = Autocuidado<\/h2><div class=\"content-wrapper\"><p>Quitar el gel de la forma correcta mantiene tus u\u00f1as naturales fuertes, suaves y listas para su pr\u00f3ximo \u00abglow-up\u00bb. Sin da\u00f1os, sin estr\u00e9s, solo u\u00f1as felices y sanas.<\/p>\n<\/div><\/div><a href=\"https:\/\/colorme-cosmetics.com\/es\/producto\/colorme-kit-de-herramientas\/\"  title=\"Tool Kit\" class=\"img-wrapper hover\" itemscope itemtype=\"http:\/\/schema.org\/WebPage\" itemprop=\"isPartOf\"><figure itemscope itemtype=\"http:\/\/schema.org\/ImageObject\" itemprop=\"isPartOf\" class=\"img-wrapper\"><meta itemprop=\"text\" content=\"Tool kit\"><img decoding=\"async\" title=\"Tool kit\" alt=\"Tool kit\" width=\"800\" height=\"533\" src=\"https:\/\/colorme-cosmetics.com\/wp-content\/uploads\/2024\/10\/02-scaled.jpg\"\/><meta itemprop=\"name\" content=\"Tool kit\"><meta itemprop=\"image\" content=\"https:\/\/colorme-cosmetics.com\/wp-content\/uploads\/2024\/10\/02-scaled.jpg\"><\/figure><\/a><\/li><\/ul><\/div><\/div><\/div><\/div><\/section>\n\n<section id=section-block-block_03d20bc7204ca6a0e909a20ff08bd82d class=\"section block_content standard\" itemscope itemtype=\"http:\/\/schema.org\/WebPageElement\" itemprop=\"hasPart\"><div class=\"container\"><div class=\"block-row blocks-in-row-1\"><div class=\"block content-block\" itemscope itemtype=\"http:\/\/schema.org\/WebPageElement\" itemprop=\"isPartOf\"><div class=\"inner-wrapper\"><a  title=\"Instrucciones y advertencias m\u00e1s detalladas\" href=\"https:\/\/colorme-cosmetics.com\/es\/advertencias-e-instrucciones\/\" class=\"button\" itemscope itemtype=\"http:\/\/schema.org\/WebPage\" itemprop=\"isPartOf\"><meta itemprop=\"significantLink\" content=\"https:\/\/colorme-cosmetics.com\/es\/advertencias-e-instrucciones\/\">Instrucciones y advertencias m\u00e1s detalladas<\/a><\/div><\/div><\/div><\/div><\/section>\n\n<section id=section-block-block_ed396b90071101e987cb2c6c3a4e8869 class=\"section link_repeater_block row-items-4 button-inside\" itemscope itemtype=\"http:\/\/schema.org\/WebPageElement\" itemprop=\"isPartOf\"><div class=\"container\"><div class=\"block-row blocks-in-row-1\"><div class=\"block link-repeater-block\"><div class=\"title-wrapper\"><h2 class=\"block-title h2\">Explora m\u00e1s<\/h2><\/div><ul><li><a  title=\"Trucos y consejos\" href=\"https:\/\/colorme-cosmetics.com\/es\/8-consejos-para-aplicar-el-esmalte-de-gel\/\" class=\"repeater-item\" itemscope itemtype=\"http:\/\/schema.org\/WebPage\" itemprop=\"isPartOf\"><meta itemprop=\"significantLink\" content=\"https:\/\/colorme-cosmetics.com\/es\/8-consejos-para-aplicar-el-esmalte-de-gel\/\"><figure itemscope itemtype=\"http:\/\/schema.org\/ImageObject\" itemprop=\"isPartOf\" class=\"img-wrapper\"><meta itemprop=\"description\" content=\"Nail model\"><img decoding=\"async\" title=\"temp\" alt=\"Nail model\" width=\"400\" height=\"600\" src=\"https:\/\/colorme-cosmetics.com\/wp-content\/uploads\/2024\/04\/temp-scaled.jpg\"\/><meta itemprop=\"name\" content=\"temp\"><meta itemprop=\"image\" content=\"https:\/\/colorme-cosmetics.com\/wp-content\/uploads\/2024\/04\/temp-scaled.jpg\"><\/figure><div class=\"title-bar-wrapper\"><div class=\"title-bar\">Trucos y consejos<\/div><\/div><\/a><\/li><li><a  title=\"Blog\" href=\"https:\/\/colorme-cosmetics.com\/es\/blog\/\" class=\"repeater-item\" itemscope itemtype=\"http:\/\/schema.org\/WebPage\" itemprop=\"isPartOf\"><meta itemprop=\"significantLink\" content=\"https:\/\/colorme-cosmetics.com\/es\/blog\/\"><figure itemscope itemtype=\"http:\/\/schema.org\/ImageObject\" itemprop=\"isPartOf\" class=\"img-wrapper\"><meta itemprop=\"description\" content=\"Keep It Classy Gel Colour\"><img decoding=\"async\" title=\"Keep It Classy model\" alt=\"Keep It Classy Gel Colour\" width=\"400\" height=\"600\" src=\"https:\/\/colorme-cosmetics.com\/wp-content\/uploads\/2024\/04\/Keep-It-Classy-model-400x600.jpg\"\/><meta itemprop=\"name\" content=\"Keep It Classy model\"><meta itemprop=\"image\" content=\"https:\/\/colorme-cosmetics.com\/wp-content\/uploads\/2024\/04\/Keep-It-Classy-model-400x600.jpg\"><\/figure><div class=\"title-bar-wrapper\"><div class=\"title-bar\">Blog<\/div><\/div><\/a><\/li><li><a  title=\"Encuentra tu color\" href=\"https:\/\/colorme-cosmetics.com\/es\/como-encontrar-tu-color-de-gelpolish-perfecto\/\" class=\"repeater-item\" itemscope itemtype=\"http:\/\/schema.org\/WebPage\" itemprop=\"isPartOf\"><meta itemprop=\"significantLink\" content=\"https:\/\/colorme-cosmetics.com\/es\/como-encontrar-tu-color-de-gelpolish-perfecto\/\"><figure itemscope itemtype=\"http:\/\/schema.org\/ImageObject\" itemprop=\"isPartOf\" class=\"img-wrapper\"><meta itemprop=\"description\" content=\"Nail model\"><img decoding=\"async\" title=\"temp3\" alt=\"Nail model\" width=\"400\" height=\"600\" src=\"https:\/\/colorme-cosmetics.com\/wp-content\/uploads\/2024\/04\/temp3.jpg\"\/><meta itemprop=\"name\" content=\"temp3\"><meta itemprop=\"image\" content=\"https:\/\/colorme-cosmetics.com\/wp-content\/uploads\/2024\/04\/temp3.jpg\"><\/figure><div class=\"title-bar-wrapper\"><div class=\"title-bar\">Encuentra tu color<\/div><\/div><\/a><\/li><li><a  title=\"Tienda\" href=\"https:\/\/colorme-cosmetics.com\/es\/tienda\/\" class=\"repeater-item\" itemscope itemtype=\"http:\/\/schema.org\/WebPage\" itemprop=\"isPartOf\"><meta itemprop=\"significantLink\" content=\"https:\/\/colorme-cosmetics.com\/es\/tienda\/\"><figure itemscope itemtype=\"http:\/\/schema.org\/ImageObject\" itemprop=\"isPartOf\" class=\"img-wrapper\"><meta itemprop=\"description\" content=\"Gel Primer, Top Coat, Peel-Off Base Coat y Keep It Spicy\"><img decoding=\"async\" title=\"Keep It Spicy, Top Coat, Base Coat y Gel Primer\" alt=\"Gel Primer, Top Coat, Peel-Off Base Coat y Keep It Spicy\" width=\"400\" height=\"600\" src=\"https:\/\/colorme-cosmetics.com\/wp-content\/uploads\/2024\/04\/Keep-It-Spicy-sfeer-400x600.jpg\"\/><meta itemprop=\"name\" content=\"Keep It Spicy, Top Coat, Base Coat y Gel Primer\"><meta itemprop=\"image\" content=\"https:\/\/colorme-cosmetics.com\/wp-content\/uploads\/2024\/04\/Keep-It-Spicy-sfeer-400x600.jpg\"><\/figure><div class=\"title-bar-wrapper\"><div class=\"title-bar\">Tienda<\/div><\/div><\/a><\/li><\/ul><\/div><\/div><\/div><\/section>","protected":false},"excerpt":{"rendered":"","protected":false},"author":3,"featured_media":1827,"parent":0,"menu_order":600,"comment_status":"closed","ping_status":"closed","template":"","meta":{"_acf_changed":false,"footnotes":""},"class_list":["post-6231","page","type-page","status-publish","has-post-thumbnail","hentry"],"acf":[],"yoast_head":"<!-- This site is optimized with the Yoast SEO plugin v27.3 - https:\/\/yoast.com\/product\/yoast-seo-wordpress\/ -->\n<title>C\u00f3mo quitar - ColorMe Cosmetics<\/title>\n<meta name=\"description\" content=\"C\u00f3mo quitar el esmalte de gel en 3 sencillos pasos.\" \/>\n<meta name=\"robots\" content=\"index, follow, max-snippet:-1, max-image-preview:large, max-video-preview:-1\" \/>\n<link rel=\"canonical\" href=\"https:\/\/colorme-cosmetics.com\/es\/como-quitar\/\" \/>\n<meta property=\"og:locale\" content=\"es_ES\" \/>\n<meta property=\"og:type\" content=\"article\" \/>\n<meta property=\"og:title\" content=\"C\u00f3mo quitar - ColorMe Cosmetics\" \/>\n<meta property=\"og:description\" content=\"C\u00f3mo quitar el esmalte de gel en 3 sencillos pasos.\" \/>\n<meta property=\"og:url\" content=\"https:\/\/colorme-cosmetics.com\/es\/como-quitar\/\" \/>\n<meta property=\"og:site_name\" content=\"ColorMe Cosmetics\" \/>\n<meta property=\"article:modified_time\" content=\"2026-04-15T11:40:17+00:00\" \/>\n<meta property=\"og:image\" content=\"https:\/\/colorme-cosmetics.com\/wp-content\/uploads\/2024\/10\/SSN-naturals-sheers-2109999173-e1729763063179.jpg\" \/>\n\t<meta property=\"og:image:width\" content=\"2000\" \/>\n\t<meta property=\"og:image:height\" content=\"1161\" \/>\n\t<meta property=\"og:image:type\" content=\"image\/jpeg\" \/>\n<meta name=\"twitter:card\" content=\"summary_large_image\" \/>\n<meta name=\"twitter:label1\" content=\"Tiempo de lectura\" \/>\n\t<meta name=\"twitter:data1\" content=\"4 minutos\" \/>\n<script type=\"application\/ld+json\" class=\"yoast-schema-graph\">{\"@context\":\"https:\\\/\\\/schema.org\",\"@graph\":[{\"@type\":\"WebPage\",\"@id\":\"https:\\\/\\\/colorme-cosmetics.com\\\/es\\\/como-quitar\\\/\",\"url\":\"https:\\\/\\\/colorme-cosmetics.com\\\/es\\\/como-quitar\\\/\",\"name\":\"C\u00f3mo quitar - ColorMe Cosmetics\",\"isPartOf\":{\"@id\":\"https:\\\/\\\/colorme-cosmetics.com\\\/es\\\/#website\"},\"primaryImageOfPage\":{\"@id\":\"https:\\\/\\\/colorme-cosmetics.com\\\/es\\\/como-quitar\\\/#primaryimage\"},\"image\":{\"@id\":\"https:\\\/\\\/colorme-cosmetics.com\\\/es\\\/como-quitar\\\/#primaryimage\"},\"thumbnailUrl\":\"https:\\\/\\\/colorme-cosmetics.com\\\/wp-content\\\/uploads\\\/2024\\\/10\\\/SSN-naturals-sheers-2109999173-e1729763063179.jpg\",\"datePublished\":\"2026-04-15T08:28:31+00:00\",\"dateModified\":\"2026-04-15T11:40:17+00:00\",\"description\":\"C\u00f3mo quitar el esmalte de gel en 3 sencillos pasos.\",\"breadcrumb\":{\"@id\":\"https:\\\/\\\/colorme-cosmetics.com\\\/es\\\/como-quitar\\\/#breadcrumb\"},\"inLanguage\":\"es\",\"potentialAction\":[{\"@type\":\"ReadAction\",\"target\":[\"https:\\\/\\\/colorme-cosmetics.com\\\/es\\\/como-quitar\\\/\"]}]},{\"@type\":\"ImageObject\",\"inLanguage\":\"es\",\"@id\":\"https:\\\/\\\/colorme-cosmetics.com\\\/es\\\/como-quitar\\\/#primaryimage\",\"url\":\"https:\\\/\\\/colorme-cosmetics.com\\\/wp-content\\\/uploads\\\/2024\\\/10\\\/SSN-naturals-sheers-2109999173-e1729763063179.jpg\",\"contentUrl\":\"https:\\\/\\\/colorme-cosmetics.com\\\/wp-content\\\/uploads\\\/2024\\\/10\\\/SSN-naturals-sheers-2109999173-e1729763063179.jpg\",\"width\":2000,\"height\":1161,\"caption\":\"Natural Model\"},{\"@type\":\"BreadcrumbList\",\"@id\":\"https:\\\/\\\/colorme-cosmetics.com\\\/es\\\/como-quitar\\\/#breadcrumb\",\"itemListElement\":[{\"@type\":\"ListItem\",\"position\":1,\"name\":\"Home\",\"item\":\"https:\\\/\\\/colorme-cosmetics.com\\\/es\\\/\"},{\"@type\":\"ListItem\",\"position\":2,\"name\":\"C\u00f3mo quitar\"}]},{\"@type\":\"WebSite\",\"@id\":\"https:\\\/\\\/colorme-cosmetics.com\\\/es\\\/#website\",\"url\":\"https:\\\/\\\/colorme-cosmetics.com\\\/es\\\/\",\"name\":\"ColorMe Cosmetics\",\"description\":\"\",\"potentialAction\":[{\"@type\":\"SearchAction\",\"target\":{\"@type\":\"EntryPoint\",\"urlTemplate\":\"https:\\\/\\\/colorme-cosmetics.com\\\/es\\\/?s={search_term_string}\"},\"query-input\":{\"@type\":\"PropertyValueSpecification\",\"valueRequired\":true,\"valueName\":\"search_term_string\"}}],\"inLanguage\":\"es\"}]}<\/script>\n<!-- \/ Yoast SEO plugin. -->","yoast_head_json":{"title":"C\u00f3mo quitar - ColorMe Cosmetics","description":"C\u00f3mo quitar el esmalte de gel en 3 sencillos pasos.","robots":{"index":"index","follow":"follow","max-snippet":"max-snippet:-1","max-image-preview":"max-image-preview:large","max-video-preview":"max-video-preview:-1"},"canonical":"https:\/\/colorme-cosmetics.com\/es\/como-quitar\/","og_locale":"es_ES","og_type":"article","og_title":"C\u00f3mo quitar - ColorMe Cosmetics","og_description":"C\u00f3mo quitar el esmalte de gel en 3 sencillos pasos.","og_url":"https:\/\/colorme-cosmetics.com\/es\/como-quitar\/","og_site_name":"ColorMe Cosmetics","article_modified_time":"2026-04-15T11:40:17+00:00","og_image":[{"width":2000,"height":1161,"url":"https:\/\/colorme-cosmetics.com\/wp-content\/uploads\/2024\/10\/SSN-naturals-sheers-2109999173-e1729763063179.jpg","type":"image\/jpeg"}],"twitter_card":"summary_large_image","twitter_misc":{"Tiempo de lectura":"4 minutos"},"schema":{"@context":"https:\/\/schema.org","@graph":[{"@type":"WebPage","@id":"https:\/\/colorme-cosmetics.com\/es\/como-quitar\/","url":"https:\/\/colorme-cosmetics.com\/es\/como-quitar\/","name":"C\u00f3mo quitar - ColorMe Cosmetics","isPartOf":{"@id":"https:\/\/colorme-cosmetics.com\/es\/#website"},"primaryImageOfPage":{"@id":"https:\/\/colorme-cosmetics.com\/es\/como-quitar\/#primaryimage"},"image":{"@id":"https:\/\/colorme-cosmetics.com\/es\/como-quitar\/#primaryimage"},"thumbnailUrl":"https:\/\/colorme-cosmetics.com\/wp-content\/uploads\/2024\/10\/SSN-naturals-sheers-2109999173-e1729763063179.jpg","datePublished":"2026-04-15T08:28:31+00:00","dateModified":"2026-04-15T11:40:17+00:00","description":"C\u00f3mo quitar el esmalte de gel en 3 sencillos pasos.","breadcrumb":{"@id":"https:\/\/colorme-cosmetics.com\/es\/como-quitar\/#breadcrumb"},"inLanguage":"es","potentialAction":[{"@type":"ReadAction","target":["https:\/\/colorme-cosmetics.com\/es\/como-quitar\/"]}]},{"@type":"ImageObject","inLanguage":"es","@id":"https:\/\/colorme-cosmetics.com\/es\/como-quitar\/#primaryimage","url":"https:\/\/colorme-cosmetics.com\/wp-content\/uploads\/2024\/10\/SSN-naturals-sheers-2109999173-e1729763063179.jpg","contentUrl":"https:\/\/colorme-cosmetics.com\/wp-content\/uploads\/2024\/10\/SSN-naturals-sheers-2109999173-e1729763063179.jpg","width":2000,"height":1161,"caption":"Natural Model"},{"@type":"BreadcrumbList","@id":"https:\/\/colorme-cosmetics.com\/es\/como-quitar\/#breadcrumb","itemListElement":[{"@type":"ListItem","position":1,"name":"Home","item":"https:\/\/colorme-cosmetics.com\/es\/"},{"@type":"ListItem","position":2,"name":"C\u00f3mo quitar"}]},{"@type":"WebSite","@id":"https:\/\/colorme-cosmetics.com\/es\/#website","url":"https:\/\/colorme-cosmetics.com\/es\/","name":"ColorMe Cosmetics","description":"","potentialAction":[{"@type":"SearchAction","target":{"@type":"EntryPoint","urlTemplate":"https:\/\/colorme-cosmetics.com\/es\/?s={search_term_string}"},"query-input":{"@type":"PropertyValueSpecification","valueRequired":true,"valueName":"search_term_string"}}],"inLanguage":"es"}]}},"_links":{"self":[{"href":"https:\/\/colorme-cosmetics.com\/es\/wp-json\/wp\/v2\/pages\/6231","targetHints":{"allow":["GET"]}}],"collection":[{"href":"https:\/\/colorme-cosmetics.com\/es\/wp-json\/wp\/v2\/pages"}],"about":[{"href":"https:\/\/colorme-cosmetics.com\/es\/wp-json\/wp\/v2\/types\/page"}],"author":[{"embeddable":true,"href":"https:\/\/colorme-cosmetics.com\/es\/wp-json\/wp\/v2\/users\/3"}],"replies":[{"embeddable":true,"href":"https:\/\/colorme-cosmetics.com\/es\/wp-json\/wp\/v2\/comments?post=6231"}],"version-history":[{"count":3,"href":"https:\/\/colorme-cosmetics.com\/es\/wp-json\/wp\/v2\/pages\/6231\/revisions"}],"predecessor-version":[{"id":6266,"href":"https:\/\/colorme-cosmetics.com\/es\/wp-json\/wp\/v2\/pages\/6231\/revisions\/6266"}],"wp:featuredmedia":[{"embeddable":true,"href":"https:\/\/colorme-cosmetics.com\/es\/wp-json\/wp\/v2\/media\/1827"}],"wp:attachment":[{"href":"https:\/\/colorme-cosmetics.com\/es\/wp-json\/wp\/v2\/media?parent=6231"}],"curies":[{"name":"wp","href":"https:\/\/api.w.org\/{rel}","templated":true}]}}