{"id":2024,"date":"2024-04-04T12:04:34","date_gmt":"2024-04-04T10:04:34","guid":{"rendered":"https:\/\/colorme-cosmetics.com\/product\/colorme-gel-polish-electric-blue\/"},"modified":"2026-04-08T16:42:24","modified_gmt":"2026-04-08T14:42:24","slug":"colorme-gel-polish-electric-blue","status":"publish","type":"product","link":"https:\/\/colorme-cosmetics.com\/es\/producto\/colorme-gel-polish-electric-blue\/","title":{"rendered":"ColorMe Gel Polish &#8211; Electric Blue"},"content":{"rendered":"","protected":false},"excerpt":{"rendered":"<p>Ad\u00e9ntrate en un mundo de energ\u00eda vibrante y estilo electrizante que desata el entusiasmo y capta la atenci\u00f3n all\u00e1 donde vayas.<\/p>\n","protected":false},"featured_media":2760,"template":"","meta":{"_acf_changed":false},"product_brand":[],"product_cat":[63,65],"product_tag":[],"product-label":[],"class_list":{"0":"post-2024","1":"product","2":"type-product","3":"status-publish","4":"has-post-thumbnail","6":"product_cat-colores","7":"product_cat-azul","9":"first","10":"instock","11":"shipping-taxable","12":"purchasable","13":"product-type-simple"},"composite_virtual":false,"composite_layout":"","composite_add_to_cart_form_location":"","composite_editable_in_cart":false,"composite_sold_individually_context":"","composite_shop_price_calc":"","composite_components":[],"composite_scenarios":[],"acf":[],"yoast_head":"<!-- This site is optimized with the Yoast SEO plugin v27.5 - https:\/\/yoast.com\/product\/yoast-seo-wordpress\/ -->\n<title>ColorMe Gel Polish - Electric Blue<\/title>\n<meta name=\"description\" content=\"Ad\u00e9ntrate en un mundo de energ\u00eda vibrante y estilo electrizante que desata el entusiasmo y capta la atenci\u00f3n all\u00e1 donde vayas.\" \/>\n<meta name=\"robots\" content=\"index, follow, max-snippet:-1, max-image-preview:large, max-video-preview:-1\" \/>\n<link rel=\"canonical\" href=\"https:\/\/colorme-cosmetics.com\/es\/producto\/colorme-gel-polish-electric-blue\/\" \/>\n<meta property=\"og:locale\" content=\"es_ES\" \/>\n<meta property=\"og:type\" content=\"article\" \/>\n<meta property=\"og:title\" content=\"ColorMe Gel Polish - Electric Blue\" \/>\n<meta property=\"og:description\" content=\"Ad\u00e9ntrate en un mundo de energ\u00eda vibrante y estilo electrizante que desata el entusiasmo y capta la atenci\u00f3n all\u00e1 donde vayas.\" \/>\n<meta property=\"og:url\" content=\"https:\/\/colorme-cosmetics.com\/es\/producto\/colorme-gel-polish-electric-blue\/\" \/>\n<meta property=\"og:site_name\" content=\"ColorMe Cosmetics\" \/>\n<meta property=\"article:modified_time\" content=\"2026-04-08T14:42:24+00:00\" \/>\n<meta property=\"og:image\" content=\"https:\/\/colorme-cosmetics.com\/wp-content\/uploads\/2024\/04\/Color-Me-Gel-Polish-\u2013-Electric-Blue.png\" \/>\n\t<meta property=\"og:image:width\" content=\"580\" \/>\n\t<meta property=\"og:image:height\" content=\"620\" \/>\n\t<meta property=\"og:image:type\" content=\"image\/png\" \/>\n<meta name=\"twitter:card\" content=\"summary_large_image\" \/>\n<meta name=\"twitter:label1\" content=\"Tiempo de lectura\" \/>\n\t<meta name=\"twitter:data1\" content=\"1 minuto\" \/>\n<script type=\"application\/ld+json\" class=\"yoast-schema-graph\">{\"@context\":\"https:\\\/\\\/schema.org\",\"@graph\":[{\"@type\":\"WebPage\",\"@id\":\"https:\\\/\\\/colorme-cosmetics.com\\\/es\\\/producto\\\/colorme-gel-polish-electric-blue\\\/\",\"url\":\"https:\\\/\\\/colorme-cosmetics.com\\\/es\\\/producto\\\/colorme-gel-polish-electric-blue\\\/\",\"name\":\"ColorMe Gel Polish - Electric Blue\",\"isPartOf\":{\"@id\":\"https:\\\/\\\/colorme-cosmetics.com\\\/es\\\/#website\"},\"primaryImageOfPage\":{\"@id\":\"https:\\\/\\\/colorme-cosmetics.com\\\/es\\\/producto\\\/colorme-gel-polish-electric-blue\\\/#primaryimage\"},\"image\":{\"@id\":\"https:\\\/\\\/colorme-cosmetics.com\\\/es\\\/producto\\\/colorme-gel-polish-electric-blue\\\/#primaryimage\"},\"thumbnailUrl\":\"https:\\\/\\\/colorme-cosmetics.com\\\/wp-content\\\/uploads\\\/2024\\\/04\\\/ElectricBlue_800x2.png\",\"datePublished\":\"2024-04-04T10:04:34+00:00\",\"dateModified\":\"2026-04-08T14:42:24+00:00\",\"description\":\"Ad\u00e9ntrate en un mundo de energ\u00eda vibrante y estilo electrizante que desata el entusiasmo y capta la atenci\u00f3n all\u00e1 donde vayas.\",\"breadcrumb\":{\"@id\":\"https:\\\/\\\/colorme-cosmetics.com\\\/es\\\/producto\\\/colorme-gel-polish-electric-blue\\\/#breadcrumb\"},\"inLanguage\":\"es\",\"potentialAction\":[{\"@type\":\"ReadAction\",\"target\":[\"https:\\\/\\\/colorme-cosmetics.com\\\/es\\\/producto\\\/colorme-gel-polish-electric-blue\\\/\"]}]},{\"@type\":\"ImageObject\",\"inLanguage\":\"es\",\"@id\":\"https:\\\/\\\/colorme-cosmetics.com\\\/es\\\/producto\\\/colorme-gel-polish-electric-blue\\\/#primaryimage\",\"url\":\"https:\\\/\\\/colorme-cosmetics.com\\\/wp-content\\\/uploads\\\/2024\\\/04\\\/ElectricBlue_800x2.png\",\"contentUrl\":\"https:\\\/\\\/colorme-cosmetics.com\\\/wp-content\\\/uploads\\\/2024\\\/04\\\/ElectricBlue_800x2.png\",\"width\":1028,\"height\":1028,\"caption\":\"Electric Blue Bottle Gel Polish\"},{\"@type\":\"BreadcrumbList\",\"@id\":\"https:\\\/\\\/colorme-cosmetics.com\\\/es\\\/producto\\\/colorme-gel-polish-electric-blue\\\/#breadcrumb\",\"itemListElement\":[{\"@type\":\"ListItem\",\"position\":1,\"name\":\"Home\",\"item\":\"https:\\\/\\\/colorme-cosmetics.com\\\/es\\\/\"},{\"@type\":\"ListItem\",\"position\":2,\"name\":\"Tienda\",\"item\":\"https:\\\/\\\/colorme-cosmetics.com\\\/es\\\/tienda\\\/\"},{\"@type\":\"ListItem\",\"position\":3,\"name\":\"ColorMe Gel Polish &#8211; Electric Blue\"}]},{\"@type\":\"WebSite\",\"@id\":\"https:\\\/\\\/colorme-cosmetics.com\\\/es\\\/#website\",\"url\":\"https:\\\/\\\/colorme-cosmetics.com\\\/es\\\/\",\"name\":\"ColorMe Cosmetics\",\"description\":\"\",\"potentialAction\":[{\"@type\":\"SearchAction\",\"target\":{\"@type\":\"EntryPoint\",\"urlTemplate\":\"https:\\\/\\\/colorme-cosmetics.com\\\/es\\\/?s={search_term_string}\"},\"query-input\":{\"@type\":\"PropertyValueSpecification\",\"valueRequired\":true,\"valueName\":\"search_term_string\"}}],\"inLanguage\":\"es\"}]}<\/script>\n<!-- \/ Yoast SEO plugin. -->","yoast_head_json":{"title":"ColorMe Gel Polish - Electric Blue","description":"Ad\u00e9ntrate en un mundo de energ\u00eda vibrante y estilo electrizante que desata el entusiasmo y capta la atenci\u00f3n all\u00e1 donde vayas.","robots":{"index":"index","follow":"follow","max-snippet":"max-snippet:-1","max-image-preview":"max-image-preview:large","max-video-preview":"max-video-preview:-1"},"canonical":"https:\/\/colorme-cosmetics.com\/es\/producto\/colorme-gel-polish-electric-blue\/","og_locale":"es_ES","og_type":"article","og_title":"ColorMe Gel Polish - Electric Blue","og_description":"Ad\u00e9ntrate en un mundo de energ\u00eda vibrante y estilo electrizante que desata el entusiasmo y capta la atenci\u00f3n all\u00e1 donde vayas.","og_url":"https:\/\/colorme-cosmetics.com\/es\/producto\/colorme-gel-polish-electric-blue\/","og_site_name":"ColorMe Cosmetics","article_modified_time":"2026-04-08T14:42:24+00:00","og_image":[{"width":580,"height":620,"url":"https:\/\/colorme-cosmetics.com\/wp-content\/uploads\/2024\/04\/Color-Me-Gel-Polish-\u2013-Electric-Blue.png","type":"image\/png"}],"twitter_card":"summary_large_image","twitter_misc":{"Tiempo de lectura":"1 minuto"},"schema":{"@context":"https:\/\/schema.org","@graph":[{"@type":"WebPage","@id":"https:\/\/colorme-cosmetics.com\/es\/producto\/colorme-gel-polish-electric-blue\/","url":"https:\/\/colorme-cosmetics.com\/es\/producto\/colorme-gel-polish-electric-blue\/","name":"ColorMe Gel Polish - Electric Blue","isPartOf":{"@id":"https:\/\/colorme-cosmetics.com\/es\/#website"},"primaryImageOfPage":{"@id":"https:\/\/colorme-cosmetics.com\/es\/producto\/colorme-gel-polish-electric-blue\/#primaryimage"},"image":{"@id":"https:\/\/colorme-cosmetics.com\/es\/producto\/colorme-gel-polish-electric-blue\/#primaryimage"},"thumbnailUrl":"https:\/\/colorme-cosmetics.com\/wp-content\/uploads\/2024\/04\/ElectricBlue_800x2.png","datePublished":"2024-04-04T10:04:34+00:00","dateModified":"2026-04-08T14:42:24+00:00","description":"Ad\u00e9ntrate en un mundo de energ\u00eda vibrante y estilo electrizante que desata el entusiasmo y capta la atenci\u00f3n all\u00e1 donde vayas.","breadcrumb":{"@id":"https:\/\/colorme-cosmetics.com\/es\/producto\/colorme-gel-polish-electric-blue\/#breadcrumb"},"inLanguage":"es","potentialAction":[{"@type":"ReadAction","target":["https:\/\/colorme-cosmetics.com\/es\/producto\/colorme-gel-polish-electric-blue\/"]}]},{"@type":"ImageObject","inLanguage":"es","@id":"https:\/\/colorme-cosmetics.com\/es\/producto\/colorme-gel-polish-electric-blue\/#primaryimage","url":"https:\/\/colorme-cosmetics.com\/wp-content\/uploads\/2024\/04\/ElectricBlue_800x2.png","contentUrl":"https:\/\/colorme-cosmetics.com\/wp-content\/uploads\/2024\/04\/ElectricBlue_800x2.png","width":1028,"height":1028,"caption":"Electric Blue Bottle Gel Polish"},{"@type":"BreadcrumbList","@id":"https:\/\/colorme-cosmetics.com\/es\/producto\/colorme-gel-polish-electric-blue\/#breadcrumb","itemListElement":[{"@type":"ListItem","position":1,"name":"Home","item":"https:\/\/colorme-cosmetics.com\/es\/"},{"@type":"ListItem","position":2,"name":"Tienda","item":"https:\/\/colorme-cosmetics.com\/es\/tienda\/"},{"@type":"ListItem","position":3,"name":"ColorMe Gel Polish &#8211; Electric Blue"}]},{"@type":"WebSite","@id":"https:\/\/colorme-cosmetics.com\/es\/#website","url":"https:\/\/colorme-cosmetics.com\/es\/","name":"ColorMe Cosmetics","description":"","potentialAction":[{"@type":"SearchAction","target":{"@type":"EntryPoint","urlTemplate":"https:\/\/colorme-cosmetics.com\/es\/?s={search_term_string}"},"query-input":{"@type":"PropertyValueSpecification","valueRequired":true,"valueName":"search_term_string"}}],"inLanguage":"es"}]}},"_links":{"self":[{"href":"https:\/\/colorme-cosmetics.com\/es\/wp-json\/wp\/v2\/product\/2024","targetHints":{"allow":["GET"]}}],"collection":[{"href":"https:\/\/colorme-cosmetics.com\/es\/wp-json\/wp\/v2\/product"}],"about":[{"href":"https:\/\/colorme-cosmetics.com\/es\/wp-json\/wp\/v2\/types\/product"}],"wp:featuredmedia":[{"embeddable":true,"href":"https:\/\/colorme-cosmetics.com\/es\/wp-json\/wp\/v2\/media\/2760"}],"wp:attachment":[{"href":"https:\/\/colorme-cosmetics.com\/es\/wp-json\/wp\/v2\/media?parent=2024"}],"wp:term":[{"taxonomy":"product_brand","embeddable":true,"href":"https:\/\/colorme-cosmetics.com\/es\/wp-json\/wp\/v2\/product_brand?post=2024"},{"taxonomy":"product_cat","embeddable":true,"href":"https:\/\/colorme-cosmetics.com\/es\/wp-json\/wp\/v2\/product_cat?post=2024"},{"taxonomy":"product_tag","embeddable":true,"href":"https:\/\/colorme-cosmetics.com\/es\/wp-json\/wp\/v2\/product_tag?post=2024"},{"taxonomy":"product-label","embeddable":true,"href":"https:\/\/colorme-cosmetics.com\/es\/wp-json\/wp\/v2\/product-label?post=2024"}],"curies":[{"name":"wp","href":"https:\/\/api.w.org\/{rel}","templated":true}]}}