{"id":2037,"date":"2024-04-04T12:04:23","date_gmt":"2024-04-04T10:04:23","guid":{"rendered":"https:\/\/colorme-cosmetics.com\/product\/colorme-kit-de-extraccion\/"},"modified":"2026-04-27T09:52:32","modified_gmt":"2026-04-27T07:52:32","slug":"colorme-kit-removedor","status":"publish","type":"product","link":"https:\/\/colorme-cosmetics.com\/es\/producto\/colorme-kit-removedor\/","title":{"rendered":"ColorMe &#8211; Kit Removedor"},"content":{"rendered":"<p>\u00bfYa has terminado con la parte sucia de quitar el esmalte de gel? Te proporcionamos pinzas para u\u00f1as, para que puedas aplicar f\u00e1cilmente un disco de algod\u00f3n con quitaesmalte, que quedar\u00e1 bien adherido.<\/p>\n","protected":false},"excerpt":{"rendered":"<p>El compa\u00f1ero perfecto para tu quitaesmalte en gel<\/p>\n","protected":false},"featured_media":569,"template":"","meta":{"_acf_changed":false},"product_brand":[],"product_cat":[61],"product_tag":[],"product-label":[],"class_list":{"0":"post-2037","1":"product","2":"type-product","3":"status-publish","4":"has-post-thumbnail","6":"product_cat-kits","8":"first","9":"instock","10":"shipping-taxable","11":"purchasable","12":"product-type-simple"},"composite_virtual":false,"composite_layout":"","composite_add_to_cart_form_location":"","composite_editable_in_cart":false,"composite_sold_individually_context":"","composite_shop_price_calc":"","composite_components":[],"composite_scenarios":[],"acf":[],"yoast_head":"<!-- This site is optimized with the Yoast SEO plugin v27.5 - https:\/\/yoast.com\/product\/yoast-seo-wordpress\/ -->\n<title>ColorMe - Kit Removedor<\/title>\n<meta name=\"description\" content=\"\u00bfYa has acabado con la parte sucia de quitar el esmalte de gel? Te proporcionamos pinzas para u\u00f1as, para que puedas aplicar f\u00e1cilmente un algod\u00f3n con quitaesmalte. Comprar ahora\" \/>\n<meta name=\"robots\" content=\"index, follow, max-snippet:-1, max-image-preview:large, max-video-preview:-1\" \/>\n<link rel=\"canonical\" href=\"https:\/\/colorme-cosmetics.com\/es\/producto\/colorme-kit-removedor\/\" \/>\n<meta property=\"og:locale\" content=\"es_ES\" \/>\n<meta property=\"og:type\" content=\"article\" \/>\n<meta property=\"og:title\" content=\"ColorMe - Kit Removedor\" \/>\n<meta property=\"og:description\" content=\"\u00bfYa has acabado con la parte sucia de quitar el esmalte de gel? Te proporcionamos pinzas para u\u00f1as, para que puedas aplicar f\u00e1cilmente un algod\u00f3n con quitaesmalte. Comprar ahora\" \/>\n<meta property=\"og:url\" content=\"https:\/\/colorme-cosmetics.com\/es\/producto\/colorme-kit-removedor\/\" \/>\n<meta property=\"og:site_name\" content=\"ColorMe Cosmetics\" \/>\n<meta property=\"article:modified_time\" content=\"2026-04-27T07:52:32+00:00\" \/>\n<meta property=\"og:image\" content=\"https:\/\/colorme-cosmetics.com\/wp-content\/uploads\/2024\/05\/Color-Me-Gel-Polish-\u2013-Nail-clips.png\" \/>\n\t<meta property=\"og:image:width\" content=\"580\" \/>\n\t<meta property=\"og:image:height\" content=\"620\" \/>\n\t<meta property=\"og:image:type\" content=\"image\/png\" \/>\n<meta name=\"twitter:card\" content=\"summary_large_image\" \/>\n<meta name=\"twitter:label1\" content=\"Tiempo de lectura\" \/>\n\t<meta name=\"twitter:data1\" content=\"1 minuto\" \/>\n<script type=\"application\/ld+json\" class=\"yoast-schema-graph\">{\"@context\":\"https:\\\/\\\/schema.org\",\"@graph\":[{\"@type\":\"WebPage\",\"@id\":\"https:\\\/\\\/colorme-cosmetics.com\\\/es\\\/producto\\\/colorme-kit-removedor\\\/\",\"url\":\"https:\\\/\\\/colorme-cosmetics.com\\\/es\\\/producto\\\/colorme-kit-removedor\\\/\",\"name\":\"ColorMe - Kit Removedor\",\"isPartOf\":{\"@id\":\"https:\\\/\\\/colorme-cosmetics.com\\\/es\\\/#website\"},\"primaryImageOfPage\":{\"@id\":\"https:\\\/\\\/colorme-cosmetics.com\\\/es\\\/producto\\\/colorme-kit-removedor\\\/#primaryimage\"},\"image\":{\"@id\":\"https:\\\/\\\/colorme-cosmetics.com\\\/es\\\/producto\\\/colorme-kit-removedor\\\/#primaryimage\"},\"thumbnailUrl\":\"https:\\\/\\\/colorme-cosmetics.com\\\/wp-content\\\/uploads\\\/2024\\\/05\\\/Color-Me-Gel-Polish-\u2013-Nail-clips.png\",\"datePublished\":\"2024-04-04T10:04:23+00:00\",\"dateModified\":\"2026-04-27T07:52:32+00:00\",\"description\":\"\u00bfYa has acabado con la parte sucia de quitar el esmalte de gel? Te proporcionamos pinzas para u\u00f1as, para que puedas aplicar f\u00e1cilmente un algod\u00f3n con quitaesmalte. Comprar ahora\",\"breadcrumb\":{\"@id\":\"https:\\\/\\\/colorme-cosmetics.com\\\/es\\\/producto\\\/colorme-kit-removedor\\\/#breadcrumb\"},\"inLanguage\":\"es\",\"potentialAction\":[{\"@type\":\"ReadAction\",\"target\":[\"https:\\\/\\\/colorme-cosmetics.com\\\/es\\\/producto\\\/colorme-kit-removedor\\\/\"]}]},{\"@type\":\"ImageObject\",\"inLanguage\":\"es\",\"@id\":\"https:\\\/\\\/colorme-cosmetics.com\\\/es\\\/producto\\\/colorme-kit-removedor\\\/#primaryimage\",\"url\":\"https:\\\/\\\/colorme-cosmetics.com\\\/wp-content\\\/uploads\\\/2024\\\/05\\\/Color-Me-Gel-Polish-\u2013-Nail-clips.png\",\"contentUrl\":\"https:\\\/\\\/colorme-cosmetics.com\\\/wp-content\\\/uploads\\\/2024\\\/05\\\/Color-Me-Gel-Polish-\u2013-Nail-clips.png\",\"width\":580,\"height\":620,\"caption\":\"ColorMe Gel Polish - Pinzas para u\u00f1as\"},{\"@type\":\"BreadcrumbList\",\"@id\":\"https:\\\/\\\/colorme-cosmetics.com\\\/es\\\/producto\\\/colorme-kit-removedor\\\/#breadcrumb\",\"itemListElement\":[{\"@type\":\"ListItem\",\"position\":1,\"name\":\"Home\",\"item\":\"https:\\\/\\\/colorme-cosmetics.com\\\/es\\\/\"},{\"@type\":\"ListItem\",\"position\":2,\"name\":\"Tienda\",\"item\":\"https:\\\/\\\/colorme-cosmetics.com\\\/es\\\/tienda\\\/\"},{\"@type\":\"ListItem\",\"position\":3,\"name\":\"ColorMe &#8211; Kit Removedor\"}]},{\"@type\":\"WebSite\",\"@id\":\"https:\\\/\\\/colorme-cosmetics.com\\\/es\\\/#website\",\"url\":\"https:\\\/\\\/colorme-cosmetics.com\\\/es\\\/\",\"name\":\"ColorMe Cosmetics\",\"description\":\"\",\"potentialAction\":[{\"@type\":\"SearchAction\",\"target\":{\"@type\":\"EntryPoint\",\"urlTemplate\":\"https:\\\/\\\/colorme-cosmetics.com\\\/es\\\/?s={search_term_string}\"},\"query-input\":{\"@type\":\"PropertyValueSpecification\",\"valueRequired\":true,\"valueName\":\"search_term_string\"}}],\"inLanguage\":\"es\"}]}<\/script>\n<!-- \/ Yoast SEO plugin. -->","yoast_head_json":{"title":"ColorMe - Kit Removedor","description":"\u00bfYa has acabado con la parte sucia de quitar el esmalte de gel? Te proporcionamos pinzas para u\u00f1as, para que puedas aplicar f\u00e1cilmente un algod\u00f3n con quitaesmalte. Comprar ahora","robots":{"index":"index","follow":"follow","max-snippet":"max-snippet:-1","max-image-preview":"max-image-preview:large","max-video-preview":"max-video-preview:-1"},"canonical":"https:\/\/colorme-cosmetics.com\/es\/producto\/colorme-kit-removedor\/","og_locale":"es_ES","og_type":"article","og_title":"ColorMe - Kit Removedor","og_description":"\u00bfYa has acabado con la parte sucia de quitar el esmalte de gel? Te proporcionamos pinzas para u\u00f1as, para que puedas aplicar f\u00e1cilmente un algod\u00f3n con quitaesmalte. Comprar ahora","og_url":"https:\/\/colorme-cosmetics.com\/es\/producto\/colorme-kit-removedor\/","og_site_name":"ColorMe Cosmetics","article_modified_time":"2026-04-27T07:52:32+00:00","og_image":[{"width":580,"height":620,"url":"https:\/\/colorme-cosmetics.com\/wp-content\/uploads\/2024\/05\/Color-Me-Gel-Polish-\u2013-Nail-clips.png","type":"image\/png"}],"twitter_card":"summary_large_image","twitter_misc":{"Tiempo de lectura":"1 minuto"},"schema":{"@context":"https:\/\/schema.org","@graph":[{"@type":"WebPage","@id":"https:\/\/colorme-cosmetics.com\/es\/producto\/colorme-kit-removedor\/","url":"https:\/\/colorme-cosmetics.com\/es\/producto\/colorme-kit-removedor\/","name":"ColorMe - Kit Removedor","isPartOf":{"@id":"https:\/\/colorme-cosmetics.com\/es\/#website"},"primaryImageOfPage":{"@id":"https:\/\/colorme-cosmetics.com\/es\/producto\/colorme-kit-removedor\/#primaryimage"},"image":{"@id":"https:\/\/colorme-cosmetics.com\/es\/producto\/colorme-kit-removedor\/#primaryimage"},"thumbnailUrl":"https:\/\/colorme-cosmetics.com\/wp-content\/uploads\/2024\/05\/Color-Me-Gel-Polish-\u2013-Nail-clips.png","datePublished":"2024-04-04T10:04:23+00:00","dateModified":"2026-04-27T07:52:32+00:00","description":"\u00bfYa has acabado con la parte sucia de quitar el esmalte de gel? Te proporcionamos pinzas para u\u00f1as, para que puedas aplicar f\u00e1cilmente un algod\u00f3n con quitaesmalte. Comprar ahora","breadcrumb":{"@id":"https:\/\/colorme-cosmetics.com\/es\/producto\/colorme-kit-removedor\/#breadcrumb"},"inLanguage":"es","potentialAction":[{"@type":"ReadAction","target":["https:\/\/colorme-cosmetics.com\/es\/producto\/colorme-kit-removedor\/"]}]},{"@type":"ImageObject","inLanguage":"es","@id":"https:\/\/colorme-cosmetics.com\/es\/producto\/colorme-kit-removedor\/#primaryimage","url":"https:\/\/colorme-cosmetics.com\/wp-content\/uploads\/2024\/05\/Color-Me-Gel-Polish-\u2013-Nail-clips.png","contentUrl":"https:\/\/colorme-cosmetics.com\/wp-content\/uploads\/2024\/05\/Color-Me-Gel-Polish-\u2013-Nail-clips.png","width":580,"height":620,"caption":"ColorMe Gel Polish - Pinzas para u\u00f1as"},{"@type":"BreadcrumbList","@id":"https:\/\/colorme-cosmetics.com\/es\/producto\/colorme-kit-removedor\/#breadcrumb","itemListElement":[{"@type":"ListItem","position":1,"name":"Home","item":"https:\/\/colorme-cosmetics.com\/es\/"},{"@type":"ListItem","position":2,"name":"Tienda","item":"https:\/\/colorme-cosmetics.com\/es\/tienda\/"},{"@type":"ListItem","position":3,"name":"ColorMe &#8211; Kit Removedor"}]},{"@type":"WebSite","@id":"https:\/\/colorme-cosmetics.com\/es\/#website","url":"https:\/\/colorme-cosmetics.com\/es\/","name":"ColorMe Cosmetics","description":"","potentialAction":[{"@type":"SearchAction","target":{"@type":"EntryPoint","urlTemplate":"https:\/\/colorme-cosmetics.com\/es\/?s={search_term_string}"},"query-input":{"@type":"PropertyValueSpecification","valueRequired":true,"valueName":"search_term_string"}}],"inLanguage":"es"}]}},"_links":{"self":[{"href":"https:\/\/colorme-cosmetics.com\/es\/wp-json\/wp\/v2\/product\/2037","targetHints":{"allow":["GET"]}}],"collection":[{"href":"https:\/\/colorme-cosmetics.com\/es\/wp-json\/wp\/v2\/product"}],"about":[{"href":"https:\/\/colorme-cosmetics.com\/es\/wp-json\/wp\/v2\/types\/product"}],"wp:featuredmedia":[{"embeddable":true,"href":"https:\/\/colorme-cosmetics.com\/es\/wp-json\/wp\/v2\/media\/569"}],"wp:attachment":[{"href":"https:\/\/colorme-cosmetics.com\/es\/wp-json\/wp\/v2\/media?parent=2037"}],"wp:term":[{"taxonomy":"product_brand","embeddable":true,"href":"https:\/\/colorme-cosmetics.com\/es\/wp-json\/wp\/v2\/product_brand?post=2037"},{"taxonomy":"product_cat","embeddable":true,"href":"https:\/\/colorme-cosmetics.com\/es\/wp-json\/wp\/v2\/product_cat?post=2037"},{"taxonomy":"product_tag","embeddable":true,"href":"https:\/\/colorme-cosmetics.com\/es\/wp-json\/wp\/v2\/product_tag?post=2037"},{"taxonomy":"product-label","embeddable":true,"href":"https:\/\/colorme-cosmetics.com\/es\/wp-json\/wp\/v2\/product-label?post=2037"}],"curies":[{"name":"wp","href":"https:\/\/api.w.org\/{rel}","templated":true}]}}