{"id":2042,"date":"2024-04-04T12:04:23","date_gmt":"2024-04-04T10:04:23","guid":{"rendered":"https:\/\/colorme-cosmetics.com\/product\/colorme-lampara-led\/"},"modified":"2026-04-28T22:06:38","modified_gmt":"2026-04-28T20:06:38","slug":"colorme-lampara-led","status":"publish","type":"product","link":"https:\/\/colorme-cosmetics.com\/es\/producto\/colorme-lampara-led\/","title":{"rendered":"ColorMe &#8211; L\u00e1mpara LED"},"content":{"rendered":"<p>\u00a1Con nuestra L\u00e1mpara Led de Esmalte en Gel podr\u00e1s curar tu esmalte en gel en s\u00f3lo 60 segundos! Entendemos perfectamente el valor del tiempo en el acelerado mundo actual, por eso hemos creado esta l\u00e1mpara profesional y eficaz para ti. Una vez curado, \u00a1ya puedes irte!  <\/p>\n","protected":false},"excerpt":{"rendered":"<p>Curado en poco tiempo<\/p>\n","protected":false},"featured_media":557,"template":"","meta":{"_acf_changed":false},"product_brand":[],"product_cat":[62],"product_tag":[],"product-label":[],"class_list":{"0":"post-2042","1":"product","2":"type-product","3":"status-publish","4":"has-post-thumbnail","6":"product_cat-esenciales","8":"first","9":"instock","10":"shipping-taxable","11":"purchasable","12":"product-type-simple"},"composite_virtual":false,"composite_layout":"","composite_add_to_cart_form_location":"","composite_editable_in_cart":false,"composite_sold_individually_context":"","composite_shop_price_calc":"","composite_components":[],"composite_scenarios":[],"acf":[],"yoast_head":"<!-- This site is optimized with the Yoast SEO plugin v27.5 - https:\/\/yoast.com\/product\/yoast-seo-wordpress\/ -->\n<title>ColorMe - L\u00e1mpara LED<\/title>\n<meta name=\"description\" content=\"Con nuestra L\u00e1mpara Led para Esmalte en Gel podr\u00e1s endurecer tu esmalte en gel en s\u00f3lo 30 segundos. Una vez curado, \u00a1ya puedes irte! Comprar ahora\" \/>\n<meta name=\"robots\" content=\"index, follow, max-snippet:-1, max-image-preview:large, max-video-preview:-1\" \/>\n<link rel=\"canonical\" href=\"https:\/\/colorme-cosmetics.com\/es\/producto\/colorme-lampara-led\/\" \/>\n<meta property=\"og:locale\" content=\"es_ES\" \/>\n<meta property=\"og:type\" content=\"article\" \/>\n<meta property=\"og:title\" content=\"ColorMe - L\u00e1mpara LED\" \/>\n<meta property=\"og:description\" content=\"Con nuestra L\u00e1mpara Led para Esmalte en Gel podr\u00e1s endurecer tu esmalte en gel en s\u00f3lo 30 segundos. Una vez curado, \u00a1ya puedes irte! Comprar ahora\" \/>\n<meta property=\"og:url\" content=\"https:\/\/colorme-cosmetics.com\/es\/producto\/colorme-lampara-led\/\" \/>\n<meta property=\"og:site_name\" content=\"ColorMe Cosmetics\" \/>\n<meta property=\"article:modified_time\" content=\"2026-04-28T20:06:38+00:00\" \/>\n<meta property=\"og:image\" content=\"https:\/\/colorme-cosmetics.com\/wp-content\/uploads\/2024\/04\/Color-Me-Gel-Polish-\u2013-Lamp.png\" \/>\n\t<meta property=\"og:image:width\" content=\"580\" \/>\n\t<meta property=\"og:image:height\" content=\"620\" \/>\n\t<meta property=\"og:image:type\" content=\"image\/png\" \/>\n<meta name=\"twitter:card\" content=\"summary_large_image\" \/>\n<script type=\"application\/ld+json\" class=\"yoast-schema-graph\">{\"@context\":\"https:\\\/\\\/schema.org\",\"@graph\":[{\"@type\":\"WebPage\",\"@id\":\"https:\\\/\\\/colorme-cosmetics.com\\\/es\\\/producto\\\/colorme-lampara-led\\\/\",\"url\":\"https:\\\/\\\/colorme-cosmetics.com\\\/es\\\/producto\\\/colorme-lampara-led\\\/\",\"name\":\"ColorMe - L\u00e1mpara LED\",\"isPartOf\":{\"@id\":\"https:\\\/\\\/colorme-cosmetics.com\\\/es\\\/#website\"},\"primaryImageOfPage\":{\"@id\":\"https:\\\/\\\/colorme-cosmetics.com\\\/es\\\/producto\\\/colorme-lampara-led\\\/#primaryimage\"},\"image\":{\"@id\":\"https:\\\/\\\/colorme-cosmetics.com\\\/es\\\/producto\\\/colorme-lampara-led\\\/#primaryimage\"},\"thumbnailUrl\":\"https:\\\/\\\/colorme-cosmetics.com\\\/wp-content\\\/uploads\\\/2024\\\/04\\\/Color-Me-Gel-Polish-\u2013-Lamp.png\",\"datePublished\":\"2024-04-04T10:04:23+00:00\",\"dateModified\":\"2026-04-28T20:06:38+00:00\",\"description\":\"Con nuestra L\u00e1mpara Led para Esmalte en Gel podr\u00e1s endurecer tu esmalte en gel en s\u00f3lo 30 segundos. Una vez curado, \u00a1ya puedes irte! Comprar ahora\",\"breadcrumb\":{\"@id\":\"https:\\\/\\\/colorme-cosmetics.com\\\/es\\\/producto\\\/colorme-lampara-led\\\/#breadcrumb\"},\"inLanguage\":\"es\",\"potentialAction\":[{\"@type\":\"ReadAction\",\"target\":[\"https:\\\/\\\/colorme-cosmetics.com\\\/es\\\/producto\\\/colorme-lampara-led\\\/\"]}]},{\"@type\":\"ImageObject\",\"inLanguage\":\"es\",\"@id\":\"https:\\\/\\\/colorme-cosmetics.com\\\/es\\\/producto\\\/colorme-lampara-led\\\/#primaryimage\",\"url\":\"https:\\\/\\\/colorme-cosmetics.com\\\/wp-content\\\/uploads\\\/2024\\\/04\\\/Color-Me-Gel-Polish-\u2013-Lamp.png\",\"contentUrl\":\"https:\\\/\\\/colorme-cosmetics.com\\\/wp-content\\\/uploads\\\/2024\\\/04\\\/Color-Me-Gel-Polish-\u2013-Lamp.png\",\"width\":580,\"height\":620,\"caption\":\"ColorMe Gel Polish - L\u00e1mpara\"},{\"@type\":\"BreadcrumbList\",\"@id\":\"https:\\\/\\\/colorme-cosmetics.com\\\/es\\\/producto\\\/colorme-lampara-led\\\/#breadcrumb\",\"itemListElement\":[{\"@type\":\"ListItem\",\"position\":1,\"name\":\"Home\",\"item\":\"https:\\\/\\\/colorme-cosmetics.com\\\/es\\\/\"},{\"@type\":\"ListItem\",\"position\":2,\"name\":\"Tienda\",\"item\":\"https:\\\/\\\/colorme-cosmetics.com\\\/es\\\/tienda\\\/\"},{\"@type\":\"ListItem\",\"position\":3,\"name\":\"ColorMe &#8211; L\u00e1mpara LED\"}]},{\"@type\":\"WebSite\",\"@id\":\"https:\\\/\\\/colorme-cosmetics.com\\\/es\\\/#website\",\"url\":\"https:\\\/\\\/colorme-cosmetics.com\\\/es\\\/\",\"name\":\"ColorMe Cosmetics\",\"description\":\"\",\"potentialAction\":[{\"@type\":\"SearchAction\",\"target\":{\"@type\":\"EntryPoint\",\"urlTemplate\":\"https:\\\/\\\/colorme-cosmetics.com\\\/es\\\/?s={search_term_string}\"},\"query-input\":{\"@type\":\"PropertyValueSpecification\",\"valueRequired\":true,\"valueName\":\"search_term_string\"}}],\"inLanguage\":\"es\"}]}<\/script>\n<!-- \/ Yoast SEO plugin. -->","yoast_head_json":{"title":"ColorMe - L\u00e1mpara LED","description":"Con nuestra L\u00e1mpara Led para Esmalte en Gel podr\u00e1s endurecer tu esmalte en gel en s\u00f3lo 30 segundos. Una vez curado, \u00a1ya puedes irte! Comprar ahora","robots":{"index":"index","follow":"follow","max-snippet":"max-snippet:-1","max-image-preview":"max-image-preview:large","max-video-preview":"max-video-preview:-1"},"canonical":"https:\/\/colorme-cosmetics.com\/es\/producto\/colorme-lampara-led\/","og_locale":"es_ES","og_type":"article","og_title":"ColorMe - L\u00e1mpara LED","og_description":"Con nuestra L\u00e1mpara Led para Esmalte en Gel podr\u00e1s endurecer tu esmalte en gel en s\u00f3lo 30 segundos. Una vez curado, \u00a1ya puedes irte! Comprar ahora","og_url":"https:\/\/colorme-cosmetics.com\/es\/producto\/colorme-lampara-led\/","og_site_name":"ColorMe Cosmetics","article_modified_time":"2026-04-28T20:06:38+00:00","og_image":[{"width":580,"height":620,"url":"https:\/\/colorme-cosmetics.com\/wp-content\/uploads\/2024\/04\/Color-Me-Gel-Polish-\u2013-Lamp.png","type":"image\/png"}],"twitter_card":"summary_large_image","schema":{"@context":"https:\/\/schema.org","@graph":[{"@type":"WebPage","@id":"https:\/\/colorme-cosmetics.com\/es\/producto\/colorme-lampara-led\/","url":"https:\/\/colorme-cosmetics.com\/es\/producto\/colorme-lampara-led\/","name":"ColorMe - L\u00e1mpara LED","isPartOf":{"@id":"https:\/\/colorme-cosmetics.com\/es\/#website"},"primaryImageOfPage":{"@id":"https:\/\/colorme-cosmetics.com\/es\/producto\/colorme-lampara-led\/#primaryimage"},"image":{"@id":"https:\/\/colorme-cosmetics.com\/es\/producto\/colorme-lampara-led\/#primaryimage"},"thumbnailUrl":"https:\/\/colorme-cosmetics.com\/wp-content\/uploads\/2024\/04\/Color-Me-Gel-Polish-\u2013-Lamp.png","datePublished":"2024-04-04T10:04:23+00:00","dateModified":"2026-04-28T20:06:38+00:00","description":"Con nuestra L\u00e1mpara Led para Esmalte en Gel podr\u00e1s endurecer tu esmalte en gel en s\u00f3lo 30 segundos. Una vez curado, \u00a1ya puedes irte! Comprar ahora","breadcrumb":{"@id":"https:\/\/colorme-cosmetics.com\/es\/producto\/colorme-lampara-led\/#breadcrumb"},"inLanguage":"es","potentialAction":[{"@type":"ReadAction","target":["https:\/\/colorme-cosmetics.com\/es\/producto\/colorme-lampara-led\/"]}]},{"@type":"ImageObject","inLanguage":"es","@id":"https:\/\/colorme-cosmetics.com\/es\/producto\/colorme-lampara-led\/#primaryimage","url":"https:\/\/colorme-cosmetics.com\/wp-content\/uploads\/2024\/04\/Color-Me-Gel-Polish-\u2013-Lamp.png","contentUrl":"https:\/\/colorme-cosmetics.com\/wp-content\/uploads\/2024\/04\/Color-Me-Gel-Polish-\u2013-Lamp.png","width":580,"height":620,"caption":"ColorMe Gel Polish - L\u00e1mpara"},{"@type":"BreadcrumbList","@id":"https:\/\/colorme-cosmetics.com\/es\/producto\/colorme-lampara-led\/#breadcrumb","itemListElement":[{"@type":"ListItem","position":1,"name":"Home","item":"https:\/\/colorme-cosmetics.com\/es\/"},{"@type":"ListItem","position":2,"name":"Tienda","item":"https:\/\/colorme-cosmetics.com\/es\/tienda\/"},{"@type":"ListItem","position":3,"name":"ColorMe &#8211; L\u00e1mpara LED"}]},{"@type":"WebSite","@id":"https:\/\/colorme-cosmetics.com\/es\/#website","url":"https:\/\/colorme-cosmetics.com\/es\/","name":"ColorMe Cosmetics","description":"","potentialAction":[{"@type":"SearchAction","target":{"@type":"EntryPoint","urlTemplate":"https:\/\/colorme-cosmetics.com\/es\/?s={search_term_string}"},"query-input":{"@type":"PropertyValueSpecification","valueRequired":true,"valueName":"search_term_string"}}],"inLanguage":"es"}]}},"_links":{"self":[{"href":"https:\/\/colorme-cosmetics.com\/es\/wp-json\/wp\/v2\/product\/2042","targetHints":{"allow":["GET"]}}],"collection":[{"href":"https:\/\/colorme-cosmetics.com\/es\/wp-json\/wp\/v2\/product"}],"about":[{"href":"https:\/\/colorme-cosmetics.com\/es\/wp-json\/wp\/v2\/types\/product"}],"wp:featuredmedia":[{"embeddable":true,"href":"https:\/\/colorme-cosmetics.com\/es\/wp-json\/wp\/v2\/media\/557"}],"wp:attachment":[{"href":"https:\/\/colorme-cosmetics.com\/es\/wp-json\/wp\/v2\/media?parent=2042"}],"wp:term":[{"taxonomy":"product_brand","embeddable":true,"href":"https:\/\/colorme-cosmetics.com\/es\/wp-json\/wp\/v2\/product_brand?post=2042"},{"taxonomy":"product_cat","embeddable":true,"href":"https:\/\/colorme-cosmetics.com\/es\/wp-json\/wp\/v2\/product_cat?post=2042"},{"taxonomy":"product_tag","embeddable":true,"href":"https:\/\/colorme-cosmetics.com\/es\/wp-json\/wp\/v2\/product_tag?post=2042"},{"taxonomy":"product-label","embeddable":true,"href":"https:\/\/colorme-cosmetics.com\/es\/wp-json\/wp\/v2\/product-label?post=2042"}],"curies":[{"name":"wp","href":"https:\/\/api.w.org\/{rel}","templated":true}]}}