{"id":2064,"date":"2024-04-04T12:04:32","date_gmt":"2024-04-04T10:04:32","guid":{"rendered":"https:\/\/colorme-cosmetics.com\/product\/colorme-gel-polish-stay-chic\/"},"modified":"2026-01-07T21:25:26","modified_gmt":"2026-01-07T20:25:26","slug":"colorme-gel-polish-stay-chic","status":"publish","type":"product","link":"https:\/\/colorme-cosmetics.com\/es\/producto\/colorme-gel-polish-stay-chic\/","title":{"rendered":"ColorMe Gel Polish &#8211; Stay Chic"},"content":{"rendered":"","protected":false},"excerpt":{"rendered":"<p>M\u00e1s que un color, \u00abStay Chic\u00bb es una declaraci\u00f3n, un estilo de vida, una encarnaci\u00f3n de la elegancia sin esfuerzo que trasciende tendencias y temporadas.<\/p>\n","protected":false},"featured_media":493,"template":"","meta":{"_acf_changed":false},"product_brand":[],"product_cat":[63,66],"product_tag":[],"product-label":[],"class_list":{"0":"post-2064","1":"product","2":"type-product","3":"status-publish","4":"has-post-thumbnail","6":"product_cat-colores","7":"product_cat-marron","9":"first","10":"instock","11":"shipping-taxable","12":"purchasable","13":"product-type-simple"},"composite_virtual":false,"composite_layout":"","composite_add_to_cart_form_location":"","composite_editable_in_cart":false,"composite_sold_individually_context":"","composite_shop_price_calc":"","composite_components":[],"composite_scenarios":[],"acf":[],"yoast_head":"<!-- This site is optimized with the Yoast SEO plugin v27.5 - https:\/\/yoast.com\/product\/yoast-seo-wordpress\/ -->\n<title>ColorMe Gel Polish - Stay Chic<\/title>\n<meta name=\"description\" content=\"M\u00e1s que un color, &quot;Stay Chic&quot; es una declaraci\u00f3n, un estilo de vida, una encarnaci\u00f3n de la elegancia sin esfuerzo que trasciende tendencias y temporadas.\" \/>\n<meta name=\"robots\" content=\"index, follow, max-snippet:-1, max-image-preview:large, max-video-preview:-1\" \/>\n<link rel=\"canonical\" href=\"https:\/\/colorme-cosmetics.com\/es\/producto\/colorme-gel-polish-stay-chic\/\" \/>\n<meta property=\"og:locale\" content=\"es_ES\" \/>\n<meta property=\"og:type\" content=\"article\" \/>\n<meta property=\"og:title\" content=\"ColorMe Gel Polish - Stay Chic\" \/>\n<meta property=\"og:description\" content=\"M\u00e1s que un color, &quot;Stay Chic&quot; es una declaraci\u00f3n, un estilo de vida, una encarnaci\u00f3n de la elegancia sin esfuerzo que trasciende tendencias y temporadas.\" \/>\n<meta property=\"og:url\" content=\"https:\/\/colorme-cosmetics.com\/es\/producto\/colorme-gel-polish-stay-chic\/\" \/>\n<meta property=\"og:site_name\" content=\"ColorMe Cosmetics\" \/>\n<meta property=\"article:modified_time\" content=\"2026-01-07T20:25:26+00:00\" \/>\n<meta property=\"og:image\" content=\"https:\/\/colorme-cosmetics.com\/wp-content\/uploads\/2024\/04\/Color-Me-Gel-Polish-\u2013-Stay-Chic.png\" \/>\n\t<meta property=\"og:image:width\" content=\"580\" \/>\n\t<meta property=\"og:image:height\" content=\"620\" \/>\n\t<meta property=\"og:image:type\" content=\"image\/png\" \/>\n<meta name=\"twitter:card\" content=\"summary_large_image\" \/>\n<meta name=\"twitter:label1\" content=\"Tiempo de lectura\" \/>\n\t<meta name=\"twitter:data1\" content=\"1 minuto\" \/>\n<script type=\"application\/ld+json\" class=\"yoast-schema-graph\">{\"@context\":\"https:\\\/\\\/schema.org\",\"@graph\":[{\"@type\":\"WebPage\",\"@id\":\"https:\\\/\\\/colorme-cosmetics.com\\\/es\\\/producto\\\/colorme-gel-polish-stay-chic\\\/\",\"url\":\"https:\\\/\\\/colorme-cosmetics.com\\\/es\\\/producto\\\/colorme-gel-polish-stay-chic\\\/\",\"name\":\"ColorMe Gel Polish - Stay Chic\",\"isPartOf\":{\"@id\":\"https:\\\/\\\/colorme-cosmetics.com\\\/es\\\/#website\"},\"primaryImageOfPage\":{\"@id\":\"https:\\\/\\\/colorme-cosmetics.com\\\/es\\\/producto\\\/colorme-gel-polish-stay-chic\\\/#primaryimage\"},\"image\":{\"@id\":\"https:\\\/\\\/colorme-cosmetics.com\\\/es\\\/producto\\\/colorme-gel-polish-stay-chic\\\/#primaryimage\"},\"thumbnailUrl\":\"https:\\\/\\\/colorme-cosmetics.com\\\/wp-content\\\/uploads\\\/2024\\\/04\\\/Color-Me-Gel-Polish-\u2013-Stay-Chic.png\",\"datePublished\":\"2024-04-04T10:04:32+00:00\",\"dateModified\":\"2026-01-07T20:25:26+00:00\",\"description\":\"M\u00e1s que un color, \\\"Stay Chic\\\" es una declaraci\u00f3n, un estilo de vida, una encarnaci\u00f3n de la elegancia sin esfuerzo que trasciende tendencias y temporadas.\",\"breadcrumb\":{\"@id\":\"https:\\\/\\\/colorme-cosmetics.com\\\/es\\\/producto\\\/colorme-gel-polish-stay-chic\\\/#breadcrumb\"},\"inLanguage\":\"es\",\"potentialAction\":[{\"@type\":\"ReadAction\",\"target\":[\"https:\\\/\\\/colorme-cosmetics.com\\\/es\\\/producto\\\/colorme-gel-polish-stay-chic\\\/\"]}]},{\"@type\":\"ImageObject\",\"inLanguage\":\"es\",\"@id\":\"https:\\\/\\\/colorme-cosmetics.com\\\/es\\\/producto\\\/colorme-gel-polish-stay-chic\\\/#primaryimage\",\"url\":\"https:\\\/\\\/colorme-cosmetics.com\\\/wp-content\\\/uploads\\\/2024\\\/04\\\/Color-Me-Gel-Polish-\u2013-Stay-Chic.png\",\"contentUrl\":\"https:\\\/\\\/colorme-cosmetics.com\\\/wp-content\\\/uploads\\\/2024\\\/04\\\/Color-Me-Gel-Polish-\u2013-Stay-Chic.png\",\"width\":580,\"height\":620,\"caption\":\"ColorMe Gel Polish \u2013 Stay Chic\"},{\"@type\":\"BreadcrumbList\",\"@id\":\"https:\\\/\\\/colorme-cosmetics.com\\\/es\\\/producto\\\/colorme-gel-polish-stay-chic\\\/#breadcrumb\",\"itemListElement\":[{\"@type\":\"ListItem\",\"position\":1,\"name\":\"Home\",\"item\":\"https:\\\/\\\/colorme-cosmetics.com\\\/es\\\/\"},{\"@type\":\"ListItem\",\"position\":2,\"name\":\"Tienda\",\"item\":\"https:\\\/\\\/colorme-cosmetics.com\\\/es\\\/tienda\\\/\"},{\"@type\":\"ListItem\",\"position\":3,\"name\":\"ColorMe Gel Polish &#8211; Stay Chic\"}]},{\"@type\":\"WebSite\",\"@id\":\"https:\\\/\\\/colorme-cosmetics.com\\\/es\\\/#website\",\"url\":\"https:\\\/\\\/colorme-cosmetics.com\\\/es\\\/\",\"name\":\"ColorMe Cosmetics\",\"description\":\"\",\"potentialAction\":[{\"@type\":\"SearchAction\",\"target\":{\"@type\":\"EntryPoint\",\"urlTemplate\":\"https:\\\/\\\/colorme-cosmetics.com\\\/es\\\/?s={search_term_string}\"},\"query-input\":{\"@type\":\"PropertyValueSpecification\",\"valueRequired\":true,\"valueName\":\"search_term_string\"}}],\"inLanguage\":\"es\"}]}<\/script>\n<!-- \/ Yoast SEO plugin. -->","yoast_head_json":{"title":"ColorMe Gel Polish - Stay Chic","description":"M\u00e1s que un color, \"Stay Chic\" es una declaraci\u00f3n, un estilo de vida, una encarnaci\u00f3n de la elegancia sin esfuerzo que trasciende tendencias y temporadas.","robots":{"index":"index","follow":"follow","max-snippet":"max-snippet:-1","max-image-preview":"max-image-preview:large","max-video-preview":"max-video-preview:-1"},"canonical":"https:\/\/colorme-cosmetics.com\/es\/producto\/colorme-gel-polish-stay-chic\/","og_locale":"es_ES","og_type":"article","og_title":"ColorMe Gel Polish - Stay Chic","og_description":"M\u00e1s que un color, \"Stay Chic\" es una declaraci\u00f3n, un estilo de vida, una encarnaci\u00f3n de la elegancia sin esfuerzo que trasciende tendencias y temporadas.","og_url":"https:\/\/colorme-cosmetics.com\/es\/producto\/colorme-gel-polish-stay-chic\/","og_site_name":"ColorMe Cosmetics","article_modified_time":"2026-01-07T20:25:26+00:00","og_image":[{"width":580,"height":620,"url":"https:\/\/colorme-cosmetics.com\/wp-content\/uploads\/2024\/04\/Color-Me-Gel-Polish-\u2013-Stay-Chic.png","type":"image\/png"}],"twitter_card":"summary_large_image","twitter_misc":{"Tiempo de lectura":"1 minuto"},"schema":{"@context":"https:\/\/schema.org","@graph":[{"@type":"WebPage","@id":"https:\/\/colorme-cosmetics.com\/es\/producto\/colorme-gel-polish-stay-chic\/","url":"https:\/\/colorme-cosmetics.com\/es\/producto\/colorme-gel-polish-stay-chic\/","name":"ColorMe Gel Polish - Stay Chic","isPartOf":{"@id":"https:\/\/colorme-cosmetics.com\/es\/#website"},"primaryImageOfPage":{"@id":"https:\/\/colorme-cosmetics.com\/es\/producto\/colorme-gel-polish-stay-chic\/#primaryimage"},"image":{"@id":"https:\/\/colorme-cosmetics.com\/es\/producto\/colorme-gel-polish-stay-chic\/#primaryimage"},"thumbnailUrl":"https:\/\/colorme-cosmetics.com\/wp-content\/uploads\/2024\/04\/Color-Me-Gel-Polish-\u2013-Stay-Chic.png","datePublished":"2024-04-04T10:04:32+00:00","dateModified":"2026-01-07T20:25:26+00:00","description":"M\u00e1s que un color, \"Stay Chic\" es una declaraci\u00f3n, un estilo de vida, una encarnaci\u00f3n de la elegancia sin esfuerzo que trasciende tendencias y temporadas.","breadcrumb":{"@id":"https:\/\/colorme-cosmetics.com\/es\/producto\/colorme-gel-polish-stay-chic\/#breadcrumb"},"inLanguage":"es","potentialAction":[{"@type":"ReadAction","target":["https:\/\/colorme-cosmetics.com\/es\/producto\/colorme-gel-polish-stay-chic\/"]}]},{"@type":"ImageObject","inLanguage":"es","@id":"https:\/\/colorme-cosmetics.com\/es\/producto\/colorme-gel-polish-stay-chic\/#primaryimage","url":"https:\/\/colorme-cosmetics.com\/wp-content\/uploads\/2024\/04\/Color-Me-Gel-Polish-\u2013-Stay-Chic.png","contentUrl":"https:\/\/colorme-cosmetics.com\/wp-content\/uploads\/2024\/04\/Color-Me-Gel-Polish-\u2013-Stay-Chic.png","width":580,"height":620,"caption":"ColorMe Gel Polish \u2013 Stay Chic"},{"@type":"BreadcrumbList","@id":"https:\/\/colorme-cosmetics.com\/es\/producto\/colorme-gel-polish-stay-chic\/#breadcrumb","itemListElement":[{"@type":"ListItem","position":1,"name":"Home","item":"https:\/\/colorme-cosmetics.com\/es\/"},{"@type":"ListItem","position":2,"name":"Tienda","item":"https:\/\/colorme-cosmetics.com\/es\/tienda\/"},{"@type":"ListItem","position":3,"name":"ColorMe Gel Polish &#8211; Stay Chic"}]},{"@type":"WebSite","@id":"https:\/\/colorme-cosmetics.com\/es\/#website","url":"https:\/\/colorme-cosmetics.com\/es\/","name":"ColorMe Cosmetics","description":"","potentialAction":[{"@type":"SearchAction","target":{"@type":"EntryPoint","urlTemplate":"https:\/\/colorme-cosmetics.com\/es\/?s={search_term_string}"},"query-input":{"@type":"PropertyValueSpecification","valueRequired":true,"valueName":"search_term_string"}}],"inLanguage":"es"}]}},"_links":{"self":[{"href":"https:\/\/colorme-cosmetics.com\/es\/wp-json\/wp\/v2\/product\/2064","targetHints":{"allow":["GET"]}}],"collection":[{"href":"https:\/\/colorme-cosmetics.com\/es\/wp-json\/wp\/v2\/product"}],"about":[{"href":"https:\/\/colorme-cosmetics.com\/es\/wp-json\/wp\/v2\/types\/product"}],"wp:featuredmedia":[{"embeddable":true,"href":"https:\/\/colorme-cosmetics.com\/es\/wp-json\/wp\/v2\/media\/493"}],"wp:attachment":[{"href":"https:\/\/colorme-cosmetics.com\/es\/wp-json\/wp\/v2\/media?parent=2064"}],"wp:term":[{"taxonomy":"product_brand","embeddable":true,"href":"https:\/\/colorme-cosmetics.com\/es\/wp-json\/wp\/v2\/product_brand?post=2064"},{"taxonomy":"product_cat","embeddable":true,"href":"https:\/\/colorme-cosmetics.com\/es\/wp-json\/wp\/v2\/product_cat?post=2064"},{"taxonomy":"product_tag","embeddable":true,"href":"https:\/\/colorme-cosmetics.com\/es\/wp-json\/wp\/v2\/product_tag?post=2064"},{"taxonomy":"product-label","embeddable":true,"href":"https:\/\/colorme-cosmetics.com\/es\/wp-json\/wp\/v2\/product-label?post=2064"}],"curies":[{"name":"wp","href":"https:\/\/api.w.org\/{rel}","templated":true}]}}