{"id":4944,"date":"2024-10-04T15:35:02","date_gmt":"2024-10-04T13:35:02","guid":{"rendered":"https:\/\/colorme-cosmetics.com\/avertissements-et-instructions\/"},"modified":"2026-01-13T11:41:05","modified_gmt":"2026-01-13T10:41:05","slug":"avertissements-et-instructions","status":"publish","type":"page","link":"https:\/\/colorme-cosmetics.com\/fr\/avertissements-et-instructions\/","title":{"rendered":"Avertissements et instructions"},"content":{"rendered":"<section id=section-block-block_43eeb692f67aa6fd1d44fee91f82318f class=\"section block_rows \" itemscope itemtype=\"http:\/\/schema.org\/WebPageElement\" itemprop=\"hasPart\"><div class=\"container\"><div class=\"block-row blocks-in-row-3\"><div class=\"block rows-block\" itemscope itemtype=\"http:\/\/schema.org\/WebPageElement\" itemprop=\"isPartOf\"><div class=\"inner-wrapper\"><ul><li itemprop=\"text\" class=\"content-wrapper white\"><p><strong><u>Instructions<\/u><\/strong><\/p>\n<p>Veuillez lire et suivre attentivement toutes les instructions, y compris les avertissements, pr\u00e9cautions et conseils professionnels importants, avant d\u2019appliquer les produits de vernis gel sur les ongles. Le vernis gel ColorMe\u00ae durcit (polym\u00e9rise) en quelques secondes sous une lampe LED, contrairement au vernis classique qui s\u00e8che \u00e0 l\u2019air sur une longue p\u00e9riode. Le gel ne n\u00e9cessite aucun temps de s\u00e9chage.<\/p>\n<p><strong><u>Application du vernis gel<\/u><\/strong><\/p>\n<p>Pr\u00e9parer correctement vos ongles aidera le vernis gel \u00e0 adh\u00e9rer. Trouvez un espace de travail propre et bien ventil\u00e9 pour l\u2019application du vernis gel. N\u2019appliquez pas \u00e0 l\u2019ext\u00e9rieur ou en plein soleil car le produit est sensible \u00e0 la lumi\u00e8re. Retirez tout vernis existant sur les ongles, puis lavez et s\u00e9chez soigneusement vos mains. Repoussez les cuticules avec un b\u00e2tonnet ou un repousse-cuticules. Il est important que la zone des cuticules soit propre et exempte de r\u00e9sidus lors de l\u2019application du gel, car cela pourrait emp\u00eacher le gel d\u2019adh\u00e9rer correctement \u00e0 l\u2019ongle.<\/p>\n<\/li><li itemprop=\"text\" class=\"content-wrapper brown\"><p><strong>1. Pr\u00e9parer<\/strong><\/p>\n<p>a. Limez et fa\u00e7onnez le bord libre de l\u2019ongle et poncez l\u00e9g\u00e8rement la brillance de l\u2019ongle naturel avec le c\u00f4t\u00e9 ponce du bloc ou de la lime. Ne poncez pas trop. Retirez toute poussi\u00e8re restante.<\/p>\n<p>b. \u00c0 l\u2019aide des lingettes sans peluches, nettoyez les ongles avec le Gel Cleanser et laissez s\u00e9cher \u00e0 l\u2019air pendant 15 secondes.<\/p>\n<p>c. Appliquez une couche fine de Gel Bonder sur l\u2019ongle.<\/p>\n<p>d. Pour un retrait plus facile, appliquez-le en petite quantit\u00e9 en cercle, uniquement sur les bords ext\u00e9rieurs de l\u2019ongle. Laissez s\u00e9cher \u00e0 l\u2019air pendant 30 secondes.<\/p>\n<p>e. Appliquez une fine couche de Gel Base Coat sur l\u2019ongle propre et sec, sans toucher la cuticule ni la peau autour des ongles.<\/p>\n<p>f. Scellez le bord libre de l\u2019ongle naturel en passant le pinceau le long du bout de l\u2019ongle. Si n\u00e9cessaire, utilisez le repousse-cuticules pour nettoyer la zone des cuticules avant de catalyser. Placez les ongles sous la lampe LED et catalysez pendant 60 secondes. Si vous appliquez une manucure transparente, passez directement aux instructions PROT\u00c9GER.<\/p>\n<p><strong>2. Vernis<\/strong><\/p>\n<p>g. Secouez vigoureusement le vernis gel couleur pour le rendre plus fluide et plus facile \u00e0 appliquer. Appliquez une couche uniforme sur tout l\u2019ongle sans toucher la zone des cuticules. Scellez le bord libre de l\u2019ongle en passant le pinceau le long du bout de l\u2019ongle. Si n\u00e9cessaire, utilisez le repousse-cuticules pour nettoyer la zone des cuticules avant de catalyser. Placez les ongles sous la lampe LED et catalysez pendant 60 secondes.<\/p>\n<\/li><\/ul><\/div><\/div><div class=\"block rows-block\" itemscope itemtype=\"http:\/\/schema.org\/WebPageElement\" itemprop=\"isPartOf\"><div class=\"inner-wrapper\"><ul><li itemprop=\"text\" class=\"content-wrapper grey\"><p><b><i>CONSEILS<\/i><\/b><\/p>\n<p data-start=\"74\" data-end=\"221\">Pour retirer l\u2019exc\u00e9dent de produit du pinceau, lors de l\u2019ouverture du flacon, faites un cercle avec le pinceau \u00e0 l\u2019int\u00e9rieur du goulot du flacon.<\/p>\n<p data-start=\"223\" data-end=\"442\">Nous recommandons d\u2019appliquer d\u2019abord le gel sur les deux pouces et de les catalyser ensemble. Ensuite, appliquez le gel sur les quatre autres ongles d\u2019une main et catalysez. R\u00e9p\u00e9tez les m\u00eames \u00e9tapes sur l\u2019autre main.<\/p>\n<p data-start=\"444\" data-end=\"611\">La lampe LED ColorMe\u00ae Gel est programm\u00e9e pour 30, 60 et 90 secondes. Nous conseillons toujours de catalyser pendant 60 secondes pour obtenir les meilleurs r\u00e9sultats.<\/p>\n<p data-start=\"613\" data-end=\"946\">Ne touchez pas les ongles apr\u00e8s la catalysation. Le processus de catalysation laissera une l\u00e9g\u00e8re couche collante sur les ongles \u00e0 la fin de chaque catalysation, mais vos ongles seront pr\u00eats pour l\u2019application du Colour Gel Polish ou du Gel Top Coat. Cette couche collante sera retir\u00e9e avec le Gel Cleanser \u00e0 la fin de la manucure.<\/p>\n<\/li><\/li><li itemprop=\"text\" class=\"content-wrapper brown\"><p><strong>3. Prot\u00e9ger<\/strong><\/p>\n<p>h. Appliquez une fine couche de Gel Top Coat. Assurez-vous que le gel ne touche pas la cuticule ni la peau autour des ongles. Scellez le bord libre de l\u2019ongle en passant le pinceau le long du bout de l\u2019ongle. Si n\u00e9cessaire, utilisez le repousse-cuticules pour nettoyer la zone des cuticules avant de catalyser. Placez les ongles sous la lampe LED et catalysez pendant 60 secondes.<\/p>\n<p>i. Retirez la couche collante \u00e0 l\u2019aide du Prep &amp; Wipe.<\/p>\n<\/li><\/li><li itemprop=\"text\" class=\"content-wrapper white\"><p>&nbsp;<\/p>\n<p><strong><u>Retrait du vernis gel<\/u><\/strong><\/p>\n<p data-start=\"121\" data-end=\"196\">Poncez la brillance \u00e0 la surface des ongles avec le c\u00f4t\u00e9 gris de la lime.<\/p>\n<p data-start=\"198\" data-end=\"637\">Utilisez du papier aluminium argent\u00e9 ou les clips de retrait ColorMe\u00ae Gel Polish Removal Clips. Imbibez un tampon de coton avec le Gel Polish Remover et placez-le sur vos ongles. Enveloppez le papier aluminium fermement autour du tampon sur le doigt ou fixez-le solidement \u00e0 l\u2019aide des clips de retrait, afin de conserver la chaleur naturelle. Laissez agir pendant 10 \u00e0 15 minutes pour que le dissolvant soul\u00e8ve le vernis gel de l\u2019ongle.<\/p>\n<p data-start=\"639\" data-end=\"895\">Retirez les tampons de coton. Utilisez l\u2019outil ColorMe\u00ae Gel Polish Removal Tool pour enlever d\u00e9licatement le reste du vernis gel des ongles. Pour \u00e9liminer tout r\u00e9sidu et obtenir une finition saine, polissez doucement vos ongles avec la lime de polissage.<\/p>\n<\/li><\/li><\/ul><\/div><\/div><div class=\"block rows-block\" itemscope itemtype=\"http:\/\/schema.org\/WebPageElement\" itemprop=\"isPartOf\"><div class=\"inner-wrapper\"><ul><li itemprop=\"text\" class=\"content-wrapper white\"><p><img decoding=\"async\" class=\"alignnone size-medium wp-image-885\" src=\"https:\/\/colorme-cosmetics.com\/wp-content\/uploads\/2024\/05\/Afbeelding-4-Nagels-achtergrond-e1723629973218-284x300.png\" alt=\"How to - Gel polish\" width=\"284\" height=\"300\" srcset=\"https:\/\/colorme-cosmetics.com\/wp-content\/uploads\/2024\/05\/Afbeelding-4-Nagels-achtergrond-e1723629973218-284x300.png 284w, https:\/\/colorme-cosmetics.com\/wp-content\/uploads\/2024\/05\/Afbeelding-4-Nagels-achtergrond-e1723629973218-968x1024.png 968w, https:\/\/colorme-cosmetics.com\/wp-content\/uploads\/2024\/05\/Afbeelding-4-Nagels-achtergrond-e1723629973218-768x813.png 768w, https:\/\/colorme-cosmetics.com\/wp-content\/uploads\/2024\/05\/Afbeelding-4-Nagels-achtergrond-e1723629973218-620x656.png 620w, https:\/\/colorme-cosmetics.com\/wp-content\/uploads\/2024\/05\/Afbeelding-4-Nagels-achtergrond-e1723629973218-580x614.png 580w, https:\/\/colorme-cosmetics.com\/wp-content\/uploads\/2024\/05\/Afbeelding-4-Nagels-achtergrond-e1723629973218.png 997w\" sizes=\"(max-width: 284px) 100vw, 284px\" \/><\/p>\n<p><strong><u>Test de sensibilit\u00e9<\/u><\/strong><\/p>\n<p>Avant d\u2019utiliser le produit, nous recommandons de tester le produit pendant au moins 48 heures sur un seul ongle afin de v\u00e9rifier toute r\u00e9action de sensibilit\u00e9. En cas d\u2019irritation ou d\u2019inconfort, cessez imm\u00e9diatement l\u2019utilisation.<\/p>\n<p>AVERTISSEMENTS: Ne pas appliquer sur des ongles ab\u00eem\u00e9s ou infect\u00e9s. \u00c9vitez le contact avec les yeux et la peau. En cas de contact, rincez \u00e0 l\u2019eau pendant 15 minutes ; en cas d\u2019irritation, consultez un m\u00e9decin. En cas d\u2019ingestion, consultez imm\u00e9diatement un m\u00e9decin. Utilisez dans un espace bien ventil\u00e9. Tenir hors de port\u00e9e des jeunes enfants. <strong data-start=\"695\" data-end=\"718\">Cleanser &amp; Bonder:<\/strong> Tr\u00e8s inflammable. Tenir \u00e0 l\u2019\u00e9cart de la chaleur et des flammes.<\/p>\n<p><strong><u>Stockage du vernis gel<\/u><\/strong><\/p>\n<p>Ce produit est sensible \u00e0 la lumi\u00e8re. Conservez le vernis gel dans un endroit sombre ou dans un tiroir. Ne pas mettre au r\u00e9frig\u00e9rateur. Conservez \u00e0 temp\u00e9rature ambiante.<\/p>\n<p><strong><u>Avertissements pour la lampe LED<\/u><\/strong><\/p>\n<p>&#8211; 24 WATT<\/p>\n<p>&#8211; Tenir hors de port\u00e9e des enfants<\/p>\n<p>&#8211; \u00c9vitez tout contact avec l\u2019eau<\/p>\n<p>&#8211; Con\u00e7ue uniquement pour la catalysation du gel LED, pas pour un autre usage<\/p>\n<p>&#8211; D\u00e9branchez la lampe LED lorsqu\u2019elle n\u2019est pas utilis\u00e9e<\/p>\n<p>&#8211; Ne laissez pas la lampe LED sans surveillance<\/p>\n<p>&#8211; Ne touchez pas l\u2019ampoule lorsque la lampe LED est allum\u00e9e<\/p>\n<p>&#8211; Gardez les composants du gel \u00e0 l\u2019\u00e9cart de la lampe LED pour \u00e9viter le durcissement du contenu<\/p>\n<p>&#8211; Ne regardez pas directement la lumi\u00e8re<\/p>\n<p><strong><u>Instructions d\u2019utilisation de la lampe LED<\/u><\/strong><\/p>\n<p>&#8211; Branchez la lampe \u00e0 une prise \u00e9lectrique.<\/p>\n<p>&#8211; Choisissez la dur\u00e9e en secondes et appuyez sur le bouton correspondant.<\/p>\n<p>&#8211; Placez la main \u00e0 l\u2019int\u00e9rieur de la lampe ; la lampe LED d\u00e9marrera automatiquement. Pour de meilleurs r\u00e9sultats, nous recommandons toujours de catalyser pendant 60 secondes.<\/p>\n<p>&#8211; Si la lampe LED devient trop chaude, retirez imm\u00e9diatement les mains !<\/p>\n<p>&#8211; Apr\u00e8s la catalysation du gel, d\u00e9branchez la lampe.<\/p>\n<p><strong><u>Entretien et nettoyage de la lampe LED<\/u><\/strong><\/p>\n<p>Ne pas utiliser avec d\u2019autres composants \u00e9lectroniques. D\u00e9branchez le cordon \u00e9lectrique avant le nettoyage. Essuyez avec une serviette s\u00e8che.<\/p>\n<\/li><\/ul><\/div><\/div><\/div><\/div><\/section>","protected":false},"excerpt":{"rendered":"","protected":false},"author":3,"featured_media":0,"parent":0,"menu_order":320,"comment_status":"closed","ping_status":"closed","template":"","meta":{"_acf_changed":false,"footnotes":""},"class_list":["post-4944","page","type-page","status-publish","hentry"],"acf":[],"yoast_head":"<!-- This site is optimized with the Yoast SEO plugin v27.5 - https:\/\/yoast.com\/product\/yoast-seo-wordpress\/ -->\n<title>Avertissements et instructions - ColorMe Cosmetics<\/title>\n<meta name=\"description\" content=\"Notre formule de vernis semi-permanent haut de gamme con\u00e7ue avec soin est facile \u00e0 appliquer et tr\u00e8s efficace. Plus besoin d&#039;aller chez l&#039;esth\u00e9ticienne !\" \/>\n<meta name=\"robots\" content=\"index, follow, max-snippet:-1, max-image-preview:large, max-video-preview:-1\" \/>\n<link rel=\"canonical\" href=\"https:\/\/colorme-cosmetics.com\/fr\/avertissements-et-instructions\/\" \/>\n<meta property=\"og:locale\" content=\"fr_FR\" \/>\n<meta property=\"og:type\" content=\"article\" \/>\n<meta property=\"og:title\" content=\"Avertissements et instructions - ColorMe Cosmetics\" \/>\n<meta property=\"og:description\" content=\"Notre formule de vernis semi-permanent haut de gamme con\u00e7ue avec soin est facile \u00e0 appliquer et tr\u00e8s efficace. Plus besoin d&#039;aller chez l&#039;esth\u00e9ticienne !\" \/>\n<meta property=\"og:url\" content=\"https:\/\/colorme-cosmetics.com\/fr\/avertissements-et-instructions\/\" \/>\n<meta property=\"og:site_name\" content=\"ColorMe Cosmetics\" \/>\n<meta property=\"article:modified_time\" content=\"2026-01-13T10:41:05+00:00\" \/>\n<meta name=\"twitter:card\" content=\"summary_large_image\" \/>\n<meta name=\"twitter:label1\" content=\"Dur\u00e9e de lecture estim\u00e9e\" \/>\n\t<meta name=\"twitter:data1\" content=\"5 minutes\" \/>\n<script type=\"application\/ld+json\" class=\"yoast-schema-graph\">{\"@context\":\"https:\\\/\\\/schema.org\",\"@graph\":[{\"@type\":\"WebPage\",\"@id\":\"https:\\\/\\\/colorme-cosmetics.com\\\/fr\\\/avertissements-et-instructions\\\/\",\"url\":\"https:\\\/\\\/colorme-cosmetics.com\\\/fr\\\/avertissements-et-instructions\\\/\",\"name\":\"Avertissements et instructions - ColorMe Cosmetics\",\"isPartOf\":{\"@id\":\"https:\\\/\\\/colorme-cosmetics.com\\\/fr\\\/#website\"},\"datePublished\":\"2024-10-04T13:35:02+00:00\",\"dateModified\":\"2026-01-13T10:41:05+00:00\",\"description\":\"Notre formule de vernis semi-permanent haut de gamme con\u00e7ue avec soin est facile \u00e0 appliquer et tr\u00e8s efficace. Plus besoin d'aller chez l'esth\u00e9ticienne !\",\"breadcrumb\":{\"@id\":\"https:\\\/\\\/colorme-cosmetics.com\\\/fr\\\/avertissements-et-instructions\\\/#breadcrumb\"},\"inLanguage\":\"fr-FR\",\"potentialAction\":[{\"@type\":\"ReadAction\",\"target\":[\"https:\\\/\\\/colorme-cosmetics.com\\\/fr\\\/avertissements-et-instructions\\\/\"]}]},{\"@type\":\"BreadcrumbList\",\"@id\":\"https:\\\/\\\/colorme-cosmetics.com\\\/fr\\\/avertissements-et-instructions\\\/#breadcrumb\",\"itemListElement\":[{\"@type\":\"ListItem\",\"position\":1,\"name\":\"Home\",\"item\":\"https:\\\/\\\/colorme-cosmetics.com\\\/fr\\\/\"},{\"@type\":\"ListItem\",\"position\":2,\"name\":\"Avertissements et instructions\"}]},{\"@type\":\"WebSite\",\"@id\":\"https:\\\/\\\/colorme-cosmetics.com\\\/fr\\\/#website\",\"url\":\"https:\\\/\\\/colorme-cosmetics.com\\\/fr\\\/\",\"name\":\"ColorMe Cosmetics\",\"description\":\"\",\"potentialAction\":[{\"@type\":\"SearchAction\",\"target\":{\"@type\":\"EntryPoint\",\"urlTemplate\":\"https:\\\/\\\/colorme-cosmetics.com\\\/fr\\\/?s={search_term_string}\"},\"query-input\":{\"@type\":\"PropertyValueSpecification\",\"valueRequired\":true,\"valueName\":\"search_term_string\"}}],\"inLanguage\":\"fr-FR\"}]}<\/script>\n<!-- \/ Yoast SEO plugin. -->","yoast_head_json":{"title":"Avertissements et instructions - ColorMe Cosmetics","description":"Notre formule de vernis semi-permanent haut de gamme con\u00e7ue avec soin est facile \u00e0 appliquer et tr\u00e8s efficace. Plus besoin d'aller chez l'esth\u00e9ticienne !","robots":{"index":"index","follow":"follow","max-snippet":"max-snippet:-1","max-image-preview":"max-image-preview:large","max-video-preview":"max-video-preview:-1"},"canonical":"https:\/\/colorme-cosmetics.com\/fr\/avertissements-et-instructions\/","og_locale":"fr_FR","og_type":"article","og_title":"Avertissements et instructions - ColorMe Cosmetics","og_description":"Notre formule de vernis semi-permanent haut de gamme con\u00e7ue avec soin est facile \u00e0 appliquer et tr\u00e8s efficace. Plus besoin d'aller chez l'esth\u00e9ticienne !","og_url":"https:\/\/colorme-cosmetics.com\/fr\/avertissements-et-instructions\/","og_site_name":"ColorMe Cosmetics","article_modified_time":"2026-01-13T10:41:05+00:00","twitter_card":"summary_large_image","twitter_misc":{"Dur\u00e9e de lecture estim\u00e9e":"5 minutes"},"schema":{"@context":"https:\/\/schema.org","@graph":[{"@type":"WebPage","@id":"https:\/\/colorme-cosmetics.com\/fr\/avertissements-et-instructions\/","url":"https:\/\/colorme-cosmetics.com\/fr\/avertissements-et-instructions\/","name":"Avertissements et instructions - ColorMe Cosmetics","isPartOf":{"@id":"https:\/\/colorme-cosmetics.com\/fr\/#website"},"datePublished":"2024-10-04T13:35:02+00:00","dateModified":"2026-01-13T10:41:05+00:00","description":"Notre formule de vernis semi-permanent haut de gamme con\u00e7ue avec soin est facile \u00e0 appliquer et tr\u00e8s efficace. Plus besoin d'aller chez l'esth\u00e9ticienne !","breadcrumb":{"@id":"https:\/\/colorme-cosmetics.com\/fr\/avertissements-et-instructions\/#breadcrumb"},"inLanguage":"fr-FR","potentialAction":[{"@type":"ReadAction","target":["https:\/\/colorme-cosmetics.com\/fr\/avertissements-et-instructions\/"]}]},{"@type":"BreadcrumbList","@id":"https:\/\/colorme-cosmetics.com\/fr\/avertissements-et-instructions\/#breadcrumb","itemListElement":[{"@type":"ListItem","position":1,"name":"Home","item":"https:\/\/colorme-cosmetics.com\/fr\/"},{"@type":"ListItem","position":2,"name":"Avertissements et instructions"}]},{"@type":"WebSite","@id":"https:\/\/colorme-cosmetics.com\/fr\/#website","url":"https:\/\/colorme-cosmetics.com\/fr\/","name":"ColorMe Cosmetics","description":"","potentialAction":[{"@type":"SearchAction","target":{"@type":"EntryPoint","urlTemplate":"https:\/\/colorme-cosmetics.com\/fr\/?s={search_term_string}"},"query-input":{"@type":"PropertyValueSpecification","valueRequired":true,"valueName":"search_term_string"}}],"inLanguage":"fr-FR"}]}},"_links":{"self":[{"href":"https:\/\/colorme-cosmetics.com\/fr\/wp-json\/wp\/v2\/pages\/4944","targetHints":{"allow":["GET"]}}],"collection":[{"href":"https:\/\/colorme-cosmetics.com\/fr\/wp-json\/wp\/v2\/pages"}],"about":[{"href":"https:\/\/colorme-cosmetics.com\/fr\/wp-json\/wp\/v2\/types\/page"}],"author":[{"embeddable":true,"href":"https:\/\/colorme-cosmetics.com\/fr\/wp-json\/wp\/v2\/users\/3"}],"replies":[{"embeddable":true,"href":"https:\/\/colorme-cosmetics.com\/fr\/wp-json\/wp\/v2\/comments?post=4944"}],"version-history":[{"count":7,"href":"https:\/\/colorme-cosmetics.com\/fr\/wp-json\/wp\/v2\/pages\/4944\/revisions"}],"predecessor-version":[{"id":5690,"href":"https:\/\/colorme-cosmetics.com\/fr\/wp-json\/wp\/v2\/pages\/4944\/revisions\/5690"}],"wp:attachment":[{"href":"https:\/\/colorme-cosmetics.com\/fr\/wp-json\/wp\/v2\/media?parent=4944"}],"curies":[{"name":"wp","href":"https:\/\/api.w.org\/{rel}","templated":true}]}}