{"id":4964,"date":"2024-05-31T12:24:15","date_gmt":"2024-05-31T10:24:15","guid":{"rendered":"https:\/\/colorme-cosmetics.com\/faq\/"},"modified":"2026-01-13T11:42:40","modified_gmt":"2026-01-13T10:42:40","slug":"faq","status":"publish","type":"page","link":"https:\/\/colorme-cosmetics.com\/fr\/faq\/","title":{"rendered":"FAQ"},"content":{"rendered":"<section id=section-block-block_297a561356d73c42f05929ca7e465eb3 class=\"section faq_block\" itemscope itemtype=\"https:\/\/schema.org\/FAQPage\"><div class=\"container\"><div class=\"block-row blocks-in-row-1\"><div class=\"block faq-block\"><div class=\"inner-wrapper\"><div class=\"title-wrapper\"><h2 class=\"block-title h2\">\u00c0 propos de ColorMe<\/h2><\/div><ul class=\"faq-wrapper\"><li class=\"faq-item\" itemscope itemprop=\"mainEntity\" itemtype=\"https:\/\/schema.org\/Question\"><button class=\"faq-question\" itemprop=\"name\" aria-expanded=\"false\">En quoi le ColorMe Gel Polish diff\u00e8re-t-il des marques ordinaires ?<\/button><div itemscope itemprop=\"acceptedAnswer\" itemtype=\"https:\/\/schema.org\/Answer\" class=\"faq-answer\"><p>Contrairement aux marques ordinaires, le vernis semi-permanent ColorMe Gel Polish vous offre bien plus que de beaux ongles. Notre mission est d&rsquo;encourager les femmes \u00e0 s&rsquo;exprimer pleinement et \u00e0 prendre confiance en elles en leur offrant des soins de luxe pour les ongles. Nos produits c\u00e9l\u00e8brent votre beaut\u00e9 naturelle et vous procurent une sensation de bien-\u00eatre, de confiance et de beaut\u00e9 authentique. Chaque application est con\u00e7ue pour rehausser votre \u00e9l\u00e9gance naturelle et vous permettre de d\u00e9couvrir et d&rsquo;assumer votre confiance en vous \u00e0 chaque utilisation.   <\/p>\n<\/div><\/li><li class=\"faq-item\" itemscope itemprop=\"mainEntity\" itemtype=\"https:\/\/schema.org\/Question\"><button class=\"faq-question\" itemprop=\"name\" aria-expanded=\"false\">Les produits ColorMe sont-ils \u00e0 la fois sans h\u00e9moglobine et v\u00e9gans ?<\/button><div itemscope itemprop=\"acceptedAnswer\" itemtype=\"https:\/\/schema.org\/Answer\" class=\"faq-answer\"><p>Oui, tous les produits ColorMe sont \u00e0 la fois sans h\u00e9moglobine et v\u00e9gans.<\/p>\n<\/div><\/li><li class=\"faq-item\" itemscope itemprop=\"mainEntity\" itemtype=\"https:\/\/schema.org\/Question\"><button class=\"faq-question\" itemprop=\"name\" aria-expanded=\"false\">O\u00f9 acheter les produits ColorMe ?<\/button><div itemscope itemprop=\"acceptedAnswer\" itemtype=\"https:\/\/schema.org\/Answer\" class=\"faq-answer\"><p>Vous pouvez acheter les produits ColorMe sur notre boutique en ligne.<\/p>\n<\/div><\/li><\/ul><\/div><\/div><\/div><\/div><\/section><section id=section-block-block_932a9be26bae25754f12d108c83106bc class=\"section faq_block\" itemscope itemtype=\"https:\/\/schema.org\/FAQPage\"><div class=\"container\"><div class=\"block-row blocks-in-row-1\"><div class=\"block faq-block\"><div class=\"inner-wrapper\"><div class=\"title-wrapper\"><h2 class=\"block-title h2\">G\u00e9n\u00e9ralit\u00e9s<\/h2><\/div><ul class=\"faq-wrapper\"><li class=\"faq-item\" itemscope itemprop=\"mainEntity\" itemtype=\"https:\/\/schema.org\/Question\"><button class=\"faq-question\" itemprop=\"name\" aria-expanded=\"false\">Qu&rsquo;est-ce qu&rsquo;un vernis semi-permanent ?<\/button><div itemscope itemprop=\"acceptedAnswer\" itemtype=\"https:\/\/schema.org\/Answer\" class=\"faq-answer\"><p>Les vernis semi-permanents sont des vernis \u00e0 ongles qui doivent s\u00e9cher sous une lampe LED ou UV sp\u00e9ciale pour durcir et adh\u00e9rer aux ongles. Ce processus de s\u00e9chage permet d&rsquo;obtenir une manucure durable et r\u00e9sistante qui supporte les al\u00e9as du quotidien sans s&rsquo;\u00e9cailler ni se d\u00e9colorer. <\/p>\n<\/div><\/li><li class=\"faq-item\" itemscope itemprop=\"mainEntity\" itemtype=\"https:\/\/schema.org\/Question\"><button class=\"faq-question\" itemprop=\"name\" aria-expanded=\"false\">Quel vernis semi-permanent est garanti sans h\u00e9moglobine ?<\/button><div itemscope itemprop=\"acceptedAnswer\" itemtype=\"https:\/\/schema.org\/Answer\" class=\"faq-answer\"><p>ColorMe ne propose que des vernis semi-permanents sans h\u00e9moglobine.<\/p>\n<\/div><\/li><li class=\"faq-item\" itemscope itemprop=\"mainEntity\" itemtype=\"https:\/\/schema.org\/Question\"><button class=\"faq-question\" itemprop=\"name\" aria-expanded=\"false\">Combien de temps les vernis semi-permanents tiennent-ils ?<\/button><div itemscope itemprop=\"acceptedAnswer\" itemtype=\"https:\/\/schema.org\/Answer\" class=\"faq-answer\"><p>Les vernis semi-permanents peuvent tenir environ 14 jours, soit deux semaines, sans s&rsquo;\u00e9cailler ni se d\u00e9coller. Cependant, le temps de tenue des vernis semi-permanents peut varier en fonction de plusieurs facteurs, tels que la technique d&rsquo;application et l&rsquo;\u00e9tat des ongles naturels. <\/p>\n<\/div><\/li><li class=\"faq-item\" itemscope itemprop=\"mainEntity\" itemtype=\"https:\/\/schema.org\/Question\"><button class=\"faq-question\" itemprop=\"name\" aria-expanded=\"false\">Quelle est la diff\u00e9rence entre ongles en acrylique, ongles en gel et vernis semi-permanents ?<\/button><div itemscope itemprop=\"acceptedAnswer\" itemtype=\"https:\/\/schema.org\/Answer\" class=\"faq-answer\"><p>Les ongles en acrylique et en gel dur sont des extensions artificielles qui durcissent sous une lampe UV ou LED. Les ongles en acrylique sont fabriqu\u00e9s \u00e0 partir d&rsquo;un monom\u00e8re liquide et d&rsquo;un polym\u00e8re en poudre, tandis que les ongles en gel dur sont constitu\u00e9s d&rsquo;un gel \u00e9pais. L&rsquo;acrylique est id\u00e9al pour les ongles longs et sculpt\u00e9s, tandis que le gel dur convient mieux aux ongles courts et \u00e0 l&rsquo;aspect naturel. Le vernis semi-permanent s\u00e8che lui aussi sous une lampe UV ou LED et est utilis\u00e9 pour r\u00e9aliser divers styles de manucure. Le vernis semi-permanent s&rsquo;utilise sans proth\u00e8ses ungu\u00e9ales artificielles. Tout d\u00e9pend donc des pr\u00e9f\u00e9rences de chacune et de son mode de vie.     <\/p>\n<\/div><\/li><li class=\"faq-item\" itemscope itemprop=\"mainEntity\" itemtype=\"https:\/\/schema.org\/Question\"><button class=\"faq-question\" itemprop=\"name\" aria-expanded=\"false\">Comment appliquer le vernis semi-permanent pour obtenir des r\u00e9sultats optimaux ?<\/button><div itemscope itemprop=\"acceptedAnswer\" itemtype=\"https:\/\/schema.org\/Answer\" class=\"faq-answer\"><p>Si vous souhaitez obtenir plus de d\u00e9tails sur la mani\u00e8re d&rsquo;appliquer votre vernis semi-permanent pour obtenir un r\u00e9sultat optimal, nous vous invitons \u00e0 consulter notre guide complet sur notre blog. Vous y trouverez des tutoriels \u00e9tape par \u00e9tape, des conseils et des astuces qui vous aideront \u00e0 r\u00e9aliser une manucure semi-permanente impeccable depuis chez vous. Rendez-vous sur notre blog pour b\u00e9n\u00e9ficier des conseils d&rsquo;experts et d\u00e9couvrir des astuces pour prendre soin de vos ongles et passer \u00e0 la vitesse sup\u00e9rieure !  <\/p>\n<\/div><\/li><li class=\"faq-item\" itemscope itemprop=\"mainEntity\" itemtype=\"https:\/\/schema.org\/Question\"><button class=\"faq-question\" itemprop=\"name\" aria-expanded=\"false\">Quel vernis semi-permanent s&rsquo;enl\u00e8ve le plus facilement ?<\/button><div itemscope itemprop=\"acceptedAnswer\" itemtype=\"https:\/\/schema.org\/Answer\" class=\"faq-answer\"><p>La base peel-off est g\u00e9n\u00e9ralement consid\u00e9r\u00e9e comme \u00e9tant le vernis semi-permanent le plus facile \u00e0 enlever. Cette base est facile \u00e0 retirer, elle se d\u00e9colle de l&rsquo;ongle sans qu&rsquo;il soit n\u00e9cessaire de le tremper ou de le limer. Il s&rsquo;agit donc d&rsquo;une option pratique pour celles qui pr\u00e9f\u00e8rent un processus de retrait plus rapide et tout en douceur.  <\/p>\n<\/div><\/li><li class=\"faq-item\" itemscope itemprop=\"mainEntity\" itemtype=\"https:\/\/schema.org\/Question\"><button class=\"faq-question\" itemprop=\"name\" aria-expanded=\"false\">Peut-on \u00eatre allergique aux acrylates contenus dans les vernis semi-permanents ?<\/button><div itemscope itemprop=\"acceptedAnswer\" itemtype=\"https:\/\/schema.org\/Answer\" class=\"faq-answer\"><p>Certaines personnes sont malheureusement allergiques aux acrylates que l&rsquo;on trouve dans les vernis semi-permanents.<\/p>\n<p>Si vous constatez une l\u00e9g\u00e8re r\u00e9action allergique apr\u00e8s avoir appliqu\u00e9 le vernis semi-permanent, nous vous conseillons d&rsquo;arr\u00eater imm\u00e9diatement de l&rsquo;utiliser, car l&rsquo;allergie peut s&rsquo;aggraver avec le temps.<\/p>\n<\/div><\/li><li class=\"faq-item\" itemscope itemprop=\"mainEntity\" itemtype=\"https:\/\/schema.org\/Question\"><button class=\"faq-question\" itemprop=\"name\" aria-expanded=\"false\">Pourquoi les couleurs du produit peuvent-elles diff\u00e9rer de celles que je vois sur le site Web ?<\/button><div itemscope itemprop=\"acceptedAnswer\" itemtype=\"https:\/\/schema.org\/Answer\" class=\"faq-answer\"><p>Les couleurs des produits affich\u00e9s sur notre site Web peuvent para\u00eetre l\u00e9g\u00e8rement diff\u00e9rentes en raison des param\u00e8tres d&rsquo;\u00e9cran, des conditions d&rsquo;\u00e9clairage et des technologies d&rsquo;affichage. Nous faisons notre possible pour vous pr\u00e9senter des images fid\u00e8les \u00e0 la r\u00e9alit\u00e9, mais les couleurs r\u00e9elles des produits peuvent pr\u00e9senter de l\u00e9g\u00e8res diff\u00e9rences par rapport \u00e0 celles affich\u00e9es sur notre site Web. <\/p>\n<\/div><\/li><\/ul><\/div><\/div><\/div><\/div><\/section><section id=section-block-block_e27fdd70325232e2c630069b49907347 class=\"section faq_block\" itemscope itemtype=\"https:\/\/schema.org\/FAQPage\"><div class=\"container\"><div class=\"block-row blocks-in-row-1\"><div class=\"block faq-block\"><div class=\"inner-wrapper\"><div class=\"title-wrapper\"><h2 class=\"block-title h2\">Lampe LED<\/h2><\/div><ul class=\"faq-wrapper\"><li class=\"faq-item\" itemscope itemprop=\"mainEntity\" itemtype=\"https:\/\/schema.org\/Question\"><button class=\"faq-question\" itemprop=\"name\" aria-expanded=\"false\">Quelle est la diff\u00e9rence entre les lampes LED et les lampes \u00e0 UV ?<\/button><div itemscope itemprop=\"acceptedAnswer\" itemtype=\"https:\/\/schema.org\/Answer\" class=\"faq-answer\"><p>Les lampes LED utilisent une technologie similaire \u00e0 celle des lampes UV, tout en \u00e9tant plus efficaces. Avec le vernis semi-permanent, les lampes LED permettent d&rsquo;obtenir les m\u00eames r\u00e9sultats en deux fois moins de temps que les lampes UV. Elles n&rsquo;\u00e9mettent pas les m\u00eames rayons UVA ou UVB, et vous n&rsquo;avez pas besoin de remplacer les ampoules comme c&rsquo;est le cas avec les lampes UV.  <\/p>\n<\/div><\/li><li class=\"faq-item\" itemscope itemprop=\"mainEntity\" itemtype=\"https:\/\/schema.org\/Question\"><button class=\"faq-question\" itemprop=\"name\" aria-expanded=\"false\">Peut-on regarder directement la lampe LED lorsqu&rsquo;elle est allum\u00e9e ?<\/button><div itemscope itemprop=\"acceptedAnswer\" itemtype=\"https:\/\/schema.org\/Answer\" class=\"faq-answer\"><p>\u00c9vitez de regarder directement toute source de lumi\u00e8re pour \u00e9viter tout risque de l\u00e9sion oculaire.<\/p>\n<\/div><\/li><li class=\"faq-item\" itemscope itemprop=\"mainEntity\" itemtype=\"https:\/\/schema.org\/Question\"><button class=\"faq-question\" itemprop=\"name\" aria-expanded=\"false\">Les vernis semi-permanents peuvent-ils s\u00e9cher sans avoir recours \u00e0 une lampe ?<\/button><div itemscope itemprop=\"acceptedAnswer\" itemtype=\"https:\/\/schema.org\/Answer\" class=\"faq-answer\"><p>Non, les vernis semi-permanents ne peuvent pas durcir en l&rsquo;absence de lampes UV ou LED. Ces lampes sont n\u00e9cessaires pour d\u00e9clencher le processus de durcissement du vernis, et ainsi obtenir un r\u00e9sultat \u00e0 la fois r\u00e9sistant et durable. <\/p>\n<\/div><\/li><\/ul><\/div><\/div><\/div><\/div><\/section><section id=section-block-block_06841d6245ce7a02746bdb07a683a415 class=\"section block_content center\" itemscope itemtype=\"http:\/\/schema.org\/WebPageElement\" itemprop=\"hasPart\"><div class=\"container\"><div class=\"block-row blocks-in-row-1\"><div class=\"block content-block\" itemscope itemtype=\"http:\/\/schema.org\/WebPageElement\" itemprop=\"isPartOf\"><div class=\"inner-wrapper\"><div class=\"title-wrapper\"><h2 class=\"block-title h2\">Bon \u00e0 savoir<\/h2><\/div><div itemprop=\"text\" class=\"content-wrapper\"><p>&nbsp;<\/p>\n<ul>\n<li style=\"text-align: left;\">Pour pr\u00e9server la fra\u00eecheur et la qualit\u00e9 de votre vernis semi-permanent, rangez-le dans un endroit sombre \u00e0 temp\u00e9rature ambiante. \u00c9vitez de le laisser pr\u00e8s d&rsquo;une fen\u00eatre ou sous une source de lumi\u00e8re, car l&rsquo;exposition \u00e0 la lumi\u00e8re peut le dess\u00e9cher au fil du temps, aussi bien dans son flacon que sur le pinceau. <\/li>\n<li style=\"text-align: left;\">Pour que <strong>votre vernis semi-permanent brille comme un miroir<\/strong>, veillez \u00e0 ce que votre lampe LED soit allum\u00e9e pendant le processus de durcissement, laissez vos ongles sous la lampe pendant la dur\u00e9e recommand\u00e9e et nettoyez r\u00e9guli\u00e8rement la surface int\u00e9rieure du r\u00e9flecteur de votre lampe LED.<\/li>\n<li style=\"text-align: left;\">L&rsquo;exposition aux rayons UV \u00e9mis par le soleil ou par des sources artificielles peut alt\u00e9rer la couleur du vernis semi-permanent. De plus, certains ingr\u00e9dients tels que le DEET pr\u00e9sents dans les cr\u00e8mes solaires, les produits apr\u00e8s-soleil et les insecticides peuvent laisser des traces sur vos ongles. Pour \u00e9viter cela, lavez-vous soigneusement les mains et les ongles apr\u00e8s utilisation afin de pr\u00e9server la brillance de votre vernis. <\/li>\n<\/ul>\n<\/div><\/div><\/div><\/div><\/div><\/section>","protected":false},"excerpt":{"rendered":"","protected":false},"author":1,"featured_media":4966,"parent":0,"menu_order":700,"comment_status":"closed","ping_status":"closed","template":"","meta":{"_acf_changed":false,"footnotes":""},"class_list":["post-4964","page","type-page","status-publish","has-post-thumbnail","hentry"],"acf":[],"yoast_head":"<!-- This site is optimized with the Yoast SEO plugin v27.5 - https:\/\/yoast.com\/product\/yoast-seo-wordpress\/ -->\n<title>FAQ - ColorMe Cosmetics<\/title>\n<meta name=\"description\" content=\"Vous avez besoin d&#039;aide ? Notre page FAQ r\u00e9pond aux questions les plus fr\u00e9quentes. Vous y trouverez des informations sur nos produits, nos services et bien plus encore.\" \/>\n<meta name=\"robots\" content=\"index, follow, max-snippet:-1, max-image-preview:large, max-video-preview:-1\" \/>\n<link rel=\"canonical\" href=\"https:\/\/colorme-cosmetics.com\/fr\/faq\/\" \/>\n<meta property=\"og:locale\" content=\"fr_FR\" \/>\n<meta property=\"og:type\" content=\"article\" \/>\n<meta property=\"og:title\" content=\"FAQ - ColorMe Cosmetics\" \/>\n<meta property=\"og:description\" content=\"Vous avez besoin d&#039;aide ? Notre page FAQ r\u00e9pond aux questions les plus fr\u00e9quentes. Vous y trouverez des informations sur nos produits, nos services et bien plus encore.\" \/>\n<meta property=\"og:url\" content=\"https:\/\/colorme-cosmetics.com\/fr\/faq\/\" \/>\n<meta property=\"og:site_name\" content=\"ColorMe Cosmetics\" \/>\n<meta property=\"article:modified_time\" content=\"2026-01-13T10:42:40+00:00\" \/>\n<meta property=\"og:image\" content=\"https:\/\/colorme-cosmetics.com\/wp-content\/uploads\/2024\/04\/CM-Gezicht-van-CM-big.jpg\" \/>\n\t<meta property=\"og:image:width\" content=\"1894\" \/>\n\t<meta property=\"og:image:height\" content=\"1065\" \/>\n\t<meta property=\"og:image:type\" content=\"image\/jpeg\" \/>\n<meta name=\"twitter:card\" content=\"summary_large_image\" \/>\n<meta name=\"twitter:label1\" content=\"Dur\u00e9e de lecture estim\u00e9e\" \/>\n\t<meta name=\"twitter:data1\" content=\"5 minutes\" \/>\n<script type=\"application\/ld+json\" class=\"yoast-schema-graph\">{\"@context\":\"https:\\\/\\\/schema.org\",\"@graph\":[{\"@type\":\"WebPage\",\"@id\":\"https:\\\/\\\/colorme-cosmetics.com\\\/fr\\\/faq\\\/\",\"url\":\"https:\\\/\\\/colorme-cosmetics.com\\\/fr\\\/faq\\\/\",\"name\":\"FAQ - ColorMe Cosmetics\",\"isPartOf\":{\"@id\":\"https:\\\/\\\/colorme-cosmetics.com\\\/fr\\\/#website\"},\"primaryImageOfPage\":{\"@id\":\"https:\\\/\\\/colorme-cosmetics.com\\\/fr\\\/faq\\\/#primaryimage\"},\"image\":{\"@id\":\"https:\\\/\\\/colorme-cosmetics.com\\\/fr\\\/faq\\\/#primaryimage\"},\"thumbnailUrl\":\"https:\\\/\\\/colorme-cosmetics.com\\\/wp-content\\\/uploads\\\/2024\\\/04\\\/CM-Gezicht-van-CM-big.jpg\",\"datePublished\":\"2024-05-31T10:24:15+00:00\",\"dateModified\":\"2026-01-13T10:42:40+00:00\",\"description\":\"Vous avez besoin d'aide ? Notre page FAQ r\u00e9pond aux questions les plus fr\u00e9quentes. Vous y trouverez des informations sur nos produits, nos services et bien plus encore.\",\"breadcrumb\":{\"@id\":\"https:\\\/\\\/colorme-cosmetics.com\\\/fr\\\/faq\\\/#breadcrumb\"},\"inLanguage\":\"fr-FR\",\"potentialAction\":[{\"@type\":\"ReadAction\",\"target\":[\"https:\\\/\\\/colorme-cosmetics.com\\\/fr\\\/faq\\\/\"]}]},{\"@type\":\"ImageObject\",\"inLanguage\":\"fr-FR\",\"@id\":\"https:\\\/\\\/colorme-cosmetics.com\\\/fr\\\/faq\\\/#primaryimage\",\"url\":\"https:\\\/\\\/colorme-cosmetics.com\\\/wp-content\\\/uploads\\\/2024\\\/04\\\/CM-Gezicht-van-CM-big.jpg\",\"contentUrl\":\"https:\\\/\\\/colorme-cosmetics.com\\\/wp-content\\\/uploads\\\/2024\\\/04\\\/CM-Gezicht-van-CM-big.jpg\",\"width\":1894,\"height\":1065,\"caption\":\"Gezicht en nagels\"},{\"@type\":\"BreadcrumbList\",\"@id\":\"https:\\\/\\\/colorme-cosmetics.com\\\/fr\\\/faq\\\/#breadcrumb\",\"itemListElement\":[{\"@type\":\"ListItem\",\"position\":1,\"name\":\"Home\",\"item\":\"https:\\\/\\\/colorme-cosmetics.com\\\/fr\\\/\"},{\"@type\":\"ListItem\",\"position\":2,\"name\":\"FAQ\"}]},{\"@type\":\"WebSite\",\"@id\":\"https:\\\/\\\/colorme-cosmetics.com\\\/fr\\\/#website\",\"url\":\"https:\\\/\\\/colorme-cosmetics.com\\\/fr\\\/\",\"name\":\"ColorMe Cosmetics\",\"description\":\"\",\"potentialAction\":[{\"@type\":\"SearchAction\",\"target\":{\"@type\":\"EntryPoint\",\"urlTemplate\":\"https:\\\/\\\/colorme-cosmetics.com\\\/fr\\\/?s={search_term_string}\"},\"query-input\":{\"@type\":\"PropertyValueSpecification\",\"valueRequired\":true,\"valueName\":\"search_term_string\"}}],\"inLanguage\":\"fr-FR\"}]}<\/script>\n<!-- \/ Yoast SEO plugin. -->","yoast_head_json":{"title":"FAQ - ColorMe Cosmetics","description":"Vous avez besoin d'aide ? Notre page FAQ r\u00e9pond aux questions les plus fr\u00e9quentes. Vous y trouverez des informations sur nos produits, nos services et bien plus encore.","robots":{"index":"index","follow":"follow","max-snippet":"max-snippet:-1","max-image-preview":"max-image-preview:large","max-video-preview":"max-video-preview:-1"},"canonical":"https:\/\/colorme-cosmetics.com\/fr\/faq\/","og_locale":"fr_FR","og_type":"article","og_title":"FAQ - ColorMe Cosmetics","og_description":"Vous avez besoin d'aide ? Notre page FAQ r\u00e9pond aux questions les plus fr\u00e9quentes. Vous y trouverez des informations sur nos produits, nos services et bien plus encore.","og_url":"https:\/\/colorme-cosmetics.com\/fr\/faq\/","og_site_name":"ColorMe Cosmetics","article_modified_time":"2026-01-13T10:42:40+00:00","og_image":[{"width":1894,"height":1065,"url":"https:\/\/colorme-cosmetics.com\/wp-content\/uploads\/2024\/04\/CM-Gezicht-van-CM-big.jpg","type":"image\/jpeg"}],"twitter_card":"summary_large_image","twitter_misc":{"Dur\u00e9e de lecture estim\u00e9e":"5 minutes"},"schema":{"@context":"https:\/\/schema.org","@graph":[{"@type":"WebPage","@id":"https:\/\/colorme-cosmetics.com\/fr\/faq\/","url":"https:\/\/colorme-cosmetics.com\/fr\/faq\/","name":"FAQ - ColorMe Cosmetics","isPartOf":{"@id":"https:\/\/colorme-cosmetics.com\/fr\/#website"},"primaryImageOfPage":{"@id":"https:\/\/colorme-cosmetics.com\/fr\/faq\/#primaryimage"},"image":{"@id":"https:\/\/colorme-cosmetics.com\/fr\/faq\/#primaryimage"},"thumbnailUrl":"https:\/\/colorme-cosmetics.com\/wp-content\/uploads\/2024\/04\/CM-Gezicht-van-CM-big.jpg","datePublished":"2024-05-31T10:24:15+00:00","dateModified":"2026-01-13T10:42:40+00:00","description":"Vous avez besoin d'aide ? Notre page FAQ r\u00e9pond aux questions les plus fr\u00e9quentes. Vous y trouverez des informations sur nos produits, nos services et bien plus encore.","breadcrumb":{"@id":"https:\/\/colorme-cosmetics.com\/fr\/faq\/#breadcrumb"},"inLanguage":"fr-FR","potentialAction":[{"@type":"ReadAction","target":["https:\/\/colorme-cosmetics.com\/fr\/faq\/"]}]},{"@type":"ImageObject","inLanguage":"fr-FR","@id":"https:\/\/colorme-cosmetics.com\/fr\/faq\/#primaryimage","url":"https:\/\/colorme-cosmetics.com\/wp-content\/uploads\/2024\/04\/CM-Gezicht-van-CM-big.jpg","contentUrl":"https:\/\/colorme-cosmetics.com\/wp-content\/uploads\/2024\/04\/CM-Gezicht-van-CM-big.jpg","width":1894,"height":1065,"caption":"Gezicht en nagels"},{"@type":"BreadcrumbList","@id":"https:\/\/colorme-cosmetics.com\/fr\/faq\/#breadcrumb","itemListElement":[{"@type":"ListItem","position":1,"name":"Home","item":"https:\/\/colorme-cosmetics.com\/fr\/"},{"@type":"ListItem","position":2,"name":"FAQ"}]},{"@type":"WebSite","@id":"https:\/\/colorme-cosmetics.com\/fr\/#website","url":"https:\/\/colorme-cosmetics.com\/fr\/","name":"ColorMe Cosmetics","description":"","potentialAction":[{"@type":"SearchAction","target":{"@type":"EntryPoint","urlTemplate":"https:\/\/colorme-cosmetics.com\/fr\/?s={search_term_string}"},"query-input":{"@type":"PropertyValueSpecification","valueRequired":true,"valueName":"search_term_string"}}],"inLanguage":"fr-FR"}]}},"_links":{"self":[{"href":"https:\/\/colorme-cosmetics.com\/fr\/wp-json\/wp\/v2\/pages\/4964","targetHints":{"allow":["GET"]}}],"collection":[{"href":"https:\/\/colorme-cosmetics.com\/fr\/wp-json\/wp\/v2\/pages"}],"about":[{"href":"https:\/\/colorme-cosmetics.com\/fr\/wp-json\/wp\/v2\/types\/page"}],"author":[{"embeddable":true,"href":"https:\/\/colorme-cosmetics.com\/fr\/wp-json\/wp\/v2\/users\/1"}],"replies":[{"embeddable":true,"href":"https:\/\/colorme-cosmetics.com\/fr\/wp-json\/wp\/v2\/comments?post=4964"}],"version-history":[{"count":3,"href":"https:\/\/colorme-cosmetics.com\/fr\/wp-json\/wp\/v2\/pages\/4964\/revisions"}],"predecessor-version":[{"id":5805,"href":"https:\/\/colorme-cosmetics.com\/fr\/wp-json\/wp\/v2\/pages\/4964\/revisions\/5805"}],"wp:featuredmedia":[{"embeddable":true,"href":"https:\/\/colorme-cosmetics.com\/fr\/wp-json\/wp\/v2\/media\/4966"}],"wp:attachment":[{"href":"https:\/\/colorme-cosmetics.com\/fr\/wp-json\/wp\/v2\/media?parent=4964"}],"curies":[{"name":"wp","href":"https:\/\/api.w.org\/{rel}","templated":true}]}}