{"id":4965,"date":"2024-11-12T09:46:29","date_gmt":"2024-11-12T08:46:29","guid":{"rendered":"https:\/\/colorme-cosmetics.com\/vous-etes-inscrit\/"},"modified":"2026-01-13T11:44:08","modified_gmt":"2026-01-13T10:44:08","slug":"vous-etes-inscrit","status":"publish","type":"page","link":"https:\/\/colorme-cosmetics.com\/fr\/vous-etes-inscrit\/","title":{"rendered":"Vous \u00eates inscrite !"},"content":{"rendered":"<section id=section-block-block_c465927a515040330b77c68051a596ac class=\"section block_content_and_image_left fullwidth\" itemscope itemtype=\"http:\/\/schema.org\/WebPageElement\" itemprop=\"hasPart\"><div class=\"container\"><div class=\"block-row blocks-in-row-2\"><div class=\"block content-block\" itemscope itemtype=\"http:\/\/schema.org\/WebPageElement\" itemprop=\"isPartOf\"><div class=\"inner-wrapper\"><div itemprop=\"text\" class=\"content-wrapper\"><p>Vous \u00eates abonn\u00e9(e) ! Votre code de r\u00e9duction est en cours d&rsquo;acheminement vers votre bo\u00eete de r\u00e9ception. N&rsquo;oubliez pas de v\u00e9rifier votre dossier spam si votre code n&rsquo;appara\u00eet pas rapidement.  <\/p>\n<\/div><\/div><\/div><div class=\"block image-block\" style=\"background-image:url(https:\/\/colorme-cosmetics.com\/wp-content\/uploads\/2024\/11\/CurrentAffairs-Bottle-ColorMe-1600x1200.jpg)\"><\/div><\/div><\/div><\/section>","protected":false},"excerpt":{"rendered":"","protected":false},"author":3,"featured_media":0,"parent":0,"menu_order":900,"comment_status":"closed","ping_status":"closed","template":"","meta":{"_acf_changed":false,"footnotes":""},"class_list":["post-4965","page","type-page","status-publish","hentry"],"acf":[],"yoast_head":"<!-- This site is optimized with the Yoast SEO plugin v27.3 - https:\/\/yoast.com\/product\/yoast-seo-wordpress\/ -->\n<title>Vous \u00eates inscrite ! - ColorMe Cosmetics<\/title>\n<meta name=\"robots\" content=\"index, follow, max-snippet:-1, max-image-preview:large, max-video-preview:-1\" \/>\n<link rel=\"canonical\" href=\"https:\/\/colorme-cosmetics.com\/fr\/vous-etes-inscrit\/\" \/>\n<meta property=\"og:locale\" content=\"fr_FR\" \/>\n<meta property=\"og:type\" content=\"article\" \/>\n<meta property=\"og:title\" content=\"Vous \u00eates inscrite ! - ColorMe Cosmetics\" \/>\n<meta property=\"og:url\" content=\"https:\/\/colorme-cosmetics.com\/fr\/vous-etes-inscrit\/\" \/>\n<meta property=\"og:site_name\" content=\"ColorMe Cosmetics\" \/>\n<meta property=\"article:modified_time\" content=\"2026-01-13T10:44:08+00:00\" \/>\n<meta name=\"twitter:card\" content=\"summary_large_image\" \/>\n<meta name=\"twitter:label1\" content=\"Dur\u00e9e de lecture estim\u00e9e\" \/>\n\t<meta name=\"twitter:data1\" content=\"1 minute\" \/>\n<script type=\"application\/ld+json\" class=\"yoast-schema-graph\">{\"@context\":\"https:\\\/\\\/schema.org\",\"@graph\":[{\"@type\":\"WebPage\",\"@id\":\"https:\\\/\\\/colorme-cosmetics.com\\\/fr\\\/vous-etes-inscrit\\\/\",\"url\":\"https:\\\/\\\/colorme-cosmetics.com\\\/fr\\\/vous-etes-inscrit\\\/\",\"name\":\"Vous \u00eates inscrite ! - ColorMe Cosmetics\",\"isPartOf\":{\"@id\":\"https:\\\/\\\/colorme-cosmetics.com\\\/fr\\\/#website\"},\"datePublished\":\"2024-11-12T08:46:29+00:00\",\"dateModified\":\"2026-01-13T10:44:08+00:00\",\"breadcrumb\":{\"@id\":\"https:\\\/\\\/colorme-cosmetics.com\\\/fr\\\/vous-etes-inscrit\\\/#breadcrumb\"},\"inLanguage\":\"fr-FR\",\"potentialAction\":[{\"@type\":\"ReadAction\",\"target\":[\"https:\\\/\\\/colorme-cosmetics.com\\\/fr\\\/vous-etes-inscrit\\\/\"]}]},{\"@type\":\"BreadcrumbList\",\"@id\":\"https:\\\/\\\/colorme-cosmetics.com\\\/fr\\\/vous-etes-inscrit\\\/#breadcrumb\",\"itemListElement\":[{\"@type\":\"ListItem\",\"position\":1,\"name\":\"Home\",\"item\":\"https:\\\/\\\/colorme-cosmetics.com\\\/fr\\\/\"},{\"@type\":\"ListItem\",\"position\":2,\"name\":\"Vous \u00eates inscrite !\"}]},{\"@type\":\"WebSite\",\"@id\":\"https:\\\/\\\/colorme-cosmetics.com\\\/fr\\\/#website\",\"url\":\"https:\\\/\\\/colorme-cosmetics.com\\\/fr\\\/\",\"name\":\"ColorMe Cosmetics\",\"description\":\"\",\"potentialAction\":[{\"@type\":\"SearchAction\",\"target\":{\"@type\":\"EntryPoint\",\"urlTemplate\":\"https:\\\/\\\/colorme-cosmetics.com\\\/fr\\\/?s={search_term_string}\"},\"query-input\":{\"@type\":\"PropertyValueSpecification\",\"valueRequired\":true,\"valueName\":\"search_term_string\"}}],\"inLanguage\":\"fr-FR\"}]}<\/script>\n<!-- \/ Yoast SEO plugin. -->","yoast_head_json":{"title":"Vous \u00eates inscrite ! - ColorMe Cosmetics","robots":{"index":"index","follow":"follow","max-snippet":"max-snippet:-1","max-image-preview":"max-image-preview:large","max-video-preview":"max-video-preview:-1"},"canonical":"https:\/\/colorme-cosmetics.com\/fr\/vous-etes-inscrit\/","og_locale":"fr_FR","og_type":"article","og_title":"Vous \u00eates inscrite ! - ColorMe Cosmetics","og_url":"https:\/\/colorme-cosmetics.com\/fr\/vous-etes-inscrit\/","og_site_name":"ColorMe Cosmetics","article_modified_time":"2026-01-13T10:44:08+00:00","twitter_card":"summary_large_image","twitter_misc":{"Dur\u00e9e de lecture estim\u00e9e":"1 minute"},"schema":{"@context":"https:\/\/schema.org","@graph":[{"@type":"WebPage","@id":"https:\/\/colorme-cosmetics.com\/fr\/vous-etes-inscrit\/","url":"https:\/\/colorme-cosmetics.com\/fr\/vous-etes-inscrit\/","name":"Vous \u00eates inscrite ! - ColorMe Cosmetics","isPartOf":{"@id":"https:\/\/colorme-cosmetics.com\/fr\/#website"},"datePublished":"2024-11-12T08:46:29+00:00","dateModified":"2026-01-13T10:44:08+00:00","breadcrumb":{"@id":"https:\/\/colorme-cosmetics.com\/fr\/vous-etes-inscrit\/#breadcrumb"},"inLanguage":"fr-FR","potentialAction":[{"@type":"ReadAction","target":["https:\/\/colorme-cosmetics.com\/fr\/vous-etes-inscrit\/"]}]},{"@type":"BreadcrumbList","@id":"https:\/\/colorme-cosmetics.com\/fr\/vous-etes-inscrit\/#breadcrumb","itemListElement":[{"@type":"ListItem","position":1,"name":"Home","item":"https:\/\/colorme-cosmetics.com\/fr\/"},{"@type":"ListItem","position":2,"name":"Vous \u00eates inscrite !"}]},{"@type":"WebSite","@id":"https:\/\/colorme-cosmetics.com\/fr\/#website","url":"https:\/\/colorme-cosmetics.com\/fr\/","name":"ColorMe Cosmetics","description":"","potentialAction":[{"@type":"SearchAction","target":{"@type":"EntryPoint","urlTemplate":"https:\/\/colorme-cosmetics.com\/fr\/?s={search_term_string}"},"query-input":{"@type":"PropertyValueSpecification","valueRequired":true,"valueName":"search_term_string"}}],"inLanguage":"fr-FR"}]}},"_links":{"self":[{"href":"https:\/\/colorme-cosmetics.com\/fr\/wp-json\/wp\/v2\/pages\/4965","targetHints":{"allow":["GET"]}}],"collection":[{"href":"https:\/\/colorme-cosmetics.com\/fr\/wp-json\/wp\/v2\/pages"}],"about":[{"href":"https:\/\/colorme-cosmetics.com\/fr\/wp-json\/wp\/v2\/types\/page"}],"author":[{"embeddable":true,"href":"https:\/\/colorme-cosmetics.com\/fr\/wp-json\/wp\/v2\/users\/3"}],"replies":[{"embeddable":true,"href":"https:\/\/colorme-cosmetics.com\/fr\/wp-json\/wp\/v2\/comments?post=4965"}],"version-history":[{"count":3,"href":"https:\/\/colorme-cosmetics.com\/fr\/wp-json\/wp\/v2\/pages\/4965\/revisions"}],"predecessor-version":[{"id":5812,"href":"https:\/\/colorme-cosmetics.com\/fr\/wp-json\/wp\/v2\/pages\/4965\/revisions\/5812"}],"wp:attachment":[{"href":"https:\/\/colorme-cosmetics.com\/fr\/wp-json\/wp\/v2\/media?parent=4965"}],"curies":[{"name":"wp","href":"https:\/\/api.w.org\/{rel}","templated":true}]}}