{"id":4977,"date":"2024-04-24T17:11:32","date_gmt":"2024-04-24T15:11:32","guid":{"rendered":"https:\/\/colorme-cosmetics.com\/comment-faire\/"},"modified":"2026-04-15T11:52:09","modified_gmt":"2026-04-15T09:52:09","slug":"comment-faire","status":"publish","type":"page","link":"https:\/\/colorme-cosmetics.com\/fr\/comment-faire\/","title":{"rendered":"Comment appliquer"},"content":{"rendered":"<section id=section-block-block_115dad0ab743f447d1492d5efd89b4f0 class=\"section block_content standard\" itemscope itemtype=\"http:\/\/schema.org\/WebPageElement\" itemprop=\"hasPart\"><div class=\"container\"><div class=\"block-row blocks-in-row-1\"><div class=\"block content-block\" itemscope itemtype=\"http:\/\/schema.org\/WebPageElement\" itemprop=\"isPartOf\"><div class=\"inner-wrapper\"><div itemprop=\"text\" class=\"content-wrapper\"><p>Un gel polish digne d&rsquo;un salon \u00e0 la maison en seulement 10 minutes. Suivez les \u00e9tapes suivantes pour obtenir le meilleur r\u00e9sultat. <\/p>\n<\/div><\/div><\/div><\/div><\/div><\/section>\n\n<section id=section-block-block_030fce41bb7c7c7c5d75af5697059545 class=\"section content_and_video_block r\u00e9gulier\" itemscope itemtype=\"http:\/\/schema.org\/WebPageElement\" itemprop=\"hasPart\"><div class=\"container\"><div class=\"block-row blocks-in-row-2\"><div class=\"block content-block\" itemscope itemtype=\"http:\/\/schema.org\/WebPageElement\" itemprop=\"isPartOf\"><div class=\"inner-wrapper\"><div class=\"title-wrapper\"><h2 class=\"block-title h3\">Regardez la vid\u00e9o ou suivez les \u00e9tapes ci-dessous pour obtenir les instructions relatives \u00e0 l&rsquo;introduction d&rsquo;une demande.<\/h2><\/div><\/div><\/div><div class=\"block video-block autoplay\" itemscope itemtype=\"http:\/\/schema.org\/WebPageElement\" itemprop=\"isPartOf\"><div class=\"inner-wrapper\"><div class=\"big-video-wrapper\"><div class=\"video-wrapper\"><video id=\"section-block-block_030fce41bb7c7c7c5d75af5697059545-vid\" muted controls loop controlsList=\"nodownload\" playsinline poster=\"https:\/\/colorme-cosmetics.com\/wp-content\/uploads\/2025\/05\/CM-Instructions-video.jpg\"><source src=\"https:\/\/colorme-cosmetics.com\/wp-content\/uploads\/2025\/05\/CM-Instructions-video_FIN-1-1.mp4\" type=\"video\/mp4\">Your browser does not support the video tag.<\/video><\/div><\/div><\/div><\/div><\/div><\/div><\/section>\n\n<section id=content-with-numbered-repeater-blockk-block_1773d02cc06c763a786538a5b0150c64 class=\"section content-with-numbered-repeater-block\" itemscope><div class=\"container\"><div class=\"block-row blocks-in-row-1\"><div class=\"block numbered-content\"><div class=\"inner-wrapper\"><ul><li class=\"numbered-item\"><span class=\"number-icon\">1<\/span><div class=\"textual-wrapper\"><h2 class=\"block-title\">\u00c9tape 1 : Limer et modeler les ongles<\/h2><div class=\"content-wrapper\"><p><strong>Commencez par repousser vos cuticules \u00e0 l&rsquo;aide d&rsquo;un repousse-cuticules.<\/strong><\/p>\n<p>Il est important que la zone des cuticules soit propre et exempte de d\u00e9bris lorsque vous appliquez le gel, car cela pourrait emp\u00eacher le vernis en gel d&rsquo;adh\u00e9rer \u00e0 l&rsquo;ongle.<\/p>\n<p><strong>Limez et fa\u00e7onnez les ongles.<\/strong><\/p>\n<p>Polissez l\u00e9g\u00e8rement la brillance de l&rsquo;ongle naturel, en veillant \u00e0 ne pas trop polir l&rsquo;ongle. Enlevez la poussi\u00e8re restante de l&rsquo;ongle. <\/p>\n<p><strong>Nettoyez les ongles avec le Prep &amp; Wipe \u00e0 l&rsquo;aide d&rsquo;une lingette non pelucheuse.<\/strong><\/p>\n<\/div><\/div><a href=\"https:\/\/colorme-cosmetics.com\/fr\/produit\/colorme-gel-cleanser-prep-wipe\/\"  title=\"\" class=\"img-wrapper hover\" itemscope itemtype=\"http:\/\/schema.org\/WebPage\" itemprop=\"isPartOf\"><figure itemscope itemtype=\"http:\/\/schema.org\/ImageObject\" itemprop=\"isPartOf\" class=\"img-wrapper\"><meta itemprop=\"text\" content=\"Prep &#038; Wipe\"><img decoding=\"async\" title=\"Prep &#038; Wipe\" alt=\"Prep &#038; Wipe\" width=\"800\" height=\"800\" src=\"https:\/\/colorme-cosmetics.com\/wp-content\/uploads\/2024\/08\/Prep-wipe-800x800.png\"\/><meta itemprop=\"name\" content=\"Prep &#038; Wipe\"><meta itemprop=\"image\" content=\"https:\/\/colorme-cosmetics.com\/wp-content\/uploads\/2024\/08\/Prep-wipe-800x800.png\"><\/figure><\/a><\/li><li class=\"numbered-item\"><span class=\"number-icon\">2<\/span><div class=\"textual-wrapper\"><h2 class=\"block-title\">\u00c9tape 2 : Gel Bonder<\/h2><div class=\"content-wrapper\"><p><strong>Appliquez une couche de Gel Bonder avec parcimonie sur l&rsquo;ongle. <\/strong><\/p>\n<p>Laissez s\u00e9cher \u00e0 l&rsquo;air libre pendant 15 secondes.<\/p>\n<p><em>Sautez cette \u00e9tape si vous utilisez une couche de base Peel-off.<\/em><\/p>\n<\/div><\/div><a href=\"https:\/\/colorme-cosmetics.com\/fr\/produit\/colorme-gel-bonder\/\"  title=\"\" class=\"img-wrapper hover\" itemscope itemtype=\"http:\/\/schema.org\/WebPage\" itemprop=\"isPartOf\"><figure itemscope itemtype=\"http:\/\/schema.org\/ImageObject\" itemprop=\"isPartOf\" class=\"img-wrapper\"><meta itemprop=\"text\" content=\"Gel Bonder\"><img decoding=\"async\" title=\"Gel Bonder\" alt=\"Gel Bonder\" width=\"800\" height=\"800\" src=\"https:\/\/colorme-cosmetics.com\/wp-content\/uploads\/2024\/08\/Bonder-e1723727387214-800x800.png\"\/><meta itemprop=\"name\" content=\"Gel Bonder\"><meta itemprop=\"image\" content=\"https:\/\/colorme-cosmetics.com\/wp-content\/uploads\/2024\/08\/Bonder-e1723727387214-800x800.png\"><\/figure><\/a><\/li><li class=\"numbered-item\"><span class=\"number-icon\">3<\/span><div class=\"textual-wrapper\"><h2 class=\"block-title\">\u00c9tape 3 : Couche de base<\/h2><div class=\"content-wrapper\"><p><strong>M\u00e9thode de la couche de base gel<\/strong><\/p>\n<p>Appliquez une fine couche de la couche de base gel, puis durcissez pendant 60 secondes sous la lampe \u00e0 ongles LED.<\/p>\n<p><strong>Ou si vous utilisez la m\u00e9thode de la couche de base Peel-off<\/strong><\/p>\n<p>Pr\u00e9parez vos ongles comme ci-dessus, mais il n&rsquo;est pas n\u00e9cessaire d&rsquo;appliquer le gel bonder<\/p>\n<p>Appliquez une fine couche de la couche de base Peel-off et laissez-la s\u00e9cher \u00e0 l&rsquo;air libre.<\/p>\n<\/div><\/div><a href=\"https:\/\/colorme-cosmetics.com\/fr\/produit\/colorme-refill-kit\/\"  title=\"\" class=\"img-wrapper hover\" itemscope itemtype=\"http:\/\/schema.org\/WebPage\" itemprop=\"isPartOf\"><figure itemscope itemtype=\"http:\/\/schema.org\/ImageObject\" itemprop=\"isPartOf\" class=\"img-wrapper\"><meta itemprop=\"text\" content=\"Base coat\"><img decoding=\"async\" title=\"Base coat\" alt=\"Base coat\" width=\"800\" height=\"800\" src=\"https:\/\/colorme-cosmetics.com\/wp-content\/uploads\/2024\/08\/Base-coat-e1723211474258-800x800.png\"\/><meta itemprop=\"name\" content=\"Base coat\"><meta itemprop=\"image\" content=\"https:\/\/colorme-cosmetics.com\/wp-content\/uploads\/2024\/08\/Base-coat-e1723211474258-800x800.png\"><\/figure><\/a><\/li><li class=\"numbered-item\"><span class=\"number-icon\">4<\/span><div class=\"textual-wrapper\"><h2 class=\"block-title\">\u00c9tape 4 : Coloration du vernis en gel<\/h2><div class=\"content-wrapper\"><p><strong>Agitez bien le Colour Gel Polish pour diluer la formule.<\/strong><\/p>\n<p>Appliquez une couche uniforme sur l&rsquo;ensemble de l&rsquo;ongle. La meilleure fa\u00e7on d&rsquo;appliquer le vernis gel est de ne pas commencer trop pr\u00e8s de la cuticule. Commencez un peu plus haut sur l&rsquo;ongle, puis \u00ab\u00a0poussez\u00a0\u00bb doucement le vernis gel vers la cuticule sans la toucher. Tirez ensuite un coup de pinceau vers le centre, un de chaque c\u00f4t\u00e9 et, enfin, \u00ab\u00a0coiffez\u00a0\u00bb l&rsquo;ongle en passant le pinceau horizontalement sur le bout de l&rsquo;ongle. Attendez quelques secondes pour que le vernis soit parfaitement uniforme avant de le durcir.    <\/p>\n<p><strong>Si n\u00e9cessaire, utilisez un repousse-cuticules pour nettoyer la zone des cuticules.<\/strong><\/p>\n<p><strong>Polym\u00e9risez l&rsquo;ongle pendant 60 secondes sous la lampe \u00e0 ongles LED.<\/strong><\/p>\n<\/div><\/div><a href=\"https:\/\/colorme-cosmetics.com\/fr\/produit\/colorme-gel-polish-crimson-nights\/\"  title=\"\" class=\"img-wrapper hover\" itemscope itemtype=\"http:\/\/schema.org\/WebPage\" itemprop=\"isPartOf\"><figure itemscope itemtype=\"http:\/\/schema.org\/ImageObject\" itemprop=\"isPartOf\" class=\"img-wrapper\"><meta itemprop=\"text\" content=\"ColorMe Gel Polish \u2013 Crimson nights\"><img decoding=\"async\" title=\"ColorMe Gel Polish \u2013 Crimson nights\" alt=\"ColorMe Gel Polish \u2013 Crimson nights\" width=\"800\" height=\"800\" src=\"https:\/\/colorme-cosmetics.com\/wp-content\/uploads\/2024\/04\/Color-Me-Gel-Polish-\u2013-Crimson-nights-800x800.png\"\/><meta itemprop=\"name\" content=\"ColorMe Gel Polish \u2013 Crimson nights\"><meta itemprop=\"image\" content=\"https:\/\/colorme-cosmetics.com\/wp-content\/uploads\/2024\/04\/Color-Me-Gel-Polish-\u2013-Crimson-nights-800x800.png\"><\/figure><\/a><\/li><li class=\"numbered-item\"><span class=\"number-icon\">5<\/span><div class=\"textual-wrapper\"><h2 class=\"block-title\">\u00c9tape 5 : Gel Top Coat<\/h2><div class=\"content-wrapper\"><p><strong>Terminez en appliquant une couche fine et r\u00e9guli\u00e8re de Gel Top Coat.<\/strong><\/p>\n<p>Veillez \u00e0 ce que le vernis ne touche pas la cuticule ou la peau le long de l&rsquo;ongle. Durcissez les ongles pendant 60 secondes sous la lampe \u00e0 ongles LED. <\/p>\n<\/div><\/div><a href=\"https:\/\/colorme-cosmetics.com\/fr\/produit\/colorme-top-coat\/\"  title=\"\" class=\"img-wrapper hover\" itemscope itemtype=\"http:\/\/schema.org\/WebPage\" itemprop=\"isPartOf\"><figure itemscope itemtype=\"http:\/\/schema.org\/ImageObject\" itemprop=\"isPartOf\" class=\"img-wrapper\"><meta itemprop=\"text\" content=\"ColorMe Gel Polish \u2013 Top coat\"><img decoding=\"async\" title=\"ColorMe Gel Polish \u2013 Top coat\" alt=\"ColorMe Gel Polish \u2013 Top coat\" width=\"580\" height=\"620\" src=\"https:\/\/colorme-cosmetics.com\/wp-content\/uploads\/2024\/04\/Color-Me-Gel-Polish-\u2013-Top-coat.png\"\/><meta itemprop=\"name\" content=\"ColorMe Gel Polish \u2013 Top coat\"><meta itemprop=\"image\" content=\"https:\/\/colorme-cosmetics.com\/wp-content\/uploads\/2024\/04\/Color-Me-Gel-Polish-\u2013-Top-coat.png\"><\/figure><\/a><\/li><li class=\"numbered-item\"><span class=\"number-icon\">6<\/span><div class=\"textual-wrapper\"><h2 class=\"block-title\">\u00c9tape 6 : Finition<\/h2><div class=\"content-wrapper\"><p><strong>Enlevez la couche collante \u00e0 l&rsquo;aide des lingettes Prep &amp; Wipe et Lint-Free.<\/strong><\/p>\n<\/div><\/div><a href=\"https:\/\/colorme-cosmetics.com\/fr\/produit\/colorme-gel-cleanser-prep-wipe\/\"  title=\"\" class=\"img-wrapper hover\" itemscope itemtype=\"http:\/\/schema.org\/WebPage\" itemprop=\"isPartOf\"><figure itemscope itemtype=\"http:\/\/schema.org\/ImageObject\" itemprop=\"isPartOf\" class=\"img-wrapper\"><meta itemprop=\"text\" content=\"Prep and Wipe\"><img decoding=\"async\" title=\"Prep and Wipe\" alt=\"Prep and Wipe\" width=\"800\" height=\"800\" src=\"https:\/\/colorme-cosmetics.com\/wp-content\/uploads\/2024\/08\/prepandwhip3-removebg-800x800.png\"\/><meta itemprop=\"name\" content=\"Prep and Wipe\"><meta itemprop=\"image\" content=\"https:\/\/colorme-cosmetics.com\/wp-content\/uploads\/2024\/08\/prepandwhip3-removebg-800x800.png\"><\/figure><\/a><\/li><\/ul><\/div><\/div><\/div><\/div><\/section>\n\n<section id=section-block-block_26f00a2453abdcf9f866d2659435b6ad class=\"section block_content standard\" itemscope itemtype=\"http:\/\/schema.org\/WebPageElement\" itemprop=\"hasPart\"><div class=\"container\"><div class=\"block-row blocks-in-row-1\"><div class=\"block content-block\" itemscope itemtype=\"http:\/\/schema.org\/WebPageElement\" itemprop=\"isPartOf\"><div class=\"inner-wrapper\"><a  title=\"Instructions et avertissements plus d\u00e9taill\u00e9s\" href=\"https:\/\/colorme-cosmetics.com\/fr\/avertissements-et-instructions\/\" class=\"button\" itemscope itemtype=\"http:\/\/schema.org\/WebPage\" itemprop=\"isPartOf\"><meta itemprop=\"significantLink\" content=\"https:\/\/colorme-cosmetics.com\/fr\/avertissements-et-instructions\/\">Instructions et avertissements plus d\u00e9taill\u00e9s<\/a><\/div><\/div><\/div><\/div><\/section>\n\n<section id=section-block-block_2a8cd4dd1c0b192cfc43bab9a14f3396 class=\"section link_repeater_block row-items-4 button-inside\" itemscope itemtype=\"http:\/\/schema.org\/WebPageElement\" itemprop=\"isPartOf\"><div class=\"container\"><div class=\"block-row blocks-in-row-1\"><div class=\"block link-repeater-block\"><div class=\"title-wrapper\"><h2 class=\"block-title h2\">En savoir plus<\/h2><\/div><ul><li><a  title=\"Conseils et astuces\" href=\"https:\/\/colorme-cosmetics.com\/fr\/8-conseils-pour-lapplication-du-vernis-en-gel\/\" class=\"repeater-item\" itemscope itemtype=\"http:\/\/schema.org\/WebPage\" itemprop=\"isPartOf\"><meta itemprop=\"significantLink\" content=\"https:\/\/colorme-cosmetics.com\/fr\/8-conseils-pour-lapplication-du-vernis-en-gel\/\"><figure itemscope itemtype=\"http:\/\/schema.org\/ImageObject\" itemprop=\"isPartOf\" class=\"img-wrapper\"><meta itemprop=\"description\" content=\"Nail model\"><img decoding=\"async\" title=\"Nail model\" alt=\"Nail model\" width=\"400\" height=\"600\" src=\"https:\/\/colorme-cosmetics.com\/wp-content\/uploads\/2024\/04\/temp-scaled.jpg\"\/><meta itemprop=\"name\" content=\"Nail model\"><meta itemprop=\"image\" content=\"https:\/\/colorme-cosmetics.com\/wp-content\/uploads\/2024\/04\/temp-scaled.jpg\"><\/figure><div class=\"title-bar-wrapper\"><div class=\"title-bar\">Conseils et astuces<\/div><\/div><\/a><\/li><li><a  title=\"Blog\" href=\"https:\/\/colorme-cosmetics.com\/fr\/blog\/\" class=\"repeater-item\" itemscope itemtype=\"http:\/\/schema.org\/WebPage\" itemprop=\"isPartOf\"><meta itemprop=\"significantLink\" content=\"https:\/\/colorme-cosmetics.com\/fr\/blog\/\"><figure itemscope itemtype=\"http:\/\/schema.org\/ImageObject\" itemprop=\"isPartOf\" class=\"img-wrapper\"><meta itemprop=\"description\" content=\"Keep It Classy Gel Colour\"><img decoding=\"async\" title=\"Keep It Classy Gel Colour\" alt=\"Keep It Classy Gel Colour\" width=\"400\" height=\"600\" src=\"https:\/\/colorme-cosmetics.com\/wp-content\/uploads\/2024\/04\/Keep-It-Classy-model-400x600.jpg\"\/><meta itemprop=\"name\" content=\"Keep It Classy Gel Colour\"><meta itemprop=\"image\" content=\"https:\/\/colorme-cosmetics.com\/wp-content\/uploads\/2024\/04\/Keep-It-Classy-model-400x600.jpg\"><\/figure><div class=\"title-bar-wrapper\"><div class=\"title-bar\">Blog<\/div><\/div><\/a><\/li><li><a  title=\"Trouvez votre couleur\" href=\"https:\/\/colorme-cosmetics.com\/fr\/comment-trouver-la-couleur-de-gelpolish-qui-vous-convient-le-mieux\/\" class=\"repeater-item\" itemscope itemtype=\"http:\/\/schema.org\/WebPage\" itemprop=\"isPartOf\"><meta itemprop=\"significantLink\" content=\"https:\/\/colorme-cosmetics.com\/fr\/comment-trouver-la-couleur-de-gelpolish-qui-vous-convient-le-mieux\/\"><figure itemscope itemtype=\"http:\/\/schema.org\/ImageObject\" itemprop=\"isPartOf\" class=\"img-wrapper\"><meta itemprop=\"description\" content=\"Nail model\"><img decoding=\"async\" title=\"Nail + Face model\" alt=\"Nail model\" width=\"400\" height=\"600\" src=\"https:\/\/colorme-cosmetics.com\/wp-content\/uploads\/2024\/04\/temp3.jpg\"\/><meta itemprop=\"name\" content=\"Nail + Face model\"><meta itemprop=\"image\" content=\"https:\/\/colorme-cosmetics.com\/wp-content\/uploads\/2024\/04\/temp3.jpg\"><\/figure><div class=\"title-bar-wrapper\"><div class=\"title-bar\">Trouvez votre couleur<\/div><\/div><\/a><\/li><li><a  title=\"Boutique\" href=\"https:\/\/colorme-cosmetics.com\/fr\/boutique\/\" class=\"repeater-item\" itemscope itemtype=\"http:\/\/schema.org\/WebPage\" itemprop=\"isPartOf\"><meta itemprop=\"significantLink\" content=\"https:\/\/colorme-cosmetics.com\/fr\/boutique\/\"><figure itemscope itemtype=\"http:\/\/schema.org\/ImageObject\" itemprop=\"isPartOf\" class=\"img-wrapper\"><meta itemprop=\"description\" content=\"Gel Primer, Top Coat, Peel-Off Base Coat and Keep It Spicy\"><img decoding=\"async\" title=\"Keep It Spicy, Top Coat, Base Coat and Gel Primer\" alt=\"Gel Primer, Top Coat, Peel-Off Base Coat and Keep It Spicy\" width=\"400\" height=\"600\" src=\"https:\/\/colorme-cosmetics.com\/wp-content\/uploads\/2024\/04\/Keep-It-Spicy-sfeer-400x600.jpg\"\/><meta itemprop=\"name\" content=\"Keep It Spicy, Top Coat, Base Coat and Gel Primer\"><meta itemprop=\"image\" content=\"https:\/\/colorme-cosmetics.com\/wp-content\/uploads\/2024\/04\/Keep-It-Spicy-sfeer-400x600.jpg\"><\/figure><div class=\"title-bar-wrapper\"><div class=\"title-bar\">Boutique<\/div><\/div><\/a><\/li><\/ul><\/div><\/div><\/div><\/section>","protected":false},"excerpt":{"rendered":"","protected":false},"author":1,"featured_media":4984,"parent":0,"menu_order":600,"comment_status":"closed","ping_status":"closed","template":"","meta":{"_acf_changed":false,"footnotes":""},"class_list":["post-4977","page","type-page","status-publish","has-post-thumbnail","hentry"],"acf":[],"yoast_head":"<!-- This site is optimized with the Yoast SEO plugin v27.5 - https:\/\/yoast.com\/product\/yoast-seo-wordpress\/ -->\n<title>Proc\u00e9dure \u00e0 suivre - ColorMe Cosmetics<\/title>\n<meta name=\"description\" content=\"Un vernis semi-permanent digne d&#039;un salon de beaut\u00e9, appliqu\u00e9 chez vous en seulement 10 minutes. Suivez ces \u00e9tapes pour obtenir le meilleur r\u00e9sultat possible.\" \/>\n<meta name=\"robots\" content=\"index, follow, max-snippet:-1, max-image-preview:large, max-video-preview:-1\" \/>\n<link rel=\"canonical\" href=\"https:\/\/colorme-cosmetics.com\/fr\/comment-faire\/\" \/>\n<meta property=\"og:locale\" content=\"fr_FR\" \/>\n<meta property=\"og:type\" content=\"article\" \/>\n<meta property=\"og:title\" content=\"Proc\u00e9dure \u00e0 suivre - ColorMe Cosmetics\" \/>\n<meta property=\"og:description\" content=\"Un vernis semi-permanent digne d&#039;un salon de beaut\u00e9, appliqu\u00e9 chez vous en seulement 10 minutes. Suivez ces \u00e9tapes pour obtenir le meilleur r\u00e9sultat possible.\" \/>\n<meta property=\"og:url\" content=\"https:\/\/colorme-cosmetics.com\/fr\/comment-faire\/\" \/>\n<meta property=\"og:site_name\" content=\"ColorMe Cosmetics\" \/>\n<meta property=\"article:modified_time\" content=\"2026-04-15T09:52:09+00:00\" \/>\n<meta property=\"og:image\" content=\"https:\/\/colorme-cosmetics.com\/wp-content\/uploads\/2024\/10\/SSN-naturals-sheers-2109999173-e1729763063179.jpg\" \/>\n\t<meta property=\"og:image:width\" content=\"2000\" \/>\n\t<meta property=\"og:image:height\" content=\"926\" \/>\n\t<meta property=\"og:image:type\" content=\"image\/jpeg\" \/>\n<meta name=\"twitter:card\" content=\"summary_large_image\" \/>\n<meta name=\"twitter:label1\" content=\"Dur\u00e9e de lecture estim\u00e9e\" \/>\n\t<meta name=\"twitter:data1\" content=\"5 minutes\" \/>\n<script type=\"application\/ld+json\" class=\"yoast-schema-graph\">{\"@context\":\"https:\\\/\\\/schema.org\",\"@graph\":[{\"@type\":\"WebPage\",\"@id\":\"https:\\\/\\\/colorme-cosmetics.com\\\/fr\\\/comment-faire\\\/\",\"url\":\"https:\\\/\\\/colorme-cosmetics.com\\\/fr\\\/comment-faire\\\/\",\"name\":\"Proc\u00e9dure \u00e0 suivre - ColorMe Cosmetics\",\"isPartOf\":{\"@id\":\"https:\\\/\\\/colorme-cosmetics.com\\\/fr\\\/#website\"},\"primaryImageOfPage\":{\"@id\":\"https:\\\/\\\/colorme-cosmetics.com\\\/fr\\\/comment-faire\\\/#primaryimage\"},\"image\":{\"@id\":\"https:\\\/\\\/colorme-cosmetics.com\\\/fr\\\/comment-faire\\\/#primaryimage\"},\"thumbnailUrl\":\"https:\\\/\\\/colorme-cosmetics.com\\\/wp-content\\\/uploads\\\/2024\\\/10\\\/SSN-naturals-sheers-2109999173-e1729763063179.jpg\",\"datePublished\":\"2024-04-24T15:11:32+00:00\",\"dateModified\":\"2026-04-15T09:52:09+00:00\",\"description\":\"Un vernis semi-permanent digne d'un salon de beaut\u00e9, appliqu\u00e9 chez vous en seulement 10 minutes. Suivez ces \u00e9tapes pour obtenir le meilleur r\u00e9sultat possible.\",\"breadcrumb\":{\"@id\":\"https:\\\/\\\/colorme-cosmetics.com\\\/fr\\\/comment-faire\\\/#breadcrumb\"},\"inLanguage\":\"fr-FR\",\"potentialAction\":[{\"@type\":\"ReadAction\",\"target\":[\"https:\\\/\\\/colorme-cosmetics.com\\\/fr\\\/comment-faire\\\/\"]}]},{\"@type\":\"ImageObject\",\"inLanguage\":\"fr-FR\",\"@id\":\"https:\\\/\\\/colorme-cosmetics.com\\\/fr\\\/comment-faire\\\/#primaryimage\",\"url\":\"https:\\\/\\\/colorme-cosmetics.com\\\/wp-content\\\/uploads\\\/2024\\\/10\\\/SSN-naturals-sheers-2109999173-e1729763063179.jpg\",\"contentUrl\":\"https:\\\/\\\/colorme-cosmetics.com\\\/wp-content\\\/uploads\\\/2024\\\/10\\\/SSN-naturals-sheers-2109999173-e1729763063179.jpg\",\"width\":2000,\"height\":926,\"caption\":\"Natural Model\"},{\"@type\":\"BreadcrumbList\",\"@id\":\"https:\\\/\\\/colorme-cosmetics.com\\\/fr\\\/comment-faire\\\/#breadcrumb\",\"itemListElement\":[{\"@type\":\"ListItem\",\"position\":1,\"name\":\"Home\",\"item\":\"https:\\\/\\\/colorme-cosmetics.com\\\/fr\\\/\"},{\"@type\":\"ListItem\",\"position\":2,\"name\":\"Comment appliquer\"}]},{\"@type\":\"WebSite\",\"@id\":\"https:\\\/\\\/colorme-cosmetics.com\\\/fr\\\/#website\",\"url\":\"https:\\\/\\\/colorme-cosmetics.com\\\/fr\\\/\",\"name\":\"ColorMe Cosmetics\",\"description\":\"\",\"potentialAction\":[{\"@type\":\"SearchAction\",\"target\":{\"@type\":\"EntryPoint\",\"urlTemplate\":\"https:\\\/\\\/colorme-cosmetics.com\\\/fr\\\/?s={search_term_string}\"},\"query-input\":{\"@type\":\"PropertyValueSpecification\",\"valueRequired\":true,\"valueName\":\"search_term_string\"}}],\"inLanguage\":\"fr-FR\"}]}<\/script>\n<!-- \/ Yoast SEO plugin. -->","yoast_head_json":{"title":"Proc\u00e9dure \u00e0 suivre - ColorMe Cosmetics","description":"Un vernis semi-permanent digne d'un salon de beaut\u00e9, appliqu\u00e9 chez vous en seulement 10 minutes. Suivez ces \u00e9tapes pour obtenir le meilleur r\u00e9sultat possible.","robots":{"index":"index","follow":"follow","max-snippet":"max-snippet:-1","max-image-preview":"max-image-preview:large","max-video-preview":"max-video-preview:-1"},"canonical":"https:\/\/colorme-cosmetics.com\/fr\/comment-faire\/","og_locale":"fr_FR","og_type":"article","og_title":"Proc\u00e9dure \u00e0 suivre - ColorMe Cosmetics","og_description":"Un vernis semi-permanent digne d'un salon de beaut\u00e9, appliqu\u00e9 chez vous en seulement 10 minutes. Suivez ces \u00e9tapes pour obtenir le meilleur r\u00e9sultat possible.","og_url":"https:\/\/colorme-cosmetics.com\/fr\/comment-faire\/","og_site_name":"ColorMe Cosmetics","article_modified_time":"2026-04-15T09:52:09+00:00","og_image":[{"width":2000,"height":926,"url":"https:\/\/colorme-cosmetics.com\/wp-content\/uploads\/2024\/10\/SSN-naturals-sheers-2109999173-e1729763063179.jpg","type":"image\/jpeg"}],"twitter_card":"summary_large_image","twitter_misc":{"Dur\u00e9e de lecture estim\u00e9e":"5 minutes"},"schema":{"@context":"https:\/\/schema.org","@graph":[{"@type":"WebPage","@id":"https:\/\/colorme-cosmetics.com\/fr\/comment-faire\/","url":"https:\/\/colorme-cosmetics.com\/fr\/comment-faire\/","name":"Proc\u00e9dure \u00e0 suivre - ColorMe Cosmetics","isPartOf":{"@id":"https:\/\/colorme-cosmetics.com\/fr\/#website"},"primaryImageOfPage":{"@id":"https:\/\/colorme-cosmetics.com\/fr\/comment-faire\/#primaryimage"},"image":{"@id":"https:\/\/colorme-cosmetics.com\/fr\/comment-faire\/#primaryimage"},"thumbnailUrl":"https:\/\/colorme-cosmetics.com\/wp-content\/uploads\/2024\/10\/SSN-naturals-sheers-2109999173-e1729763063179.jpg","datePublished":"2024-04-24T15:11:32+00:00","dateModified":"2026-04-15T09:52:09+00:00","description":"Un vernis semi-permanent digne d'un salon de beaut\u00e9, appliqu\u00e9 chez vous en seulement 10 minutes. Suivez ces \u00e9tapes pour obtenir le meilleur r\u00e9sultat possible.","breadcrumb":{"@id":"https:\/\/colorme-cosmetics.com\/fr\/comment-faire\/#breadcrumb"},"inLanguage":"fr-FR","potentialAction":[{"@type":"ReadAction","target":["https:\/\/colorme-cosmetics.com\/fr\/comment-faire\/"]}]},{"@type":"ImageObject","inLanguage":"fr-FR","@id":"https:\/\/colorme-cosmetics.com\/fr\/comment-faire\/#primaryimage","url":"https:\/\/colorme-cosmetics.com\/wp-content\/uploads\/2024\/10\/SSN-naturals-sheers-2109999173-e1729763063179.jpg","contentUrl":"https:\/\/colorme-cosmetics.com\/wp-content\/uploads\/2024\/10\/SSN-naturals-sheers-2109999173-e1729763063179.jpg","width":2000,"height":926,"caption":"Natural Model"},{"@type":"BreadcrumbList","@id":"https:\/\/colorme-cosmetics.com\/fr\/comment-faire\/#breadcrumb","itemListElement":[{"@type":"ListItem","position":1,"name":"Home","item":"https:\/\/colorme-cosmetics.com\/fr\/"},{"@type":"ListItem","position":2,"name":"Comment appliquer"}]},{"@type":"WebSite","@id":"https:\/\/colorme-cosmetics.com\/fr\/#website","url":"https:\/\/colorme-cosmetics.com\/fr\/","name":"ColorMe Cosmetics","description":"","potentialAction":[{"@type":"SearchAction","target":{"@type":"EntryPoint","urlTemplate":"https:\/\/colorme-cosmetics.com\/fr\/?s={search_term_string}"},"query-input":{"@type":"PropertyValueSpecification","valueRequired":true,"valueName":"search_term_string"}}],"inLanguage":"fr-FR"}]}},"_links":{"self":[{"href":"https:\/\/colorme-cosmetics.com\/fr\/wp-json\/wp\/v2\/pages\/4977","targetHints":{"allow":["GET"]}}],"collection":[{"href":"https:\/\/colorme-cosmetics.com\/fr\/wp-json\/wp\/v2\/pages"}],"about":[{"href":"https:\/\/colorme-cosmetics.com\/fr\/wp-json\/wp\/v2\/types\/page"}],"author":[{"embeddable":true,"href":"https:\/\/colorme-cosmetics.com\/fr\/wp-json\/wp\/v2\/users\/1"}],"replies":[{"embeddable":true,"href":"https:\/\/colorme-cosmetics.com\/fr\/wp-json\/wp\/v2\/comments?post=4977"}],"version-history":[{"count":5,"href":"https:\/\/colorme-cosmetics.com\/fr\/wp-json\/wp\/v2\/pages\/4977\/revisions"}],"predecessor-version":[{"id":6250,"href":"https:\/\/colorme-cosmetics.com\/fr\/wp-json\/wp\/v2\/pages\/4977\/revisions\/6250"}],"wp:featuredmedia":[{"embeddable":true,"href":"https:\/\/colorme-cosmetics.com\/fr\/wp-json\/wp\/v2\/media\/4984"}],"wp:attachment":[{"href":"https:\/\/colorme-cosmetics.com\/fr\/wp-json\/wp\/v2\/media?parent=4977"}],"curies":[{"name":"wp","href":"https:\/\/api.w.org\/{rel}","templated":true}]}}