{"id":5009,"date":"2024-01-12T14:53:02","date_gmt":"2024-01-12T13:53:02","guid":{"rendered":"https:\/\/colorme-cosmetics.com\/a-propos-de-nous\/"},"modified":"2026-01-13T11:40:48","modified_gmt":"2026-01-13T10:40:48","slug":"a-propos-de-nous","status":"publish","type":"page","link":"https:\/\/colorme-cosmetics.com\/fr\/a-propos-de-nous\/","title":{"rendered":"A propos de nous"},"content":{"rendered":"<section id=section-block-block_d89330122a224727ed8a3e7e294ad37f class=\"section block_content_and_image_left regular\" itemscope itemtype=\"http:\/\/schema.org\/WebPageElement\" itemprop=\"hasPart\"><div class=\"container\"><div class=\"block-row blocks-in-row-2\"><div class=\"block content-block\" itemscope itemtype=\"http:\/\/schema.org\/WebPageElement\" itemprop=\"isPartOf\"><div class=\"inner-wrapper\"><div itemprop=\"text\" class=\"content-wrapper\"><p>Notre formule de vernis en gel de premi\u00e8re qualit\u00e9 est m\u00e9ticuleusement \u00e9labor\u00e9e \u00e0 l&rsquo;adresse<br \/>\npour offrir un processus d&rsquo;application rapide et efficace<br \/>\ndans le confort de votre propre maison. Il suffit de faire durcir la couleur sous la lampe et vous \u00eates pr\u00eate \u00e0 partir avec une manucure \u00e9blouissante et r\u00e9sistante aux dommages pendant au moins 2 semaines. Nous sommes fiers de dire que notre formule est v\u00e9g\u00e9talienne, sans cruaut\u00e9 et sans h\u00e9moglobine, ce qui vous garantit une exp\u00e9rience s\u00fbre et agr\u00e9able.<\/p>\n<\/div><\/div><\/div><div class=\"block image-block\" ><figure itemscope itemtype=\"http:\/\/schema.org\/ImageObject\" itemprop=\"isPartOf\" class=\"img-wrapper\"><meta itemprop=\"text\" content=\"ColorMe\"><img decoding=\"async\" title=\"ColorMe\" alt=\"ColorMe\" width=\"800\" height=\"800\" src=\"https:\/\/colorme-cosmetics.com\/wp-content\/uploads\/2024\/09\/Afbeelding4-800x800.png\"\/><meta itemprop=\"name\" content=\"ColorMe\"><meta itemprop=\"image\" content=\"https:\/\/colorme-cosmetics.com\/wp-content\/uploads\/2024\/09\/Afbeelding4-800x800.png\"><\/figure><\/div><\/div><\/div><\/section>\n\n<section id=section-block_697c2e413bc4fc1aecd942e2007ac019 class=\"section block_image_and_content_left regular\" itemscope itemtype=\"http:\/\/schema.org\/WebPageElement\" itemprop=\"hasPart\"><div class=\"container\"><div class=\"block-row blocks-in-row-2\"><div class=\"block image-block\" ><figure itemscope itemtype=\"http:\/\/schema.org\/ImageObject\" itemprop=\"isPartOf\" class=\"img-wrapper\"><meta itemprop=\"text\" content=\"ColorMe Starter Kit\"><img decoding=\"async\" title=\"ColorMe Starter Kit\" alt=\"ColorMe Starter Kit\" width=\"800\" height=\"800\" src=\"https:\/\/colorme-cosmetics.com\/wp-content\/uploads\/2024\/04\/ColorMe-08-e1725433946820-800x800.jpg\"\/><meta itemprop=\"name\" content=\"ColorMe Starter Kit\"><meta itemprop=\"image\" content=\"https:\/\/colorme-cosmetics.com\/wp-content\/uploads\/2024\/04\/ColorMe-08-e1725433946820-800x800.jpg\"><\/figure><\/div><div class=\"block content-block\" itemscope itemtype=\"http:\/\/schema.org\/WebPageElement\" itemprop=\"isPartOf\"><div class=\"inner-wrapper\"><div class=\"title-wrapper\"><h2 class=\"block-title h2\">ColorMe Cosmetics<\/h2><span class=\"block-subtitle\">Polissez en toute confiance :<\/span><\/div><div itemprop=\"description\" class=\"content-wrapper\"><ul>\n<li>Confiance en votre apparence<\/li>\n<li>Confiance en sa s\u00e9curit\u00e9 pour vos ongles<\/li>\n<li>Confiance dans sa qualit\u00e9 durable<\/li>\n<li>la certitude que vous pouvez l&rsquo;appliquer quand cela vous convient<\/li>\n<li>Confiance dans la facilit\u00e9 d&rsquo;application<\/li>\n<li>Confiance dans sa formule sans cruaut\u00e9 et v\u00e9g\u00e9talienne<\/li>\n<\/ul>\n<\/div><\/div><\/div><\/div><\/div><\/section>\n\n<section id=section-block-block_4493ab7009c60e07bfeda9c431b2c680 class=\"section block_content center\" itemscope itemtype=\"http:\/\/schema.org\/WebPageElement\" itemprop=\"hasPart\"><div class=\"container\"><div class=\"block-row blocks-in-row-1\"><div class=\"block content-block\" itemscope itemtype=\"http:\/\/schema.org\/WebPageElement\" itemprop=\"isPartOf\"><div class=\"inner-wrapper\"><div class=\"title-wrapper\"><h2 class=\"block-title h2\">Polir en toute confiance<\/h2><\/div><div itemprop=\"text\" class=\"content-wrapper\"><p>Notre mission est d&rsquo;\u00e9lever l&rsquo;expression de soi et d&rsquo;autonomiser les femmes par le biais d&rsquo;exp\u00e9riences de soins des ongles de luxe, en c\u00e9l\u00e9brant la beaut\u00e9 inh\u00e9rente.<\/p>\n<p><em>Sentez-vous choy\u00e9, confiant et beau.<\/em><\/p>\n<\/div><\/div><\/div><\/div><\/div><\/section>\n\n<section id=section-block-block_a0dbc4c7356f32547683a6b990df3471 class=\"section link_repeater_block row-items-4 button-inside\" itemscope itemtype=\"http:\/\/schema.org\/WebPageElement\" itemprop=\"isPartOf\"><div class=\"container\"><div class=\"block-row blocks-in-row-1\"><div class=\"block link-repeater-block\"><div class=\"title-wrapper\"><h2 class=\"block-title h2\">En savoir plus<\/h2><\/div><ul><li><a  title=\"Conseils et astuces\" href=\"https:\/\/colorme-cosmetics.com\/fr\/8-conseils-pour-lapplication-du-vernis-en-gel\/\" class=\"repeater-item\" itemscope itemtype=\"http:\/\/schema.org\/WebPage\" itemprop=\"isPartOf\"><meta itemprop=\"significantLink\" content=\"https:\/\/colorme-cosmetics.com\/fr\/8-conseils-pour-lapplication-du-vernis-en-gel\/\"><figure itemscope itemtype=\"http:\/\/schema.org\/ImageObject\" itemprop=\"isPartOf\" class=\"img-wrapper\"><meta itemprop=\"description\" content=\"Nail model\"><img decoding=\"async\" title=\"Nail model\" alt=\"Nail model\" width=\"400\" height=\"600\" src=\"https:\/\/colorme-cosmetics.com\/wp-content\/uploads\/2024\/04\/temp-scaled.jpg\"\/><meta itemprop=\"name\" content=\"Nail model\"><meta itemprop=\"image\" content=\"https:\/\/colorme-cosmetics.com\/wp-content\/uploads\/2024\/04\/temp-scaled.jpg\"><\/figure><div class=\"title-bar-wrapper\"><div class=\"title-bar\">Conseils et astuces<\/div><\/div><\/a><\/li><li><a  title=\"Blog\" href=\"https:\/\/colorme-cosmetics.com\/fr\/blog\/\" class=\"repeater-item\" itemscope itemtype=\"http:\/\/schema.org\/WebPage\" itemprop=\"isPartOf\"><meta itemprop=\"significantLink\" content=\"https:\/\/colorme-cosmetics.com\/fr\/blog\/\"><figure itemscope itemtype=\"http:\/\/schema.org\/ImageObject\" itemprop=\"isPartOf\" class=\"img-wrapper\"><meta itemprop=\"description\" content=\"Keep It Classy Gel Colour\"><img decoding=\"async\" title=\"Keep It Classy Gel Colour\" alt=\"Keep It Classy Gel Colour\" width=\"400\" height=\"600\" src=\"https:\/\/colorme-cosmetics.com\/wp-content\/uploads\/2024\/04\/Keep-It-Classy-model-400x600.jpg\"\/><meta itemprop=\"name\" content=\"Keep It Classy Gel Colour\"><meta itemprop=\"image\" content=\"https:\/\/colorme-cosmetics.com\/wp-content\/uploads\/2024\/04\/Keep-It-Classy-model-400x600.jpg\"><\/figure><div class=\"title-bar-wrapper\"><div class=\"title-bar\">Blog<\/div><\/div><\/a><\/li><li><a  title=\"Trouvez votre couleur\" href=\"https:\/\/colorme-cosmetics.com\/fr\/comment-trouver-la-couleur-de-gelpolish-qui-vous-convient-le-mieux\/\" class=\"repeater-item\" itemscope itemtype=\"http:\/\/schema.org\/WebPage\" itemprop=\"isPartOf\"><meta itemprop=\"significantLink\" content=\"https:\/\/colorme-cosmetics.com\/fr\/comment-trouver-la-couleur-de-gelpolish-qui-vous-convient-le-mieux\/\"><figure itemscope itemtype=\"http:\/\/schema.org\/ImageObject\" itemprop=\"isPartOf\" class=\"img-wrapper\"><meta itemprop=\"description\" content=\"Nail model\"><img decoding=\"async\" title=\"Nail + Face model\" alt=\"Nail model\" width=\"400\" height=\"600\" src=\"https:\/\/colorme-cosmetics.com\/wp-content\/uploads\/2024\/04\/temp3.jpg\"\/><meta itemprop=\"name\" content=\"Nail + Face model\"><meta itemprop=\"image\" content=\"https:\/\/colorme-cosmetics.com\/wp-content\/uploads\/2024\/04\/temp3.jpg\"><\/figure><div class=\"title-bar-wrapper\"><div class=\"title-bar\">Trouvez votre couleur<\/div><\/div><\/a><\/li><li><a  title=\"Produits\" href=\"https:\/\/colorme-cosmetics.com\/fr\/boutique\/\" class=\"repeater-item\" itemscope itemtype=\"http:\/\/schema.org\/WebPage\" itemprop=\"isPartOf\"><meta itemprop=\"significantLink\" content=\"https:\/\/colorme-cosmetics.com\/fr\/boutique\/\"><figure itemscope itemtype=\"http:\/\/schema.org\/ImageObject\" itemprop=\"isPartOf\" class=\"img-wrapper\"><meta itemprop=\"description\" content=\"Gel Primer, Top Coat, Peel-Off Base Coat and Keep It Spicy\"><img decoding=\"async\" title=\"Keep It Spicy, Top Coat, Base Coat and Gel Primer\" alt=\"Gel Primer, Top Coat, Peel-Off Base Coat and Keep It Spicy\" width=\"400\" height=\"600\" src=\"https:\/\/colorme-cosmetics.com\/wp-content\/uploads\/2024\/04\/Keep-It-Spicy-sfeer-400x600.jpg\"\/><meta itemprop=\"name\" content=\"Keep It Spicy, Top Coat, Base Coat and Gel Primer\"><meta itemprop=\"image\" content=\"https:\/\/colorme-cosmetics.com\/wp-content\/uploads\/2024\/04\/Keep-It-Spicy-sfeer-400x600.jpg\"><\/figure><div class=\"title-bar-wrapper\"><div class=\"title-bar\">Produits<\/div><\/div><\/a><\/li><\/ul><\/div><\/div><\/div><\/section>","protected":false},"excerpt":{"rendered":"","protected":false},"author":1,"featured_media":5011,"parent":0,"menu_order":320,"comment_status":"closed","ping_status":"closed","template":"","meta":{"_acf_changed":false,"footnotes":""},"class_list":["post-5009","page","type-page","status-publish","has-post-thumbnail","hentry"],"acf":[],"yoast_head":"<!-- This site is optimized with the Yoast SEO plugin v27.5 - https:\/\/yoast.com\/product\/yoast-seo-wordpress\/ -->\n<title>A propos de nous - ColorMe Cosmetics<\/title>\n<meta name=\"description\" content=\"Notre formule de vernis semi-permanent haut de gamme con\u00e7ue avec soin est facile \u00e0 appliquer et tr\u00e8s efficace. Plus besoin d&#039;aller chez l&#039;esth\u00e9ticienne !\" \/>\n<meta name=\"robots\" content=\"index, follow, max-snippet:-1, max-image-preview:large, max-video-preview:-1\" \/>\n<link rel=\"canonical\" href=\"https:\/\/colorme-cosmetics.com\/fr\/a-propos-de-nous\/\" \/>\n<meta property=\"og:locale\" content=\"fr_FR\" \/>\n<meta property=\"og:type\" content=\"article\" \/>\n<meta property=\"og:title\" content=\"A propos de nous - ColorMe Cosmetics\" \/>\n<meta property=\"og:description\" content=\"Notre formule de vernis semi-permanent haut de gamme con\u00e7ue avec soin est facile \u00e0 appliquer et tr\u00e8s efficace. Plus besoin d&#039;aller chez l&#039;esth\u00e9ticienne !\" \/>\n<meta property=\"og:url\" content=\"https:\/\/colorme-cosmetics.com\/fr\/a-propos-de-nous\/\" \/>\n<meta property=\"og:site_name\" content=\"ColorMe Cosmetics\" \/>\n<meta property=\"article:modified_time\" content=\"2026-01-13T10:40:48+00:00\" \/>\n<meta property=\"og:image\" content=\"https:\/\/colorme-cosmetics.com\/wp-content\/uploads\/2024\/09\/STL_1762-1-scaled-e1726578611147.jpg\" \/>\n\t<meta property=\"og:image:width\" content=\"2560\" \/>\n\t<meta property=\"og:image:height\" content=\"1707\" \/>\n\t<meta property=\"og:image:type\" content=\"image\/jpeg\" \/>\n<meta name=\"twitter:card\" content=\"summary_large_image\" \/>\n<meta name=\"twitter:label1\" content=\"Dur\u00e9e de lecture estim\u00e9e\" \/>\n\t<meta name=\"twitter:data1\" content=\"3 minutes\" \/>\n<script type=\"application\/ld+json\" class=\"yoast-schema-graph\">{\"@context\":\"https:\\\/\\\/schema.org\",\"@graph\":[{\"@type\":\"WebPage\",\"@id\":\"https:\\\/\\\/colorme-cosmetics.com\\\/fr\\\/a-propos-de-nous\\\/\",\"url\":\"https:\\\/\\\/colorme-cosmetics.com\\\/fr\\\/a-propos-de-nous\\\/\",\"name\":\"A propos de nous - ColorMe Cosmetics\",\"isPartOf\":{\"@id\":\"https:\\\/\\\/colorme-cosmetics.com\\\/fr\\\/#website\"},\"primaryImageOfPage\":{\"@id\":\"https:\\\/\\\/colorme-cosmetics.com\\\/fr\\\/a-propos-de-nous\\\/#primaryimage\"},\"image\":{\"@id\":\"https:\\\/\\\/colorme-cosmetics.com\\\/fr\\\/a-propos-de-nous\\\/#primaryimage\"},\"thumbnailUrl\":\"https:\\\/\\\/colorme-cosmetics.com\\\/wp-content\\\/uploads\\\/2024\\\/09\\\/STL_1762-1-scaled-e1726578611147.jpg\",\"datePublished\":\"2024-01-12T13:53:02+00:00\",\"dateModified\":\"2026-01-13T10:40:48+00:00\",\"description\":\"Notre formule de vernis semi-permanent haut de gamme con\u00e7ue avec soin est facile \u00e0 appliquer et tr\u00e8s efficace. Plus besoin d'aller chez l'esth\u00e9ticienne !\",\"breadcrumb\":{\"@id\":\"https:\\\/\\\/colorme-cosmetics.com\\\/fr\\\/a-propos-de-nous\\\/#breadcrumb\"},\"inLanguage\":\"fr-FR\",\"potentialAction\":[{\"@type\":\"ReadAction\",\"target\":[\"https:\\\/\\\/colorme-cosmetics.com\\\/fr\\\/a-propos-de-nous\\\/\"]}]},{\"@type\":\"ImageObject\",\"inLanguage\":\"fr-FR\",\"@id\":\"https:\\\/\\\/colorme-cosmetics.com\\\/fr\\\/a-propos-de-nous\\\/#primaryimage\",\"url\":\"https:\\\/\\\/colorme-cosmetics.com\\\/wp-content\\\/uploads\\\/2024\\\/09\\\/STL_1762-1-scaled-e1726578611147.jpg\",\"contentUrl\":\"https:\\\/\\\/colorme-cosmetics.com\\\/wp-content\\\/uploads\\\/2024\\\/09\\\/STL_1762-1-scaled-e1726578611147.jpg\",\"width\":2560,\"height\":1707,\"caption\":\"Essentials - ColorMe\"},{\"@type\":\"BreadcrumbList\",\"@id\":\"https:\\\/\\\/colorme-cosmetics.com\\\/fr\\\/a-propos-de-nous\\\/#breadcrumb\",\"itemListElement\":[{\"@type\":\"ListItem\",\"position\":1,\"name\":\"Home\",\"item\":\"https:\\\/\\\/colorme-cosmetics.com\\\/fr\\\/\"},{\"@type\":\"ListItem\",\"position\":2,\"name\":\"A propos de nous\"}]},{\"@type\":\"WebSite\",\"@id\":\"https:\\\/\\\/colorme-cosmetics.com\\\/fr\\\/#website\",\"url\":\"https:\\\/\\\/colorme-cosmetics.com\\\/fr\\\/\",\"name\":\"ColorMe Cosmetics\",\"description\":\"\",\"potentialAction\":[{\"@type\":\"SearchAction\",\"target\":{\"@type\":\"EntryPoint\",\"urlTemplate\":\"https:\\\/\\\/colorme-cosmetics.com\\\/fr\\\/?s={search_term_string}\"},\"query-input\":{\"@type\":\"PropertyValueSpecification\",\"valueRequired\":true,\"valueName\":\"search_term_string\"}}],\"inLanguage\":\"fr-FR\"}]}<\/script>\n<!-- \/ Yoast SEO plugin. -->","yoast_head_json":{"title":"A propos de nous - ColorMe Cosmetics","description":"Notre formule de vernis semi-permanent haut de gamme con\u00e7ue avec soin est facile \u00e0 appliquer et tr\u00e8s efficace. Plus besoin d'aller chez l'esth\u00e9ticienne !","robots":{"index":"index","follow":"follow","max-snippet":"max-snippet:-1","max-image-preview":"max-image-preview:large","max-video-preview":"max-video-preview:-1"},"canonical":"https:\/\/colorme-cosmetics.com\/fr\/a-propos-de-nous\/","og_locale":"fr_FR","og_type":"article","og_title":"A propos de nous - ColorMe Cosmetics","og_description":"Notre formule de vernis semi-permanent haut de gamme con\u00e7ue avec soin est facile \u00e0 appliquer et tr\u00e8s efficace. Plus besoin d'aller chez l'esth\u00e9ticienne !","og_url":"https:\/\/colorme-cosmetics.com\/fr\/a-propos-de-nous\/","og_site_name":"ColorMe Cosmetics","article_modified_time":"2026-01-13T10:40:48+00:00","og_image":[{"width":2560,"height":1707,"url":"https:\/\/colorme-cosmetics.com\/wp-content\/uploads\/2024\/09\/STL_1762-1-scaled-e1726578611147.jpg","type":"image\/jpeg"}],"twitter_card":"summary_large_image","twitter_misc":{"Dur\u00e9e de lecture estim\u00e9e":"3 minutes"},"schema":{"@context":"https:\/\/schema.org","@graph":[{"@type":"WebPage","@id":"https:\/\/colorme-cosmetics.com\/fr\/a-propos-de-nous\/","url":"https:\/\/colorme-cosmetics.com\/fr\/a-propos-de-nous\/","name":"A propos de nous - ColorMe Cosmetics","isPartOf":{"@id":"https:\/\/colorme-cosmetics.com\/fr\/#website"},"primaryImageOfPage":{"@id":"https:\/\/colorme-cosmetics.com\/fr\/a-propos-de-nous\/#primaryimage"},"image":{"@id":"https:\/\/colorme-cosmetics.com\/fr\/a-propos-de-nous\/#primaryimage"},"thumbnailUrl":"https:\/\/colorme-cosmetics.com\/wp-content\/uploads\/2024\/09\/STL_1762-1-scaled-e1726578611147.jpg","datePublished":"2024-01-12T13:53:02+00:00","dateModified":"2026-01-13T10:40:48+00:00","description":"Notre formule de vernis semi-permanent haut de gamme con\u00e7ue avec soin est facile \u00e0 appliquer et tr\u00e8s efficace. Plus besoin d'aller chez l'esth\u00e9ticienne !","breadcrumb":{"@id":"https:\/\/colorme-cosmetics.com\/fr\/a-propos-de-nous\/#breadcrumb"},"inLanguage":"fr-FR","potentialAction":[{"@type":"ReadAction","target":["https:\/\/colorme-cosmetics.com\/fr\/a-propos-de-nous\/"]}]},{"@type":"ImageObject","inLanguage":"fr-FR","@id":"https:\/\/colorme-cosmetics.com\/fr\/a-propos-de-nous\/#primaryimage","url":"https:\/\/colorme-cosmetics.com\/wp-content\/uploads\/2024\/09\/STL_1762-1-scaled-e1726578611147.jpg","contentUrl":"https:\/\/colorme-cosmetics.com\/wp-content\/uploads\/2024\/09\/STL_1762-1-scaled-e1726578611147.jpg","width":2560,"height":1707,"caption":"Essentials - ColorMe"},{"@type":"BreadcrumbList","@id":"https:\/\/colorme-cosmetics.com\/fr\/a-propos-de-nous\/#breadcrumb","itemListElement":[{"@type":"ListItem","position":1,"name":"Home","item":"https:\/\/colorme-cosmetics.com\/fr\/"},{"@type":"ListItem","position":2,"name":"A propos de nous"}]},{"@type":"WebSite","@id":"https:\/\/colorme-cosmetics.com\/fr\/#website","url":"https:\/\/colorme-cosmetics.com\/fr\/","name":"ColorMe Cosmetics","description":"","potentialAction":[{"@type":"SearchAction","target":{"@type":"EntryPoint","urlTemplate":"https:\/\/colorme-cosmetics.com\/fr\/?s={search_term_string}"},"query-input":{"@type":"PropertyValueSpecification","valueRequired":true,"valueName":"search_term_string"}}],"inLanguage":"fr-FR"}]}},"_links":{"self":[{"href":"https:\/\/colorme-cosmetics.com\/fr\/wp-json\/wp\/v2\/pages\/5009","targetHints":{"allow":["GET"]}}],"collection":[{"href":"https:\/\/colorme-cosmetics.com\/fr\/wp-json\/wp\/v2\/pages"}],"about":[{"href":"https:\/\/colorme-cosmetics.com\/fr\/wp-json\/wp\/v2\/types\/page"}],"author":[{"embeddable":true,"href":"https:\/\/colorme-cosmetics.com\/fr\/wp-json\/wp\/v2\/users\/1"}],"replies":[{"embeddable":true,"href":"https:\/\/colorme-cosmetics.com\/fr\/wp-json\/wp\/v2\/comments?post=5009"}],"version-history":[{"count":5,"href":"https:\/\/colorme-cosmetics.com\/fr\/wp-json\/wp\/v2\/pages\/5009\/revisions"}],"predecessor-version":[{"id":5713,"href":"https:\/\/colorme-cosmetics.com\/fr\/wp-json\/wp\/v2\/pages\/5009\/revisions\/5713"}],"wp:featuredmedia":[{"embeddable":true,"href":"https:\/\/colorme-cosmetics.com\/fr\/wp-json\/wp\/v2\/media\/5011"}],"wp:attachment":[{"href":"https:\/\/colorme-cosmetics.com\/fr\/wp-json\/wp\/v2\/media?parent=5009"}],"curies":[{"name":"wp","href":"https:\/\/api.w.org\/{rel}","templated":true}]}}