{"id":5726,"date":"2023-04-17T07:50:08","date_gmt":"2023-04-17T05:50:08","guid":{"rendered":"https:\/\/colorme-cosmetics.com\/politique-de-confidentialite\/"},"modified":"2026-01-13T11:44:37","modified_gmt":"2026-01-13T10:44:37","slug":"politique-de-confidentialite","status":"publish","type":"page","link":"https:\/\/colorme-cosmetics.com\/fr\/politique-de-confidentialite\/","title":{"rendered":"Politique de confidentialit\u00e9"},"content":{"rendered":"<section id=section-block-block_d331ba90788e74dabf29a4cf937c9ee5 class=\"section block_content standard\" itemscope itemtype=\"http:\/\/schema.org\/WebPageElement\" itemprop=\"hasPart\"><div class=\"container\"><div class=\"block-row blocks-in-row-1\"><div class=\"block content-block\" itemscope itemtype=\"http:\/\/schema.org\/WebPageElement\" itemprop=\"isPartOf\"><div class=\"inner-wrapper\"><div itemprop=\"text\" class=\"content-wrapper\"><p data-start=\"45\" data-end=\"88\"><strong data-start=\"45\" data-end=\"86\">Derni\u00e8re mise \u00e0 jour : 3 octobre 2024<\/strong><\/p>\n<p data-start=\"90\" data-end=\"380\">Cette politique de confidentialit\u00e9 d\u00e9crit nos r\u00e8gles et proc\u00e9dures concernant la collecte, l\u2019utilisation et la divulgation de vos informations lorsque vous utilisez le Service, et vous informe sur vos droits en mati\u00e8re de confidentialit\u00e9 ainsi que sur la mani\u00e8re dont la loi vous prot\u00e8ge.<\/p>\n<p data-start=\"382\" data-end=\"597\">Nous utilisons vos donn\u00e9es personnelles pour fournir et am\u00e9liorer le Service. En utilisant le Service, vous acceptez la collecte et l\u2019utilisation des informations conform\u00e9ment \u00e0 cette politique de confidentialit\u00e9.<\/p>\n<\/div><\/div><\/div><\/div><\/div><\/section>\n\n<section id=section-block-block_4351e3849f2e8010c22bb802d982266d class=\"section block_content standard\" itemscope itemtype=\"http:\/\/schema.org\/WebPageElement\" itemprop=\"hasPart\"><div class=\"container\"><div class=\"block-row blocks-in-row-1\"><div class=\"block content-block\" itemscope itemtype=\"http:\/\/schema.org\/WebPageElement\" itemprop=\"isPartOf\"><div class=\"inner-wrapper\"><div itemprop=\"text\" class=\"content-wrapper\"><h2 data-start=\"160\" data-end=\"395\"><strong data-start=\"160\" data-end=\"178\">Interpr\u00e9tation<\/strong><\/h2>\n<p data-start=\"160\" data-end=\"395\">Les mots dont la premi\u00e8re lettre est en majuscule ont les significations d\u00e9finies dans les conditions suivantes. Les d\u00e9finitions suivantes ont la m\u00eame signification qu\u2019ils apparaissent au singulier ou au pluriel.<\/p>\n<p data-start=\"397\" data-end=\"471\"><strong data-start=\"397\" data-end=\"412\">D\u00e9finitions<\/strong><br data-start=\"412\" data-end=\"415\" \/>Aux fins de la pr\u00e9sente Politique de confidentialit\u00e9 :<\/p>\n<ul data-start=\"473\" data-end=\"2709\">\n<li data-start=\"473\" data-end=\"593\">\n<p data-start=\"475\" data-end=\"593\"><strong data-start=\"475\" data-end=\"485\">Compte<\/strong> : un compte unique cr\u00e9\u00e9 pour Vous permettre d\u2019acc\u00e9der \u00e0 notre Service ou \u00e0 certaines parties de celui-ci.<\/p>\n<\/li>\n<li data-start=\"594\" data-end=\"822\">\n<p data-start=\"596\" data-end=\"822\"><strong data-start=\"596\" data-end=\"607\">Soci\u00e9t\u00e9<\/strong> (d\u00e9sign\u00e9e soit comme \u00ab la Soci\u00e9t\u00e9 \u00bb, \u00ab Nous \u00bb, \u00ab Notre \u00bb dans le pr\u00e9sent Accord) : fait r\u00e9f\u00e9rence \u00e0 <strong data-start=\"708\" data-end=\"730\">Keystone Europe BV<\/strong>, Batavenweg 7. Pour le RGPD, la Soci\u00e9t\u00e9 est le <strong data-start=\"778\" data-end=\"819\">Responsable du traitement des donn\u00e9es<\/strong>.<\/p>\n<\/li>\n<li data-start=\"823\" data-end=\"1044\">\n<p data-start=\"825\" data-end=\"1044\"><strong data-start=\"825\" data-end=\"836\">Cookies<\/strong> : petits fichiers plac\u00e9s sur Votre ordinateur, appareil mobile ou tout autre appareil par un site web, contenant des d\u00e9tails sur Votre historique de navigation sur ce site parmi de nombreuses utilisations.<\/p>\n<\/li>\n<li data-start=\"1045\" data-end=\"1068\">\n<p data-start=\"1047\" data-end=\"1068\"><strong data-start=\"1047\" data-end=\"1055\">Pays<\/strong> : Pays-Bas<\/p>\n<\/li>\n<li data-start=\"1069\" data-end=\"1301\">\n<p data-start=\"1071\" data-end=\"1301\"><strong data-start=\"1071\" data-end=\"1100\">Responsable du traitement<\/strong> : pour les besoins du RGPD, d\u00e9signe la Soci\u00e9t\u00e9 en tant que personne juridique qui, seule ou conjointement avec d\u2019autres, d\u00e9termine les finalit\u00e9s et les moyens du traitement des Donn\u00e9es Personnelles.<\/p>\n<\/li>\n<li data-start=\"1302\" data-end=\"1433\">\n<p data-start=\"1304\" data-end=\"1433\"><strong data-start=\"1304\" data-end=\"1316\">Appareil<\/strong> : tout appareil pouvant acc\u00e9der au Service, tel qu\u2019un ordinateur, un t\u00e9l\u00e9phone portable ou une tablette num\u00e9rique.<\/p>\n<\/li>\n<li data-start=\"1434\" data-end=\"1861\">\n<p data-start=\"1436\" data-end=\"1861\"><strong data-start=\"1436\" data-end=\"1460\">Donn\u00e9es Personnelles<\/strong> : toute information se rapportant \u00e0 une personne identifi\u00e9e ou identifiable.<br data-start=\"1537\" data-end=\"1540\" \/>Pour le RGPD, les Donn\u00e9es Personnelles incluent toute information relative \u00e0 Vous, telle qu\u2019un nom, un num\u00e9ro d\u2019identification, des donn\u00e9es de localisation, un identifiant en ligne ou un ou plusieurs facteurs sp\u00e9cifiques \u00e0 votre identit\u00e9 physique, physiologique, g\u00e9n\u00e9tique, mentale, \u00e9conomique, culturelle ou sociale.<\/p>\n<\/li>\n<li data-start=\"1862\" data-end=\"1892\">\n<p data-start=\"1864\" data-end=\"1892\"><strong data-start=\"1864\" data-end=\"1875\">Service<\/strong> : le Site Web.<\/p>\n<\/li>\n<li data-start=\"1893\" data-end=\"2255\">\n<p data-start=\"1895\" data-end=\"2255\"><strong data-start=\"1895\" data-end=\"1922\">Fournisseur de services<\/strong> : toute personne physique ou morale qui traite les donn\u00e9es pour le compte de la Soci\u00e9t\u00e9. Cela inclut les soci\u00e9t\u00e9s tierces ou les individus employ\u00e9s par la Soci\u00e9t\u00e9 pour faciliter le Service, fournir le Service ou aider \u00e0 analyser son utilisation. Pour le RGPD, les Fournisseurs de services sont consid\u00e9r\u00e9s comme <strong data-start=\"2234\" data-end=\"2252\">Sous-traitants<\/strong>.<\/p>\n<\/li>\n<li data-start=\"2256\" data-end=\"2426\">\n<p data-start=\"2258\" data-end=\"2426\"><strong data-start=\"2258\" data-end=\"2283\">Donn\u00e9es d\u2019utilisation<\/strong> : donn\u00e9es collect\u00e9es automatiquement, g\u00e9n\u00e9r\u00e9es par l\u2019utilisation du Service ou par son infrastructure (ex. dur\u00e9e d\u2019une visite sur une page).<\/p>\n<\/li>\n<li data-start=\"2427\" data-end=\"2508\">\n<p data-start=\"2429\" data-end=\"2508\"><strong data-start=\"2429\" data-end=\"2441\">Site Web<\/strong> : ColorMe Cosmetics, accessible depuis <a class=\"decorated-link\" href=\"http:\/\/www.colorme-cosmetics.com\" target=\"_new\" rel=\"noopener\" data-start=\"2481\" data-end=\"2506\">www.colorme-cosmetics.com<\/a><\/p>\n<\/li>\n<li data-start=\"2509\" data-end=\"2709\">\n<p data-start=\"2511\" data-end=\"2709\"><strong data-start=\"2511\" data-end=\"2519\">Vous<\/strong> : l\u2019individu acc\u00e9dant ou utilisant le Service, ou l\u2019entit\u00e9 l\u00e9gale pour laquelle cet individu agit. Selon le RGPD, Vous pouvez \u00eatre d\u00e9sign\u00e9 comme <strong data-start=\"2665\" data-end=\"2687\">Personne concern\u00e9e<\/strong> ou <strong data-start=\"2691\" data-end=\"2706\">Utilisateur<\/strong>.<\/p>\n<\/li>\n<\/ul>\n<p data-start=\"2716\" data-end=\"2773\"><strong data-start=\"2716\" data-end=\"2771\">Collecte et Utilisation de Vos Donn\u00e9es Personnelles<\/strong><\/p>\n<p data-start=\"2775\" data-end=\"2808\"><strong data-start=\"2775\" data-end=\"2806\">Types de Donn\u00e9es collect\u00e9es<\/strong><\/p>\n<p data-start=\"2810\" data-end=\"2980\"><strong data-start=\"2810\" data-end=\"2834\">Donn\u00e9es personnelles<\/strong><br data-start=\"2834\" data-end=\"2837\" \/>Lors de l\u2019utilisation de notre Service, Nous pouvons Vous demander de fournir certaines informations personnelles identifiables, telles que :<\/p>\n<ul data-start=\"2981\" data-end=\"3017\">\n<li data-start=\"2981\" data-end=\"2999\">\n<p data-start=\"2983\" data-end=\"2999\">Adresse e-mail<\/p>\n<\/li>\n<li data-start=\"3000\" data-end=\"3017\">\n<p data-start=\"3002\" data-end=\"3017\">Pr\u00e9nom et nom<\/p>\n<\/li>\n<\/ul>\n<p data-start=\"3019\" data-end=\"3309\"><strong data-start=\"3019\" data-end=\"3044\">Donn\u00e9es d\u2019utilisation<\/strong><br data-start=\"3044\" data-end=\"3047\" \/>Collect\u00e9es automatiquement lors de l\u2019utilisation du Service, elles peuvent inclure : adresse IP, type et version de navigateur, pages visit\u00e9es, date et heure de la visite, dur\u00e9e sur les pages, identifiants uniques de l\u2019appareil et autres donn\u00e9es diagnostiques.<\/p>\n<p data-start=\"3311\" data-end=\"3598\">Lorsque Vous acc\u00e9dez au Service via un appareil mobile, nous pouvons collecter automatiquement des informations comme : type d\u2019appareil mobile, identifiant unique de l\u2019appareil, adresse IP, syst\u00e8me d\u2019exploitation mobile, type de navigateur Internet mobile et autres donn\u00e9es similaires.<\/p>\n<p data-start=\"3600\" data-end=\"3784\"><strong data-start=\"3600\" data-end=\"3636\">Technologies de suivi et Cookies<\/strong><br data-start=\"3636\" data-end=\"3639\" \/>Nous utilisons des Cookies et technologies similaires pour suivre l\u2019activit\u00e9 sur Notre Service et stocker certaines informations. Cela inclut :<\/p>\n<ul data-start=\"3785\" data-end=\"3846\">\n<li data-start=\"3785\" data-end=\"3826\">\n<p data-start=\"3787\" data-end=\"3826\"><strong data-start=\"3787\" data-end=\"3824\">Cookies persistants et de session<\/strong><\/p>\n<\/li>\n<li data-start=\"3827\" data-end=\"3846\">\n<p data-start=\"3829\" data-end=\"3846\"><strong data-start=\"3829\" data-end=\"3844\">Balises Web<\/strong><\/p>\n<\/li>\n<\/ul>\n<p data-start=\"3848\" data-end=\"3868\">Types de cookies :<\/p>\n<ul data-start=\"3869\" data-end=\"4157\">\n<li data-start=\"3869\" data-end=\"3933\">\n<p data-start=\"3871\" data-end=\"3933\"><strong data-start=\"3871\" data-end=\"3905\">Cookies n\u00e9cessaires\/essentiels<\/strong> (Session, g\u00e9r\u00e9s par Nous)<\/p>\n<\/li>\n<li data-start=\"3934\" data-end=\"4020\">\n<p data-start=\"3936\" data-end=\"4020\"><strong data-start=\"3936\" data-end=\"3988\">Cookies d\u2019acceptation de la politique de cookies<\/strong> (Persistants, g\u00e9r\u00e9s par Nous)<\/p>\n<\/li>\n<li data-start=\"4021\" data-end=\"4079\">\n<p data-start=\"4023\" data-end=\"4079\"><strong data-start=\"4023\" data-end=\"4047\">Cookies fonctionnels<\/strong> (Persistants, g\u00e9r\u00e9s par Nous)<\/p>\n<\/li>\n<li data-start=\"4080\" data-end=\"4157\">\n<p data-start=\"4082\" data-end=\"4157\"><strong data-start=\"4082\" data-end=\"4120\">Cookies de suivi et de performance<\/strong> (Persistants, g\u00e9r\u00e9s par des tiers)<\/p>\n<\/li>\n<\/ul>\n<p data-start=\"4159\" data-end=\"4223\">Pour plus d\u2019informations, voir notre <strong data-start=\"4196\" data-end=\"4220\">Politique de Cookies<\/strong>.<\/p>\n<p data-start=\"4230\" data-end=\"4334\"><strong data-start=\"4230\" data-end=\"4273\">Utilisation de Vos Donn\u00e9es Personnelles<\/strong><br data-start=\"4273\" data-end=\"4276\" \/>La Soci\u00e9t\u00e9 peut utiliser Vos Donn\u00e9es Personnelles pour :<\/p>\n<ul data-start=\"4335\" data-end=\"4665\">\n<li data-start=\"4335\" data-end=\"4370\">\n<p data-start=\"4337\" data-end=\"4370\">Fournir et maintenir le Service<\/p>\n<\/li>\n<li data-start=\"4371\" data-end=\"4393\">\n<p data-start=\"4373\" data-end=\"4393\">G\u00e9rer Votre Compte<\/p>\n<\/li>\n<li data-start=\"4394\" data-end=\"4417\">\n<p data-start=\"4396\" data-end=\"4417\">Ex\u00e9cuter un contrat<\/p>\n<\/li>\n<li data-start=\"4418\" data-end=\"4480\">\n<p data-start=\"4420\" data-end=\"4480\">Vous contacter (email, t\u00e9l\u00e9phone, SMS, notifications push)<\/p>\n<\/li>\n<li data-start=\"4481\" data-end=\"4524\">\n<p data-start=\"4483\" data-end=\"4524\">Vous fournir des offres et informations<\/p>\n<\/li>\n<li data-start=\"4525\" data-end=\"4547\">\n<p data-start=\"4527\" data-end=\"4547\">G\u00e9rer Vos demandes<\/p>\n<\/li>\n<li data-start=\"4548\" data-end=\"4603\">\n<p data-start=\"4550\" data-end=\"4603\">Transferts commerciaux (fusion, vente, acquisition)<\/p>\n<\/li>\n<li data-start=\"4604\" data-end=\"4665\">\n<p data-start=\"4606\" data-end=\"4665\">Autres fins (analyse, am\u00e9lioration du Service, marketing)<\/p>\n<\/li>\n<\/ul>\n<p data-start=\"4667\" data-end=\"4695\"><strong data-start=\"4667\" data-end=\"4693\">Partage de Vos Donn\u00e9es<\/strong><\/p>\n<ul data-start=\"4696\" data-end=\"4913\">\n<li data-start=\"4696\" data-end=\"4733\">\n<p data-start=\"4698\" data-end=\"4733\">Avec des Fournisseurs de services<\/p>\n<\/li>\n<li data-start=\"4734\" data-end=\"4769\">\n<p data-start=\"4736\" data-end=\"4769\">Pour des transferts commerciaux<\/p>\n<\/li>\n<li data-start=\"4770\" data-end=\"4791\">\n<p data-start=\"4772\" data-end=\"4791\">Avec des Affili\u00e9s<\/p>\n<\/li>\n<li data-start=\"4792\" data-end=\"4828\">\n<p data-start=\"4794\" data-end=\"4828\">Avec des partenaires commerciaux<\/p>\n<\/li>\n<li data-start=\"4829\" data-end=\"4885\">\n<p data-start=\"4831\" data-end=\"4885\">Avec d\u2019autres utilisateurs (si partag\u00e9 publiquement)<\/p>\n<\/li>\n<li data-start=\"4886\" data-end=\"4913\">\n<p data-start=\"4888\" data-end=\"4913\">Avec Votre consentement<\/p>\n<\/li>\n<\/ul>\n<p data-start=\"4915\" data-end=\"5104\"><strong data-start=\"4915\" data-end=\"4946\">Conservation de Vos Donn\u00e9es<\/strong><br data-start=\"4946\" data-end=\"4949\" \/>Nous conservons Vos Donn\u00e9es Personnelles uniquement aussi longtemps que n\u00e9cessaire pour les finalit\u00e9s d\u00e9crites et pour respecter nos obligations l\u00e9gales.<\/p>\n<p data-start=\"5106\" data-end=\"5259\"><strong data-start=\"5106\" data-end=\"5134\">Transfert de Vos Donn\u00e9es<\/strong><br data-start=\"5134\" data-end=\"5137\" \/>Vos informations peuvent \u00eatre transf\u00e9r\u00e9es et trait\u00e9es hors de votre juridiction, avec des mesures de s\u00e9curit\u00e9 ad\u00e9quates.<\/p>\n<p data-start=\"5261\" data-end=\"5427\"><strong data-start=\"5261\" data-end=\"5291\">Suppression de Vos Donn\u00e9es<\/strong><br data-start=\"5291\" data-end=\"5294\" \/>Vous avez le droit de demander la suppression ou la correction de Vos Donn\u00e9es Personnelles, via Votre compte ou en nous contactant.<\/p>\n<p data-start=\"5434\" data-end=\"5466\"><strong data-start=\"5434\" data-end=\"5464\">Divulgation de Vos Donn\u00e9es<\/strong><\/p>\n<ul data-start=\"5467\" data-end=\"5610\">\n<li data-start=\"5467\" data-end=\"5534\">\n<p data-start=\"5469\" data-end=\"5534\">Transactions commerciales (fusion, acquisition, vente d\u2019actifs)<\/p>\n<\/li>\n<li data-start=\"5535\" data-end=\"5579\">\n<p data-start=\"5537\" data-end=\"5579\">Forces de l\u2019ordre (si requis par la loi)<\/p>\n<\/li>\n<li data-start=\"5580\" data-end=\"5610\">\n<p data-start=\"5582\" data-end=\"5610\">Autres obligations l\u00e9gales<\/p>\n<\/li>\n<\/ul>\n<p data-start=\"5612\" data-end=\"5777\"><strong data-start=\"5612\" data-end=\"5639\">S\u00e9curit\u00e9 de Vos Donn\u00e9es<\/strong><br data-start=\"5639\" data-end=\"5642\" \/>Nous nous effor\u00e7ons de prot\u00e9ger Vos Donn\u00e9es, mais aucune m\u00e9thode de transmission ou stockage \u00e9lectronique n\u2019est totalement s\u00e9curis\u00e9e.<\/p>\n<p data-start=\"5779\" data-end=\"5818\"><strong data-start=\"5779\" data-end=\"5816\">Analytique et Marketing par Email<\/strong><\/p>\n<ul data-start=\"5819\" data-end=\"5886\">\n<li data-start=\"5819\" data-end=\"5839\">\n<p data-start=\"5821\" data-end=\"5839\">Google Analytics<\/p>\n<\/li>\n<li data-start=\"5840\" data-end=\"5886\">\n<p data-start=\"5842\" data-end=\"5886\">Brevo pour newsletters et emails marketing<\/p>\n<\/li>\n<\/ul>\n<p data-start=\"5888\" data-end=\"5966\">Vous pouvez vous d\u00e9sinscrire ou refuser le suivi selon les options fournies.<\/p>\n<p data-start=\"5973\" data-end=\"6153\"><strong data-start=\"5973\" data-end=\"6007\">RGPD : Bases l\u00e9gales et droits<\/strong><br data-start=\"6007\" data-end=\"6010\" \/><strong data-start=\"6010\" data-end=\"6029\">Bases l\u00e9gales :<\/strong> consentement, ex\u00e9cution d\u2019un contrat, obligations l\u00e9gales, int\u00e9r\u00eats vitaux, mission d\u2019int\u00e9r\u00eat public, int\u00e9r\u00eats l\u00e9gitimes.<\/p>\n<p data-start=\"6155\" data-end=\"6173\"><strong data-start=\"6155\" data-end=\"6171\">Vos droits :<\/strong><\/p>\n<ul data-start=\"6174\" data-end=\"6364\">\n<li data-start=\"6174\" data-end=\"6260\">\n<p data-start=\"6176\" data-end=\"6260\">Acc\u00e8s, rectification, suppression, opposition, limitation, portabilit\u00e9 des donn\u00e9es<\/p>\n<\/li>\n<li data-start=\"6261\" data-end=\"6288\">\n<p data-start=\"6263\" data-end=\"6288\">Retrait du consentement<\/p>\n<\/li>\n<li data-start=\"6289\" data-end=\"6364\">\n<p data-start=\"6291\" data-end=\"6364\">Droit de porter plainte aupr\u00e8s d\u2019une autorit\u00e9 de protection des donn\u00e9es<\/p>\n<\/li>\n<\/ul>\n<p data-start=\"6366\" data-end=\"6498\"><strong data-start=\"6366\" data-end=\"6397\">Confidentialit\u00e9 des enfants<\/strong><br data-start=\"6397\" data-end=\"6400\" \/>Le Service ne s\u2019adresse pas aux moins de 13 ans. Nous ne collectons pas sciemment leurs donn\u00e9es.<\/p>\n<p data-start=\"6500\" data-end=\"6587\"><strong data-start=\"6500\" data-end=\"6529\">Liens vers d\u2019autres sites<\/strong><br data-start=\"6529\" data-end=\"6532\" \/>Nous ne sommes pas responsables des sites tiers li\u00e9s.<\/p>\n<p data-start=\"6589\" data-end=\"6734\"><strong data-start=\"6589\" data-end=\"6622\">Modifications de la Politique<\/strong><br data-start=\"6622\" data-end=\"6625\" \/>Nous mettrons \u00e0 jour cette Politique de confidentialit\u00e9 et indiquerons la <strong data-start=\"6699\" data-end=\"6731\">date de derni\u00e8re mise \u00e0 jour<\/strong>.<\/p>\n<p data-start=\"6736\" data-end=\"6756\"><strong data-start=\"6736\" data-end=\"6754\">Nous contacter<\/strong><\/p>\n<ul data-start=\"6757\" data-end=\"6862\">\n<li data-start=\"6757\" data-end=\"6803\">\n<p data-start=\"6759\" data-end=\"6803\">Par email : <strong data-start=\"6771\" data-end=\"6801\"><a class=\"decorated-link cursor-pointer\" rel=\"noopener\" data-start=\"6773\" data-end=\"6799\">info@colorme-cosmetics.com<\/a><\/strong><\/p>\n<\/li>\n<li data-start=\"6804\" data-end=\"6862\">\n<p data-start=\"6806\" data-end=\"6862\">Via le formulaire : <a href=\"https:\/\/colorme-cosmetics.com\/fr\/contact\/\"><strong data-start=\"6826\" data-end=\"6860\">colorme-cosmetics.com\/fr\/contact\/<\/strong><\/a><\/p>\n<\/li>\n<\/ul>\n<\/div><\/div><\/div><\/div><\/div><\/section>","protected":false},"excerpt":{"rendered":"","protected":false},"author":1,"featured_media":0,"parent":0,"menu_order":990,"comment_status":"closed","ping_status":"closed","template":"","meta":{"_acf_changed":false,"footnotes":""},"class_list":["post-5726","page","type-page","status-publish","hentry"],"acf":[],"yoast_head":"<!-- This site is optimized with the Yoast SEO plugin v27.5 - https:\/\/yoast.com\/product\/yoast-seo-wordpress\/ -->\n<title>Politique de confidentialit\u00e9 - ColorMe Cosmetics<\/title>\n<meta name=\"robots\" content=\"index, follow, max-snippet:-1, max-image-preview:large, max-video-preview:-1\" \/>\n<link rel=\"canonical\" href=\"https:\/\/colorme-cosmetics.com\/fr\/politique-de-confidentialite\/\" \/>\n<meta property=\"og:locale\" content=\"fr_FR\" \/>\n<meta property=\"og:type\" content=\"article\" \/>\n<meta property=\"og:title\" content=\"Politique de confidentialit\u00e9 - ColorMe Cosmetics\" \/>\n<meta property=\"og:url\" content=\"https:\/\/colorme-cosmetics.com\/fr\/politique-de-confidentialite\/\" \/>\n<meta property=\"og:site_name\" content=\"ColorMe Cosmetics\" \/>\n<meta property=\"article:modified_time\" content=\"2026-01-13T10:44:37+00:00\" \/>\n<meta name=\"twitter:card\" content=\"summary_large_image\" \/>\n<meta name=\"twitter:label1\" content=\"Dur\u00e9e de lecture estim\u00e9e\" \/>\n\t<meta name=\"twitter:data1\" content=\"5 minutes\" \/>\n<script type=\"application\/ld+json\" class=\"yoast-schema-graph\">{\"@context\":\"https:\\\/\\\/schema.org\",\"@graph\":[{\"@type\":\"WebPage\",\"@id\":\"https:\\\/\\\/colorme-cosmetics.com\\\/fr\\\/politique-de-confidentialite\\\/\",\"url\":\"https:\\\/\\\/colorme-cosmetics.com\\\/fr\\\/politique-de-confidentialite\\\/\",\"name\":\"Politique de confidentialit\u00e9 - ColorMe Cosmetics\",\"isPartOf\":{\"@id\":\"https:\\\/\\\/colorme-cosmetics.com\\\/fr\\\/#website\"},\"datePublished\":\"2023-04-17T05:50:08+00:00\",\"dateModified\":\"2026-01-13T10:44:37+00:00\",\"breadcrumb\":{\"@id\":\"https:\\\/\\\/colorme-cosmetics.com\\\/fr\\\/politique-de-confidentialite\\\/#breadcrumb\"},\"inLanguage\":\"fr-FR\",\"potentialAction\":[{\"@type\":\"ReadAction\",\"target\":[\"https:\\\/\\\/colorme-cosmetics.com\\\/fr\\\/politique-de-confidentialite\\\/\"]}]},{\"@type\":\"BreadcrumbList\",\"@id\":\"https:\\\/\\\/colorme-cosmetics.com\\\/fr\\\/politique-de-confidentialite\\\/#breadcrumb\",\"itemListElement\":[{\"@type\":\"ListItem\",\"position\":1,\"name\":\"Home\",\"item\":\"https:\\\/\\\/colorme-cosmetics.com\\\/fr\\\/\"},{\"@type\":\"ListItem\",\"position\":2,\"name\":\"Politique de confidentialit\u00e9\"}]},{\"@type\":\"WebSite\",\"@id\":\"https:\\\/\\\/colorme-cosmetics.com\\\/fr\\\/#website\",\"url\":\"https:\\\/\\\/colorme-cosmetics.com\\\/fr\\\/\",\"name\":\"ColorMe Cosmetics\",\"description\":\"\",\"potentialAction\":[{\"@type\":\"SearchAction\",\"target\":{\"@type\":\"EntryPoint\",\"urlTemplate\":\"https:\\\/\\\/colorme-cosmetics.com\\\/fr\\\/?s={search_term_string}\"},\"query-input\":{\"@type\":\"PropertyValueSpecification\",\"valueRequired\":true,\"valueName\":\"search_term_string\"}}],\"inLanguage\":\"fr-FR\"}]}<\/script>\n<!-- \/ Yoast SEO plugin. -->","yoast_head_json":{"title":"Politique de confidentialit\u00e9 - ColorMe Cosmetics","robots":{"index":"index","follow":"follow","max-snippet":"max-snippet:-1","max-image-preview":"max-image-preview:large","max-video-preview":"max-video-preview:-1"},"canonical":"https:\/\/colorme-cosmetics.com\/fr\/politique-de-confidentialite\/","og_locale":"fr_FR","og_type":"article","og_title":"Politique de confidentialit\u00e9 - ColorMe Cosmetics","og_url":"https:\/\/colorme-cosmetics.com\/fr\/politique-de-confidentialite\/","og_site_name":"ColorMe Cosmetics","article_modified_time":"2026-01-13T10:44:37+00:00","twitter_card":"summary_large_image","twitter_misc":{"Dur\u00e9e de lecture estim\u00e9e":"5 minutes"},"schema":{"@context":"https:\/\/schema.org","@graph":[{"@type":"WebPage","@id":"https:\/\/colorme-cosmetics.com\/fr\/politique-de-confidentialite\/","url":"https:\/\/colorme-cosmetics.com\/fr\/politique-de-confidentialite\/","name":"Politique de confidentialit\u00e9 - ColorMe Cosmetics","isPartOf":{"@id":"https:\/\/colorme-cosmetics.com\/fr\/#website"},"datePublished":"2023-04-17T05:50:08+00:00","dateModified":"2026-01-13T10:44:37+00:00","breadcrumb":{"@id":"https:\/\/colorme-cosmetics.com\/fr\/politique-de-confidentialite\/#breadcrumb"},"inLanguage":"fr-FR","potentialAction":[{"@type":"ReadAction","target":["https:\/\/colorme-cosmetics.com\/fr\/politique-de-confidentialite\/"]}]},{"@type":"BreadcrumbList","@id":"https:\/\/colorme-cosmetics.com\/fr\/politique-de-confidentialite\/#breadcrumb","itemListElement":[{"@type":"ListItem","position":1,"name":"Home","item":"https:\/\/colorme-cosmetics.com\/fr\/"},{"@type":"ListItem","position":2,"name":"Politique de confidentialit\u00e9"}]},{"@type":"WebSite","@id":"https:\/\/colorme-cosmetics.com\/fr\/#website","url":"https:\/\/colorme-cosmetics.com\/fr\/","name":"ColorMe Cosmetics","description":"","potentialAction":[{"@type":"SearchAction","target":{"@type":"EntryPoint","urlTemplate":"https:\/\/colorme-cosmetics.com\/fr\/?s={search_term_string}"},"query-input":{"@type":"PropertyValueSpecification","valueRequired":true,"valueName":"search_term_string"}}],"inLanguage":"fr-FR"}]}},"_links":{"self":[{"href":"https:\/\/colorme-cosmetics.com\/fr\/wp-json\/wp\/v2\/pages\/5726","targetHints":{"allow":["GET"]}}],"collection":[{"href":"https:\/\/colorme-cosmetics.com\/fr\/wp-json\/wp\/v2\/pages"}],"about":[{"href":"https:\/\/colorme-cosmetics.com\/fr\/wp-json\/wp\/v2\/types\/page"}],"author":[{"embeddable":true,"href":"https:\/\/colorme-cosmetics.com\/fr\/wp-json\/wp\/v2\/users\/1"}],"replies":[{"embeddable":true,"href":"https:\/\/colorme-cosmetics.com\/fr\/wp-json\/wp\/v2\/comments?post=5726"}],"version-history":[{"count":4,"href":"https:\/\/colorme-cosmetics.com\/fr\/wp-json\/wp\/v2\/pages\/5726\/revisions"}],"predecessor-version":[{"id":5744,"href":"https:\/\/colorme-cosmetics.com\/fr\/wp-json\/wp\/v2\/pages\/5726\/revisions\/5744"}],"wp:attachment":[{"href":"https:\/\/colorme-cosmetics.com\/fr\/wp-json\/wp\/v2\/media?parent=5726"}],"curies":[{"name":"wp","href":"https:\/\/api.w.org\/{rel}","templated":true}]}}