{"id":6232,"date":"2026-04-15T10:28:31","date_gmt":"2026-04-15T08:28:31","guid":{"rendered":"https:\/\/colorme-cosmetics.com\/?page_id=6232"},"modified":"2026-04-17T14:32:42","modified_gmt":"2026-04-17T12:32:42","slug":"comment-enlever","status":"publish","type":"page","link":"https:\/\/colorme-cosmetics.com\/fr\/comment-enlever\/","title":{"rendered":"Comment enlever"},"content":{"rendered":"<section id=section-block-block_a15eecd417277b237d59ae1f7c6ba37e class=\"section block_content standard\" itemscope itemtype=\"http:\/\/schema.org\/WebPageElement\" itemprop=\"hasPart\"><div class=\"container\"><div class=\"block-row blocks-in-row-1\"><div class=\"block content-block\" itemscope itemtype=\"http:\/\/schema.org\/WebPageElement\" itemprop=\"isPartOf\"><div class=\"inner-wrapper\"><div itemprop=\"text\" class=\"content-wrapper\"><p><strong>Comment retirer votre vernis semi-permanent en 3 \u00e9tapes simples<\/strong><\/p>\n<p>Nous adorons les manucures brillantes, mais quand vient le moment de s&rsquo;en s\u00e9parer, il faut le faire correctement. Pas d&rsquo;arrachage, pas de grattage, et surtout pas de dommages aux ongles. Retirer votre vernis \u00e0 la maison est tout \u00e0 fait possible avec un peu de patience et la bonne m\u00e9thode. Voici comment faire comme une pro, en seulement 3 \u00e9tapes.<\/p>\n<\/div><\/div><\/div><\/div><\/div><\/section>\n\n<section id=content-with-numbered-repeater-blockk-block_b3da3aa0a6053ef05f59fc51e8e49447 class=\"section content-with-numbered-repeater-block\" itemscope><div class=\"container\"><div class=\"block-row blocks-in-row-1\"><div class=\"block numbered-content\"><div class=\"inner-wrapper\"><ul><li class=\"numbered-item\"><span class=\"number-icon\">1<\/span><div class=\"textual-wrapper\"><h2 class=\"block-title\">\u00c9tape 1 : pour la Base Peel-Off (l&rsquo;unique \u00e9tape)<\/h2><div class=\"content-wrapper\"><p>D\u00e9collez d\u00e9licatement le bord du vernis (par exemple avec un b\u00e2tonnet en bois), id\u00e9alement apr\u00e8s une douche chaude ou avec un peu d&rsquo;huile pour ongles, puis retirez-le lentement pour ne pas ab\u00eemer vos ongles.<\/p>\n<\/div><\/div><a href=\"https:\/\/colorme-cosmetics.com\/fr\/produit\/colorme-peel-off-base-coat\/\"  title=\"Peel Off Base Coat\" class=\"img-wrapper hover\" itemscope itemtype=\"http:\/\/schema.org\/WebPage\" itemprop=\"isPartOf\"><figure itemscope itemtype=\"http:\/\/schema.org\/ImageObject\" itemprop=\"isPartOf\" class=\"img-wrapper\"><meta itemprop=\"text\" content=\"Peel-off Base Coat\"><img decoding=\"async\" title=\"Peel-off Base Coat\" alt=\"Peel-off Base Coat\" width=\"800\" height=\"800\" src=\"https:\/\/colorme-cosmetics.com\/wp-content\/uploads\/2024\/04\/IMG_8694-800px_2.png\"\/><meta itemprop=\"name\" content=\"Peel-off Base Coat\"><meta itemprop=\"image\" content=\"https:\/\/colorme-cosmetics.com\/wp-content\/uploads\/2024\/04\/IMG_8694-800px_2.png\"><\/figure><\/a><\/li><li class=\"numbered-item\"><span class=\"number-icon\">2<\/span><div class=\"textual-wrapper\"><h2 class=\"block-title\">\u00c9tape 1 : pour la Base Classique : Limez le Top Coat<\/h2><div class=\"content-wrapper\"><p>Commencez par polir d\u00e9licatement la surface de vos ongles avec une lime. Cela brise la couche de finition pour que le dissolvant puisse agir. Ne limez pas trop fort, juste assez pour retirer la brillance.<\/p>\n<\/div><\/div><a href=\"https:\/\/colorme-cosmetics.com\/fr\/produit\/colorme-kit-doutils\/\"  title=\"Tool Kit\" class=\"img-wrapper hover\" itemscope itemtype=\"http:\/\/schema.org\/WebPage\" itemprop=\"isPartOf\"><figure itemscope itemtype=\"http:\/\/schema.org\/ImageObject\" itemprop=\"isPartOf\" class=\"img-wrapper\"><meta itemprop=\"text\" content=\"ColorMe - Nail File\"><img decoding=\"async\" title=\"ColorMe - Nail File\" alt=\"ColorMe - Nail File\" width=\"800\" height=\"800\" src=\"https:\/\/colorme-cosmetics.com\/wp-content\/uploads\/2024\/04\/ColorMe-06-e1725434305525-800x800.jpg\"\/><meta itemprop=\"name\" content=\"ColorMe - Nail File\"><meta itemprop=\"image\" content=\"https:\/\/colorme-cosmetics.com\/wp-content\/uploads\/2024\/04\/ColorMe-06-e1725434305525-800x800.jpg\"><\/figure><\/a><\/li><li class=\"numbered-item\"><span class=\"number-icon\">3<\/span><div class=\"textual-wrapper\"><h2 class=\"block-title\">\u00c9tape 2 : Tremper &#038; Envelopper<\/h2><div class=\"content-wrapper\"><p>Imbibez un coton de notre dissolvant <a href=\"https:\/\/colorme-cosmetics.com\/fr\/produit\/colorme-soak-it-off-liquid-dissolvant\/\"><strong>ColorMe &#8211; Soak It Off Liquid<\/strong><\/a>, placez-le sur votre ongle et enveloppez chaque bout de doigt avec les clips de retrait r\u00e9utilisables. Laissez poser 10 \u00e0 15 minutes pendant que vous scrollez, grignotez ou vous d\u00e9tendez.<\/p>\n<\/div><\/div><a href=\"https:\/\/colorme-cosmetics.com\/fr\/produit\/colorme-clips-pour-dissolvant\/\"  title=\"Removal Kit\" class=\"img-wrapper hover\" itemscope itemtype=\"http:\/\/schema.org\/WebPage\" itemprop=\"isPartOf\"><figure itemscope itemtype=\"http:\/\/schema.org\/ImageObject\" itemprop=\"isPartOf\" class=\"img-wrapper\"><meta itemprop=\"text\" content=\"ColorMe - removal clips\"><img decoding=\"async\" title=\"ColorMe - removal clips\" alt=\"ColorMe - removal clips\" width=\"800\" height=\"800\" src=\"https:\/\/colorme-cosmetics.com\/wp-content\/uploads\/2024\/04\/STL_1759-800x800.jpg\"\/><meta itemprop=\"name\" content=\"ColorMe - removal clips\"><meta itemprop=\"image\" content=\"https:\/\/colorme-cosmetics.com\/wp-content\/uploads\/2024\/04\/STL_1759-800x800.jpg\"><\/figure><\/a><\/li><li class=\"numbered-item\"><span class=\"number-icon\">4<\/span><div class=\"textual-wrapper\"><h2 class=\"block-title\">\u00c9tape 3 : Repousser d\u00e9licatement<\/h2><div class=\"content-wrapper\"><p>Apr\u00e8s la pause, utilisez le b\u00e2tonnet de retrait du <a href=\"https:\/\/colorme-cosmetics.com\/fr\/produit\/colorme-kit-doutils\/\"><strong>ColorMe &#8211; Tool Kit<\/strong><\/a> pour repousser doucement le gel ; il devrait s&rsquo;enlever facilement. Si ce n&rsquo;est pas le cas, laissez poser \u00e0 nouveau quelques minutes. Terminez avec une huile nourrissante pour cuticules et une cr\u00e8me pour les mains. Bonjour les ongles frais !<\/p>\n<\/div><\/div><a href=\"https:\/\/colorme-cosmetics.com\/fr\/produit\/colorme-kit-doutils\/\"  title=\"Tool Kit\" class=\"img-wrapper hover\" itemscope itemtype=\"http:\/\/schema.org\/WebPage\" itemprop=\"isPartOf\"><figure itemscope itemtype=\"http:\/\/schema.org\/ImageObject\" itemprop=\"isPartOf\" class=\"img-wrapper\"><meta itemprop=\"text\" content=\"Gel Polish Tool Kit\"><img decoding=\"async\" title=\"ColorMe Gel Polish Tool Kit\" alt=\"Gel Polish Tool Kit\" width=\"800\" height=\"800\" src=\"https:\/\/colorme-cosmetics.com\/wp-content\/uploads\/2024\/04\/ColorMe-Tool-kit-800x800.jpg\"\/><meta itemprop=\"name\" content=\"ColorMe Gel Polish Tool Kit\"><meta itemprop=\"image\" content=\"https:\/\/colorme-cosmetics.com\/wp-content\/uploads\/2024\/04\/ColorMe-Tool-kit-800x800.jpg\"><\/figure><\/a><\/li><li class=\"numbered-item\"><span class=\"number-icon\">5<\/span><div class=\"textual-wrapper\"><h2 class=\"block-title\">Soin des ongles = soin de soi<\/h2><div class=\"content-wrapper\"><p>Retirer votre vernis de la bonne mani\u00e8re garde vos ongles naturels forts, lisses et pr\u00eats pour leur prochaine mise en beaut\u00e9. Pas de d\u00e9g\u00e2ts, pas de stress, juste des ongles heureux et sains.<\/p>\n<\/div><\/div><a href=\"https:\/\/colorme-cosmetics.com\/fr\/produit\/colorme-kit-doutils\/\"  title=\"Tool Kit\" class=\"img-wrapper hover\" itemscope itemtype=\"http:\/\/schema.org\/WebPage\" itemprop=\"isPartOf\"><figure itemscope itemtype=\"http:\/\/schema.org\/ImageObject\" itemprop=\"isPartOf\" class=\"img-wrapper\"><meta itemprop=\"text\" content=\"Cuticle Tool, Nail File, Prep &#038; Wipe and Peel Off Base Coat\"><img decoding=\"async\" title=\"Cuticle Tool, Nail File, Prep &#038; Wipe and Peel Off Base Coat\" alt=\"Cuticle Tool, Nail File, Prep &#038; Wipe and Peel Off Base Coat\" width=\"800\" height=\"700\" src=\"https:\/\/colorme-cosmetics.com\/wp-content\/uploads\/2024\/04\/ColorMe-02-800x700.jpg\"\/><meta itemprop=\"name\" content=\"Cuticle Tool, Nail File, Prep &#038; Wipe and Peel Off Base Coat\"><meta itemprop=\"image\" content=\"https:\/\/colorme-cosmetics.com\/wp-content\/uploads\/2024\/04\/ColorMe-02-800x700.jpg\"><\/figure><\/a><\/li><\/ul><\/div><\/div><\/div><\/div><\/section>\n\n<section id=section-block-block_2e0c684736890e87f11a83d908eb39f7 class=\"section block_content standard\" itemscope itemtype=\"http:\/\/schema.org\/WebPageElement\" itemprop=\"hasPart\"><div class=\"container\"><div class=\"block-row blocks-in-row-1\"><div class=\"block content-block\" itemscope itemtype=\"http:\/\/schema.org\/WebPageElement\" itemprop=\"isPartOf\"><div class=\"inner-wrapper\"><a  title=\"Instructions et avertissements plus d\u00e9taill\u00e9s\" href=\"https:\/\/colorme-cosmetics.com\/fr\/avertissements-et-instructions\/\" class=\"button\" itemscope itemtype=\"http:\/\/schema.org\/WebPage\" itemprop=\"isPartOf\"><meta itemprop=\"significantLink\" content=\"https:\/\/colorme-cosmetics.com\/fr\/avertissements-et-instructions\/\">Instructions et avertissements plus d\u00e9taill\u00e9s<\/a><\/div><\/div><\/div><\/div><\/section>\n\n<section id=section-block-block_8a6d0b2bd7aa4c8e0fdd3c7e735c743b class=\"section link_repeater_block row-items-4 button-inside\" itemscope itemtype=\"http:\/\/schema.org\/WebPageElement\" itemprop=\"isPartOf\"><div class=\"container\"><div class=\"block-row blocks-in-row-1\"><div class=\"block link-repeater-block\"><div class=\"title-wrapper\"><h2 class=\"block-title h2\">En savoir plus<\/h2><\/div><ul><li><a  title=\"Conseils et astuces\" href=\"https:\/\/colorme-cosmetics.com\/fr\/8-conseils-pour-lapplication-du-vernis-en-gel\/\" class=\"repeater-item\" itemscope itemtype=\"http:\/\/schema.org\/WebPage\" itemprop=\"isPartOf\"><meta itemprop=\"significantLink\" content=\"https:\/\/colorme-cosmetics.com\/fr\/8-conseils-pour-lapplication-du-vernis-en-gel\/\"><figure itemscope itemtype=\"http:\/\/schema.org\/ImageObject\" itemprop=\"isPartOf\" class=\"img-wrapper\"><meta itemprop=\"description\" content=\"Nail model\"><img decoding=\"async\" title=\"Nail model\" alt=\"Nail model\" width=\"400\" height=\"600\" src=\"https:\/\/colorme-cosmetics.com\/wp-content\/uploads\/2024\/04\/temp-scaled.jpg\"\/><meta itemprop=\"name\" content=\"Nail model\"><meta itemprop=\"image\" content=\"https:\/\/colorme-cosmetics.com\/wp-content\/uploads\/2024\/04\/temp-scaled.jpg\"><\/figure><div class=\"title-bar-wrapper\"><div class=\"title-bar\">Conseils et astuces<\/div><\/div><\/a><\/li><li><a  title=\"Blog\" href=\"https:\/\/colorme-cosmetics.com\/fr\/blog\/\" class=\"repeater-item\" itemscope itemtype=\"http:\/\/schema.org\/WebPage\" itemprop=\"isPartOf\"><meta itemprop=\"significantLink\" content=\"https:\/\/colorme-cosmetics.com\/fr\/blog\/\"><figure itemscope itemtype=\"http:\/\/schema.org\/ImageObject\" itemprop=\"isPartOf\" class=\"img-wrapper\"><meta itemprop=\"description\" content=\"Keep It Classy Gel Colour\"><img decoding=\"async\" title=\"Keep It Classy Gel Colour\" alt=\"Keep It Classy Gel Colour\" width=\"400\" height=\"600\" src=\"https:\/\/colorme-cosmetics.com\/wp-content\/uploads\/2024\/04\/Keep-It-Classy-model-400x600.jpg\"\/><meta itemprop=\"name\" content=\"Keep It Classy Gel Colour\"><meta itemprop=\"image\" content=\"https:\/\/colorme-cosmetics.com\/wp-content\/uploads\/2024\/04\/Keep-It-Classy-model-400x600.jpg\"><\/figure><div class=\"title-bar-wrapper\"><div class=\"title-bar\">Blog<\/div><\/div><\/a><\/li><li><a  title=\"Trouvez votre couleur\" href=\"https:\/\/colorme-cosmetics.com\/fr\/comment-trouver-la-couleur-de-gelpolish-qui-vous-convient-le-mieux\/\" class=\"repeater-item\" itemscope itemtype=\"http:\/\/schema.org\/WebPage\" itemprop=\"isPartOf\"><meta itemprop=\"significantLink\" content=\"https:\/\/colorme-cosmetics.com\/fr\/comment-trouver-la-couleur-de-gelpolish-qui-vous-convient-le-mieux\/\"><figure itemscope itemtype=\"http:\/\/schema.org\/ImageObject\" itemprop=\"isPartOf\" class=\"img-wrapper\"><meta itemprop=\"description\" content=\"Nail model\"><img decoding=\"async\" title=\"Nail + Face model\" alt=\"Nail model\" width=\"400\" height=\"600\" src=\"https:\/\/colorme-cosmetics.com\/wp-content\/uploads\/2024\/04\/temp3.jpg\"\/><meta itemprop=\"name\" content=\"Nail + Face model\"><meta itemprop=\"image\" content=\"https:\/\/colorme-cosmetics.com\/wp-content\/uploads\/2024\/04\/temp3.jpg\"><\/figure><div class=\"title-bar-wrapper\"><div class=\"title-bar\">Trouvez votre couleur<\/div><\/div><\/a><\/li><li><a  title=\"Boutique\" href=\"https:\/\/colorme-cosmetics.com\/fr\/boutique\/\" class=\"repeater-item\" itemscope itemtype=\"http:\/\/schema.org\/WebPage\" itemprop=\"isPartOf\"><meta itemprop=\"significantLink\" content=\"https:\/\/colorme-cosmetics.com\/fr\/boutique\/\"><figure itemscope itemtype=\"http:\/\/schema.org\/ImageObject\" itemprop=\"isPartOf\" class=\"img-wrapper\"><meta itemprop=\"description\" content=\"Gel Primer, Top Coat, Peel-Off Base Coat and Keep It Spicy\"><img decoding=\"async\" title=\"Keep It Spicy, Top Coat, Base Coat and Gel Primer\" alt=\"Gel Primer, Top Coat, Peel-Off Base Coat and Keep It Spicy\" width=\"400\" height=\"600\" src=\"https:\/\/colorme-cosmetics.com\/wp-content\/uploads\/2024\/04\/Keep-It-Spicy-sfeer-400x600.jpg\"\/><meta itemprop=\"name\" content=\"Keep It Spicy, Top Coat, Base Coat and Gel Primer\"><meta itemprop=\"image\" content=\"https:\/\/colorme-cosmetics.com\/wp-content\/uploads\/2024\/04\/Keep-It-Spicy-sfeer-400x600.jpg\"><\/figure><div class=\"title-bar-wrapper\"><div class=\"title-bar\">Boutique<\/div><\/div><\/a><\/li><\/ul><\/div><\/div><\/div><\/section>","protected":false},"excerpt":{"rendered":"","protected":false},"author":3,"featured_media":4984,"parent":0,"menu_order":600,"comment_status":"closed","ping_status":"closed","template":"","meta":{"_acf_changed":false,"footnotes":""},"class_list":["post-6232","page","type-page","status-publish","has-post-thumbnail","hentry"],"acf":[],"yoast_head":"<!-- This site is optimized with the Yoast SEO plugin v27.3 - https:\/\/yoast.com\/product\/yoast-seo-wordpress\/ -->\n<title>Proc\u00e9dure de retrait - ColorMe Cosmetics<\/title>\n<meta name=\"description\" content=\"Un vernis semi-permanent digne d&#039;un salon de beaut\u00e9, appliqu\u00e9 chez vous en seulement 10 minutes. Suivez ces \u00e9tapes pour obtenir le meilleur r\u00e9sultat possible.\" \/>\n<meta name=\"robots\" content=\"index, follow, max-snippet:-1, max-image-preview:large, max-video-preview:-1\" \/>\n<link rel=\"canonical\" href=\"https:\/\/colorme-cosmetics.com\/fr\/comment-enlever\/\" \/>\n<meta property=\"og:locale\" content=\"fr_FR\" \/>\n<meta property=\"og:type\" content=\"article\" \/>\n<meta property=\"og:title\" content=\"Proc\u00e9dure de retrait - ColorMe Cosmetics\" \/>\n<meta property=\"og:description\" content=\"Un vernis semi-permanent digne d&#039;un salon de beaut\u00e9, appliqu\u00e9 chez vous en seulement 10 minutes. Suivez ces \u00e9tapes pour obtenir le meilleur r\u00e9sultat possible.\" \/>\n<meta property=\"og:url\" content=\"https:\/\/colorme-cosmetics.com\/fr\/comment-enlever\/\" \/>\n<meta property=\"og:site_name\" content=\"ColorMe Cosmetics\" \/>\n<meta property=\"article:modified_time\" content=\"2026-04-17T12:32:42+00:00\" \/>\n<meta property=\"og:image\" content=\"https:\/\/colorme-cosmetics.com\/wp-content\/uploads\/2024\/10\/SSN-naturals-sheers-2109999173-e1729763063179.jpg\" \/>\n\t<meta property=\"og:image:width\" content=\"2000\" \/>\n\t<meta property=\"og:image:height\" content=\"926\" \/>\n\t<meta property=\"og:image:type\" content=\"image\/jpeg\" \/>\n<meta name=\"twitter:card\" content=\"summary_large_image\" \/>\n<meta name=\"twitter:label1\" content=\"Dur\u00e9e de lecture estim\u00e9e\" \/>\n\t<meta name=\"twitter:data1\" content=\"4 minutes\" \/>\n<script type=\"application\/ld+json\" class=\"yoast-schema-graph\">{\"@context\":\"https:\\\/\\\/schema.org\",\"@graph\":[{\"@type\":\"WebPage\",\"@id\":\"https:\\\/\\\/colorme-cosmetics.com\\\/fr\\\/comment-enlever\\\/\",\"url\":\"https:\\\/\\\/colorme-cosmetics.com\\\/fr\\\/comment-enlever\\\/\",\"name\":\"Proc\u00e9dure de retrait - ColorMe Cosmetics\",\"isPartOf\":{\"@id\":\"https:\\\/\\\/colorme-cosmetics.com\\\/fr\\\/#website\"},\"primaryImageOfPage\":{\"@id\":\"https:\\\/\\\/colorme-cosmetics.com\\\/fr\\\/comment-enlever\\\/#primaryimage\"},\"image\":{\"@id\":\"https:\\\/\\\/colorme-cosmetics.com\\\/fr\\\/comment-enlever\\\/#primaryimage\"},\"thumbnailUrl\":\"https:\\\/\\\/colorme-cosmetics.com\\\/wp-content\\\/uploads\\\/2024\\\/10\\\/SSN-naturals-sheers-2109999173-e1729763063179.jpg\",\"datePublished\":\"2026-04-15T08:28:31+00:00\",\"dateModified\":\"2026-04-17T12:32:42+00:00\",\"description\":\"Un vernis semi-permanent digne d'un salon de beaut\u00e9, appliqu\u00e9 chez vous en seulement 10 minutes. Suivez ces \u00e9tapes pour obtenir le meilleur r\u00e9sultat possible.\",\"breadcrumb\":{\"@id\":\"https:\\\/\\\/colorme-cosmetics.com\\\/fr\\\/comment-enlever\\\/#breadcrumb\"},\"inLanguage\":\"fr-FR\",\"potentialAction\":[{\"@type\":\"ReadAction\",\"target\":[\"https:\\\/\\\/colorme-cosmetics.com\\\/fr\\\/comment-enlever\\\/\"]}]},{\"@type\":\"ImageObject\",\"inLanguage\":\"fr-FR\",\"@id\":\"https:\\\/\\\/colorme-cosmetics.com\\\/fr\\\/comment-enlever\\\/#primaryimage\",\"url\":\"https:\\\/\\\/colorme-cosmetics.com\\\/wp-content\\\/uploads\\\/2024\\\/10\\\/SSN-naturals-sheers-2109999173-e1729763063179.jpg\",\"contentUrl\":\"https:\\\/\\\/colorme-cosmetics.com\\\/wp-content\\\/uploads\\\/2024\\\/10\\\/SSN-naturals-sheers-2109999173-e1729763063179.jpg\",\"width\":2000,\"height\":926,\"caption\":\"Natural Model\"},{\"@type\":\"BreadcrumbList\",\"@id\":\"https:\\\/\\\/colorme-cosmetics.com\\\/fr\\\/comment-enlever\\\/#breadcrumb\",\"itemListElement\":[{\"@type\":\"ListItem\",\"position\":1,\"name\":\"Home\",\"item\":\"https:\\\/\\\/colorme-cosmetics.com\\\/fr\\\/\"},{\"@type\":\"ListItem\",\"position\":2,\"name\":\"Comment enlever\"}]},{\"@type\":\"WebSite\",\"@id\":\"https:\\\/\\\/colorme-cosmetics.com\\\/fr\\\/#website\",\"url\":\"https:\\\/\\\/colorme-cosmetics.com\\\/fr\\\/\",\"name\":\"ColorMe Cosmetics\",\"description\":\"\",\"potentialAction\":[{\"@type\":\"SearchAction\",\"target\":{\"@type\":\"EntryPoint\",\"urlTemplate\":\"https:\\\/\\\/colorme-cosmetics.com\\\/fr\\\/?s={search_term_string}\"},\"query-input\":{\"@type\":\"PropertyValueSpecification\",\"valueRequired\":true,\"valueName\":\"search_term_string\"}}],\"inLanguage\":\"fr-FR\"}]}<\/script>\n<!-- \/ Yoast SEO plugin. -->","yoast_head_json":{"title":"Proc\u00e9dure de retrait - ColorMe Cosmetics","description":"Un vernis semi-permanent digne d'un salon de beaut\u00e9, appliqu\u00e9 chez vous en seulement 10 minutes. Suivez ces \u00e9tapes pour obtenir le meilleur r\u00e9sultat possible.","robots":{"index":"index","follow":"follow","max-snippet":"max-snippet:-1","max-image-preview":"max-image-preview:large","max-video-preview":"max-video-preview:-1"},"canonical":"https:\/\/colorme-cosmetics.com\/fr\/comment-enlever\/","og_locale":"fr_FR","og_type":"article","og_title":"Proc\u00e9dure de retrait - ColorMe Cosmetics","og_description":"Un vernis semi-permanent digne d'un salon de beaut\u00e9, appliqu\u00e9 chez vous en seulement 10 minutes. Suivez ces \u00e9tapes pour obtenir le meilleur r\u00e9sultat possible.","og_url":"https:\/\/colorme-cosmetics.com\/fr\/comment-enlever\/","og_site_name":"ColorMe Cosmetics","article_modified_time":"2026-04-17T12:32:42+00:00","og_image":[{"width":2000,"height":926,"url":"https:\/\/colorme-cosmetics.com\/wp-content\/uploads\/2024\/10\/SSN-naturals-sheers-2109999173-e1729763063179.jpg","type":"image\/jpeg"}],"twitter_card":"summary_large_image","twitter_misc":{"Dur\u00e9e de lecture estim\u00e9e":"4 minutes"},"schema":{"@context":"https:\/\/schema.org","@graph":[{"@type":"WebPage","@id":"https:\/\/colorme-cosmetics.com\/fr\/comment-enlever\/","url":"https:\/\/colorme-cosmetics.com\/fr\/comment-enlever\/","name":"Proc\u00e9dure de retrait - ColorMe Cosmetics","isPartOf":{"@id":"https:\/\/colorme-cosmetics.com\/fr\/#website"},"primaryImageOfPage":{"@id":"https:\/\/colorme-cosmetics.com\/fr\/comment-enlever\/#primaryimage"},"image":{"@id":"https:\/\/colorme-cosmetics.com\/fr\/comment-enlever\/#primaryimage"},"thumbnailUrl":"https:\/\/colorme-cosmetics.com\/wp-content\/uploads\/2024\/10\/SSN-naturals-sheers-2109999173-e1729763063179.jpg","datePublished":"2026-04-15T08:28:31+00:00","dateModified":"2026-04-17T12:32:42+00:00","description":"Un vernis semi-permanent digne d'un salon de beaut\u00e9, appliqu\u00e9 chez vous en seulement 10 minutes. Suivez ces \u00e9tapes pour obtenir le meilleur r\u00e9sultat possible.","breadcrumb":{"@id":"https:\/\/colorme-cosmetics.com\/fr\/comment-enlever\/#breadcrumb"},"inLanguage":"fr-FR","potentialAction":[{"@type":"ReadAction","target":["https:\/\/colorme-cosmetics.com\/fr\/comment-enlever\/"]}]},{"@type":"ImageObject","inLanguage":"fr-FR","@id":"https:\/\/colorme-cosmetics.com\/fr\/comment-enlever\/#primaryimage","url":"https:\/\/colorme-cosmetics.com\/wp-content\/uploads\/2024\/10\/SSN-naturals-sheers-2109999173-e1729763063179.jpg","contentUrl":"https:\/\/colorme-cosmetics.com\/wp-content\/uploads\/2024\/10\/SSN-naturals-sheers-2109999173-e1729763063179.jpg","width":2000,"height":926,"caption":"Natural Model"},{"@type":"BreadcrumbList","@id":"https:\/\/colorme-cosmetics.com\/fr\/comment-enlever\/#breadcrumb","itemListElement":[{"@type":"ListItem","position":1,"name":"Home","item":"https:\/\/colorme-cosmetics.com\/fr\/"},{"@type":"ListItem","position":2,"name":"Comment enlever"}]},{"@type":"WebSite","@id":"https:\/\/colorme-cosmetics.com\/fr\/#website","url":"https:\/\/colorme-cosmetics.com\/fr\/","name":"ColorMe Cosmetics","description":"","potentialAction":[{"@type":"SearchAction","target":{"@type":"EntryPoint","urlTemplate":"https:\/\/colorme-cosmetics.com\/fr\/?s={search_term_string}"},"query-input":{"@type":"PropertyValueSpecification","valueRequired":true,"valueName":"search_term_string"}}],"inLanguage":"fr-FR"}]}},"_links":{"self":[{"href":"https:\/\/colorme-cosmetics.com\/fr\/wp-json\/wp\/v2\/pages\/6232","targetHints":{"allow":["GET"]}}],"collection":[{"href":"https:\/\/colorme-cosmetics.com\/fr\/wp-json\/wp\/v2\/pages"}],"about":[{"href":"https:\/\/colorme-cosmetics.com\/fr\/wp-json\/wp\/v2\/types\/page"}],"author":[{"embeddable":true,"href":"https:\/\/colorme-cosmetics.com\/fr\/wp-json\/wp\/v2\/users\/3"}],"replies":[{"embeddable":true,"href":"https:\/\/colorme-cosmetics.com\/fr\/wp-json\/wp\/v2\/comments?post=6232"}],"version-history":[{"count":6,"href":"https:\/\/colorme-cosmetics.com\/fr\/wp-json\/wp\/v2\/pages\/6232\/revisions"}],"predecessor-version":[{"id":6295,"href":"https:\/\/colorme-cosmetics.com\/fr\/wp-json\/wp\/v2\/pages\/6232\/revisions\/6295"}],"wp:featuredmedia":[{"embeddable":true,"href":"https:\/\/colorme-cosmetics.com\/fr\/wp-json\/wp\/v2\/media\/4984"}],"wp:attachment":[{"href":"https:\/\/colorme-cosmetics.com\/fr\/wp-json\/wp\/v2\/media?parent=6232"}],"curies":[{"name":"wp","href":"https:\/\/api.w.org\/{rel}","templated":true}]}}