{"id":5070,"date":"2025-07-07T09:20:30","date_gmt":"2025-07-07T07:20:30","guid":{"rendered":"https:\/\/colorme-cosmetics.com\/product\/colorme-gel-polish-seville-lisse\/"},"modified":"2026-01-13T14:33:16","modified_gmt":"2026-01-13T13:33:16","slug":"colorme-gel-polish-sevilla-smooth","status":"publish","type":"product","link":"https:\/\/colorme-cosmetics.com\/fr\/produit\/colorme-gel-polish-sevilla-smooth\/","title":{"rendered":"ColorMe Vernis Semi-Permanent &#8211; Sevilla Smooth"},"content":{"rendered":"","protected":false},"excerpt":{"rendered":"<p>Avec une seule teinte, vous retrouvez sur vos ongles l&rsquo;ambiance d\u00e9contract\u00e9e de la ville ensoleill\u00e9e de S\u00e9ville.<\/p>\n","protected":false},"featured_media":5071,"template":"","meta":{"_acf_changed":false},"product_brand":[],"product_cat":[121,126],"product_tag":[],"product-label":[],"class_list":{"0":"post-5070","1":"product","2":"type-product","3":"status-publish","4":"has-post-thumbnail","6":"product_cat-couleurs","7":"product_cat-orange","9":"first","10":"instock","11":"shipping-taxable","12":"purchasable","13":"product-type-simple"},"composite_virtual":false,"composite_layout":"","composite_add_to_cart_form_location":"","composite_editable_in_cart":false,"composite_sold_individually_context":"","composite_shop_price_calc":"","composite_components":[],"composite_scenarios":[],"acf":[],"yoast_head":"<!-- This site is optimized with the Yoast SEO plugin v27.5 - https:\/\/yoast.com\/product\/yoast-seo-wordpress\/ -->\n<title>Vernis Semi\u2011Permanent Sevilla Smooth - ColorMe Cosmetics<\/title>\n<meta name=\"description\" content=\"Une seule teinte suffit pour donner \u00e0 vos ongles l&#039;ambiance d\u00e9contract\u00e9e de la ville ensoleill\u00e9e de S\u00e9ville. Achetez maintenant vos couleurs pr\u00e9f\u00e9r\u00e9es!\" \/>\n<meta name=\"robots\" content=\"index, follow, max-snippet:-1, max-image-preview:large, max-video-preview:-1\" \/>\n<link rel=\"canonical\" href=\"https:\/\/colorme-cosmetics.com\/fr\/produit\/colorme-gel-polish-sevilla-smooth\/\" \/>\n<meta property=\"og:locale\" content=\"fr_FR\" \/>\n<meta property=\"og:type\" content=\"article\" \/>\n<meta property=\"og:title\" content=\"Vernis Semi\u2011Permanent Sevilla Smooth - ColorMe Cosmetics\" \/>\n<meta property=\"og:description\" content=\"Une seule teinte suffit pour donner \u00e0 vos ongles l&#039;ambiance d\u00e9contract\u00e9e de la ville ensoleill\u00e9e de S\u00e9ville. Achetez maintenant vos couleurs pr\u00e9f\u00e9r\u00e9es!\" \/>\n<meta property=\"og:url\" content=\"https:\/\/colorme-cosmetics.com\/fr\/produit\/colorme-gel-polish-sevilla-smooth\/\" \/>\n<meta property=\"og:site_name\" content=\"ColorMe Cosmetics\" \/>\n<meta property=\"article:modified_time\" content=\"2026-01-13T13:33:16+00:00\" \/>\n<meta property=\"og:image\" content=\"https:\/\/colorme-cosmetics.com\/wp-content\/uploads\/2025\/06\/Bottle-SevillaSmooth.png\" \/>\n\t<meta property=\"og:image:width\" content=\"864\" \/>\n\t<meta property=\"og:image:height\" content=\"960\" \/>\n\t<meta property=\"og:image:type\" content=\"image\/png\" \/>\n<meta name=\"twitter:card\" content=\"summary_large_image\" \/>\n<meta name=\"twitter:label1\" content=\"Dur\u00e9e de lecture estim\u00e9e\" \/>\n\t<meta name=\"twitter:data1\" content=\"1 minute\" \/>\n<script type=\"application\/ld+json\" class=\"yoast-schema-graph\">{\"@context\":\"https:\\\/\\\/schema.org\",\"@graph\":[{\"@type\":\"WebPage\",\"@id\":\"https:\\\/\\\/colorme-cosmetics.com\\\/fr\\\/produit\\\/colorme-gel-polish-sevilla-smooth\\\/\",\"url\":\"https:\\\/\\\/colorme-cosmetics.com\\\/fr\\\/produit\\\/colorme-gel-polish-sevilla-smooth\\\/\",\"name\":\"Vernis Semi\u2011Permanent Sevilla Smooth - ColorMe Cosmetics\",\"isPartOf\":{\"@id\":\"https:\\\/\\\/colorme-cosmetics.com\\\/fr\\\/#website\"},\"primaryImageOfPage\":{\"@id\":\"https:\\\/\\\/colorme-cosmetics.com\\\/fr\\\/produit\\\/colorme-gel-polish-sevilla-smooth\\\/#primaryimage\"},\"image\":{\"@id\":\"https:\\\/\\\/colorme-cosmetics.com\\\/fr\\\/produit\\\/colorme-gel-polish-sevilla-smooth\\\/#primaryimage\"},\"thumbnailUrl\":\"https:\\\/\\\/colorme-cosmetics.com\\\/wp-content\\\/uploads\\\/2025\\\/06\\\/Bottle-SevillaSmooth.png\",\"datePublished\":\"2025-07-07T07:20:30+00:00\",\"dateModified\":\"2026-01-13T13:33:16+00:00\",\"description\":\"Une seule teinte suffit pour donner \u00e0 vos ongles l'ambiance d\u00e9contract\u00e9e de la ville ensoleill\u00e9e de S\u00e9ville. Achetez maintenant vos couleurs pr\u00e9f\u00e9r\u00e9es!\",\"breadcrumb\":{\"@id\":\"https:\\\/\\\/colorme-cosmetics.com\\\/fr\\\/produit\\\/colorme-gel-polish-sevilla-smooth\\\/#breadcrumb\"},\"inLanguage\":\"fr-FR\",\"potentialAction\":[{\"@type\":\"ReadAction\",\"target\":[\"https:\\\/\\\/colorme-cosmetics.com\\\/fr\\\/produit\\\/colorme-gel-polish-sevilla-smooth\\\/\"]}]},{\"@type\":\"ImageObject\",\"inLanguage\":\"fr-FR\",\"@id\":\"https:\\\/\\\/colorme-cosmetics.com\\\/fr\\\/produit\\\/colorme-gel-polish-sevilla-smooth\\\/#primaryimage\",\"url\":\"https:\\\/\\\/colorme-cosmetics.com\\\/wp-content\\\/uploads\\\/2025\\\/06\\\/Bottle-SevillaSmooth.png\",\"contentUrl\":\"https:\\\/\\\/colorme-cosmetics.com\\\/wp-content\\\/uploads\\\/2025\\\/06\\\/Bottle-SevillaSmooth.png\",\"width\":864,\"height\":960,\"caption\":\"Bottle-SevillaSmooth\"},{\"@type\":\"BreadcrumbList\",\"@id\":\"https:\\\/\\\/colorme-cosmetics.com\\\/fr\\\/produit\\\/colorme-gel-polish-sevilla-smooth\\\/#breadcrumb\",\"itemListElement\":[{\"@type\":\"ListItem\",\"position\":1,\"name\":\"Home\",\"item\":\"https:\\\/\\\/colorme-cosmetics.com\\\/fr\\\/\"},{\"@type\":\"ListItem\",\"position\":2,\"name\":\"Boutique\",\"item\":\"https:\\\/\\\/colorme-cosmetics.com\\\/fr\\\/boutique\\\/\"},{\"@type\":\"ListItem\",\"position\":3,\"name\":\"ColorMe Vernis Semi-Permanent &#8211; Sevilla Smooth\"}]},{\"@type\":\"WebSite\",\"@id\":\"https:\\\/\\\/colorme-cosmetics.com\\\/fr\\\/#website\",\"url\":\"https:\\\/\\\/colorme-cosmetics.com\\\/fr\\\/\",\"name\":\"ColorMe Cosmetics\",\"description\":\"\",\"potentialAction\":[{\"@type\":\"SearchAction\",\"target\":{\"@type\":\"EntryPoint\",\"urlTemplate\":\"https:\\\/\\\/colorme-cosmetics.com\\\/fr\\\/?s={search_term_string}\"},\"query-input\":{\"@type\":\"PropertyValueSpecification\",\"valueRequired\":true,\"valueName\":\"search_term_string\"}}],\"inLanguage\":\"fr-FR\"}]}<\/script>\n<!-- \/ Yoast SEO plugin. -->","yoast_head_json":{"title":"Vernis Semi\u2011Permanent Sevilla Smooth - ColorMe Cosmetics","description":"Une seule teinte suffit pour donner \u00e0 vos ongles l'ambiance d\u00e9contract\u00e9e de la ville ensoleill\u00e9e de S\u00e9ville. Achetez maintenant vos couleurs pr\u00e9f\u00e9r\u00e9es!","robots":{"index":"index","follow":"follow","max-snippet":"max-snippet:-1","max-image-preview":"max-image-preview:large","max-video-preview":"max-video-preview:-1"},"canonical":"https:\/\/colorme-cosmetics.com\/fr\/produit\/colorme-gel-polish-sevilla-smooth\/","og_locale":"fr_FR","og_type":"article","og_title":"Vernis Semi\u2011Permanent Sevilla Smooth - ColorMe Cosmetics","og_description":"Une seule teinte suffit pour donner \u00e0 vos ongles l'ambiance d\u00e9contract\u00e9e de la ville ensoleill\u00e9e de S\u00e9ville. Achetez maintenant vos couleurs pr\u00e9f\u00e9r\u00e9es!","og_url":"https:\/\/colorme-cosmetics.com\/fr\/produit\/colorme-gel-polish-sevilla-smooth\/","og_site_name":"ColorMe Cosmetics","article_modified_time":"2026-01-13T13:33:16+00:00","og_image":[{"width":864,"height":960,"url":"https:\/\/colorme-cosmetics.com\/wp-content\/uploads\/2025\/06\/Bottle-SevillaSmooth.png","type":"image\/png"}],"twitter_card":"summary_large_image","twitter_misc":{"Dur\u00e9e de lecture estim\u00e9e":"1 minute"},"schema":{"@context":"https:\/\/schema.org","@graph":[{"@type":"WebPage","@id":"https:\/\/colorme-cosmetics.com\/fr\/produit\/colorme-gel-polish-sevilla-smooth\/","url":"https:\/\/colorme-cosmetics.com\/fr\/produit\/colorme-gel-polish-sevilla-smooth\/","name":"Vernis Semi\u2011Permanent Sevilla Smooth - ColorMe Cosmetics","isPartOf":{"@id":"https:\/\/colorme-cosmetics.com\/fr\/#website"},"primaryImageOfPage":{"@id":"https:\/\/colorme-cosmetics.com\/fr\/produit\/colorme-gel-polish-sevilla-smooth\/#primaryimage"},"image":{"@id":"https:\/\/colorme-cosmetics.com\/fr\/produit\/colorme-gel-polish-sevilla-smooth\/#primaryimage"},"thumbnailUrl":"https:\/\/colorme-cosmetics.com\/wp-content\/uploads\/2025\/06\/Bottle-SevillaSmooth.png","datePublished":"2025-07-07T07:20:30+00:00","dateModified":"2026-01-13T13:33:16+00:00","description":"Une seule teinte suffit pour donner \u00e0 vos ongles l'ambiance d\u00e9contract\u00e9e de la ville ensoleill\u00e9e de S\u00e9ville. Achetez maintenant vos couleurs pr\u00e9f\u00e9r\u00e9es!","breadcrumb":{"@id":"https:\/\/colorme-cosmetics.com\/fr\/produit\/colorme-gel-polish-sevilla-smooth\/#breadcrumb"},"inLanguage":"fr-FR","potentialAction":[{"@type":"ReadAction","target":["https:\/\/colorme-cosmetics.com\/fr\/produit\/colorme-gel-polish-sevilla-smooth\/"]}]},{"@type":"ImageObject","inLanguage":"fr-FR","@id":"https:\/\/colorme-cosmetics.com\/fr\/produit\/colorme-gel-polish-sevilla-smooth\/#primaryimage","url":"https:\/\/colorme-cosmetics.com\/wp-content\/uploads\/2025\/06\/Bottle-SevillaSmooth.png","contentUrl":"https:\/\/colorme-cosmetics.com\/wp-content\/uploads\/2025\/06\/Bottle-SevillaSmooth.png","width":864,"height":960,"caption":"Bottle-SevillaSmooth"},{"@type":"BreadcrumbList","@id":"https:\/\/colorme-cosmetics.com\/fr\/produit\/colorme-gel-polish-sevilla-smooth\/#breadcrumb","itemListElement":[{"@type":"ListItem","position":1,"name":"Home","item":"https:\/\/colorme-cosmetics.com\/fr\/"},{"@type":"ListItem","position":2,"name":"Boutique","item":"https:\/\/colorme-cosmetics.com\/fr\/boutique\/"},{"@type":"ListItem","position":3,"name":"ColorMe Vernis Semi-Permanent &#8211; Sevilla Smooth"}]},{"@type":"WebSite","@id":"https:\/\/colorme-cosmetics.com\/fr\/#website","url":"https:\/\/colorme-cosmetics.com\/fr\/","name":"ColorMe Cosmetics","description":"","potentialAction":[{"@type":"SearchAction","target":{"@type":"EntryPoint","urlTemplate":"https:\/\/colorme-cosmetics.com\/fr\/?s={search_term_string}"},"query-input":{"@type":"PropertyValueSpecification","valueRequired":true,"valueName":"search_term_string"}}],"inLanguage":"fr-FR"}]}},"_links":{"self":[{"href":"https:\/\/colorme-cosmetics.com\/fr\/wp-json\/wp\/v2\/product\/5070","targetHints":{"allow":["GET"]}}],"collection":[{"href":"https:\/\/colorme-cosmetics.com\/fr\/wp-json\/wp\/v2\/product"}],"about":[{"href":"https:\/\/colorme-cosmetics.com\/fr\/wp-json\/wp\/v2\/types\/product"}],"wp:featuredmedia":[{"embeddable":true,"href":"https:\/\/colorme-cosmetics.com\/fr\/wp-json\/wp\/v2\/media\/5071"}],"wp:attachment":[{"href":"https:\/\/colorme-cosmetics.com\/fr\/wp-json\/wp\/v2\/media?parent=5070"}],"wp:term":[{"taxonomy":"product_brand","embeddable":true,"href":"https:\/\/colorme-cosmetics.com\/fr\/wp-json\/wp\/v2\/product_brand?post=5070"},{"taxonomy":"product_cat","embeddable":true,"href":"https:\/\/colorme-cosmetics.com\/fr\/wp-json\/wp\/v2\/product_cat?post=5070"},{"taxonomy":"product_tag","embeddable":true,"href":"https:\/\/colorme-cosmetics.com\/fr\/wp-json\/wp\/v2\/product_tag?post=5070"},{"taxonomy":"product-label","embeddable":true,"href":"https:\/\/colorme-cosmetics.com\/fr\/wp-json\/wp\/v2\/product-label?post=5070"}],"curies":[{"name":"wp","href":"https:\/\/api.w.org\/{rel}","templated":true}]}}