{"id":5105,"date":"2025-07-07T09:20:19","date_gmt":"2025-07-07T07:20:19","guid":{"rendered":"https:\/\/colorme-cosmetics.com\/product\/colorme-gel-polish-valencia-vibes\/"},"modified":"2026-01-13T14:34:11","modified_gmt":"2026-01-13T13:34:11","slug":"colorme-gel-polish-valencia-vibes","status":"publish","type":"product","link":"https:\/\/colorme-cosmetics.com\/fr\/produit\/colorme-gel-polish-valencia-vibes\/","title":{"rendered":"ColorMe Vernis Semi-Permanent &#8211; Valencia Vibes"},"content":{"rendered":"","protected":false},"excerpt":{"rendered":"<p>Inspir\u00e9e par les tons c\u00f4tiers et les journ\u00e9es ensoleill\u00e9es, c&rsquo;est le genre de teinte qui apporte une confiance tranquille et une subtile touche de couleur \u00e0 vos ongles.<\/p>\n","protected":false},"featured_media":5128,"template":"","meta":{"_acf_changed":false},"product_brand":[],"product_cat":[121,131],"product_tag":[],"product-label":[],"class_list":{"0":"post-5105","1":"product","2":"type-product","3":"status-publish","4":"has-post-thumbnail","6":"product_cat-couleurs","7":"product_cat-bleu","9":"first","10":"instock","11":"shipping-taxable","12":"purchasable","13":"product-type-simple"},"composite_virtual":false,"composite_layout":"","composite_add_to_cart_form_location":"","composite_editable_in_cart":false,"composite_sold_individually_context":"","composite_shop_price_calc":"","composite_components":[],"composite_scenarios":[],"acf":[],"yoast_head":"<!-- This site is optimized with the Yoast SEO plugin v27.5 - https:\/\/yoast.com\/product\/yoast-seo-wordpress\/ -->\n<title>ColorMe Vernis Semi-Permanent - Valencia Vibes<\/title>\n<meta name=\"description\" content=\"Inspir\u00e9e par les tons c\u00f4tiers et les journ\u00e9es ensoleill\u00e9es, c&#039;est le genre de teinte qui apporte une confiance tranquille et une subtile touche de couleur \u00e0 vos ongles. Commandez d\u00e8s maintenant!\" \/>\n<meta name=\"robots\" content=\"index, follow, max-snippet:-1, max-image-preview:large, max-video-preview:-1\" \/>\n<link rel=\"canonical\" href=\"https:\/\/colorme-cosmetics.com\/fr\/produit\/colorme-gel-polish-valencia-vibes\/\" \/>\n<meta property=\"og:locale\" content=\"fr_FR\" \/>\n<meta property=\"og:type\" content=\"article\" \/>\n<meta property=\"og:title\" content=\"ColorMe Vernis Semi-Permanent - Valencia Vibes\" \/>\n<meta property=\"og:description\" content=\"Inspir\u00e9e par les tons c\u00f4tiers et les journ\u00e9es ensoleill\u00e9es, c&#039;est le genre de teinte qui apporte une confiance tranquille et une subtile touche de couleur \u00e0 vos ongles. Commandez d\u00e8s maintenant!\" \/>\n<meta property=\"og:url\" content=\"https:\/\/colorme-cosmetics.com\/fr\/produit\/colorme-gel-polish-valencia-vibes\/\" \/>\n<meta property=\"og:site_name\" content=\"ColorMe Cosmetics\" \/>\n<meta property=\"article:modified_time\" content=\"2026-01-13T13:34:11+00:00\" \/>\n<meta property=\"og:image\" content=\"https:\/\/colorme-cosmetics.com\/wp-content\/uploads\/2025\/06\/ValenciaVibes-bottle.png\" \/>\n\t<meta property=\"og:image:width\" content=\"864\" \/>\n\t<meta property=\"og:image:height\" content=\"960\" \/>\n\t<meta property=\"og:image:type\" content=\"image\/png\" \/>\n<meta name=\"twitter:card\" content=\"summary_large_image\" \/>\n<meta name=\"twitter:label1\" content=\"Dur\u00e9e de lecture estim\u00e9e\" \/>\n\t<meta name=\"twitter:data1\" content=\"1 minute\" \/>\n<script type=\"application\/ld+json\" class=\"yoast-schema-graph\">{\"@context\":\"https:\\\/\\\/schema.org\",\"@graph\":[{\"@type\":\"WebPage\",\"@id\":\"https:\\\/\\\/colorme-cosmetics.com\\\/fr\\\/produit\\\/colorme-gel-polish-valencia-vibes\\\/\",\"url\":\"https:\\\/\\\/colorme-cosmetics.com\\\/fr\\\/produit\\\/colorme-gel-polish-valencia-vibes\\\/\",\"name\":\"ColorMe Vernis Semi-Permanent - Valencia Vibes\",\"isPartOf\":{\"@id\":\"https:\\\/\\\/colorme-cosmetics.com\\\/fr\\\/#website\"},\"primaryImageOfPage\":{\"@id\":\"https:\\\/\\\/colorme-cosmetics.com\\\/fr\\\/produit\\\/colorme-gel-polish-valencia-vibes\\\/#primaryimage\"},\"image\":{\"@id\":\"https:\\\/\\\/colorme-cosmetics.com\\\/fr\\\/produit\\\/colorme-gel-polish-valencia-vibes\\\/#primaryimage\"},\"thumbnailUrl\":\"https:\\\/\\\/colorme-cosmetics.com\\\/wp-content\\\/uploads\\\/2025\\\/06\\\/ValenciaVibes-bottle.png\",\"datePublished\":\"2025-07-07T07:20:19+00:00\",\"dateModified\":\"2026-01-13T13:34:11+00:00\",\"description\":\"Inspir\u00e9e par les tons c\u00f4tiers et les journ\u00e9es ensoleill\u00e9es, c'est le genre de teinte qui apporte une confiance tranquille et une subtile touche de couleur \u00e0 vos ongles. Commandez d\u00e8s maintenant!\",\"breadcrumb\":{\"@id\":\"https:\\\/\\\/colorme-cosmetics.com\\\/fr\\\/produit\\\/colorme-gel-polish-valencia-vibes\\\/#breadcrumb\"},\"inLanguage\":\"fr-FR\",\"potentialAction\":[{\"@type\":\"ReadAction\",\"target\":[\"https:\\\/\\\/colorme-cosmetics.com\\\/fr\\\/produit\\\/colorme-gel-polish-valencia-vibes\\\/\"]}]},{\"@type\":\"ImageObject\",\"inLanguage\":\"fr-FR\",\"@id\":\"https:\\\/\\\/colorme-cosmetics.com\\\/fr\\\/produit\\\/colorme-gel-polish-valencia-vibes\\\/#primaryimage\",\"url\":\"https:\\\/\\\/colorme-cosmetics.com\\\/wp-content\\\/uploads\\\/2025\\\/06\\\/ValenciaVibes-bottle.png\",\"contentUrl\":\"https:\\\/\\\/colorme-cosmetics.com\\\/wp-content\\\/uploads\\\/2025\\\/06\\\/ValenciaVibes-bottle.png\",\"width\":864,\"height\":960,\"caption\":\"ValenciaVibes-bottle\"},{\"@type\":\"BreadcrumbList\",\"@id\":\"https:\\\/\\\/colorme-cosmetics.com\\\/fr\\\/produit\\\/colorme-gel-polish-valencia-vibes\\\/#breadcrumb\",\"itemListElement\":[{\"@type\":\"ListItem\",\"position\":1,\"name\":\"Home\",\"item\":\"https:\\\/\\\/colorme-cosmetics.com\\\/fr\\\/\"},{\"@type\":\"ListItem\",\"position\":2,\"name\":\"Boutique\",\"item\":\"https:\\\/\\\/colorme-cosmetics.com\\\/fr\\\/boutique\\\/\"},{\"@type\":\"ListItem\",\"position\":3,\"name\":\"ColorMe Vernis Semi-Permanent &#8211; Valencia Vibes\"}]},{\"@type\":\"WebSite\",\"@id\":\"https:\\\/\\\/colorme-cosmetics.com\\\/fr\\\/#website\",\"url\":\"https:\\\/\\\/colorme-cosmetics.com\\\/fr\\\/\",\"name\":\"ColorMe Cosmetics\",\"description\":\"\",\"potentialAction\":[{\"@type\":\"SearchAction\",\"target\":{\"@type\":\"EntryPoint\",\"urlTemplate\":\"https:\\\/\\\/colorme-cosmetics.com\\\/fr\\\/?s={search_term_string}\"},\"query-input\":{\"@type\":\"PropertyValueSpecification\",\"valueRequired\":true,\"valueName\":\"search_term_string\"}}],\"inLanguage\":\"fr-FR\"}]}<\/script>\n<!-- \/ Yoast SEO plugin. -->","yoast_head_json":{"title":"ColorMe Vernis Semi-Permanent - Valencia Vibes","description":"Inspir\u00e9e par les tons c\u00f4tiers et les journ\u00e9es ensoleill\u00e9es, c'est le genre de teinte qui apporte une confiance tranquille et une subtile touche de couleur \u00e0 vos ongles. Commandez d\u00e8s maintenant!","robots":{"index":"index","follow":"follow","max-snippet":"max-snippet:-1","max-image-preview":"max-image-preview:large","max-video-preview":"max-video-preview:-1"},"canonical":"https:\/\/colorme-cosmetics.com\/fr\/produit\/colorme-gel-polish-valencia-vibes\/","og_locale":"fr_FR","og_type":"article","og_title":"ColorMe Vernis Semi-Permanent - Valencia Vibes","og_description":"Inspir\u00e9e par les tons c\u00f4tiers et les journ\u00e9es ensoleill\u00e9es, c'est le genre de teinte qui apporte une confiance tranquille et une subtile touche de couleur \u00e0 vos ongles. Commandez d\u00e8s maintenant!","og_url":"https:\/\/colorme-cosmetics.com\/fr\/produit\/colorme-gel-polish-valencia-vibes\/","og_site_name":"ColorMe Cosmetics","article_modified_time":"2026-01-13T13:34:11+00:00","og_image":[{"width":864,"height":960,"url":"https:\/\/colorme-cosmetics.com\/wp-content\/uploads\/2025\/06\/ValenciaVibes-bottle.png","type":"image\/png"}],"twitter_card":"summary_large_image","twitter_misc":{"Dur\u00e9e de lecture estim\u00e9e":"1 minute"},"schema":{"@context":"https:\/\/schema.org","@graph":[{"@type":"WebPage","@id":"https:\/\/colorme-cosmetics.com\/fr\/produit\/colorme-gel-polish-valencia-vibes\/","url":"https:\/\/colorme-cosmetics.com\/fr\/produit\/colorme-gel-polish-valencia-vibes\/","name":"ColorMe Vernis Semi-Permanent - Valencia Vibes","isPartOf":{"@id":"https:\/\/colorme-cosmetics.com\/fr\/#website"},"primaryImageOfPage":{"@id":"https:\/\/colorme-cosmetics.com\/fr\/produit\/colorme-gel-polish-valencia-vibes\/#primaryimage"},"image":{"@id":"https:\/\/colorme-cosmetics.com\/fr\/produit\/colorme-gel-polish-valencia-vibes\/#primaryimage"},"thumbnailUrl":"https:\/\/colorme-cosmetics.com\/wp-content\/uploads\/2025\/06\/ValenciaVibes-bottle.png","datePublished":"2025-07-07T07:20:19+00:00","dateModified":"2026-01-13T13:34:11+00:00","description":"Inspir\u00e9e par les tons c\u00f4tiers et les journ\u00e9es ensoleill\u00e9es, c'est le genre de teinte qui apporte une confiance tranquille et une subtile touche de couleur \u00e0 vos ongles. Commandez d\u00e8s maintenant!","breadcrumb":{"@id":"https:\/\/colorme-cosmetics.com\/fr\/produit\/colorme-gel-polish-valencia-vibes\/#breadcrumb"},"inLanguage":"fr-FR","potentialAction":[{"@type":"ReadAction","target":["https:\/\/colorme-cosmetics.com\/fr\/produit\/colorme-gel-polish-valencia-vibes\/"]}]},{"@type":"ImageObject","inLanguage":"fr-FR","@id":"https:\/\/colorme-cosmetics.com\/fr\/produit\/colorme-gel-polish-valencia-vibes\/#primaryimage","url":"https:\/\/colorme-cosmetics.com\/wp-content\/uploads\/2025\/06\/ValenciaVibes-bottle.png","contentUrl":"https:\/\/colorme-cosmetics.com\/wp-content\/uploads\/2025\/06\/ValenciaVibes-bottle.png","width":864,"height":960,"caption":"ValenciaVibes-bottle"},{"@type":"BreadcrumbList","@id":"https:\/\/colorme-cosmetics.com\/fr\/produit\/colorme-gel-polish-valencia-vibes\/#breadcrumb","itemListElement":[{"@type":"ListItem","position":1,"name":"Home","item":"https:\/\/colorme-cosmetics.com\/fr\/"},{"@type":"ListItem","position":2,"name":"Boutique","item":"https:\/\/colorme-cosmetics.com\/fr\/boutique\/"},{"@type":"ListItem","position":3,"name":"ColorMe Vernis Semi-Permanent &#8211; Valencia Vibes"}]},{"@type":"WebSite","@id":"https:\/\/colorme-cosmetics.com\/fr\/#website","url":"https:\/\/colorme-cosmetics.com\/fr\/","name":"ColorMe Cosmetics","description":"","potentialAction":[{"@type":"SearchAction","target":{"@type":"EntryPoint","urlTemplate":"https:\/\/colorme-cosmetics.com\/fr\/?s={search_term_string}"},"query-input":{"@type":"PropertyValueSpecification","valueRequired":true,"valueName":"search_term_string"}}],"inLanguage":"fr-FR"}]}},"_links":{"self":[{"href":"https:\/\/colorme-cosmetics.com\/fr\/wp-json\/wp\/v2\/product\/5105","targetHints":{"allow":["GET"]}}],"collection":[{"href":"https:\/\/colorme-cosmetics.com\/fr\/wp-json\/wp\/v2\/product"}],"about":[{"href":"https:\/\/colorme-cosmetics.com\/fr\/wp-json\/wp\/v2\/types\/product"}],"wp:featuredmedia":[{"embeddable":true,"href":"https:\/\/colorme-cosmetics.com\/fr\/wp-json\/wp\/v2\/media\/5128"}],"wp:attachment":[{"href":"https:\/\/colorme-cosmetics.com\/fr\/wp-json\/wp\/v2\/media?parent=5105"}],"wp:term":[{"taxonomy":"product_brand","embeddable":true,"href":"https:\/\/colorme-cosmetics.com\/fr\/wp-json\/wp\/v2\/product_brand?post=5105"},{"taxonomy":"product_cat","embeddable":true,"href":"https:\/\/colorme-cosmetics.com\/fr\/wp-json\/wp\/v2\/product_cat?post=5105"},{"taxonomy":"product_tag","embeddable":true,"href":"https:\/\/colorme-cosmetics.com\/fr\/wp-json\/wp\/v2\/product_tag?post=5105"},{"taxonomy":"product-label","embeddable":true,"href":"https:\/\/colorme-cosmetics.com\/fr\/wp-json\/wp\/v2\/product-label?post=5105"}],"curies":[{"name":"wp","href":"https:\/\/api.w.org\/{rel}","templated":true}]}}