{"id":5352,"date":"2024-04-04T12:04:32","date_gmt":"2024-04-04T10:04:32","guid":{"rendered":"https:\/\/colorme-cosmetics.com\/product\/colorme-gel-polish-pearly-boom\/"},"modified":"2026-01-13T14:47:14","modified_gmt":"2026-01-13T13:47:14","slug":"colorme-gel-polish-pearly-boom","status":"publish","type":"product","link":"https:\/\/colorme-cosmetics.com\/fr\/produit\/colorme-gel-polish-pearly-boom\/","title":{"rendered":"ColorMe Vernis Semi-Permanent &#8211; Pearly Boom"},"content":{"rendered":"","protected":false},"excerpt":{"rendered":"<p>Telles des perles pr\u00e9cieuses illumin\u00e9es par un \u00e9clat de lumi\u00e8re, cette couleur rayonne d&rsquo;une brillance in\u00e9gal\u00e9e.<\/p>\n","protected":false},"featured_media":5354,"template":"","meta":{"_acf_changed":false},"product_brand":[],"product_cat":[121,135],"product_tag":[],"product-label":[],"class_list":{"0":"post-5352","1":"product","2":"type-product","3":"status-publish","4":"has-post-thumbnail","6":"product_cat-couleurs","7":"product_cat-blanc","9":"first","10":"instock","11":"shipping-taxable","12":"purchasable","13":"product-type-simple"},"composite_virtual":false,"composite_layout":"","composite_add_to_cart_form_location":"","composite_editable_in_cart":false,"composite_sold_individually_context":"","composite_shop_price_calc":"","composite_components":[],"composite_scenarios":[],"acf":[],"yoast_head":"<!-- This site is optimized with the Yoast SEO plugin v27.5 - https:\/\/yoast.com\/product\/yoast-seo-wordpress\/ -->\n<title>Vernis Semi Permanent Pearly Boom - ColorMe Cosmetics<\/title>\n<meta name=\"description\" content=\"Telles des perles pr\u00e9cieuses illumin\u00e9es par un \u00e9clat de lumi\u00e8re, cette couleur rayonne d&#039;une brillance in\u00e9gal\u00e9e. Faites vos achats d\u00e8s maintenant et d\u00e9couvrez notre gamme de produits de qualit\u00e9 sup\u00e9rieure!\" \/>\n<meta name=\"robots\" content=\"index, follow, max-snippet:-1, max-image-preview:large, max-video-preview:-1\" \/>\n<link rel=\"canonical\" href=\"https:\/\/colorme-cosmetics.com\/fr\/produit\/colorme-gel-polish-pearly-boom\/\" \/>\n<meta property=\"og:locale\" content=\"fr_FR\" \/>\n<meta property=\"og:type\" content=\"article\" \/>\n<meta property=\"og:title\" content=\"Vernis Semi Permanent Pearly Boom - ColorMe Cosmetics\" \/>\n<meta property=\"og:description\" content=\"Telles des perles pr\u00e9cieuses illumin\u00e9es par un \u00e9clat de lumi\u00e8re, cette couleur rayonne d&#039;une brillance in\u00e9gal\u00e9e. Faites vos achats d\u00e8s maintenant et d\u00e9couvrez notre gamme de produits de qualit\u00e9 sup\u00e9rieure!\" \/>\n<meta property=\"og:url\" content=\"https:\/\/colorme-cosmetics.com\/fr\/produit\/colorme-gel-polish-pearly-boom\/\" \/>\n<meta property=\"og:site_name\" content=\"ColorMe Cosmetics\" \/>\n<meta property=\"article:modified_time\" content=\"2026-01-13T13:47:14+00:00\" \/>\n<meta property=\"og:image\" content=\"https:\/\/colorme-cosmetics.com\/wp-content\/uploads\/2024\/04\/Bottle-Gelpolish.png\" \/>\n\t<meta property=\"og:image:width\" content=\"1000\" \/>\n\t<meta property=\"og:image:height\" content=\"1000\" \/>\n\t<meta property=\"og:image:type\" content=\"image\/png\" \/>\n<meta name=\"twitter:card\" content=\"summary_large_image\" \/>\n<meta name=\"twitter:label1\" content=\"Dur\u00e9e de lecture estim\u00e9e\" \/>\n\t<meta name=\"twitter:data1\" content=\"1 minute\" \/>\n<script type=\"application\/ld+json\" class=\"yoast-schema-graph\">{\"@context\":\"https:\\\/\\\/schema.org\",\"@graph\":[{\"@type\":\"WebPage\",\"@id\":\"https:\\\/\\\/colorme-cosmetics.com\\\/fr\\\/produit\\\/colorme-gel-polish-pearly-boom\\\/\",\"url\":\"https:\\\/\\\/colorme-cosmetics.com\\\/fr\\\/produit\\\/colorme-gel-polish-pearly-boom\\\/\",\"name\":\"Vernis Semi Permanent Pearly Boom - ColorMe Cosmetics\",\"isPartOf\":{\"@id\":\"https:\\\/\\\/colorme-cosmetics.com\\\/fr\\\/#website\"},\"primaryImageOfPage\":{\"@id\":\"https:\\\/\\\/colorme-cosmetics.com\\\/fr\\\/produit\\\/colorme-gel-polish-pearly-boom\\\/#primaryimage\"},\"image\":{\"@id\":\"https:\\\/\\\/colorme-cosmetics.com\\\/fr\\\/produit\\\/colorme-gel-polish-pearly-boom\\\/#primaryimage\"},\"thumbnailUrl\":\"https:\\\/\\\/colorme-cosmetics.com\\\/wp-content\\\/uploads\\\/2024\\\/04\\\/Bottle-Gelpolish.png\",\"datePublished\":\"2024-04-04T10:04:32+00:00\",\"dateModified\":\"2026-01-13T13:47:14+00:00\",\"description\":\"Telles des perles pr\u00e9cieuses illumin\u00e9es par un \u00e9clat de lumi\u00e8re, cette couleur rayonne d'une brillance in\u00e9gal\u00e9e. Faites vos achats d\u00e8s maintenant et d\u00e9couvrez notre gamme de produits de qualit\u00e9 sup\u00e9rieure!\",\"breadcrumb\":{\"@id\":\"https:\\\/\\\/colorme-cosmetics.com\\\/fr\\\/produit\\\/colorme-gel-polish-pearly-boom\\\/#breadcrumb\"},\"inLanguage\":\"fr-FR\",\"potentialAction\":[{\"@type\":\"ReadAction\",\"target\":[\"https:\\\/\\\/colorme-cosmetics.com\\\/fr\\\/produit\\\/colorme-gel-polish-pearly-boom\\\/\"]}]},{\"@type\":\"ImageObject\",\"inLanguage\":\"fr-FR\",\"@id\":\"https:\\\/\\\/colorme-cosmetics.com\\\/fr\\\/produit\\\/colorme-gel-polish-pearly-boom\\\/#primaryimage\",\"url\":\"https:\\\/\\\/colorme-cosmetics.com\\\/wp-content\\\/uploads\\\/2024\\\/04\\\/Bottle-Gelpolish.png\",\"contentUrl\":\"https:\\\/\\\/colorme-cosmetics.com\\\/wp-content\\\/uploads\\\/2024\\\/04\\\/Bottle-Gelpolish.png\",\"width\":1000,\"height\":1000,\"caption\":\"Bottle-Gelpolish-PearlyBoom\"},{\"@type\":\"BreadcrumbList\",\"@id\":\"https:\\\/\\\/colorme-cosmetics.com\\\/fr\\\/produit\\\/colorme-gel-polish-pearly-boom\\\/#breadcrumb\",\"itemListElement\":[{\"@type\":\"ListItem\",\"position\":1,\"name\":\"Home\",\"item\":\"https:\\\/\\\/colorme-cosmetics.com\\\/fr\\\/\"},{\"@type\":\"ListItem\",\"position\":2,\"name\":\"Boutique\",\"item\":\"https:\\\/\\\/colorme-cosmetics.com\\\/fr\\\/boutique\\\/\"},{\"@type\":\"ListItem\",\"position\":3,\"name\":\"ColorMe Vernis Semi-Permanent &#8211; Pearly Boom\"}]},{\"@type\":\"WebSite\",\"@id\":\"https:\\\/\\\/colorme-cosmetics.com\\\/fr\\\/#website\",\"url\":\"https:\\\/\\\/colorme-cosmetics.com\\\/fr\\\/\",\"name\":\"ColorMe Cosmetics\",\"description\":\"\",\"potentialAction\":[{\"@type\":\"SearchAction\",\"target\":{\"@type\":\"EntryPoint\",\"urlTemplate\":\"https:\\\/\\\/colorme-cosmetics.com\\\/fr\\\/?s={search_term_string}\"},\"query-input\":{\"@type\":\"PropertyValueSpecification\",\"valueRequired\":true,\"valueName\":\"search_term_string\"}}],\"inLanguage\":\"fr-FR\"}]}<\/script>\n<!-- \/ Yoast SEO plugin. -->","yoast_head_json":{"title":"Vernis Semi Permanent Pearly Boom - ColorMe Cosmetics","description":"Telles des perles pr\u00e9cieuses illumin\u00e9es par un \u00e9clat de lumi\u00e8re, cette couleur rayonne d'une brillance in\u00e9gal\u00e9e. Faites vos achats d\u00e8s maintenant et d\u00e9couvrez notre gamme de produits de qualit\u00e9 sup\u00e9rieure!","robots":{"index":"index","follow":"follow","max-snippet":"max-snippet:-1","max-image-preview":"max-image-preview:large","max-video-preview":"max-video-preview:-1"},"canonical":"https:\/\/colorme-cosmetics.com\/fr\/produit\/colorme-gel-polish-pearly-boom\/","og_locale":"fr_FR","og_type":"article","og_title":"Vernis Semi Permanent Pearly Boom - ColorMe Cosmetics","og_description":"Telles des perles pr\u00e9cieuses illumin\u00e9es par un \u00e9clat de lumi\u00e8re, cette couleur rayonne d'une brillance in\u00e9gal\u00e9e. Faites vos achats d\u00e8s maintenant et d\u00e9couvrez notre gamme de produits de qualit\u00e9 sup\u00e9rieure!","og_url":"https:\/\/colorme-cosmetics.com\/fr\/produit\/colorme-gel-polish-pearly-boom\/","og_site_name":"ColorMe Cosmetics","article_modified_time":"2026-01-13T13:47:14+00:00","og_image":[{"width":1000,"height":1000,"url":"https:\/\/colorme-cosmetics.com\/wp-content\/uploads\/2024\/04\/Bottle-Gelpolish.png","type":"image\/png"}],"twitter_card":"summary_large_image","twitter_misc":{"Dur\u00e9e de lecture estim\u00e9e":"1 minute"},"schema":{"@context":"https:\/\/schema.org","@graph":[{"@type":"WebPage","@id":"https:\/\/colorme-cosmetics.com\/fr\/produit\/colorme-gel-polish-pearly-boom\/","url":"https:\/\/colorme-cosmetics.com\/fr\/produit\/colorme-gel-polish-pearly-boom\/","name":"Vernis Semi Permanent Pearly Boom - ColorMe Cosmetics","isPartOf":{"@id":"https:\/\/colorme-cosmetics.com\/fr\/#website"},"primaryImageOfPage":{"@id":"https:\/\/colorme-cosmetics.com\/fr\/produit\/colorme-gel-polish-pearly-boom\/#primaryimage"},"image":{"@id":"https:\/\/colorme-cosmetics.com\/fr\/produit\/colorme-gel-polish-pearly-boom\/#primaryimage"},"thumbnailUrl":"https:\/\/colorme-cosmetics.com\/wp-content\/uploads\/2024\/04\/Bottle-Gelpolish.png","datePublished":"2024-04-04T10:04:32+00:00","dateModified":"2026-01-13T13:47:14+00:00","description":"Telles des perles pr\u00e9cieuses illumin\u00e9es par un \u00e9clat de lumi\u00e8re, cette couleur rayonne d'une brillance in\u00e9gal\u00e9e. Faites vos achats d\u00e8s maintenant et d\u00e9couvrez notre gamme de produits de qualit\u00e9 sup\u00e9rieure!","breadcrumb":{"@id":"https:\/\/colorme-cosmetics.com\/fr\/produit\/colorme-gel-polish-pearly-boom\/#breadcrumb"},"inLanguage":"fr-FR","potentialAction":[{"@type":"ReadAction","target":["https:\/\/colorme-cosmetics.com\/fr\/produit\/colorme-gel-polish-pearly-boom\/"]}]},{"@type":"ImageObject","inLanguage":"fr-FR","@id":"https:\/\/colorme-cosmetics.com\/fr\/produit\/colorme-gel-polish-pearly-boom\/#primaryimage","url":"https:\/\/colorme-cosmetics.com\/wp-content\/uploads\/2024\/04\/Bottle-Gelpolish.png","contentUrl":"https:\/\/colorme-cosmetics.com\/wp-content\/uploads\/2024\/04\/Bottle-Gelpolish.png","width":1000,"height":1000,"caption":"Bottle-Gelpolish-PearlyBoom"},{"@type":"BreadcrumbList","@id":"https:\/\/colorme-cosmetics.com\/fr\/produit\/colorme-gel-polish-pearly-boom\/#breadcrumb","itemListElement":[{"@type":"ListItem","position":1,"name":"Home","item":"https:\/\/colorme-cosmetics.com\/fr\/"},{"@type":"ListItem","position":2,"name":"Boutique","item":"https:\/\/colorme-cosmetics.com\/fr\/boutique\/"},{"@type":"ListItem","position":3,"name":"ColorMe Vernis Semi-Permanent &#8211; Pearly Boom"}]},{"@type":"WebSite","@id":"https:\/\/colorme-cosmetics.com\/fr\/#website","url":"https:\/\/colorme-cosmetics.com\/fr\/","name":"ColorMe Cosmetics","description":"","potentialAction":[{"@type":"SearchAction","target":{"@type":"EntryPoint","urlTemplate":"https:\/\/colorme-cosmetics.com\/fr\/?s={search_term_string}"},"query-input":{"@type":"PropertyValueSpecification","valueRequired":true,"valueName":"search_term_string"}}],"inLanguage":"fr-FR"}]}},"_links":{"self":[{"href":"https:\/\/colorme-cosmetics.com\/fr\/wp-json\/wp\/v2\/product\/5352","targetHints":{"allow":["GET"]}}],"collection":[{"href":"https:\/\/colorme-cosmetics.com\/fr\/wp-json\/wp\/v2\/product"}],"about":[{"href":"https:\/\/colorme-cosmetics.com\/fr\/wp-json\/wp\/v2\/types\/product"}],"wp:featuredmedia":[{"embeddable":true,"href":"https:\/\/colorme-cosmetics.com\/fr\/wp-json\/wp\/v2\/media\/5354"}],"wp:attachment":[{"href":"https:\/\/colorme-cosmetics.com\/fr\/wp-json\/wp\/v2\/media?parent=5352"}],"wp:term":[{"taxonomy":"product_brand","embeddable":true,"href":"https:\/\/colorme-cosmetics.com\/fr\/wp-json\/wp\/v2\/product_brand?post=5352"},{"taxonomy":"product_cat","embeddable":true,"href":"https:\/\/colorme-cosmetics.com\/fr\/wp-json\/wp\/v2\/product_cat?post=5352"},{"taxonomy":"product_tag","embeddable":true,"href":"https:\/\/colorme-cosmetics.com\/fr\/wp-json\/wp\/v2\/product_tag?post=5352"},{"taxonomy":"product-label","embeddable":true,"href":"https:\/\/colorme-cosmetics.com\/fr\/wp-json\/wp\/v2\/product-label?post=5352"}],"curies":[{"name":"wp","href":"https:\/\/api.w.org\/{rel}","templated":true}]}}