{"id":5381,"date":"2024-04-04T12:04:32","date_gmt":"2024-04-04T10:04:32","guid":{"rendered":"https:\/\/colorme-cosmetics.com\/product\/colorme-gel-polish-delicious-nude\/"},"modified":"2026-01-13T14:45:32","modified_gmt":"2026-01-13T13:45:32","slug":"colorme-gel-polish-delicious-nude","status":"publish","type":"product","link":"https:\/\/colorme-cosmetics.com\/fr\/produit\/colorme-gel-polish-delicious-nude\/","title":{"rendered":"ColorMe Vernis Semi-Permanent &#8211; Delicious Nude"},"content":{"rendered":"","protected":false},"excerpt":{"rendered":"<p>Comme une \u00e9treinte chaleureuse qui met en valeur votre allure naturelle, pour un look intemporel et polyvalent.<\/p>\n","protected":false},"featured_media":5382,"template":"","meta":{"_acf_changed":false},"product_brand":[],"product_cat":[121,130],"product_tag":[],"product-label":[],"class_list":{"0":"post-5381","1":"product","2":"type-product","3":"status-publish","4":"has-post-thumbnail","6":"product_cat-couleurs","7":"product_cat-nude","9":"first","10":"instock","11":"shipping-taxable","12":"purchasable","13":"product-type-simple"},"composite_virtual":false,"composite_layout":"","composite_add_to_cart_form_location":"","composite_editable_in_cart":false,"composite_sold_individually_context":"","composite_shop_price_calc":"","composite_components":[],"composite_scenarios":[],"acf":[],"yoast_head":"<!-- This site is optimized with the Yoast SEO plugin v27.5 - https:\/\/yoast.com\/product\/yoast-seo-wordpress\/ -->\n<title>Vernis Semi Permanent Delicious Nude - ColorMe Cosmetics<\/title>\n<meta name=\"description\" content=\"Comme une \u00e9treinte chaleureuse qui met en valeur votre allure naturelle, pour un look intemporel et polyvalent. Faites vos achats d\u00e8s maintenant et d\u00e9couvrez notre gamme de produits de qualit\u00e9 sup\u00e9rieure!\" \/>\n<meta name=\"robots\" content=\"index, follow, max-snippet:-1, max-image-preview:large, max-video-preview:-1\" \/>\n<link rel=\"canonical\" href=\"https:\/\/colorme-cosmetics.com\/fr\/produit\/colorme-gel-polish-delicious-nude\/\" \/>\n<meta property=\"og:locale\" content=\"fr_FR\" \/>\n<meta property=\"og:type\" content=\"article\" \/>\n<meta property=\"og:title\" content=\"Vernis Semi Permanent Delicious Nude - ColorMe Cosmetics\" \/>\n<meta property=\"og:description\" content=\"Comme une \u00e9treinte chaleureuse qui met en valeur votre allure naturelle, pour un look intemporel et polyvalent. Faites vos achats d\u00e8s maintenant et d\u00e9couvrez notre gamme de produits de qualit\u00e9 sup\u00e9rieure!\" \/>\n<meta property=\"og:url\" content=\"https:\/\/colorme-cosmetics.com\/fr\/produit\/colorme-gel-polish-delicious-nude\/\" \/>\n<meta property=\"og:site_name\" content=\"ColorMe Cosmetics\" \/>\n<meta property=\"article:modified_time\" content=\"2026-01-13T13:45:32+00:00\" \/>\n<meta property=\"og:image\" content=\"https:\/\/colorme-cosmetics.com\/wp-content\/uploads\/2024\/04\/Color-Me-Gel-Polish-\u2013-Delicious-Nude.png\" \/>\n\t<meta property=\"og:image:width\" content=\"580\" \/>\n\t<meta property=\"og:image:height\" content=\"620\" \/>\n\t<meta property=\"og:image:type\" content=\"image\/png\" \/>\n<meta name=\"twitter:card\" content=\"summary_large_image\" \/>\n<meta name=\"twitter:label1\" content=\"Dur\u00e9e de lecture estim\u00e9e\" \/>\n\t<meta name=\"twitter:data1\" content=\"1 minute\" \/>\n<script type=\"application\/ld+json\" class=\"yoast-schema-graph\">{\"@context\":\"https:\\\/\\\/schema.org\",\"@graph\":[{\"@type\":\"WebPage\",\"@id\":\"https:\\\/\\\/colorme-cosmetics.com\\\/fr\\\/produit\\\/colorme-gel-polish-delicious-nude\\\/\",\"url\":\"https:\\\/\\\/colorme-cosmetics.com\\\/fr\\\/produit\\\/colorme-gel-polish-delicious-nude\\\/\",\"name\":\"Vernis Semi Permanent Delicious Nude - ColorMe Cosmetics\",\"isPartOf\":{\"@id\":\"https:\\\/\\\/colorme-cosmetics.com\\\/fr\\\/#website\"},\"primaryImageOfPage\":{\"@id\":\"https:\\\/\\\/colorme-cosmetics.com\\\/fr\\\/produit\\\/colorme-gel-polish-delicious-nude\\\/#primaryimage\"},\"image\":{\"@id\":\"https:\\\/\\\/colorme-cosmetics.com\\\/fr\\\/produit\\\/colorme-gel-polish-delicious-nude\\\/#primaryimage\"},\"thumbnailUrl\":\"https:\\\/\\\/colorme-cosmetics.com\\\/wp-content\\\/uploads\\\/2024\\\/04\\\/Color-Me-Gel-Polish-\u2013-Delicious-Nude.png\",\"datePublished\":\"2024-04-04T10:04:32+00:00\",\"dateModified\":\"2026-01-13T13:45:32+00:00\",\"description\":\"Comme une \u00e9treinte chaleureuse qui met en valeur votre allure naturelle, pour un look intemporel et polyvalent. Faites vos achats d\u00e8s maintenant et d\u00e9couvrez notre gamme de produits de qualit\u00e9 sup\u00e9rieure!\",\"breadcrumb\":{\"@id\":\"https:\\\/\\\/colorme-cosmetics.com\\\/fr\\\/produit\\\/colorme-gel-polish-delicious-nude\\\/#breadcrumb\"},\"inLanguage\":\"fr-FR\",\"potentialAction\":[{\"@type\":\"ReadAction\",\"target\":[\"https:\\\/\\\/colorme-cosmetics.com\\\/fr\\\/produit\\\/colorme-gel-polish-delicious-nude\\\/\"]}]},{\"@type\":\"ImageObject\",\"inLanguage\":\"fr-FR\",\"@id\":\"https:\\\/\\\/colorme-cosmetics.com\\\/fr\\\/produit\\\/colorme-gel-polish-delicious-nude\\\/#primaryimage\",\"url\":\"https:\\\/\\\/colorme-cosmetics.com\\\/wp-content\\\/uploads\\\/2024\\\/04\\\/Color-Me-Gel-Polish-\u2013-Delicious-Nude.png\",\"contentUrl\":\"https:\\\/\\\/colorme-cosmetics.com\\\/wp-content\\\/uploads\\\/2024\\\/04\\\/Color-Me-Gel-Polish-\u2013-Delicious-Nude.png\",\"width\":580,\"height\":620,\"caption\":\"ColorMe Gel Polish \u2013 Delicious Nude\"},{\"@type\":\"BreadcrumbList\",\"@id\":\"https:\\\/\\\/colorme-cosmetics.com\\\/fr\\\/produit\\\/colorme-gel-polish-delicious-nude\\\/#breadcrumb\",\"itemListElement\":[{\"@type\":\"ListItem\",\"position\":1,\"name\":\"Home\",\"item\":\"https:\\\/\\\/colorme-cosmetics.com\\\/fr\\\/\"},{\"@type\":\"ListItem\",\"position\":2,\"name\":\"Boutique\",\"item\":\"https:\\\/\\\/colorme-cosmetics.com\\\/fr\\\/boutique\\\/\"},{\"@type\":\"ListItem\",\"position\":3,\"name\":\"ColorMe Vernis Semi-Permanent &#8211; Delicious Nude\"}]},{\"@type\":\"WebSite\",\"@id\":\"https:\\\/\\\/colorme-cosmetics.com\\\/fr\\\/#website\",\"url\":\"https:\\\/\\\/colorme-cosmetics.com\\\/fr\\\/\",\"name\":\"ColorMe Cosmetics\",\"description\":\"\",\"potentialAction\":[{\"@type\":\"SearchAction\",\"target\":{\"@type\":\"EntryPoint\",\"urlTemplate\":\"https:\\\/\\\/colorme-cosmetics.com\\\/fr\\\/?s={search_term_string}\"},\"query-input\":{\"@type\":\"PropertyValueSpecification\",\"valueRequired\":true,\"valueName\":\"search_term_string\"}}],\"inLanguage\":\"fr-FR\"}]}<\/script>\n<!-- \/ Yoast SEO plugin. -->","yoast_head_json":{"title":"Vernis Semi Permanent Delicious Nude - ColorMe Cosmetics","description":"Comme une \u00e9treinte chaleureuse qui met en valeur votre allure naturelle, pour un look intemporel et polyvalent. Faites vos achats d\u00e8s maintenant et d\u00e9couvrez notre gamme de produits de qualit\u00e9 sup\u00e9rieure!","robots":{"index":"index","follow":"follow","max-snippet":"max-snippet:-1","max-image-preview":"max-image-preview:large","max-video-preview":"max-video-preview:-1"},"canonical":"https:\/\/colorme-cosmetics.com\/fr\/produit\/colorme-gel-polish-delicious-nude\/","og_locale":"fr_FR","og_type":"article","og_title":"Vernis Semi Permanent Delicious Nude - ColorMe Cosmetics","og_description":"Comme une \u00e9treinte chaleureuse qui met en valeur votre allure naturelle, pour un look intemporel et polyvalent. Faites vos achats d\u00e8s maintenant et d\u00e9couvrez notre gamme de produits de qualit\u00e9 sup\u00e9rieure!","og_url":"https:\/\/colorme-cosmetics.com\/fr\/produit\/colorme-gel-polish-delicious-nude\/","og_site_name":"ColorMe Cosmetics","article_modified_time":"2026-01-13T13:45:32+00:00","og_image":[{"width":580,"height":620,"url":"https:\/\/colorme-cosmetics.com\/wp-content\/uploads\/2024\/04\/Color-Me-Gel-Polish-\u2013-Delicious-Nude.png","type":"image\/png"}],"twitter_card":"summary_large_image","twitter_misc":{"Dur\u00e9e de lecture estim\u00e9e":"1 minute"},"schema":{"@context":"https:\/\/schema.org","@graph":[{"@type":"WebPage","@id":"https:\/\/colorme-cosmetics.com\/fr\/produit\/colorme-gel-polish-delicious-nude\/","url":"https:\/\/colorme-cosmetics.com\/fr\/produit\/colorme-gel-polish-delicious-nude\/","name":"Vernis Semi Permanent Delicious Nude - ColorMe Cosmetics","isPartOf":{"@id":"https:\/\/colorme-cosmetics.com\/fr\/#website"},"primaryImageOfPage":{"@id":"https:\/\/colorme-cosmetics.com\/fr\/produit\/colorme-gel-polish-delicious-nude\/#primaryimage"},"image":{"@id":"https:\/\/colorme-cosmetics.com\/fr\/produit\/colorme-gel-polish-delicious-nude\/#primaryimage"},"thumbnailUrl":"https:\/\/colorme-cosmetics.com\/wp-content\/uploads\/2024\/04\/Color-Me-Gel-Polish-\u2013-Delicious-Nude.png","datePublished":"2024-04-04T10:04:32+00:00","dateModified":"2026-01-13T13:45:32+00:00","description":"Comme une \u00e9treinte chaleureuse qui met en valeur votre allure naturelle, pour un look intemporel et polyvalent. Faites vos achats d\u00e8s maintenant et d\u00e9couvrez notre gamme de produits de qualit\u00e9 sup\u00e9rieure!","breadcrumb":{"@id":"https:\/\/colorme-cosmetics.com\/fr\/produit\/colorme-gel-polish-delicious-nude\/#breadcrumb"},"inLanguage":"fr-FR","potentialAction":[{"@type":"ReadAction","target":["https:\/\/colorme-cosmetics.com\/fr\/produit\/colorme-gel-polish-delicious-nude\/"]}]},{"@type":"ImageObject","inLanguage":"fr-FR","@id":"https:\/\/colorme-cosmetics.com\/fr\/produit\/colorme-gel-polish-delicious-nude\/#primaryimage","url":"https:\/\/colorme-cosmetics.com\/wp-content\/uploads\/2024\/04\/Color-Me-Gel-Polish-\u2013-Delicious-Nude.png","contentUrl":"https:\/\/colorme-cosmetics.com\/wp-content\/uploads\/2024\/04\/Color-Me-Gel-Polish-\u2013-Delicious-Nude.png","width":580,"height":620,"caption":"ColorMe Gel Polish \u2013 Delicious Nude"},{"@type":"BreadcrumbList","@id":"https:\/\/colorme-cosmetics.com\/fr\/produit\/colorme-gel-polish-delicious-nude\/#breadcrumb","itemListElement":[{"@type":"ListItem","position":1,"name":"Home","item":"https:\/\/colorme-cosmetics.com\/fr\/"},{"@type":"ListItem","position":2,"name":"Boutique","item":"https:\/\/colorme-cosmetics.com\/fr\/boutique\/"},{"@type":"ListItem","position":3,"name":"ColorMe Vernis Semi-Permanent &#8211; Delicious Nude"}]},{"@type":"WebSite","@id":"https:\/\/colorme-cosmetics.com\/fr\/#website","url":"https:\/\/colorme-cosmetics.com\/fr\/","name":"ColorMe Cosmetics","description":"","potentialAction":[{"@type":"SearchAction","target":{"@type":"EntryPoint","urlTemplate":"https:\/\/colorme-cosmetics.com\/fr\/?s={search_term_string}"},"query-input":{"@type":"PropertyValueSpecification","valueRequired":true,"valueName":"search_term_string"}}],"inLanguage":"fr-FR"}]}},"_links":{"self":[{"href":"https:\/\/colorme-cosmetics.com\/fr\/wp-json\/wp\/v2\/product\/5381","targetHints":{"allow":["GET"]}}],"collection":[{"href":"https:\/\/colorme-cosmetics.com\/fr\/wp-json\/wp\/v2\/product"}],"about":[{"href":"https:\/\/colorme-cosmetics.com\/fr\/wp-json\/wp\/v2\/types\/product"}],"wp:featuredmedia":[{"embeddable":true,"href":"https:\/\/colorme-cosmetics.com\/fr\/wp-json\/wp\/v2\/media\/5382"}],"wp:attachment":[{"href":"https:\/\/colorme-cosmetics.com\/fr\/wp-json\/wp\/v2\/media?parent=5381"}],"wp:term":[{"taxonomy":"product_brand","embeddable":true,"href":"https:\/\/colorme-cosmetics.com\/fr\/wp-json\/wp\/v2\/product_brand?post=5381"},{"taxonomy":"product_cat","embeddable":true,"href":"https:\/\/colorme-cosmetics.com\/fr\/wp-json\/wp\/v2\/product_cat?post=5381"},{"taxonomy":"product_tag","embeddable":true,"href":"https:\/\/colorme-cosmetics.com\/fr\/wp-json\/wp\/v2\/product_tag?post=5381"},{"taxonomy":"product-label","embeddable":true,"href":"https:\/\/colorme-cosmetics.com\/fr\/wp-json\/wp\/v2\/product-label?post=5381"}],"curies":[{"name":"wp","href":"https:\/\/api.w.org\/{rel}","templated":true}]}}