{"id":5529,"date":"2024-04-04T12:04:24","date_gmt":"2024-04-04T10:04:24","guid":{"rendered":"https:\/\/colorme-cosmetics.com\/product\/colorme-couche-de-base\/"},"modified":"2026-03-04T20:55:05","modified_gmt":"2026-03-04T19:55:05","slug":"colorme-base-coat","status":"publish","type":"product","link":"https:\/\/colorme-cosmetics.com\/fr\/produit\/colorme-base-coat\/","title":{"rendered":"ColorMe &#8211; Base Coat"},"content":{"rendered":"<p>La couche de base est la premi\u00e8re \u00e9tape apr\u00e8s avoir pr\u00e9par\u00e9 vos ongles. Elle assure une meilleure adh\u00e9rence de votre vernis en gel. En d&rsquo;autres termes, c&rsquo;est la base qui compte<\/p>\n","protected":false},"excerpt":{"rendered":"<p>Premi\u00e8re base .<\/p>\n","protected":false},"featured_media":5540,"template":"","meta":{"_acf_changed":false},"product_brand":[],"product_cat":[137],"product_tag":[],"product-label":[],"class_list":{"0":"post-5529","1":"product","2":"type-product","3":"status-publish","4":"has-post-thumbnail","6":"product_cat-lessentiel","8":"first","9":"instock","10":"shipping-taxable","11":"purchasable","12":"product-type-simple"},"composite_virtual":false,"composite_layout":"","composite_add_to_cart_form_location":"","composite_editable_in_cart":false,"composite_sold_individually_context":"","composite_shop_price_calc":"","composite_components":[],"composite_scenarios":[],"acf":[],"yoast_head":"<!-- This site is optimized with the Yoast SEO plugin v27.5 - https:\/\/yoast.com\/product\/yoast-seo-wordpress\/ -->\n<title>Semi Permanent Base Coat - ColorMe Cosmetics<\/title>\n<meta name=\"description\" content=\"La couche de base est la premi\u00e8re \u00e9tape apr\u00e8s avoir pr\u00e9par\u00e9 vos ongles. Elle assure une meilleure adh\u00e9rence de votre vernis en gel. Achetez maintenant!\" \/>\n<meta name=\"robots\" content=\"index, follow, max-snippet:-1, max-image-preview:large, max-video-preview:-1\" \/>\n<link rel=\"canonical\" href=\"https:\/\/colorme-cosmetics.com\/fr\/produit\/colorme-base-coat\/\" \/>\n<meta property=\"og:locale\" content=\"fr_FR\" \/>\n<meta property=\"og:type\" content=\"article\" \/>\n<meta property=\"og:title\" content=\"Semi Permanent Base Coat - ColorMe Cosmetics\" \/>\n<meta property=\"og:description\" content=\"La couche de base est la premi\u00e8re \u00e9tape apr\u00e8s avoir pr\u00e9par\u00e9 vos ongles. Elle assure une meilleure adh\u00e9rence de votre vernis en gel. Achetez maintenant!\" \/>\n<meta property=\"og:url\" content=\"https:\/\/colorme-cosmetics.com\/fr\/produit\/colorme-base-coat\/\" \/>\n<meta property=\"og:site_name\" content=\"ColorMe Cosmetics\" \/>\n<meta property=\"article:modified_time\" content=\"2026-03-04T19:55:05+00:00\" \/>\n<meta property=\"og:image\" content=\"https:\/\/colorme-cosmetics.com\/wp-content\/uploads\/2024\/04\/Base-1-e1730366432332.png\" \/>\n\t<meta property=\"og:image:width\" content=\"1000\" \/>\n\t<meta property=\"og:image:height\" content=\"1000\" \/>\n\t<meta property=\"og:image:type\" content=\"image\/png\" \/>\n<meta name=\"twitter:card\" content=\"summary_large_image\" \/>\n<meta name=\"twitter:label1\" content=\"Dur\u00e9e de lecture estim\u00e9e\" \/>\n\t<meta name=\"twitter:data1\" content=\"1 minute\" \/>\n<script type=\"application\/ld+json\" class=\"yoast-schema-graph\">{\"@context\":\"https:\\\/\\\/schema.org\",\"@graph\":[{\"@type\":\"WebPage\",\"@id\":\"https:\\\/\\\/colorme-cosmetics.com\\\/fr\\\/produit\\\/colorme-base-coat\\\/\",\"url\":\"https:\\\/\\\/colorme-cosmetics.com\\\/fr\\\/produit\\\/colorme-base-coat\\\/\",\"name\":\"Semi Permanent Base Coat - ColorMe Cosmetics\",\"isPartOf\":{\"@id\":\"https:\\\/\\\/colorme-cosmetics.com\\\/fr\\\/#website\"},\"primaryImageOfPage\":{\"@id\":\"https:\\\/\\\/colorme-cosmetics.com\\\/fr\\\/produit\\\/colorme-base-coat\\\/#primaryimage\"},\"image\":{\"@id\":\"https:\\\/\\\/colorme-cosmetics.com\\\/fr\\\/produit\\\/colorme-base-coat\\\/#primaryimage\"},\"thumbnailUrl\":\"https:\\\/\\\/colorme-cosmetics.com\\\/wp-content\\\/uploads\\\/2024\\\/04\\\/Base-1-e1730366432332.png\",\"datePublished\":\"2024-04-04T10:04:24+00:00\",\"dateModified\":\"2026-03-04T19:55:05+00:00\",\"description\":\"La couche de base est la premi\u00e8re \u00e9tape apr\u00e8s avoir pr\u00e9par\u00e9 vos ongles. Elle assure une meilleure adh\u00e9rence de votre vernis en gel. Achetez maintenant!\",\"breadcrumb\":{\"@id\":\"https:\\\/\\\/colorme-cosmetics.com\\\/fr\\\/produit\\\/colorme-base-coat\\\/#breadcrumb\"},\"inLanguage\":\"fr-FR\",\"potentialAction\":[{\"@type\":\"ReadAction\",\"target\":[\"https:\\\/\\\/colorme-cosmetics.com\\\/fr\\\/produit\\\/colorme-base-coat\\\/\"]}]},{\"@type\":\"ImageObject\",\"inLanguage\":\"fr-FR\",\"@id\":\"https:\\\/\\\/colorme-cosmetics.com\\\/fr\\\/produit\\\/colorme-base-coat\\\/#primaryimage\",\"url\":\"https:\\\/\\\/colorme-cosmetics.com\\\/wp-content\\\/uploads\\\/2024\\\/04\\\/Base-1-e1730366432332.png\",\"contentUrl\":\"https:\\\/\\\/colorme-cosmetics.com\\\/wp-content\\\/uploads\\\/2024\\\/04\\\/Base-1-e1730366432332.png\",\"width\":1000,\"height\":1000,\"caption\":\"Base Coat\"},{\"@type\":\"BreadcrumbList\",\"@id\":\"https:\\\/\\\/colorme-cosmetics.com\\\/fr\\\/produit\\\/colorme-base-coat\\\/#breadcrumb\",\"itemListElement\":[{\"@type\":\"ListItem\",\"position\":1,\"name\":\"Home\",\"item\":\"https:\\\/\\\/colorme-cosmetics.com\\\/fr\\\/\"},{\"@type\":\"ListItem\",\"position\":2,\"name\":\"Boutique\",\"item\":\"https:\\\/\\\/colorme-cosmetics.com\\\/fr\\\/boutique\\\/\"},{\"@type\":\"ListItem\",\"position\":3,\"name\":\"ColorMe &#8211; Base Coat\"}]},{\"@type\":\"WebSite\",\"@id\":\"https:\\\/\\\/colorme-cosmetics.com\\\/fr\\\/#website\",\"url\":\"https:\\\/\\\/colorme-cosmetics.com\\\/fr\\\/\",\"name\":\"ColorMe Cosmetics\",\"description\":\"\",\"potentialAction\":[{\"@type\":\"SearchAction\",\"target\":{\"@type\":\"EntryPoint\",\"urlTemplate\":\"https:\\\/\\\/colorme-cosmetics.com\\\/fr\\\/?s={search_term_string}\"},\"query-input\":{\"@type\":\"PropertyValueSpecification\",\"valueRequired\":true,\"valueName\":\"search_term_string\"}}],\"inLanguage\":\"fr-FR\"}]}<\/script>\n<!-- \/ Yoast SEO plugin. -->","yoast_head_json":{"title":"Semi Permanent Base Coat - ColorMe Cosmetics","description":"La couche de base est la premi\u00e8re \u00e9tape apr\u00e8s avoir pr\u00e9par\u00e9 vos ongles. Elle assure une meilleure adh\u00e9rence de votre vernis en gel. Achetez maintenant!","robots":{"index":"index","follow":"follow","max-snippet":"max-snippet:-1","max-image-preview":"max-image-preview:large","max-video-preview":"max-video-preview:-1"},"canonical":"https:\/\/colorme-cosmetics.com\/fr\/produit\/colorme-base-coat\/","og_locale":"fr_FR","og_type":"article","og_title":"Semi Permanent Base Coat - ColorMe Cosmetics","og_description":"La couche de base est la premi\u00e8re \u00e9tape apr\u00e8s avoir pr\u00e9par\u00e9 vos ongles. Elle assure une meilleure adh\u00e9rence de votre vernis en gel. Achetez maintenant!","og_url":"https:\/\/colorme-cosmetics.com\/fr\/produit\/colorme-base-coat\/","og_site_name":"ColorMe Cosmetics","article_modified_time":"2026-03-04T19:55:05+00:00","og_image":[{"width":1000,"height":1000,"url":"https:\/\/colorme-cosmetics.com\/wp-content\/uploads\/2024\/04\/Base-1-e1730366432332.png","type":"image\/png"}],"twitter_card":"summary_large_image","twitter_misc":{"Dur\u00e9e de lecture estim\u00e9e":"1 minute"},"schema":{"@context":"https:\/\/schema.org","@graph":[{"@type":"WebPage","@id":"https:\/\/colorme-cosmetics.com\/fr\/produit\/colorme-base-coat\/","url":"https:\/\/colorme-cosmetics.com\/fr\/produit\/colorme-base-coat\/","name":"Semi Permanent Base Coat - ColorMe Cosmetics","isPartOf":{"@id":"https:\/\/colorme-cosmetics.com\/fr\/#website"},"primaryImageOfPage":{"@id":"https:\/\/colorme-cosmetics.com\/fr\/produit\/colorme-base-coat\/#primaryimage"},"image":{"@id":"https:\/\/colorme-cosmetics.com\/fr\/produit\/colorme-base-coat\/#primaryimage"},"thumbnailUrl":"https:\/\/colorme-cosmetics.com\/wp-content\/uploads\/2024\/04\/Base-1-e1730366432332.png","datePublished":"2024-04-04T10:04:24+00:00","dateModified":"2026-03-04T19:55:05+00:00","description":"La couche de base est la premi\u00e8re \u00e9tape apr\u00e8s avoir pr\u00e9par\u00e9 vos ongles. Elle assure une meilleure adh\u00e9rence de votre vernis en gel. Achetez maintenant!","breadcrumb":{"@id":"https:\/\/colorme-cosmetics.com\/fr\/produit\/colorme-base-coat\/#breadcrumb"},"inLanguage":"fr-FR","potentialAction":[{"@type":"ReadAction","target":["https:\/\/colorme-cosmetics.com\/fr\/produit\/colorme-base-coat\/"]}]},{"@type":"ImageObject","inLanguage":"fr-FR","@id":"https:\/\/colorme-cosmetics.com\/fr\/produit\/colorme-base-coat\/#primaryimage","url":"https:\/\/colorme-cosmetics.com\/wp-content\/uploads\/2024\/04\/Base-1-e1730366432332.png","contentUrl":"https:\/\/colorme-cosmetics.com\/wp-content\/uploads\/2024\/04\/Base-1-e1730366432332.png","width":1000,"height":1000,"caption":"Base Coat"},{"@type":"BreadcrumbList","@id":"https:\/\/colorme-cosmetics.com\/fr\/produit\/colorme-base-coat\/#breadcrumb","itemListElement":[{"@type":"ListItem","position":1,"name":"Home","item":"https:\/\/colorme-cosmetics.com\/fr\/"},{"@type":"ListItem","position":2,"name":"Boutique","item":"https:\/\/colorme-cosmetics.com\/fr\/boutique\/"},{"@type":"ListItem","position":3,"name":"ColorMe &#8211; Base Coat"}]},{"@type":"WebSite","@id":"https:\/\/colorme-cosmetics.com\/fr\/#website","url":"https:\/\/colorme-cosmetics.com\/fr\/","name":"ColorMe Cosmetics","description":"","potentialAction":[{"@type":"SearchAction","target":{"@type":"EntryPoint","urlTemplate":"https:\/\/colorme-cosmetics.com\/fr\/?s={search_term_string}"},"query-input":{"@type":"PropertyValueSpecification","valueRequired":true,"valueName":"search_term_string"}}],"inLanguage":"fr-FR"}]}},"_links":{"self":[{"href":"https:\/\/colorme-cosmetics.com\/fr\/wp-json\/wp\/v2\/product\/5529","targetHints":{"allow":["GET"]}}],"collection":[{"href":"https:\/\/colorme-cosmetics.com\/fr\/wp-json\/wp\/v2\/product"}],"about":[{"href":"https:\/\/colorme-cosmetics.com\/fr\/wp-json\/wp\/v2\/types\/product"}],"wp:featuredmedia":[{"embeddable":true,"href":"https:\/\/colorme-cosmetics.com\/fr\/wp-json\/wp\/v2\/media\/5540"}],"wp:attachment":[{"href":"https:\/\/colorme-cosmetics.com\/fr\/wp-json\/wp\/v2\/media?parent=5529"}],"wp:term":[{"taxonomy":"product_brand","embeddable":true,"href":"https:\/\/colorme-cosmetics.com\/fr\/wp-json\/wp\/v2\/product_brand?post=5529"},{"taxonomy":"product_cat","embeddable":true,"href":"https:\/\/colorme-cosmetics.com\/fr\/wp-json\/wp\/v2\/product_cat?post=5529"},{"taxonomy":"product_tag","embeddable":true,"href":"https:\/\/colorme-cosmetics.com\/fr\/wp-json\/wp\/v2\/product_tag?post=5529"},{"taxonomy":"product-label","embeddable":true,"href":"https:\/\/colorme-cosmetics.com\/fr\/wp-json\/wp\/v2\/product-label?post=5529"}],"curies":[{"name":"wp","href":"https:\/\/api.w.org\/{rel}","templated":true}]}}