{"id":5553,"date":"2024-04-04T12:04:23","date_gmt":"2024-04-04T10:04:23","guid":{"rendered":"https:\/\/colorme-cosmetics.com\/product\/colorme-gel-nettoyant-prep-wipe\/"},"modified":"2025-12-23T10:57:20","modified_gmt":"2025-12-23T09:57:20","slug":"colorme-gel-cleanser-prep-wipe","status":"publish","type":"product","link":"https:\/\/colorme-cosmetics.com\/fr\/produit\/colorme-gel-cleanser-prep-wipe\/","title":{"rendered":"ColorMe &#8211; Gel Cleanser Prep &#038; Wipe"},"content":{"rendered":"<p>Ce kit est parfait pour la pr\u00e9paration et la finition de votre manucure au gel. Ces lingettes non pelucheuses ne peluchent pas et, avec le nettoyant, vous pouvez les utiliser pour pr\u00e9parer vos ongles, enlever tout gel non d\u00e9sir\u00e9 et retirer la couche collante pour terminer votre manucure avec un fini ultra-brillant.<\/p>\n","protected":false},"excerpt":{"rendered":"<p>Tout est dans le nom&#8230;<\/p>\n","protected":false},"featured_media":5555,"template":"","meta":{"_acf_changed":false},"product_brand":[],"product_cat":[137],"product_tag":[],"product-label":[],"class_list":{"0":"post-5553","1":"product","2":"type-product","3":"status-publish","4":"has-post-thumbnail","6":"product_cat-lessentiel","8":"first","9":"instock","10":"shipping-taxable","11":"purchasable","12":"product-type-simple"},"composite_virtual":false,"composite_layout":"","composite_add_to_cart_form_location":"","composite_editable_in_cart":false,"composite_sold_individually_context":"","composite_shop_price_calc":"","composite_components":[],"composite_scenarios":[],"acf":[],"yoast_head":"<!-- This site is optimized with the Yoast SEO plugin v27.5 - https:\/\/yoast.com\/product\/yoast-seo-wordpress\/ -->\n<title>ColorMe - Gel Cleanser Prep &amp; Wipe<\/title>\n<meta name=\"description\" content=\"Le nettoyant pour gel Prep &amp; Wipe est un kit parfait pour pr\u00e9parer et terminer votre manucure au gel. Achetez maintenant en ligne!\" \/>\n<meta name=\"robots\" content=\"index, follow, max-snippet:-1, max-image-preview:large, max-video-preview:-1\" \/>\n<link rel=\"canonical\" href=\"https:\/\/colorme-cosmetics.com\/fr\/produit\/colorme-gel-cleanser-prep-wipe\/\" \/>\n<meta property=\"og:locale\" content=\"fr_FR\" \/>\n<meta property=\"og:type\" content=\"article\" \/>\n<meta property=\"og:title\" content=\"ColorMe - Gel Cleanser Prep &amp; Wipe\" \/>\n<meta property=\"og:description\" content=\"Le nettoyant pour gel Prep &amp; Wipe est un kit parfait pour pr\u00e9parer et terminer votre manucure au gel. Achetez maintenant en ligne!\" \/>\n<meta property=\"og:url\" content=\"https:\/\/colorme-cosmetics.com\/fr\/produit\/colorme-gel-cleanser-prep-wipe\/\" \/>\n<meta property=\"og:site_name\" content=\"ColorMe Cosmetics\" \/>\n<meta property=\"article:modified_time\" content=\"2025-12-23T09:57:20+00:00\" \/>\n<meta property=\"og:image\" content=\"https:\/\/colorme-cosmetics.com\/wp-content\/uploads\/2024\/04\/Color-Me-Gel-Polish-\u2013-Prep-Wipe.png\" \/>\n\t<meta property=\"og:image:width\" content=\"580\" \/>\n\t<meta property=\"og:image:height\" content=\"620\" \/>\n\t<meta property=\"og:image:type\" content=\"image\/png\" \/>\n<meta name=\"twitter:card\" content=\"summary_large_image\" \/>\n<meta name=\"twitter:label1\" content=\"Dur\u00e9e de lecture estim\u00e9e\" \/>\n\t<meta name=\"twitter:data1\" content=\"1 minute\" \/>\n<script type=\"application\/ld+json\" class=\"yoast-schema-graph\">{\"@context\":\"https:\\\/\\\/schema.org\",\"@graph\":[{\"@type\":\"WebPage\",\"@id\":\"https:\\\/\\\/colorme-cosmetics.com\\\/fr\\\/produit\\\/colorme-gel-cleanser-prep-wipe\\\/\",\"url\":\"https:\\\/\\\/colorme-cosmetics.com\\\/fr\\\/produit\\\/colorme-gel-cleanser-prep-wipe\\\/\",\"name\":\"ColorMe - Gel Cleanser Prep & Wipe\",\"isPartOf\":{\"@id\":\"https:\\\/\\\/colorme-cosmetics.com\\\/fr\\\/#website\"},\"primaryImageOfPage\":{\"@id\":\"https:\\\/\\\/colorme-cosmetics.com\\\/fr\\\/produit\\\/colorme-gel-cleanser-prep-wipe\\\/#primaryimage\"},\"image\":{\"@id\":\"https:\\\/\\\/colorme-cosmetics.com\\\/fr\\\/produit\\\/colorme-gel-cleanser-prep-wipe\\\/#primaryimage\"},\"thumbnailUrl\":\"https:\\\/\\\/colorme-cosmetics.com\\\/wp-content\\\/uploads\\\/2024\\\/04\\\/Color-Me-Gel-Polish-\u2013-Prep-Wipe.png\",\"datePublished\":\"2024-04-04T10:04:23+00:00\",\"dateModified\":\"2025-12-23T09:57:20+00:00\",\"description\":\"Le nettoyant pour gel Prep & Wipe est un kit parfait pour pr\u00e9parer et terminer votre manucure au gel. Achetez maintenant en ligne!\",\"breadcrumb\":{\"@id\":\"https:\\\/\\\/colorme-cosmetics.com\\\/fr\\\/produit\\\/colorme-gel-cleanser-prep-wipe\\\/#breadcrumb\"},\"inLanguage\":\"fr-FR\",\"potentialAction\":[{\"@type\":\"ReadAction\",\"target\":[\"https:\\\/\\\/colorme-cosmetics.com\\\/fr\\\/produit\\\/colorme-gel-cleanser-prep-wipe\\\/\"]}]},{\"@type\":\"ImageObject\",\"inLanguage\":\"fr-FR\",\"@id\":\"https:\\\/\\\/colorme-cosmetics.com\\\/fr\\\/produit\\\/colorme-gel-cleanser-prep-wipe\\\/#primaryimage\",\"url\":\"https:\\\/\\\/colorme-cosmetics.com\\\/wp-content\\\/uploads\\\/2024\\\/04\\\/Color-Me-Gel-Polish-\u2013-Prep-Wipe.png\",\"contentUrl\":\"https:\\\/\\\/colorme-cosmetics.com\\\/wp-content\\\/uploads\\\/2024\\\/04\\\/Color-Me-Gel-Polish-\u2013-Prep-Wipe.png\",\"width\":580,\"height\":620,\"caption\":\"ColorMe Gel Polish \u2013 Prep & Wipe Gel Cleanser\"},{\"@type\":\"BreadcrumbList\",\"@id\":\"https:\\\/\\\/colorme-cosmetics.com\\\/fr\\\/produit\\\/colorme-gel-cleanser-prep-wipe\\\/#breadcrumb\",\"itemListElement\":[{\"@type\":\"ListItem\",\"position\":1,\"name\":\"Home\",\"item\":\"https:\\\/\\\/colorme-cosmetics.com\\\/fr\\\/\"},{\"@type\":\"ListItem\",\"position\":2,\"name\":\"Boutique\",\"item\":\"https:\\\/\\\/colorme-cosmetics.com\\\/fr\\\/boutique\\\/\"},{\"@type\":\"ListItem\",\"position\":3,\"name\":\"ColorMe &#8211; Gel Cleanser Prep &#038; Wipe\"}]},{\"@type\":\"WebSite\",\"@id\":\"https:\\\/\\\/colorme-cosmetics.com\\\/fr\\\/#website\",\"url\":\"https:\\\/\\\/colorme-cosmetics.com\\\/fr\\\/\",\"name\":\"ColorMe Cosmetics\",\"description\":\"\",\"potentialAction\":[{\"@type\":\"SearchAction\",\"target\":{\"@type\":\"EntryPoint\",\"urlTemplate\":\"https:\\\/\\\/colorme-cosmetics.com\\\/fr\\\/?s={search_term_string}\"},\"query-input\":{\"@type\":\"PropertyValueSpecification\",\"valueRequired\":true,\"valueName\":\"search_term_string\"}}],\"inLanguage\":\"fr-FR\"}]}<\/script>\n<!-- \/ Yoast SEO plugin. -->","yoast_head_json":{"title":"ColorMe - Gel Cleanser Prep & Wipe","description":"Le nettoyant pour gel Prep & Wipe est un kit parfait pour pr\u00e9parer et terminer votre manucure au gel. Achetez maintenant en ligne!","robots":{"index":"index","follow":"follow","max-snippet":"max-snippet:-1","max-image-preview":"max-image-preview:large","max-video-preview":"max-video-preview:-1"},"canonical":"https:\/\/colorme-cosmetics.com\/fr\/produit\/colorme-gel-cleanser-prep-wipe\/","og_locale":"fr_FR","og_type":"article","og_title":"ColorMe - Gel Cleanser Prep & Wipe","og_description":"Le nettoyant pour gel Prep & Wipe est un kit parfait pour pr\u00e9parer et terminer votre manucure au gel. Achetez maintenant en ligne!","og_url":"https:\/\/colorme-cosmetics.com\/fr\/produit\/colorme-gel-cleanser-prep-wipe\/","og_site_name":"ColorMe Cosmetics","article_modified_time":"2025-12-23T09:57:20+00:00","og_image":[{"width":580,"height":620,"url":"https:\/\/colorme-cosmetics.com\/wp-content\/uploads\/2024\/04\/Color-Me-Gel-Polish-\u2013-Prep-Wipe.png","type":"image\/png"}],"twitter_card":"summary_large_image","twitter_misc":{"Dur\u00e9e de lecture estim\u00e9e":"1 minute"},"schema":{"@context":"https:\/\/schema.org","@graph":[{"@type":"WebPage","@id":"https:\/\/colorme-cosmetics.com\/fr\/produit\/colorme-gel-cleanser-prep-wipe\/","url":"https:\/\/colorme-cosmetics.com\/fr\/produit\/colorme-gel-cleanser-prep-wipe\/","name":"ColorMe - Gel Cleanser Prep & Wipe","isPartOf":{"@id":"https:\/\/colorme-cosmetics.com\/fr\/#website"},"primaryImageOfPage":{"@id":"https:\/\/colorme-cosmetics.com\/fr\/produit\/colorme-gel-cleanser-prep-wipe\/#primaryimage"},"image":{"@id":"https:\/\/colorme-cosmetics.com\/fr\/produit\/colorme-gel-cleanser-prep-wipe\/#primaryimage"},"thumbnailUrl":"https:\/\/colorme-cosmetics.com\/wp-content\/uploads\/2024\/04\/Color-Me-Gel-Polish-\u2013-Prep-Wipe.png","datePublished":"2024-04-04T10:04:23+00:00","dateModified":"2025-12-23T09:57:20+00:00","description":"Le nettoyant pour gel Prep & Wipe est un kit parfait pour pr\u00e9parer et terminer votre manucure au gel. Achetez maintenant en ligne!","breadcrumb":{"@id":"https:\/\/colorme-cosmetics.com\/fr\/produit\/colorme-gel-cleanser-prep-wipe\/#breadcrumb"},"inLanguage":"fr-FR","potentialAction":[{"@type":"ReadAction","target":["https:\/\/colorme-cosmetics.com\/fr\/produit\/colorme-gel-cleanser-prep-wipe\/"]}]},{"@type":"ImageObject","inLanguage":"fr-FR","@id":"https:\/\/colorme-cosmetics.com\/fr\/produit\/colorme-gel-cleanser-prep-wipe\/#primaryimage","url":"https:\/\/colorme-cosmetics.com\/wp-content\/uploads\/2024\/04\/Color-Me-Gel-Polish-\u2013-Prep-Wipe.png","contentUrl":"https:\/\/colorme-cosmetics.com\/wp-content\/uploads\/2024\/04\/Color-Me-Gel-Polish-\u2013-Prep-Wipe.png","width":580,"height":620,"caption":"ColorMe Gel Polish \u2013 Prep & Wipe Gel Cleanser"},{"@type":"BreadcrumbList","@id":"https:\/\/colorme-cosmetics.com\/fr\/produit\/colorme-gel-cleanser-prep-wipe\/#breadcrumb","itemListElement":[{"@type":"ListItem","position":1,"name":"Home","item":"https:\/\/colorme-cosmetics.com\/fr\/"},{"@type":"ListItem","position":2,"name":"Boutique","item":"https:\/\/colorme-cosmetics.com\/fr\/boutique\/"},{"@type":"ListItem","position":3,"name":"ColorMe &#8211; Gel Cleanser Prep &#038; Wipe"}]},{"@type":"WebSite","@id":"https:\/\/colorme-cosmetics.com\/fr\/#website","url":"https:\/\/colorme-cosmetics.com\/fr\/","name":"ColorMe Cosmetics","description":"","potentialAction":[{"@type":"SearchAction","target":{"@type":"EntryPoint","urlTemplate":"https:\/\/colorme-cosmetics.com\/fr\/?s={search_term_string}"},"query-input":{"@type":"PropertyValueSpecification","valueRequired":true,"valueName":"search_term_string"}}],"inLanguage":"fr-FR"}]}},"_links":{"self":[{"href":"https:\/\/colorme-cosmetics.com\/fr\/wp-json\/wp\/v2\/product\/5553","targetHints":{"allow":["GET"]}}],"collection":[{"href":"https:\/\/colorme-cosmetics.com\/fr\/wp-json\/wp\/v2\/product"}],"about":[{"href":"https:\/\/colorme-cosmetics.com\/fr\/wp-json\/wp\/v2\/types\/product"}],"wp:featuredmedia":[{"embeddable":true,"href":"https:\/\/colorme-cosmetics.com\/fr\/wp-json\/wp\/v2\/media\/5555"}],"wp:attachment":[{"href":"https:\/\/colorme-cosmetics.com\/fr\/wp-json\/wp\/v2\/media?parent=5553"}],"wp:term":[{"taxonomy":"product_brand","embeddable":true,"href":"https:\/\/colorme-cosmetics.com\/fr\/wp-json\/wp\/v2\/product_brand?post=5553"},{"taxonomy":"product_cat","embeddable":true,"href":"https:\/\/colorme-cosmetics.com\/fr\/wp-json\/wp\/v2\/product_cat?post=5553"},{"taxonomy":"product_tag","embeddable":true,"href":"https:\/\/colorme-cosmetics.com\/fr\/wp-json\/wp\/v2\/product_tag?post=5553"},{"taxonomy":"product-label","embeddable":true,"href":"https:\/\/colorme-cosmetics.com\/fr\/wp-json\/wp\/v2\/product-label?post=5553"}],"curies":[{"name":"wp","href":"https:\/\/api.w.org\/{rel}","templated":true}]}}