{"id":5599,"date":"2024-04-04T12:04:23","date_gmt":"2024-04-04T10:04:23","guid":{"rendered":"https:\/\/colorme-cosmetics.com\/product\/colorme-kit-doutils\/"},"modified":"2025-12-23T11:02:06","modified_gmt":"2025-12-23T10:02:06","slug":"colorme-kit-doutils","status":"publish","type":"product","link":"https:\/\/colorme-cosmetics.com\/fr\/produit\/colorme-kit-doutils\/","title":{"rendered":"ColorMe &#8211; Kit d&rsquo;outils"},"content":{"rendered":"<p>Le kit d&rsquo;outils ColorMe Polish vous offre un excellent outil de retrait, une lime qui est id\u00e9ale pour pr\u00e9parer vos ongles, mais aussi pour limer la couche de finition lorsque vous allez retirer votre vernis en gel. L&rsquo;autre lime est id\u00e9ale pour polir les ongles apr\u00e8s le retrait et leur redonner leur \u00e9clat naturel.<\/p>\n","protected":false},"excerpt":{"rendered":"<p>Le bon outil pour le bon travail..<\/p>\n","protected":false},"featured_media":5604,"template":"","meta":{"_acf_changed":false},"product_brand":[],"product_cat":[129],"product_tag":[],"product-label":[],"class_list":{"0":"post-5599","1":"product","2":"type-product","3":"status-publish","4":"has-post-thumbnail","6":"product_cat-kits","8":"first","9":"instock","10":"shipping-taxable","11":"purchasable","12":"product-type-simple"},"composite_virtual":false,"composite_layout":"","composite_add_to_cart_form_location":"","composite_editable_in_cart":false,"composite_sold_individually_context":"","composite_shop_price_calc":"","composite_components":[],"composite_scenarios":[],"acf":[],"yoast_head":"<!-- This site is optimized with the Yoast SEO plugin v27.5 - https:\/\/yoast.com\/product\/yoast-seo-wordpress\/ -->\n<title>ColorMe - Kit d&#039;outils<\/title>\n<meta name=\"description\" content=\"Le kit d&#039;outils ColorMe vous fournit un excellent outil de retrait, une lime pour pr\u00e9parer vos ongles et une lime \u00e0 utiliser apr\u00e8s le retrait. Achetez maintenant!\" \/>\n<meta name=\"robots\" content=\"index, follow, max-snippet:-1, max-image-preview:large, max-video-preview:-1\" \/>\n<link rel=\"canonical\" href=\"https:\/\/colorme-cosmetics.com\/fr\/produit\/colorme-kit-doutils\/\" \/>\n<meta property=\"og:locale\" content=\"fr_FR\" \/>\n<meta property=\"og:type\" content=\"article\" \/>\n<meta property=\"og:title\" content=\"ColorMe - Kit d&#039;outils\" \/>\n<meta property=\"og:description\" content=\"Le kit d&#039;outils ColorMe vous fournit un excellent outil de retrait, une lime pour pr\u00e9parer vos ongles et une lime \u00e0 utiliser apr\u00e8s le retrait. Achetez maintenant!\" \/>\n<meta property=\"og:url\" content=\"https:\/\/colorme-cosmetics.com\/fr\/produit\/colorme-kit-doutils\/\" \/>\n<meta property=\"og:site_name\" content=\"ColorMe Cosmetics\" \/>\n<meta property=\"article:modified_time\" content=\"2025-12-23T10:02:06+00:00\" \/>\n<meta property=\"og:image\" content=\"https:\/\/colorme-cosmetics.com\/wp-content\/uploads\/2024\/05\/Color-Me-Gel-Polish-\u2013-Tools.png\" \/>\n\t<meta property=\"og:image:width\" content=\"580\" \/>\n\t<meta property=\"og:image:height\" content=\"620\" \/>\n\t<meta property=\"og:image:type\" content=\"image\/png\" \/>\n<meta name=\"twitter:card\" content=\"summary_large_image\" \/>\n<meta name=\"twitter:label1\" content=\"Dur\u00e9e de lecture estim\u00e9e\" \/>\n\t<meta name=\"twitter:data1\" content=\"1 minute\" \/>\n<script type=\"application\/ld+json\" class=\"yoast-schema-graph\">{\"@context\":\"https:\\\/\\\/schema.org\",\"@graph\":[{\"@type\":\"WebPage\",\"@id\":\"https:\\\/\\\/colorme-cosmetics.com\\\/fr\\\/produit\\\/colorme-kit-doutils\\\/\",\"url\":\"https:\\\/\\\/colorme-cosmetics.com\\\/fr\\\/produit\\\/colorme-kit-doutils\\\/\",\"name\":\"ColorMe - Kit d'outils\",\"isPartOf\":{\"@id\":\"https:\\\/\\\/colorme-cosmetics.com\\\/fr\\\/#website\"},\"primaryImageOfPage\":{\"@id\":\"https:\\\/\\\/colorme-cosmetics.com\\\/fr\\\/produit\\\/colorme-kit-doutils\\\/#primaryimage\"},\"image\":{\"@id\":\"https:\\\/\\\/colorme-cosmetics.com\\\/fr\\\/produit\\\/colorme-kit-doutils\\\/#primaryimage\"},\"thumbnailUrl\":\"https:\\\/\\\/colorme-cosmetics.com\\\/wp-content\\\/uploads\\\/2024\\\/05\\\/Color-Me-Gel-Polish-\u2013-Tools.png\",\"datePublished\":\"2024-04-04T10:04:23+00:00\",\"dateModified\":\"2025-12-23T10:02:06+00:00\",\"description\":\"Le kit d'outils ColorMe vous fournit un excellent outil de retrait, une lime pour pr\u00e9parer vos ongles et une lime \u00e0 utiliser apr\u00e8s le retrait. Achetez maintenant!\",\"breadcrumb\":{\"@id\":\"https:\\\/\\\/colorme-cosmetics.com\\\/fr\\\/produit\\\/colorme-kit-doutils\\\/#breadcrumb\"},\"inLanguage\":\"fr-FR\",\"potentialAction\":[{\"@type\":\"ReadAction\",\"target\":[\"https:\\\/\\\/colorme-cosmetics.com\\\/fr\\\/produit\\\/colorme-kit-doutils\\\/\"]}]},{\"@type\":\"ImageObject\",\"inLanguage\":\"fr-FR\",\"@id\":\"https:\\\/\\\/colorme-cosmetics.com\\\/fr\\\/produit\\\/colorme-kit-doutils\\\/#primaryimage\",\"url\":\"https:\\\/\\\/colorme-cosmetics.com\\\/wp-content\\\/uploads\\\/2024\\\/05\\\/Color-Me-Gel-Polish-\u2013-Tools.png\",\"contentUrl\":\"https:\\\/\\\/colorme-cosmetics.com\\\/wp-content\\\/uploads\\\/2024\\\/05\\\/Color-Me-Gel-Polish-\u2013-Tools.png\",\"width\":580,\"height\":620,\"caption\":\"ColorMe Gel Polish \u2013 Tool Kit\"},{\"@type\":\"BreadcrumbList\",\"@id\":\"https:\\\/\\\/colorme-cosmetics.com\\\/fr\\\/produit\\\/colorme-kit-doutils\\\/#breadcrumb\",\"itemListElement\":[{\"@type\":\"ListItem\",\"position\":1,\"name\":\"Home\",\"item\":\"https:\\\/\\\/colorme-cosmetics.com\\\/fr\\\/\"},{\"@type\":\"ListItem\",\"position\":2,\"name\":\"Boutique\",\"item\":\"https:\\\/\\\/colorme-cosmetics.com\\\/fr\\\/boutique\\\/\"},{\"@type\":\"ListItem\",\"position\":3,\"name\":\"ColorMe &#8211; Kit d&#8217;outils\"}]},{\"@type\":\"WebSite\",\"@id\":\"https:\\\/\\\/colorme-cosmetics.com\\\/fr\\\/#website\",\"url\":\"https:\\\/\\\/colorme-cosmetics.com\\\/fr\\\/\",\"name\":\"ColorMe Cosmetics\",\"description\":\"\",\"potentialAction\":[{\"@type\":\"SearchAction\",\"target\":{\"@type\":\"EntryPoint\",\"urlTemplate\":\"https:\\\/\\\/colorme-cosmetics.com\\\/fr\\\/?s={search_term_string}\"},\"query-input\":{\"@type\":\"PropertyValueSpecification\",\"valueRequired\":true,\"valueName\":\"search_term_string\"}}],\"inLanguage\":\"fr-FR\"}]}<\/script>\n<!-- \/ Yoast SEO plugin. -->","yoast_head_json":{"title":"ColorMe - Kit d'outils","description":"Le kit d'outils ColorMe vous fournit un excellent outil de retrait, une lime pour pr\u00e9parer vos ongles et une lime \u00e0 utiliser apr\u00e8s le retrait. Achetez maintenant!","robots":{"index":"index","follow":"follow","max-snippet":"max-snippet:-1","max-image-preview":"max-image-preview:large","max-video-preview":"max-video-preview:-1"},"canonical":"https:\/\/colorme-cosmetics.com\/fr\/produit\/colorme-kit-doutils\/","og_locale":"fr_FR","og_type":"article","og_title":"ColorMe - Kit d'outils","og_description":"Le kit d'outils ColorMe vous fournit un excellent outil de retrait, une lime pour pr\u00e9parer vos ongles et une lime \u00e0 utiliser apr\u00e8s le retrait. Achetez maintenant!","og_url":"https:\/\/colorme-cosmetics.com\/fr\/produit\/colorme-kit-doutils\/","og_site_name":"ColorMe Cosmetics","article_modified_time":"2025-12-23T10:02:06+00:00","og_image":[{"width":580,"height":620,"url":"https:\/\/colorme-cosmetics.com\/wp-content\/uploads\/2024\/05\/Color-Me-Gel-Polish-\u2013-Tools.png","type":"image\/png"}],"twitter_card":"summary_large_image","twitter_misc":{"Dur\u00e9e de lecture estim\u00e9e":"1 minute"},"schema":{"@context":"https:\/\/schema.org","@graph":[{"@type":"WebPage","@id":"https:\/\/colorme-cosmetics.com\/fr\/produit\/colorme-kit-doutils\/","url":"https:\/\/colorme-cosmetics.com\/fr\/produit\/colorme-kit-doutils\/","name":"ColorMe - Kit d'outils","isPartOf":{"@id":"https:\/\/colorme-cosmetics.com\/fr\/#website"},"primaryImageOfPage":{"@id":"https:\/\/colorme-cosmetics.com\/fr\/produit\/colorme-kit-doutils\/#primaryimage"},"image":{"@id":"https:\/\/colorme-cosmetics.com\/fr\/produit\/colorme-kit-doutils\/#primaryimage"},"thumbnailUrl":"https:\/\/colorme-cosmetics.com\/wp-content\/uploads\/2024\/05\/Color-Me-Gel-Polish-\u2013-Tools.png","datePublished":"2024-04-04T10:04:23+00:00","dateModified":"2025-12-23T10:02:06+00:00","description":"Le kit d'outils ColorMe vous fournit un excellent outil de retrait, une lime pour pr\u00e9parer vos ongles et une lime \u00e0 utiliser apr\u00e8s le retrait. Achetez maintenant!","breadcrumb":{"@id":"https:\/\/colorme-cosmetics.com\/fr\/produit\/colorme-kit-doutils\/#breadcrumb"},"inLanguage":"fr-FR","potentialAction":[{"@type":"ReadAction","target":["https:\/\/colorme-cosmetics.com\/fr\/produit\/colorme-kit-doutils\/"]}]},{"@type":"ImageObject","inLanguage":"fr-FR","@id":"https:\/\/colorme-cosmetics.com\/fr\/produit\/colorme-kit-doutils\/#primaryimage","url":"https:\/\/colorme-cosmetics.com\/wp-content\/uploads\/2024\/05\/Color-Me-Gel-Polish-\u2013-Tools.png","contentUrl":"https:\/\/colorme-cosmetics.com\/wp-content\/uploads\/2024\/05\/Color-Me-Gel-Polish-\u2013-Tools.png","width":580,"height":620,"caption":"ColorMe Gel Polish \u2013 Tool Kit"},{"@type":"BreadcrumbList","@id":"https:\/\/colorme-cosmetics.com\/fr\/produit\/colorme-kit-doutils\/#breadcrumb","itemListElement":[{"@type":"ListItem","position":1,"name":"Home","item":"https:\/\/colorme-cosmetics.com\/fr\/"},{"@type":"ListItem","position":2,"name":"Boutique","item":"https:\/\/colorme-cosmetics.com\/fr\/boutique\/"},{"@type":"ListItem","position":3,"name":"ColorMe &#8211; Kit d&#8217;outils"}]},{"@type":"WebSite","@id":"https:\/\/colorme-cosmetics.com\/fr\/#website","url":"https:\/\/colorme-cosmetics.com\/fr\/","name":"ColorMe Cosmetics","description":"","potentialAction":[{"@type":"SearchAction","target":{"@type":"EntryPoint","urlTemplate":"https:\/\/colorme-cosmetics.com\/fr\/?s={search_term_string}"},"query-input":{"@type":"PropertyValueSpecification","valueRequired":true,"valueName":"search_term_string"}}],"inLanguage":"fr-FR"}]}},"_links":{"self":[{"href":"https:\/\/colorme-cosmetics.com\/fr\/wp-json\/wp\/v2\/product\/5599","targetHints":{"allow":["GET"]}}],"collection":[{"href":"https:\/\/colorme-cosmetics.com\/fr\/wp-json\/wp\/v2\/product"}],"about":[{"href":"https:\/\/colorme-cosmetics.com\/fr\/wp-json\/wp\/v2\/types\/product"}],"wp:featuredmedia":[{"embeddable":true,"href":"https:\/\/colorme-cosmetics.com\/fr\/wp-json\/wp\/v2\/media\/5604"}],"wp:attachment":[{"href":"https:\/\/colorme-cosmetics.com\/fr\/wp-json\/wp\/v2\/media?parent=5599"}],"wp:term":[{"taxonomy":"product_brand","embeddable":true,"href":"https:\/\/colorme-cosmetics.com\/fr\/wp-json\/wp\/v2\/product_brand?post=5599"},{"taxonomy":"product_cat","embeddable":true,"href":"https:\/\/colorme-cosmetics.com\/fr\/wp-json\/wp\/v2\/product_cat?post=5599"},{"taxonomy":"product_tag","embeddable":true,"href":"https:\/\/colorme-cosmetics.com\/fr\/wp-json\/wp\/v2\/product_tag?post=5599"},{"taxonomy":"product-label","embeddable":true,"href":"https:\/\/colorme-cosmetics.com\/fr\/wp-json\/wp\/v2\/product-label?post=5599"}],"curies":[{"name":"wp","href":"https:\/\/api.w.org\/{rel}","templated":true}]}}